{"id":284512,"date":"2025-08-07T00:44:30","date_gmt":"2025-08-06T22:44:30","guid":{"rendered":"https:\/\/www.huntersfriend.eu\/product\/dex-fingerlight-tragetasche\/"},"modified":"2025-08-09T03:16:26","modified_gmt":"2025-08-09T01:16:26","slug":"dex-fingerlight-tragetasche","status":"publish","type":"product","link":"https:\/\/www.huntersfriend.eu\/de\/produkt\/dex-fingerlight-tragetasche\/","title":{"rendered":"DEX FingerLight Tragetasche"},"content":{"rendered":"<p>Nur Tasche. Fingerlight separat oder im Kombipack erh\u00e4ltlich. <\/p>\n<p>Mit dem universell passenden DEXFLEX-Verstellring und drei Lichtmodi bietet DEX FingerLight freih\u00e4ndiges Licht f\u00fcr Arbeit und Hobby.<\/p>\n<p>Willkommen in der Zukunft der tragbaren Beleuchtung!<\/p>\n","protected":false},"excerpt":{"rendered":"<p>Nur Tasche. Fingerlight separat oder im Kombipack erh\u00e4ltlich. Mit dem universell passenden DEXFLEX-Verstellring und drei Lichtmodi bietet DEX FingerLight freih\u00e4ndiges Licht f\u00fcr Arbeit und Hobby. Willkommen in der Zukunft der tragbaren Beleuchtung!<\/p>\n","protected":false},"featured_media":284388,"comment_status":"open","ping_status":"closed","template":"","meta":[],"product_brand":[],"product_cat":[2050,1404,1408,1171,1222],"product_tag":[],"class_list":{"0":"post-284512","1":"product","2":"type-product","3":"status-publish","4":"has-post-thumbnail","6":"product_cat-campingzubehor","7":"product_cat-jagdzubehor","8":"product_cat-jagdlampen","9":"product_cat-sitz-und-schirm-zubehoer","10":"product_cat-sonderangebote","12":"first","13":"instock","14":"sale","15":"taxable","16":"shipping-taxable","17":"purchasable","18":"product-type-simple"},"composite_virtual":false,"composite_layout":"","composite_add_to_cart_form_location":"","composite_editable_in_cart":false,"composite_sold_individually_context":"","composite_shop_price_calc":"","composite_components":[],"composite_scenarios":[],"group_of_quantity":0,"min_quantity":0,"max_quantity":"","exclude_order_quantity_value_rules":"no","exclude_category_quantity_rules":"no","combine_variations":"no","exclude_global_add_ons":[],"addons":[],"_links":{"self":[{"href":"https:\/\/www.huntersfriend.eu\/de\/wp-json\/wp\/v2\/product\/284512","targetHints":{"allow":["GET"]}}],"collection":[{"href":"https:\/\/www.huntersfriend.eu\/de\/wp-json\/wp\/v2\/product"}],"about":[{"href":"https:\/\/www.huntersfriend.eu\/de\/wp-json\/wp\/v2\/types\/product"}],"replies":[{"embeddable":true,"href":"https:\/\/www.huntersfriend.eu\/de\/wp-json\/wp\/v2\/comments?post=284512"}],"wp:featuredmedia":[{"embeddable":true,"href":"https:\/\/www.huntersfriend.eu\/de\/wp-json\/wp\/v2\/media\/284388"}],"wp:attachment":[{"href":"https:\/\/www.huntersfriend.eu\/de\/wp-json\/wp\/v2\/media?parent=284512"}],"wp:term":[{"taxonomy":"product_brand","embeddable":true,"href":"https:\/\/www.huntersfriend.eu\/de\/wp-json\/wp\/v2\/product_brand?post=284512"},{"taxonomy":"product_cat","embeddable":true,"href":"https:\/\/www.huntersfriend.eu\/de\/wp-json\/wp\/v2\/product_cat?post=284512"},{"taxonomy":"product_tag","embeddable":true,"href":"https:\/\/www.huntersfriend.eu\/de\/wp-json\/wp\/v2\/product_tag?post=284512"}],"curies":[{"name":"wp","href":"https:\/\/api.w.org\/{rel}","templated":true}]}}