{"id":284318,"date":"2025-07-29T12:45:34","date_gmt":"2025-08-06T06:51:19","guid":{"rendered":"https:\/\/www.huntersfriend.eu\/product\/huntworth-ames-leichte-handschuhe\/"},"modified":"2025-09-02T09:44:22","modified_gmt":"2025-09-02T07:44:22","slug":"huntworth-ames-leichte-handschuhe","status":"publish","type":"product","link":"https:\/\/www.huntersfriend.eu\/de\/produkt\/huntworth-ames-leichte-handschuhe\/","title":{"rendered":"Huntworth Ames leichte Handschuhe"},"content":{"rendered":"<p><strong>Die Ames-Jagdhandschuhe in Vertek\u00ae-Tarnfarbe sind aus Actistretch gefertigt, einem 4-Wege-Stretch-Strickjersey, der f\u00fcr eine k\u00f6rpernahe Passform mit einem leichten Fleece verbunden ist.<\/strong> Die halbfingerfreie Konstruktion von Zeigefinger und Daumen sorgt f\u00fcr ausgezeichnete Sensibilit\u00e4t und Fingerfertigkeit.<\/p>\n<p>Die innere, verbundene Fleece-F\u00fctterung ist geruchsneutral behandelt und hilft, Sie im Feld unentdeckt zu halten. Eine DWR-Beschichtung auf dem Au\u00dfenmaterial sorgt daf\u00fcr, dass der Stoff leichte Feuchtigkeit abweist. Ein griffiger Silikondruck auf der Handfl\u00e4che sorgt daf\u00fcr, dass Sie nie den Halt verlieren. Es ist einfach, eine Triggerausl\u00f6sung \u00fcber die Manschette zu montieren.   <\/p>\n<p>Dieser Handschuh bietet alles &#8211; Schutz, W\u00e4rme und Fingerzug\u00e4nglichkeit f\u00fcr das so wichtige \u201eTast\u201c gef\u00fchl. Tragen Sie ihn, wenn die Temperaturen unter 10 Grad fallen, und verwenden Sie ihn in der sp\u00e4teren kalten Jahreszeit in Verbindung mit einem Muff. <\/p>\n<div class=\"header\">Eigenschaften:<\/p>\n<\/div>\n<div class=\"even\"><strong>Material Au\u00dfenschicht: <\/strong>Actistretch, verbunden mit einem weichen Fleece.<\/div>\n<div class=\"odd\"><strong>DWR: <\/strong>Die Durable Water Repellant (DWR)-Beschichtung auf der Stoffoberfl\u00e4che weist Feuchtigkeit und leichten Schnee ab<\/div>\n<div class=\"even\"><strong>Geruchskontrolle: <\/strong>Eine Innenbehandlung der verbundenen Fleece-F\u00fctterung zur Geruchsreduzierung<\/div>\n<div class=\"odd\"><strong>Futter:<\/strong> ungef\u00fcttert<\/div>\n<div class=\"even\"><strong>Finger: <\/strong>Freiliegender Daumen und Zeigefinger f\u00fcr vollst\u00e4ndige Sensibilit\u00e4t<\/div>\n<div class=\"odd\"><strong>Handfl\u00e4chengriff: <\/strong>Silikondruck auf der Handfl\u00e4che f\u00fcr verbesserten Halt<\/div>\n<div class=\"even\"><strong>Passform: <\/strong>Wie eine zweite Haut<\/div>\n","protected":false},"excerpt":{"rendered":"<p>Die Ames-Jagdhandschuhe in Vertek\u00ae-Tarnfarbe sind aus Actistretch gefertigt, einem 4-Wege-Stretch-Strickjersey, der f\u00fcr eine k\u00f6rpernahe Passform mit einem leichten Fleece verbunden ist. Die halbfingerfreie Konstruktion von Zeigefinger und Daumen sorgt f\u00fcr ausgezeichnete Sensibilit\u00e4t und Fingerfertigkeit. Die innere, verbundene Fleece-F\u00fctterung ist geruchsneutral behandelt und hilft, Sie im Feld unentdeckt zu halten. Eine DWR-Beschichtung auf dem Au\u00dfenmaterial sorgt [&#8230;]\n","protected":false},"featured_media":284292,"comment_status":"open","ping_status":"closed","template":"","meta":[],"product_brand":[],"product_cat":[1382],"product_tag":[],"class_list":{"0":"post-284318","1":"product","2":"type-product","3":"status-publish","4":"has-post-thumbnail","6":"product_cat-handschuhe","8":"first","9":"instock","10":"taxable","11":"shipping-taxable","12":"purchasable","13":"product-type-variable"},"composite_virtual":false,"composite_layout":"","composite_add_to_cart_form_location":"","composite_editable_in_cart":false,"composite_sold_individually_context":"","composite_shop_price_calc":"","composite_components":[],"composite_scenarios":[],"group_of_quantity":0,"min_quantity":0,"max_quantity":"","exclude_order_quantity_value_rules":"no","exclude_category_quantity_rules":"no","combine_variations":"no","exclude_global_add_ons":[],"addons":[],"_links":{"self":[{"href":"https:\/\/www.huntersfriend.eu\/de\/wp-json\/wp\/v2\/product\/284318","targetHints":{"allow":["GET"]}}],"collection":[{"href":"https:\/\/www.huntersfriend.eu\/de\/wp-json\/wp\/v2\/product"}],"about":[{"href":"https:\/\/www.huntersfriend.eu\/de\/wp-json\/wp\/v2\/types\/product"}],"replies":[{"embeddable":true,"href":"https:\/\/www.huntersfriend.eu\/de\/wp-json\/wp\/v2\/comments?post=284318"}],"wp:featuredmedia":[{"embeddable":true,"href":"https:\/\/www.huntersfriend.eu\/de\/wp-json\/wp\/v2\/media\/284292"}],"wp:attachment":[{"href":"https:\/\/www.huntersfriend.eu\/de\/wp-json\/wp\/v2\/media?parent=284318"}],"wp:term":[{"taxonomy":"product_brand","embeddable":true,"href":"https:\/\/www.huntersfriend.eu\/de\/wp-json\/wp\/v2\/product_brand?post=284318"},{"taxonomy":"product_cat","embeddable":true,"href":"https:\/\/www.huntersfriend.eu\/de\/wp-json\/wp\/v2\/product_cat?post=284318"},{"taxonomy":"product_tag","embeddable":true,"href":"https:\/\/www.huntersfriend.eu\/de\/wp-json\/wp\/v2\/product_tag?post=284318"}],"curies":[{"name":"wp","href":"https:\/\/api.w.org\/{rel}","templated":true}]}}