{"id":284315,"date":"2025-07-29T12:45:33","date_gmt":"2025-08-06T06:51:13","guid":{"rendered":"https:\/\/www.huntersfriend.eu\/product\/huntworth-bruggen-heavy-weight-muetze\/"},"modified":"2025-08-10T04:34:31","modified_gmt":"2025-08-10T02:34:31","slug":"huntworth-bruggen-heavy-weight-muetze","status":"publish","type":"product","link":"https:\/\/www.huntersfriend.eu\/de\/produkt\/huntworth-bruggen-heavy-weight-muetze\/","title":{"rendered":"Huntworth Bruggen Heavy Weight M\u00fctze"},"content":{"rendered":"<p><strong>Die Bruggen Heavy Weight M\u00fctze f\u00fcr Herren in Vertek-Camo ist f\u00fcr eines gebaut: \u00fcberlegene W\u00e4rme.<\/strong><\/p>\n<p>Die Bruggen mit Softshell-Konstruktion verwendet ein Heat Boost Sherpa-Fleece-Interieur, das mit Graphen angereichert ist &#8211; dem d\u00fcnnsten und leitf\u00e4higsten Material, das jemals verwendet wurde, um Sie warm zu halten. Graphen nimmt Ihre K\u00f6rperw\u00e4rme auf und umgibt Sie mit unglaublicher W\u00e4rme, ohne aufzutragen. <\/p>\n<p>Mit Flatlock-N\u00e4hten f\u00fcr ein k\u00f6rpernahes Tragegef\u00fchl und einer DWR-Au\u00dfenbehandlung, um Schnee und leichte Feuchtigkeit abzuhalten, ist dies m\u00f6glicherweise die w\u00e4rmste &#8211; und bequemste &#8211; M\u00fctze, die Sie je besessen haben.<\/p>\n<div class=\"header\">Eigenschaften:<\/div>\n<div><\/div>\n<div class=\"even\"><strong>Shell-Material:<\/strong> Doppellagiges Gewebe aus 4-Wege-Stretch-Pfirsichstrick-Polyester, das mit Heat Boost\u2122 Graphen-Sherpa verbunden ist<\/div>\n<div class=\"odd\"><strong>Heat Boost\u2122 Graphen-Technologie:<\/strong> Eine Linie verbesserter Stoffe, die mit den thermischen Leitf\u00e4higkeits-, Feuchtigkeitstransport- und Geruchskontrolleigenschaften von Graphen aufgeladen sind<\/div>\n<div class=\"even\"><strong>DWR:<\/strong> Durable Water Repellant (DWR) Ausr\u00fcstung auf der Stoffoberfl\u00e4che weist Feuchtigkeit und leichten Schnee ab<\/div>\n","protected":false},"excerpt":{"rendered":"<p>Die Bruggen Heavy Weight M\u00fctze f\u00fcr Herren in Vertek-Camo ist f\u00fcr eines gebaut: \u00fcberlegene W\u00e4rme. Die Bruggen mit Softshell-Konstruktion verwendet ein Heat Boost Sherpa-Fleece-Interieur, das mit Graphen angereichert ist &#8211; dem d\u00fcnnsten und leitf\u00e4higsten Material, das jemals verwendet wurde, um Sie warm zu halten. Graphen nimmt Ihre K\u00f6rperw\u00e4rme auf und umgibt Sie mit unglaublicher W\u00e4rme, [&#8230;]\n","protected":false},"featured_media":284302,"comment_status":"open","ping_status":"closed","template":"","meta":[],"product_brand":[],"product_cat":[1215],"product_tag":[],"class_list":{"0":"post-284315","1":"product","2":"type-product","3":"status-publish","4":"has-post-thumbnail","6":"product_cat-handschuh-socken-und-kopfbedeckung","8":"first","9":"instock","10":"taxable","11":"shipping-taxable","12":"purchasable","13":"product-type-variable"},"composite_virtual":false,"composite_layout":"","composite_add_to_cart_form_location":"","composite_editable_in_cart":false,"composite_sold_individually_context":"","composite_shop_price_calc":"","composite_components":[],"composite_scenarios":[],"group_of_quantity":0,"min_quantity":0,"max_quantity":"","exclude_order_quantity_value_rules":"no","exclude_category_quantity_rules":"no","combine_variations":"no","exclude_global_add_ons":[],"addons":[],"_links":{"self":[{"href":"https:\/\/www.huntersfriend.eu\/de\/wp-json\/wp\/v2\/product\/284315","targetHints":{"allow":["GET"]}}],"collection":[{"href":"https:\/\/www.huntersfriend.eu\/de\/wp-json\/wp\/v2\/product"}],"about":[{"href":"https:\/\/www.huntersfriend.eu\/de\/wp-json\/wp\/v2\/types\/product"}],"replies":[{"embeddable":true,"href":"https:\/\/www.huntersfriend.eu\/de\/wp-json\/wp\/v2\/comments?post=284315"}],"wp:featuredmedia":[{"embeddable":true,"href":"https:\/\/www.huntersfriend.eu\/de\/wp-json\/wp\/v2\/media\/284302"}],"wp:attachment":[{"href":"https:\/\/www.huntersfriend.eu\/de\/wp-json\/wp\/v2\/media?parent=284315"}],"wp:term":[{"taxonomy":"product_brand","embeddable":true,"href":"https:\/\/www.huntersfriend.eu\/de\/wp-json\/wp\/v2\/product_brand?post=284315"},{"taxonomy":"product_cat","embeddable":true,"href":"https:\/\/www.huntersfriend.eu\/de\/wp-json\/wp\/v2\/product_cat?post=284315"},{"taxonomy":"product_tag","embeddable":true,"href":"https:\/\/www.huntersfriend.eu\/de\/wp-json\/wp\/v2\/product_tag?post=284315"}],"curies":[{"name":"wp","href":"https:\/\/api.w.org\/{rel}","templated":true}]}}