{"id":284192,"date":"2025-06-19T00:39:57","date_gmt":"2025-08-01T05:49:44","guid":{"rendered":"https:\/\/www.huntersfriend.eu\/product\/alpen-bergsteigen-stealth-1-zelt\/"},"modified":"2025-08-01T07:49:44","modified_gmt":"2025-08-01T05:49:44","slug":"alpen-bergsteigen-stealth-1-zelt","status":"publish","type":"product","link":"https:\/\/www.huntersfriend.eu\/de\/produkt\/alpen-bergsteigen-stealth-1-zelt\/","title":{"rendered":"Alpen Bergsteigen Stealth 1 Zelt"},"content":{"rendered":"<p>Das Stealth 1 ist eine leichte Option f\u00fcr das Backcountry-Erlebnis. Dieses Zelt ist aus strapazierf\u00e4higen Materialien gefertigt, erm\u00f6glicht es Ihnen aber dennoch, leichter zu packen und weiter zu reisen, w\u00e4hrend es Ihnen dennoch ein k\u00e4fer- und regenfreies Erlebnis bietet. Das \u00fcbergro\u00dfe Step-in-\u00d6ffnungsdesign erm\u00f6glicht es Ihnen, Ihre Stiefel auszuziehen und in den schweren Boden des Biwaks einzusteigen, ohne wie bei vielen \u00e4hnlichen Zelten hinein- und herauskriechen zu m\u00fcssen. Unsere einfach aufzubauenden und innovativen einteiligen St\u00fctzen halten das Biwak straff und erm\u00f6glichen die Luftzirkulation von den abgedeckten No-See-Um-Mesh-Bel\u00fcftungs\u00f6ffnungen an Kopf und Fu\u00df. Kombinieren Sie dies mit unserer ultraleichten Plane als erweiterte Abdeckung und Sie haben mehr als genug Platz f\u00fcr Ihr n\u00e4chstes Abenteuer abseits der ausgetretenen Pfade.    <\/p>\n<ul>\n<li>Ausreichende Bel\u00fcftung f\u00fcr weniger Kondensation und einen angenehmeren Schlaf<\/li>\n<li>Gro\u00dfe Step-in-\u00d6ffnung erm\u00f6glicht einfachen Ein- und Ausstieg ohne Kriechen<\/li>\n<li>Strapazierf\u00e4higes, wasserdichtes und atmungsaktives Gewebe ist vollst\u00e4ndig nahtversiegelt<\/li>\n<li>75D 185T Polyester-\u00dcberzelt mit 1500 mm Beschichtung<\/li>\n<li>150D Polyester Oxford Boden mit 2000 mm Beschichtung<\/li>\n<li>No-See-Um-Mesh \u00fcber den Kopf- und Fu\u00dfl\u00fcftungen h\u00e4lt die Insekten fern<\/li>\n<li>Zwei innovative, einteilige Fiberglasstangen erm\u00f6glichen einen schnellen Auf- und Abbau<\/li>\n<li>6 Aluminium-Tri-Heringe, 4 Heringsschlaufen; 2 vorgebundene Abspannpunkte<\/li>\n<\/ul>\n<table>\n<tbody>\n<tr>\n<th scope=\"row\">Grundfl\u00e4che<\/th>\n<td>208 cm L x 84 cm &#8211; 53 cm B<\/td>\n<\/tr>\n<tr>\n<th scope=\"row\">Fu\u00dfraumgr\u00f6\u00dfe<\/th>\n<td>51 cm B x 38 cm H<\/td>\n<\/tr>\n<tr>\n<th scope=\"row\">Mittelh\u00f6he<\/th>\n<td>53 cm<\/td>\n<\/tr>\n<tr>\n<th scope=\"row\">Zeltfl\u00e4che<\/th>\n<td>1,44 m\u00b2<\/td>\n<\/tr>\n<tr>\n<th scope=\"row\">Minimales Gewicht<\/th>\n<td>794 g <\/td>\n<\/tr>\n<tr>\n<th scope=\"row\">Gesamtgewicht<\/th>\n<td>907 g<\/td>\n<\/tr>\n<tr>\n<th scope=\"row\">Packma\u00df<\/th>\n<td>30 cm L x 28 cm B x 8 cm H<\/td>\n<\/tr>\n<tr>\n<th scope=\"row\">Stangendurchmesser<\/th>\n<td>2,5 mm FG<\/td>\n<\/tr>\n<\/tbody>\n<\/table>\n","protected":false},"excerpt":{"rendered":"<p>Das Stealth 1 ist eine leichte Option f\u00fcr das Backcountry-Erlebnis. Dieses Zelt ist aus strapazierf\u00e4higen Materialien gefertigt, erm\u00f6glicht es Ihnen aber dennoch, leichter zu packen und weiter zu reisen, w\u00e4hrend es Ihnen dennoch ein k\u00e4fer- und regenfreies Erlebnis bietet. Das \u00fcbergro\u00dfe Step-in-\u00d6ffnungsdesign erm\u00f6glicht es Ihnen, Ihre Stiefel auszuziehen und in den schweren Boden des Biwaks [&#8230;]\n","protected":false},"featured_media":283862,"comment_status":"open","ping_status":"closed","template":"","meta":[],"product_brand":[],"product_cat":[2114],"product_tag":[],"class_list":{"0":"post-284192","1":"product","2":"type-product","3":"status-publish","4":"has-post-thumbnail","6":"product_cat-zelte","8":"first","9":"instock","10":"taxable","11":"shipping-taxable","12":"purchasable","13":"product-type-simple"},"composite_virtual":false,"composite_layout":"","composite_add_to_cart_form_location":"","composite_editable_in_cart":false,"composite_sold_individually_context":"","composite_shop_price_calc":"","composite_components":[],"composite_scenarios":[],"group_of_quantity":0,"min_quantity":0,"max_quantity":"","exclude_order_quantity_value_rules":"no","exclude_category_quantity_rules":"no","combine_variations":"no","exclude_global_add_ons":[],"addons":[],"_links":{"self":[{"href":"https:\/\/www.huntersfriend.eu\/de\/wp-json\/wp\/v2\/product\/284192","targetHints":{"allow":["GET"]}}],"collection":[{"href":"https:\/\/www.huntersfriend.eu\/de\/wp-json\/wp\/v2\/product"}],"about":[{"href":"https:\/\/www.huntersfriend.eu\/de\/wp-json\/wp\/v2\/types\/product"}],"replies":[{"embeddable":true,"href":"https:\/\/www.huntersfriend.eu\/de\/wp-json\/wp\/v2\/comments?post=284192"}],"wp:featuredmedia":[{"embeddable":true,"href":"https:\/\/www.huntersfriend.eu\/de\/wp-json\/wp\/v2\/media\/283862"}],"wp:attachment":[{"href":"https:\/\/www.huntersfriend.eu\/de\/wp-json\/wp\/v2\/media?parent=284192"}],"wp:term":[{"taxonomy":"product_brand","embeddable":true,"href":"https:\/\/www.huntersfriend.eu\/de\/wp-json\/wp\/v2\/product_brand?post=284192"},{"taxonomy":"product_cat","embeddable":true,"href":"https:\/\/www.huntersfriend.eu\/de\/wp-json\/wp\/v2\/product_cat?post=284192"},{"taxonomy":"product_tag","embeddable":true,"href":"https:\/\/www.huntersfriend.eu\/de\/wp-json\/wp\/v2\/product_tag?post=284192"}],"curies":[{"name":"wp","href":"https:\/\/api.w.org\/{rel}","templated":true}]}}