{"id":284191,"date":"2025-06-19T00:39:57","date_gmt":"2025-08-01T05:49:43","guid":{"rendered":"https:\/\/www.huntersfriend.eu\/product\/alpen-bergsteigen-akropolis-3-mann-zelt\/"},"modified":"2025-08-01T07:49:43","modified_gmt":"2025-08-01T05:49:43","slug":"alpen-bergsteigen-akropolis-3-mann-zelt","status":"publish","type":"product","link":"https:\/\/www.huntersfriend.eu\/de\/produkt\/alpen-bergsteigen-akropolis-3-mann-zelt\/","title":{"rendered":"Alpen Bergsteigen Akropolis 3 Mann Zelt"},"content":{"rendered":"<p>Die neue Acropolis-Serie von leichten Campingzelten wurde entwickelt, um Familien und mehrere Camper bequem an Orten mit einer begrenzten Stellfl\u00e4che unterzubringen. Das Acropolis ist f\u00fcr drei Erwachsene ausgelegt und verwendet ein freistehendes, vorgebogenes Gest\u00e4ngesystem mit einer oberen Querstange, die einen gr\u00f6\u00dferen Innenraum als herk\u00f6mmliche Kuppelzelte schafft. Zum Komfort der Camper tragen au\u00dferdem die zwei T\u00fcren mit ger\u00e4umigen Vorr\u00e4umen bei, die die Ausr\u00fcstung sch\u00fctzen und gleichzeitig ausreichend Platz f\u00fcr die Insassen bieten.  <\/p>\n<p>Das Acropolis ist ein Drei-Jahreszeiten-Zelt. Gro\u00dfz\u00fcgige Mesh-W\u00e4nde sorgen f\u00fcr Schlafkomfort und Bel\u00fcftung bei warmem Wetter, w\u00e4hrend ein robustes 75D 185T Polyester-Au\u00dfenzelt mit vollst\u00e4ndiger Abdeckung und 1500 mm Beschichtung schnell f\u00fcr k\u00fchle N\u00e4chte oder schlechtes Wetter eingesetzt werden kann. Zu den weiteren Merkmalen geh\u00f6ren eine einfach zu bedienende Gest\u00e4ngeclip-Montage, werkseitig versiegelte Zelt- und Bodenn\u00e4hte, eine Netztasche und ein Gear Loft.  <\/p>\n<div class=\"list-heading\">Zeltmerkmale<\/div>\n<ul>\n<li>Freistehendes 3-Stangen-Gestell mit Aluminiumstangen der Serie 7000<\/li>\n<li>Die obere Querstange und die vorgebogenen Stangen erm\u00f6glichen mehr Kopffreiheit und Innenraum<\/li>\n<li>Gro\u00dfe Bel\u00fcftung durch \u00fcberwiegend Mesh-W\u00e4nde<\/li>\n<li>Einfache Montage mit Gest\u00e4ngeclips, die schnell \u00fcber die Zeltstangen geschnappt werden<\/li>\n<li>75D 185T Polyester-Au\u00dfenzelt mit 1500 mm Beschichtung widersteht UV-Sch\u00e4den und bleibt straff<\/li>\n<li>75D 185T Poly-Taft-Boden mit 3000 mm Beschichtung<\/li>\n<li>Werkseitig versiegelte Zelt- und Bodenn\u00e4hte bieten den besten Wetterschutz<\/li>\n<li>#8 Rei\u00dfverschl\u00fcsse an T\u00fcren und Vorr\u00e4umen<\/li>\n<li>Das Full-Coverage-Au\u00dfenzelt bietet maximalen Schutz<\/li>\n<li>Zus\u00e4tzliche Abspannleinen am Au\u00dfenzelt stabilisieren das Zelt bei schlechtem Wetter<\/li>\n<li>Zwei Vorr\u00e4ume f\u00fcr die Aufbewahrung von Ausr\u00fcstung und zus\u00e4tzlichen Wetterschutz<\/li>\n<li>Wetterfeste Schnallen am Au\u00dfenzelt f\u00fcr maximale Einstellbarkeit und Schutz<\/li>\n<li>Das Mesh-Dach erh\u00f6ht die Bel\u00fcftung und verbessert die Sternenbeobachtung<\/li>\n<li>Netz-Aufbewahrungstasche, Gear Loft, 7075 Aluminiumheringe und Abspannseile inklusive<\/li>\n<li>Einfacher Einstieg durch zwei T\u00fcren<\/li>\n<\/ul>\n<table>\n<tbody>\n<tr>\n<th colspan=\"2\" scope=\"col\">Acropolis 3 Zelt<\/th>\n<\/tr>\n<tr>\n<th scope=\"row\">Grundfl\u00e4che<\/th>\n<td>7&#8217;4 \u201eL x 6&#8217;9\u201c B<\/td>\n<\/tr>\n<tr>\n<th scope=\"row\">Mittelh\u00f6he<\/th>\n<td>4&#8217;3&#8243;<\/td>\n<\/tr>\n<tr>\n<th scope=\"row\">Tiefe des Vorraums<\/th>\n<td>3&#8242;<\/td>\n<\/tr>\n<tr>\n<th scope=\"row\">Zeltfl\u00e4che<\/th>\n<td>49,5 ft\u00b2<\/td>\n<\/tr>\n<tr>\n<th scope=\"row\">Vorraumfl\u00e4che<\/th>\n<td>22 ft\u00b2<\/td>\n<\/tr>\n<tr>\n<th scope=\"row\">Minimalgewicht<\/th>\n<td>6 lbs. 11 oz. <\/td>\n<\/tr>\n<tr>\n<th scope=\"row\">Gesamtgewicht<\/th>\n<td>7 lbs. 10 oz. <\/td>\n<\/tr>\n<tr>\n<th scope=\"row\">Verpackungsgr\u00f6\u00dfe<\/th>\n<td>1&#8217;10 \u201eL x 6\u201c T<\/td>\n<\/tr>\n<tr>\n<th scope=\"row\">Gest\u00e4ngedurchmesser<\/th>\n<td>9.5mm AL und 11mm AL<\/td>\n<\/tr>\n<\/tbody>\n<\/table>\n","protected":false},"excerpt":{"rendered":"<p>Die neue Acropolis-Serie von leichten Campingzelten wurde entwickelt, um Familien und mehrere Camper bequem an Orten mit einer begrenzten Stellfl\u00e4che unterzubringen. Das Acropolis ist f\u00fcr drei Erwachsene ausgelegt und verwendet ein freistehendes, vorgebogenes Gest\u00e4ngesystem mit einer oberen Querstange, die einen gr\u00f6\u00dferen Innenraum als herk\u00f6mmliche Kuppelzelte schafft. Zum Komfort der Camper tragen au\u00dferdem die zwei T\u00fcren [&#8230;]\n","protected":false},"featured_media":283840,"comment_status":"open","ping_status":"closed","template":"","meta":[],"product_brand":[],"product_cat":[2114],"product_tag":[],"class_list":{"0":"post-284191","1":"product","2":"type-product","3":"status-publish","4":"has-post-thumbnail","6":"product_cat-zelte","8":"first","9":"instock","10":"taxable","11":"shipping-taxable","12":"purchasable","13":"product-type-simple"},"composite_virtual":false,"composite_layout":"","composite_add_to_cart_form_location":"","composite_editable_in_cart":false,"composite_sold_individually_context":"","composite_shop_price_calc":"","composite_components":[],"composite_scenarios":[],"group_of_quantity":0,"min_quantity":0,"max_quantity":"","exclude_order_quantity_value_rules":"no","exclude_category_quantity_rules":"no","combine_variations":"no","exclude_global_add_ons":[],"addons":[],"_links":{"self":[{"href":"https:\/\/www.huntersfriend.eu\/de\/wp-json\/wp\/v2\/product\/284191","targetHints":{"allow":["GET"]}}],"collection":[{"href":"https:\/\/www.huntersfriend.eu\/de\/wp-json\/wp\/v2\/product"}],"about":[{"href":"https:\/\/www.huntersfriend.eu\/de\/wp-json\/wp\/v2\/types\/product"}],"replies":[{"embeddable":true,"href":"https:\/\/www.huntersfriend.eu\/de\/wp-json\/wp\/v2\/comments?post=284191"}],"wp:featuredmedia":[{"embeddable":true,"href":"https:\/\/www.huntersfriend.eu\/de\/wp-json\/wp\/v2\/media\/283840"}],"wp:attachment":[{"href":"https:\/\/www.huntersfriend.eu\/de\/wp-json\/wp\/v2\/media?parent=284191"}],"wp:term":[{"taxonomy":"product_brand","embeddable":true,"href":"https:\/\/www.huntersfriend.eu\/de\/wp-json\/wp\/v2\/product_brand?post=284191"},{"taxonomy":"product_cat","embeddable":true,"href":"https:\/\/www.huntersfriend.eu\/de\/wp-json\/wp\/v2\/product_cat?post=284191"},{"taxonomy":"product_tag","embeddable":true,"href":"https:\/\/www.huntersfriend.eu\/de\/wp-json\/wp\/v2\/product_tag?post=284191"}],"curies":[{"name":"wp","href":"https:\/\/api.w.org\/{rel}","templated":true}]}}