{"id":284180,"date":"2025-07-31T13:38:29","date_gmt":"2025-07-31T11:38:29","guid":{"rendered":"https:\/\/www.huntersfriend.eu\/product\/alps-mountaineering-apex-isomatte\/"},"modified":"2026-03-18T22:00:58","modified_gmt":"2026-03-18T20:00:58","slug":"alps-mountaineering-apex-isomatte","status":"publish","type":"product","link":"https:\/\/www.huntersfriend.eu\/de\/produkt\/alps-mountaineering-apex-isomatte\/","title":{"rendered":"Alps Mountaineering Apex Isomatte"},"content":{"rendered":"<p>Die ALPS Mountaineering Apex Serie von selbstaufblasenden Luftmatten ist die perfekte L\u00f6sung f\u00fcr zus\u00e4tzlichen Komfort auf einer Liege oder mit Ihrem Schlafsack. Das geb\u00fcrstete, Wildleder-\u00e4hnliche Obermaterial bietet eine weiche, strapazierf\u00e4hige Schlaffl\u00e4che. Der Apex verf\u00fcgt \u00fcber Jet Stream Wave-Schaumstoff und ein(e) korrosionsbest\u00e4ndige(s) Messingventil(e) f\u00fcr schnelles und einfaches Aufblasen\/Entleeren. Ein praktischer Packsack mit Kompressionsriemen ist f\u00fcr einfachen Transport und Lagerung enthalten, und f\u00fcr den Fall einer unvorhergesehenen Notfallreparatur ist ein Reparaturset bei jedem Apex enthalten. Erh\u00e4ltlich in verschiedenen Gr\u00f6\u00dfen: Regular, Long &amp; XL.    <\/p>\n<ul>\n<li>7150005 Rot Regular<\/li>\n<li>7250905 Rot Lang<\/li>\n<li>7350005 Rot XL<\/li>\n<\/ul>\n<ul>\n<li>Geb\u00fcrstetes, Wildleder-\u00e4hnliches Obermaterial<\/li>\n<li>Polyester-Bodenmaterial<\/li>\n<li>Jet Stream Wave-Schaumstoff<\/li>\n<li>R-Wert von 9,8<\/li>\n<li>Doppelte Messingventile bei Long und XL<\/li>\n<li>Kompressionsriemen enthalten<\/li>\n<li>Packsack und Reparaturset enthalten<\/li>\n<\/ul>\n<table>\n<tbody>\n<tr>\n<th colspan=\"2\" scope=\"col\">Regular<\/th>\n<\/tr>\n<tr>\n<th scope=\"row\">Abmessungen<\/th>\n<td>72&#8243; L x 20&#8243; B x 3&#8243; H<\/td>\n<\/tr>\n<tr>\n<th scope=\"row\">Packma\u00df<\/th>\n<td>21 \u201eL x 7\u201c T<\/td>\n<\/tr>\n<tr>\n<th scope=\"row\">Gewicht<\/th>\n<td>4 lbs. 14 oz. <\/td>\n<\/tr>\n<tr>\n<th colspan=\"2\" scope=\"col\">Lang<\/th>\n<\/tr>\n<tr>\n<th scope=\"row\">Abmessungen<\/th>\n<td>77&#8243; L x 25&#8243; B x 3&#8243; H<\/td>\n<\/tr>\n<tr>\n<th scope=\"row\">Packma\u00df<\/th>\n<td>26 \u201eL x 7\u201c T<\/td>\n<\/tr>\n<tr>\n<th scope=\"row\">Gewicht<\/th>\n<td>6 lbs. 13 oz. <\/td>\n<\/tr>\n<tr>\n<th colspan=\"2\" scope=\"col\">X-Large<\/th>\n<\/tr>\n<tr>\n<th scope=\"row\">Abmessungen<\/th>\n<td>77&#8243; L x 30&#8243; B x 3&#8243; H<\/td>\n<\/tr>\n<tr>\n<th scope=\"row\">Packma\u00df<\/th>\n<td>31 \u201eL x 7\u201c T<\/td>\n<\/tr>\n<tr>\n<th scope=\"row\">Gewicht<\/th>\n<td>7 lbs. 11 oz. <\/td>\n<\/tr>\n<\/tbody>\n<\/table>\n","protected":false},"excerpt":{"rendered":"<p>Die ALPS Mountaineering Apex Serie von selbstaufblasenden Luftmatten ist die perfekte L\u00f6sung f\u00fcr zus\u00e4tzlichen Komfort auf einer Liege oder mit Ihrem Schlafsack. Das geb\u00fcrstete, Wildleder-\u00e4hnliche Obermaterial bietet eine weiche, strapazierf\u00e4hige Schlaffl\u00e4che. Der Apex verf\u00fcgt \u00fcber Jet Stream Wave-Schaumstoff und ein(e) korrosionsbest\u00e4ndige(s) Messingventil(e) f\u00fcr schnelles und einfaches Aufblasen\/Entleeren. Ein praktischer Packsack mit Kompressionsriemen ist f\u00fcr einfachen [&#8230;]\n","protected":false},"featured_media":284076,"comment_status":"open","ping_status":"closed","template":"","meta":[],"product_brand":[],"product_cat":[2068],"product_tag":[],"class_list":{"0":"post-284180","1":"product","2":"type-product","3":"status-publish","4":"has-post-thumbnail","6":"product_cat-campingliegen-und-matten","8":"first","9":"instock","10":"sale","11":"taxable","12":"shipping-taxable","13":"purchasable","14":"product-type-variable"},"composite_virtual":false,"composite_layout":"","composite_add_to_cart_form_location":"","composite_editable_in_cart":false,"composite_sold_individually_context":"","composite_shop_price_calc":"","composite_components":[],"composite_scenarios":[],"group_of_quantity":0,"min_quantity":0,"max_quantity":"","exclude_order_quantity_value_rules":"no","exclude_category_quantity_rules":"no","combine_variations":"no","exclude_global_add_ons":[],"addons":[],"_links":{"self":[{"href":"https:\/\/www.huntersfriend.eu\/de\/wp-json\/wp\/v2\/product\/284180","targetHints":{"allow":["GET"]}}],"collection":[{"href":"https:\/\/www.huntersfriend.eu\/de\/wp-json\/wp\/v2\/product"}],"about":[{"href":"https:\/\/www.huntersfriend.eu\/de\/wp-json\/wp\/v2\/types\/product"}],"replies":[{"embeddable":true,"href":"https:\/\/www.huntersfriend.eu\/de\/wp-json\/wp\/v2\/comments?post=284180"}],"wp:featuredmedia":[{"embeddable":true,"href":"https:\/\/www.huntersfriend.eu\/de\/wp-json\/wp\/v2\/media\/284076"}],"wp:attachment":[{"href":"https:\/\/www.huntersfriend.eu\/de\/wp-json\/wp\/v2\/media?parent=284180"}],"wp:term":[{"taxonomy":"product_brand","embeddable":true,"href":"https:\/\/www.huntersfriend.eu\/de\/wp-json\/wp\/v2\/product_brand?post=284180"},{"taxonomy":"product_cat","embeddable":true,"href":"https:\/\/www.huntersfriend.eu\/de\/wp-json\/wp\/v2\/product_cat?post=284180"},{"taxonomy":"product_tag","embeddable":true,"href":"https:\/\/www.huntersfriend.eu\/de\/wp-json\/wp\/v2\/product_tag?post=284180"}],"curies":[{"name":"wp","href":"https:\/\/api.w.org\/{rel}","templated":true}]}}