{"id":284177,"date":"2025-07-31T13:32:50","date_gmt":"2025-07-31T12:07:05","guid":{"rendered":"https:\/\/www.huntersfriend.eu\/product\/alps-outdoorz-guardian-dry-bag\/"},"modified":"2025-09-17T13:11:13","modified_gmt":"2025-09-17T11:11:13","slug":"alps-outdoorz-guardian-dry-bag","status":"publish","type":"product","link":"https:\/\/www.huntersfriend.eu\/de\/produkt\/alps-outdoorz-guardian-dry-bag\/","title":{"rendered":"Alps Outdoorz Guardian Dry Bag"},"content":{"rendered":"<p>Wenn es absolut erforderlich ist, Ihre Ausr\u00fcstung trocken zu halten, ist der Guardian Backpack Dry Bag genau das, wonach Sie suchen. Das vollst\u00e4ndig wasserdichte Rolltop-Design h\u00e4lt den Inhalt knochentrocken und bietet bequemen und einfachen Zugriff auf Ihre gesamte Ausr\u00fcstung. <\/p>\n<p>Wenn Sie DU Licensed Gear kaufen, unterst\u00fctzen Sie direkt den Schutz von Lebensr\u00e4umen in ganz Nordamerika und tragen zur Erreichung der gemeinsamen Mission von Ducks Unlimited und ALPS OutdoorZ bei.<\/p>\n<ul>\n<li>9200167 DU Mossy Oak\u00ae Original Bottomland\u00ae 35L<\/li>\n<li>9200168 DU Mossy Oak\u00ae Original Bottomland\u00ae 50L<\/li>\n<\/ul>\n<ul>\n<li>Rucksackgurte f\u00fcr einfachen Transport<\/li>\n<li>Praktischer Haltegriff<\/li>\n<li>Robustes, wasserdichtes 500D-Polyester-PVC-Material<\/li>\n<li>Die ovale, flache Unterseite verhindert das Wegrollen<\/li>\n<li>Sicherer Rollverschluss mit oberem Kompressionsriemen<\/li>\n<li>Starke, vollst\u00e4ndig verschwei\u00dfte N\u00e4hte<\/li>\n<li>Das wasserdichte Ventil l\u00e4sst eingeschlossene Luft entweichen, was die Komprimierung erleichtert und die Packgr\u00f6\u00dfe verringert<\/li>\n<li>Reparaturset enthalten<\/li>\n<\/ul>\n<table>\n<tbody>\n<tr>\n<th colspan=\"2\" scope=\"col\">35L<\/th>\n<\/tr>\n<tr>\n<th scope=\"row\">Fassungsverm\u00f6gen<\/th>\n<td>35L \/ 2135 in\u00b3<\/td>\n<\/tr>\n<tr>\n<th scope=\"row\">Abmessungen<br \/>\n(nach 3 Rollen)<\/th>\n<td>21&#8243; H x 13&#8243; W x 8&#8243; D<\/td>\n<\/tr>\n<tr>\n<th scope=\"row\">Gewicht<\/th>\n<td>1 lb. 5 oz. <\/td>\n<\/tr>\n<tr>\n<th colspan=\"2\" scope=\"col\">50L<\/th>\n<\/tr>\n<tr>\n<th scope=\"row\">Fassungsverm\u00f6gen<\/th>\n<td>50L \/ 3050 in\u00b3<\/td>\n<\/tr>\n<tr>\n<th scope=\"row\">Abmessungen<br \/>\n(nach 3 Rollen)<\/th>\n<td>21&#8243; H x 15&#8243; W x 10&#8243; D<\/td>\n<\/tr>\n<tr>\n<th scope=\"row\">Gewicht<\/th>\n<td>1 lb. 9 oz. <\/td>\n<\/tr>\n<\/tbody>\n<\/table>\n","protected":false},"excerpt":{"rendered":"<p>Wenn es absolut erforderlich ist, Ihre Ausr\u00fcstung trocken zu halten, ist der Guardian Backpack Dry Bag genau das, wonach Sie suchen. Das vollst\u00e4ndig wasserdichte Rolltop-Design h\u00e4lt den Inhalt knochentrocken und bietet bequemen und einfachen Zugriff auf Ihre gesamte Ausr\u00fcstung. Wenn Sie DU Licensed Gear kaufen, unterst\u00fctzen Sie direkt den Schutz von Lebensr\u00e4umen in ganz Nordamerika [&#8230;]\n","protected":false},"featured_media":284063,"comment_status":"open","ping_status":"closed","template":"","meta":[],"product_brand":[],"product_cat":[1774],"product_tag":[],"class_list":{"0":"post-284177","1":"product","2":"type-product","3":"status-publish","4":"has-post-thumbnail","6":"product_cat-jagd-rucksacke","8":"first","9":"instock","10":"taxable","11":"shipping-taxable","12":"purchasable","13":"product-type-variable"},"composite_virtual":false,"composite_layout":"","composite_add_to_cart_form_location":"","composite_editable_in_cart":false,"composite_sold_individually_context":"","composite_shop_price_calc":"","composite_components":[],"composite_scenarios":[],"group_of_quantity":0,"min_quantity":0,"max_quantity":"","exclude_order_quantity_value_rules":"no","exclude_category_quantity_rules":"no","combine_variations":"no","exclude_global_add_ons":[],"addons":[],"_links":{"self":[{"href":"https:\/\/www.huntersfriend.eu\/de\/wp-json\/wp\/v2\/product\/284177","targetHints":{"allow":["GET"]}}],"collection":[{"href":"https:\/\/www.huntersfriend.eu\/de\/wp-json\/wp\/v2\/product"}],"about":[{"href":"https:\/\/www.huntersfriend.eu\/de\/wp-json\/wp\/v2\/types\/product"}],"replies":[{"embeddable":true,"href":"https:\/\/www.huntersfriend.eu\/de\/wp-json\/wp\/v2\/comments?post=284177"}],"wp:featuredmedia":[{"embeddable":true,"href":"https:\/\/www.huntersfriend.eu\/de\/wp-json\/wp\/v2\/media\/284063"}],"wp:attachment":[{"href":"https:\/\/www.huntersfriend.eu\/de\/wp-json\/wp\/v2\/media?parent=284177"}],"wp:term":[{"taxonomy":"product_brand","embeddable":true,"href":"https:\/\/www.huntersfriend.eu\/de\/wp-json\/wp\/v2\/product_brand?post=284177"},{"taxonomy":"product_cat","embeddable":true,"href":"https:\/\/www.huntersfriend.eu\/de\/wp-json\/wp\/v2\/product_cat?post=284177"},{"taxonomy":"product_tag","embeddable":true,"href":"https:\/\/www.huntersfriend.eu\/de\/wp-json\/wp\/v2\/product_tag?post=284177"}],"curies":[{"name":"wp","href":"https:\/\/api.w.org\/{rel}","templated":true}]}}