{"id":284176,"date":"2025-07-31T13:15:56","date_gmt":"2025-07-31T11:15:56","guid":{"rendered":"https:\/\/www.huntersfriend.eu\/product\/alpin-bergsteiger-konturrucksack\/"},"modified":"2025-08-02T03:08:24","modified_gmt":"2025-08-02T01:08:24","slug":"alpin-bergsteiger-konturrucksack","status":"publish","type":"product","link":"https:\/\/www.huntersfriend.eu\/de\/produkt\/alpin-bergsteiger-konturrucksack\/","title":{"rendered":"Alpin-Bergsteiger-Konturrucksack"},"content":{"rendered":"<p>Das perfekte, schlichte Design wird mit einem leichten und strapazierf\u00e4higen 200D-Nylon-Doppel-Ripstop-Gewebe kombiniert und verwendet 3D-Mesh-Aufh\u00e4ngungsgurte f\u00fcr ganzt\u00e4gigen Komfort. Der Deckel mit umgekehrter Richtung erm\u00f6glicht einen einfachen Zugriff auf die inneren Funktionen, und die seitlichen Stretch-Taschen sind gro\u00df genug f\u00fcr 1-Liter-Nalgene-Flaschen. Ben\u00f6tigen Sie zus\u00e4tzliche Trinkoptionen? Diese Rucks\u00e4cke bieten auch ein Trinkblasenfach mit einem Schlauchanschluss.   <\/p>\n<ul>\n<li>Leichtes und strapazierf\u00e4higes 200D-Nylon-Doppel-Ripstop-Gewebe<\/li>\n<li>3D-Mesh-Aufh\u00e4ngungsgurte<\/li>\n<li>Der Deckel mit umgekehrter Richtung erm\u00f6glicht einen einfachen Zugriff<\/li>\n<li>Seitliche Stretch-Taschen, gro\u00df genug f\u00fcr 1-Liter-Nalgene-Flaschen<\/li>\n<li>Trinkblasenfach mit Schlauchanschluss<\/li>\n<\/ul>\n<table>\n<tbody>\n<tr>\n<th colspan=\"2\" scope=\"col\">Contour 18<\/th>\n<\/tr>\n<tr>\n<th scope=\"row\">Fassungsverm\u00f6gen<\/th>\n<td>18L \/ 1098 in<sup>3<\/sup><\/td>\n<\/tr>\n<tr>\n<th scope=\"row\">Gewicht<\/th>\n<td>1 lb. 2 oz. <\/td>\n<\/tr>\n<\/tbody>\n<\/table>\n<table>\n<tbody>\n<tr>\n<th colspan=\"2\" scope=\"col\">Contour 28<\/th>\n<\/tr>\n<tr>\n<th scope=\"row\">Fassungsverm\u00f6gen<\/th>\n<td>28L \/ 1709 in<sup>3<\/sup><\/td>\n<\/tr>\n<tr>\n<th scope=\"row\">Gewicht<\/th>\n<td>1 lb. 8 oz. <\/td>\n<\/tr>\n<\/tbody>\n<\/table>\n<table>\n<tbody>\n<tr>\n<th colspan=\"2\" scope=\"col\">Reservoir 3.0<\/th>\n<\/tr>\n<tr>\n<th scope=\"row\">Fassungsverm\u00f6gen<\/th>\n<td>3L \/ 183 in<sup>3<\/sup><\/td>\n<\/tr>\n<tr>\n<th scope=\"row\">Abmessungen<\/th>\n<td>16 \u201eH x 8\u201c W<\/td>\n<\/tr>\n<tr>\n<th scope=\"row\">Gewicht<\/th>\n<td>5 oz.<\/td>\n<\/tr>\n<\/tbody>\n<\/table>\n","protected":false},"excerpt":{"rendered":"<p>Das perfekte, schlichte Design wird mit einem leichten und strapazierf\u00e4higen 200D-Nylon-Doppel-Ripstop-Gewebe kombiniert und verwendet 3D-Mesh-Aufh\u00e4ngungsgurte f\u00fcr ganzt\u00e4gigen Komfort. Der Deckel mit umgekehrter Richtung erm\u00f6glicht einen einfachen Zugriff auf die inneren Funktionen, und die seitlichen Stretch-Taschen sind gro\u00df genug f\u00fcr 1-Liter-Nalgene-Flaschen. Ben\u00f6tigen Sie zus\u00e4tzliche Trinkoptionen? Diese Rucks\u00e4cke bieten auch ein Trinkblasenfach mit einem Schlauchanschluss. Leichtes und [&#8230;]\n","protected":false},"featured_media":284050,"comment_status":"open","ping_status":"closed","template":"","meta":[],"product_brand":[],"product_cat":[2043],"product_tag":[],"class_list":{"0":"post-284176","1":"product","2":"type-product","3":"status-publish","4":"has-post-thumbnail","6":"product_cat-rucksacke","8":"first","9":"instock","10":"sale","11":"taxable","12":"shipping-taxable","13":"purchasable","14":"product-type-variable"},"composite_virtual":false,"composite_layout":"","composite_add_to_cart_form_location":"","composite_editable_in_cart":false,"composite_sold_individually_context":"","composite_shop_price_calc":"","composite_components":[],"composite_scenarios":[],"group_of_quantity":0,"min_quantity":0,"max_quantity":"","exclude_order_quantity_value_rules":"no","exclude_category_quantity_rules":"no","combine_variations":"no","exclude_global_add_ons":[],"addons":[],"_links":{"self":[{"href":"https:\/\/www.huntersfriend.eu\/de\/wp-json\/wp\/v2\/product\/284176","targetHints":{"allow":["GET"]}}],"collection":[{"href":"https:\/\/www.huntersfriend.eu\/de\/wp-json\/wp\/v2\/product"}],"about":[{"href":"https:\/\/www.huntersfriend.eu\/de\/wp-json\/wp\/v2\/types\/product"}],"replies":[{"embeddable":true,"href":"https:\/\/www.huntersfriend.eu\/de\/wp-json\/wp\/v2\/comments?post=284176"}],"wp:featuredmedia":[{"embeddable":true,"href":"https:\/\/www.huntersfriend.eu\/de\/wp-json\/wp\/v2\/media\/284050"}],"wp:attachment":[{"href":"https:\/\/www.huntersfriend.eu\/de\/wp-json\/wp\/v2\/media?parent=284176"}],"wp:term":[{"taxonomy":"product_brand","embeddable":true,"href":"https:\/\/www.huntersfriend.eu\/de\/wp-json\/wp\/v2\/product_brand?post=284176"},{"taxonomy":"product_cat","embeddable":true,"href":"https:\/\/www.huntersfriend.eu\/de\/wp-json\/wp\/v2\/product_cat?post=284176"},{"taxonomy":"product_tag","embeddable":true,"href":"https:\/\/www.huntersfriend.eu\/de\/wp-json\/wp\/v2\/product_tag?post=284176"}],"curies":[{"name":"wp","href":"https:\/\/api.w.org\/{rel}","templated":true}]}}