{"id":284028,"date":"2025-06-16T23:54:12","date_gmt":"2025-07-31T10:06:38","guid":{"rendered":"https:\/\/www.huntersfriend.eu\/product\/alps-outdoorz-wasserdichter-flintenkoffer\/"},"modified":"2025-07-31T12:06:38","modified_gmt":"2025-07-31T10:06:38","slug":"alps-outdoorz-wasserdichter-flintenkoffer","status":"publish","type":"product","link":"https:\/\/www.huntersfriend.eu\/de\/produkt\/alps-outdoorz-wasserdichter-flintenkoffer\/","title":{"rendered":"Alps Outdoorz wasserdichter Flintenkoffer"},"content":{"rendered":"<p>Der wasserdichte Gewehrkoffer wurde entwickelt, um Flinten sauber, unbesch\u00e4digt und in einwandfreiem Zustand zu halten, wenn sie zu und von der Wasservogeljagd transportiert werden. Der Koffer basiert auf einer robusten, geschwei\u00dften 500D-PVC-Au\u00dfenh\u00fclle, die widerstandsf\u00e4hig gegen die typischen Durchstiche, Abrieb und Umweltbelastungen ist, die typischerweise bei der Wasservogeljagd auftreten. Die Innenschale besteht aus einem hochdichten, geschlossenzelligen Schwimmschaum, mit zus\u00e4tzlichem Schutz durch eine gepolsterte Auskleidung. Das Verschlie\u00dfen des Gewehrkoffers gegen das Eindringen von Wasser erfolgt durch einen gerollten Schnallenverschluss, \u00e4hnlich denen, die f\u00fcr Expeditions-Packs\u00e4cke verwendet werden.   <\/p>\n<p>Um den Transport zu erleichtern, wird der wasserdichte Gewehrkoffer mit einem integrierten Tragegriff und einem abnehmbaren und verstellbaren, gepolsterten Schultergurt geliefert. Ein D-Ring ist an der Vorderseite des Koffers befestigt, damit er aus dem Schlamm und Wasser geh\u00e4ngt werden kann. <\/p>\n<p>Der wasserdichte Gewehrkoffer bietet Platz f\u00fcr Flinten mit L\u00e4ufen bis zu 28 Zoll mit verl\u00e4ngerten Choke-Tuben. Die Gesamtl\u00e4nge betr\u00e4gt 58 Zoll ungerollt und 53 Zoll gerollt geschlossen. <\/p>\n<ul>\n<li>Wasserdichtes, geschwei\u00dftes 500D-PVC-Material<\/li>\n<li>Rollverschluss, um eine dichte Abdichtung zu gew\u00e4hrleisten, damit kein Wasser eindringen kann<\/li>\n<li>Hochdichter, geschlossenzelliger Schwimmschaum<\/li>\n<li>Orangefarbene Auskleidung mit Polsterung f\u00fcr zus\u00e4tzlichen Schutz Ihrer Flinte<\/li>\n<li>Bietet Platz f\u00fcr Flinten bis zu einem 28-Zoll-Lauf mit verl\u00e4ngerter Choke-Tube<\/li>\n<li>Tragegriff und abnehmbare, \u00fcber die Schulter tragbare Tragegurtoption<\/li>\n<li>D-Ring am Ende des Gewehrkoffers angebracht, wodurch der Koffer zum Trocknen aufgeh\u00e4ngt werden kann, wenn er nicht verwendet wird<\/li>\n<\/ul>\n<table>\n<tbody>\n<tr>\n<th scope=\"row\">Abmessungen<\/th>\n<td>58 \u201eL x 9\u201c B<\/td>\n<\/tr>\n<tr>\n<th scope=\"row\">Gerollte L\u00e4nge<\/th>\n<td>53&#8243;<\/td>\n<\/tr>\n<tr>\n<th scope=\"row\">Gewicht<\/th>\n<td>1 lb. 9 oz. <\/td>\n<\/tr>\n<\/tbody>\n<\/table>\n","protected":false},"excerpt":{"rendered":"<p>Der wasserdichte Gewehrkoffer wurde entwickelt, um Flinten sauber, unbesch\u00e4digt und in einwandfreiem Zustand zu halten, wenn sie zu und von der Wasservogeljagd transportiert werden. Der Koffer basiert auf einer robusten, geschwei\u00dften 500D-PVC-Au\u00dfenh\u00fclle, die widerstandsf\u00e4hig gegen die typischen Durchstiche, Abrieb und Umweltbelastungen ist, die typischerweise bei der Wasservogeljagd auftreten. Die Innenschale besteht aus einem hochdichten, geschlossenzelligen [&#8230;]\n","protected":false},"featured_media":283884,"comment_status":"open","ping_status":"closed","template":"","meta":[],"product_brand":[],"product_cat":[1420],"product_tag":[],"class_list":{"0":"post-284028","1":"product","2":"type-product","3":"status-publish","4":"has-post-thumbnail","6":"product_cat-futterale","8":"first","9":"outofstock","10":"taxable","11":"shipping-taxable","12":"purchasable","13":"product-type-simple"},"composite_virtual":false,"composite_layout":"","composite_add_to_cart_form_location":"","composite_editable_in_cart":false,"composite_sold_individually_context":"","composite_shop_price_calc":"","composite_components":[],"composite_scenarios":[],"group_of_quantity":0,"min_quantity":0,"max_quantity":"","exclude_order_quantity_value_rules":"no","exclude_category_quantity_rules":"no","combine_variations":"no","exclude_global_add_ons":[],"addons":[],"_links":{"self":[{"href":"https:\/\/www.huntersfriend.eu\/de\/wp-json\/wp\/v2\/product\/284028","targetHints":{"allow":["GET"]}}],"collection":[{"href":"https:\/\/www.huntersfriend.eu\/de\/wp-json\/wp\/v2\/product"}],"about":[{"href":"https:\/\/www.huntersfriend.eu\/de\/wp-json\/wp\/v2\/types\/product"}],"replies":[{"embeddable":true,"href":"https:\/\/www.huntersfriend.eu\/de\/wp-json\/wp\/v2\/comments?post=284028"}],"wp:featuredmedia":[{"embeddable":true,"href":"https:\/\/www.huntersfriend.eu\/de\/wp-json\/wp\/v2\/media\/283884"}],"wp:attachment":[{"href":"https:\/\/www.huntersfriend.eu\/de\/wp-json\/wp\/v2\/media?parent=284028"}],"wp:term":[{"taxonomy":"product_brand","embeddable":true,"href":"https:\/\/www.huntersfriend.eu\/de\/wp-json\/wp\/v2\/product_brand?post=284028"},{"taxonomy":"product_cat","embeddable":true,"href":"https:\/\/www.huntersfriend.eu\/de\/wp-json\/wp\/v2\/product_cat?post=284028"},{"taxonomy":"product_tag","embeddable":true,"href":"https:\/\/www.huntersfriend.eu\/de\/wp-json\/wp\/v2\/product_tag?post=284028"}],"curies":[{"name":"wp","href":"https:\/\/api.w.org\/{rel}","templated":true}]}}