{"id":284026,"date":"2025-06-16T23:54:12","date_gmt":"2025-07-31T10:06:37","guid":{"rendered":"https:\/\/www.huntersfriend.eu\/product\/alps-outdoorz-alpha-dog-blinds\/"},"modified":"2025-09-17T15:20:12","modified_gmt":"2025-09-17T13:20:12","slug":"alps-outdoorz-alpha-dog-blinds","status":"publish","type":"product","link":"https:\/\/www.huntersfriend.eu\/de\/produkt\/alps-outdoorz-alpha-dog-blinds\/","title":{"rendered":"Alps outdoorz Alpha Dog Blinds"},"content":{"rendered":"<p>Mit seinem einzigartigen Design f\u00fcr schnellen Zugriff ist der Alpha Dog Blind der vielseitigste und effektivste Hunde-Blinds auf dem Markt. Der Alpha Dog Blind bietet Ihrem bevorzugten Jagdbegleiter den Komfort und die Deckung, die f\u00fcr eine ganzt\u00e4gige Jagd unter h\u00e4rtesten Bedingungen erforderlich sind. Durch die Verwendung einer einzigartigen Aluminiumnabenkonstruktion mit speziell entwickelten Spitzen und Stiften bietet der Alpha Dog Blind einen schnellen und einfachen Aufbau in Sekundenschnelle. Ein sich verj\u00fcngender Dachfirst erm\u00f6glicht Ihrem Hund eine freie Sichtlinie und h\u00e4lt ihn gleichzeitig verborgen. Die dreieckige Form des Alpha Dog Blinds besteht aus strapazierf\u00e4higem 600D-Polyestergewebe mit Blackout-R\u00fcckseite und bietet ultimative Tarnung aus allen Blickwinkeln. Der gepolsterte Boden aus 900D-Polyestergewebe bietet Ihrem Partner Haltbarkeit und Komfort. Magnetische Doppelschwing-Vordert\u00fcren und eine Doppelschwing-Hintert\u00fcr mit Schnallenverschluss bieten schnelle und einfache Ein- und Ausstiegsm\u00f6glichkeiten f\u00fcr Apportierungen. Ein Paracord-Griff und eine mitgelieferte Schultertragetasche erleichtern den Transport zum und vom Feld. Eins\u00e4tze sind im Lieferumfang enthalten, um den Blinds zu sichern. Mit dem Alpha Dog Blind in Ihrem Jagdarsenal kann Ihr bevorzugter Jagdbegleiter die Exzellenz und Qualit\u00e4t erleben, die Sie von ALPS OutdoorZ erwarten.         <\/p>\n<ul>\n<li>Zwei-Naben-Design f\u00fcr schnellen und einfachen Aufbau<\/li>\n<li>Strapazierf\u00e4hige Seiten aus 600D-Polyestergewebe mit verdunkelter R\u00fcckseite, um Ihren Jagdbegleiter besser zu verbergen<\/li>\n<li>Boden aus 900D-Polyestergewebe mit Polsterung f\u00fcr Strapazierf\u00e4higkeit und Komfort<\/li>\n<li>Aluminiumnaben mit speziell entwickelten Spitzen und Stiften<\/li>\n<li>Magnetische Doppelschwing-Vordert\u00fcr<\/li>\n<li>Doppelschwing-Hintert\u00fcr mit Schnallenverschluss<\/li>\n<li>Stoppelriemen durchgehend f\u00fcr bessere Tarnung<\/li>\n<li>Pfl\u00f6cke enthalten<\/li>\n<li>Paracord-Tragegriff<\/li>\n<li>L\u00e4sst sich zur einfachen Reinigung flach \u00f6ffnen<\/li>\n<li>Inklusive 6 \u201ex 24\u201c Schultertragetasche<\/li>\n<\/ul>\n<table border=\"3\">\n<tbody>\n<tr align=\"CENTER\">\n<td><b>Abmessungen<\/b><\/td>\n<td>37&#8243; L x 21&#8243; B x 19&#8243; H<\/td>\n<\/tr>\n<tr align=\"CENTER\">\n<td><b>Gewicht<\/b><\/td>\n<td>4 lbs. 9 oz. <\/td>\n<\/tr>\n<tr align=\"CENTER\">\n<td><b>Verpackungsgr\u00f6\u00dfe<\/b><\/td>\n<td>24&#8243; L x 6&#8243; B x 6&#8243; H<\/td>\n<\/tr>\n<\/tbody>\n<\/table>\n","protected":false},"excerpt":{"rendered":"<p>Mit seinem einzigartigen Design f\u00fcr schnellen Zugriff ist der Alpha Dog Blind der vielseitigste und effektivste Hunde-Blinds auf dem Markt. Der Alpha Dog Blind bietet Ihrem bevorzugten Jagdbegleiter den Komfort und die Deckung, die f\u00fcr eine ganzt\u00e4gige Jagd unter h\u00e4rtesten Bedingungen erforderlich sind. Durch die Verwendung einer einzigartigen Aluminiumnabenkonstruktion mit speziell entwickelten Spitzen und Stiften [&#8230;]\n","protected":false},"featured_media":283914,"comment_status":"open","ping_status":"closed","template":"","meta":[],"product_brand":[],"product_cat":[1389],"product_tag":[],"class_list":{"0":"post-284026","1":"product","2":"type-product","3":"status-publish","4":"has-post-thumbnail","6":"product_cat-tarnschirme-fur-hunde","8":"first","9":"outofstock","10":"taxable","11":"shipping-taxable","12":"purchasable","13":"product-type-simple"},"composite_virtual":false,"composite_layout":"","composite_add_to_cart_form_location":"","composite_editable_in_cart":false,"composite_sold_individually_context":"","composite_shop_price_calc":"","composite_components":[],"composite_scenarios":[],"group_of_quantity":0,"min_quantity":0,"max_quantity":"","exclude_order_quantity_value_rules":"no","exclude_category_quantity_rules":"no","combine_variations":"no","exclude_global_add_ons":[],"addons":[],"_links":{"self":[{"href":"https:\/\/www.huntersfriend.eu\/de\/wp-json\/wp\/v2\/product\/284026","targetHints":{"allow":["GET"]}}],"collection":[{"href":"https:\/\/www.huntersfriend.eu\/de\/wp-json\/wp\/v2\/product"}],"about":[{"href":"https:\/\/www.huntersfriend.eu\/de\/wp-json\/wp\/v2\/types\/product"}],"replies":[{"embeddable":true,"href":"https:\/\/www.huntersfriend.eu\/de\/wp-json\/wp\/v2\/comments?post=284026"}],"wp:featuredmedia":[{"embeddable":true,"href":"https:\/\/www.huntersfriend.eu\/de\/wp-json\/wp\/v2\/media\/283914"}],"wp:attachment":[{"href":"https:\/\/www.huntersfriend.eu\/de\/wp-json\/wp\/v2\/media?parent=284026"}],"wp:term":[{"taxonomy":"product_brand","embeddable":true,"href":"https:\/\/www.huntersfriend.eu\/de\/wp-json\/wp\/v2\/product_brand?post=284026"},{"taxonomy":"product_cat","embeddable":true,"href":"https:\/\/www.huntersfriend.eu\/de\/wp-json\/wp\/v2\/product_cat?post=284026"},{"taxonomy":"product_tag","embeddable":true,"href":"https:\/\/www.huntersfriend.eu\/de\/wp-json\/wp\/v2\/product_tag?post=284026"}],"curies":[{"name":"wp","href":"https:\/\/api.w.org\/{rel}","templated":true}]}}