{"id":284023,"date":"2025-07-31T11:29:41","date_gmt":"2025-07-31T09:29:41","guid":{"rendered":"https:\/\/www.huntersfriend.eu\/product\/alpen-bergsteigen-freizeitsessel\/"},"modified":"2025-08-07T13:06:22","modified_gmt":"2025-08-07T11:06:22","slug":"alpen-bergsteigen-freizeitsessel","status":"publish","type":"product","link":"https:\/\/www.huntersfriend.eu\/de\/produkt\/alpen-bergsteigen-freizeitsessel\/","title":{"rendered":"Alpen Bergsteigen Freizeitsessel"},"content":{"rendered":"<p>Der Freizeitsessel ist der perfekte, kompakte Klappstuhl, der Ihre Momente der Entspannung und Ihre Outdoor-Abenteuer ideal erg\u00e4nzt! Dieser Stuhl wurde mit einem robusten, pulverbeschichteten Stahlrahmen gefertigt, der bis zu 300 Pfund tragen kann, und ist Ihr perfekter Begleiter. Das Design umfasst eine Netzmitte, die Sie an hei\u00dfen und feuchten Tagen k\u00fchl h\u00e4lt. So k\u00f6nnen Sie sich bei jedem Wetter in diesem Outdoor-Netzstuhl wohlf\u00fchlen. Die mitgelieferte Tragetasche macht diesen Stuhl kompakt und einfach zu allen Ihren Veranstaltungen mitzunehmen.    <\/p>\n<ul>\n<li>Kompaktes, faltbares Design<\/li>\n<li>600D Polyester mit verst\u00e4rkter TechMesh-Mitte<\/li>\n<li>Pro-Tec pulverbeschichteter Stahlrahmen<\/li>\n<li>\u00dcbergro\u00dfer Getr\u00e4nkehalter<\/li>\n<li>Inklusive Schultertragetasche<\/li>\n<\/ul>\n<table>\n<tbody>\n<tr>\n<th scope=\"row\">Sitzbreite<\/th>\n<td>21,5&#8243;<\/td>\n<\/tr>\n<tr>\n<th scope=\"row\">Sitztiefe<\/th>\n<td>17&#8243;<\/td>\n<\/tr>\n<tr>\n<th scope=\"row\">Sitzh\u00f6he vorne<\/th>\n<td>18&#8243;<\/td>\n<\/tr>\n<tr>\n<th scope=\"row\">Sitzh\u00f6he hinten<\/th>\n<td>16&#8243;<\/td>\n<\/tr>\n<tr>\n<th scope=\"row\">H\u00f6he der R\u00fcckenlehne<\/th>\n<td>24,5&#8243;<\/td>\n<\/tr>\n<tr>\n<th scope=\"row\">Verpackungsgr\u00f6\u00dfe<\/th>\n<td>37&#8243; L x 9,5&#8243; B x 7&#8243; H<\/td>\n<\/tr>\n<tr>\n<th scope=\"row\">Gewicht<\/th>\n<td>11 lbs. 6 oz. <\/td>\n<\/tr>\n<tr>\n<th scope=\"row\">Gewichtskapazit\u00e4t<\/th>\n<td>300 lbs.<\/td>\n<\/tr>\n<\/tbody>\n<\/table>\n","protected":false},"excerpt":{"rendered":"<p>Der Freizeitsessel ist der perfekte, kompakte Klappstuhl, der Ihre Momente der Entspannung und Ihre Outdoor-Abenteuer ideal erg\u00e4nzt! Dieser Stuhl wurde mit einem robusten, pulverbeschichteten Stahlrahmen gefertigt, der bis zu 300 Pfund tragen kann, und ist Ihr perfekter Begleiter. Das Design umfasst eine Netzmitte, die Sie an hei\u00dfen und feuchten Tagen k\u00fchl h\u00e4lt. So k\u00f6nnen Sie [&#8230;]\n","protected":false},"featured_media":283825,"comment_status":"open","ping_status":"closed","template":"","meta":[],"product_brand":[],"product_cat":[2114],"product_tag":[],"class_list":{"0":"post-284023","1":"product","2":"type-product","3":"status-publish","4":"has-post-thumbnail","6":"product_cat-zelte","8":"first","9":"instock","10":"sale","11":"taxable","12":"shipping-taxable","13":"purchasable","14":"product-type-variable"},"composite_virtual":false,"composite_layout":"","composite_add_to_cart_form_location":"","composite_editable_in_cart":false,"composite_sold_individually_context":"","composite_shop_price_calc":"","composite_components":[],"composite_scenarios":[],"group_of_quantity":0,"min_quantity":0,"max_quantity":"","exclude_order_quantity_value_rules":"no","exclude_category_quantity_rules":"no","combine_variations":"no","exclude_global_add_ons":[],"addons":[],"_links":{"self":[{"href":"https:\/\/www.huntersfriend.eu\/de\/wp-json\/wp\/v2\/product\/284023","targetHints":{"allow":["GET"]}}],"collection":[{"href":"https:\/\/www.huntersfriend.eu\/de\/wp-json\/wp\/v2\/product"}],"about":[{"href":"https:\/\/www.huntersfriend.eu\/de\/wp-json\/wp\/v2\/types\/product"}],"replies":[{"embeddable":true,"href":"https:\/\/www.huntersfriend.eu\/de\/wp-json\/wp\/v2\/comments?post=284023"}],"wp:featuredmedia":[{"embeddable":true,"href":"https:\/\/www.huntersfriend.eu\/de\/wp-json\/wp\/v2\/media\/283825"}],"wp:attachment":[{"href":"https:\/\/www.huntersfriend.eu\/de\/wp-json\/wp\/v2\/media?parent=284023"}],"wp:term":[{"taxonomy":"product_brand","embeddable":true,"href":"https:\/\/www.huntersfriend.eu\/de\/wp-json\/wp\/v2\/product_brand?post=284023"},{"taxonomy":"product_cat","embeddable":true,"href":"https:\/\/www.huntersfriend.eu\/de\/wp-json\/wp\/v2\/product_cat?post=284023"},{"taxonomy":"product_tag","embeddable":true,"href":"https:\/\/www.huntersfriend.eu\/de\/wp-json\/wp\/v2\/product_tag?post=284023"}],"curies":[{"name":"wp","href":"https:\/\/api.w.org\/{rel}","templated":true}]}}