{"id":284020,"date":"2025-07-31T11:22:17","date_gmt":"2025-07-31T10:03:56","guid":{"rendered":"https:\/\/www.huntersfriend.eu\/product\/alps-bergsteiger-helix-zelte\/"},"modified":"2025-08-02T03:08:25","modified_gmt":"2025-08-02T01:08:25","slug":"alps-bergsteiger-helix-zelte","status":"publish","type":"product","link":"https:\/\/www.huntersfriend.eu\/de\/produkt\/alps-bergsteiger-helix-zelte\/","title":{"rendered":"Alps Bergsteiger Helix Zelte"},"content":{"rendered":"<p>Das Helix Zelt ist perfekt f\u00fcr jede Nacht auf dem Trail. Das ultraleichte 20D Ripstop-Nylon-\u00dcberzelt und der Boden bieten ein Gleichgewicht zwischen Strapazierf\u00e4higkeit und Gewicht und gew\u00e4hrleisten gleichzeitig eine hervorragende Wasserdichtigkeit, damit Sie auch bei nassesten Bedingungen trocken bleiben. Das einzigartige Drei-Stangen-Design bietet zus\u00e4tzliche Kopffreiheit, um aufrecht zu sitzen, ohne sich eingeengt zu f\u00fchlen. Das \u00dcberzelt wird mit robuster und leichter Aluminiumhardware am Zelt befestigt und bietet eine starke Verbindung, um sicherzustellen, dass das \u00dcberzelt immer straff sitzt. Mit ausgezeichneter Bel\u00fcftung, ultraleichten Materialien und stabilen Aluminiumstangen ist das Helix f\u00fcr jedes Abenteuer ger\u00fcstet.    <\/p>\n<div class=\"list-heading\">Zeltmerkmale<\/div>\n<ul>\n<li>Freistehendes 3-Stangen-Gestell mit 7000er-Serie Aluminiumstangen<\/li>\n<li>Einfache Montage mit leichter Aluminiumhardware und Stangenclips, die schnell \u00fcber die Zeltstangen einrasten<\/li>\n<li>20D 380T Nylon-Ripstop-\u00dcberzelt mit 2000 mm Silikon\/PU-Beschichtung widersteht UV-Sch\u00e4den und bleibt straff<\/li>\n<li>20D 380T Nylon-Ripstop-Boden mit 3000 mm Silikon\/PU-Beschichtung<\/li>\n<li>Werkseitig versiegelte \u00dcberzelt- und Bodenn\u00e4hte bieten besten Wetterschutz<\/li>\n<li>Vollst\u00e4ndig abdeckendes \u00dcberzelt bietet maximalen Schutz<\/li>\n<li>Zus\u00e4tzliche Abspannleinen am \u00dcberzelt stabilisieren das Zelt bei schlechtem Wetter<\/li>\n<li>Apsis f\u00fcr die Aufbewahrung von Ausr\u00fcstung und zus\u00e4tzlichen Wetterschutz<\/li>\n<li>Wetterfestes \u00dcberzelt an den Ecken befestigt f\u00fcr maximale Einstellbarkeit und Schutz<\/li>\n<li>Vollst\u00e4ndige Mesh-W\u00e4nde sorgen f\u00fcr erh\u00f6hte Bel\u00fcftung<\/li>\n<li>Mesh-Aufbewahrungstaschen, 7075 Aluminiumheringe und Abspannseile enthalten<\/li>\n<\/ul>\n<table>\n<tbody>\n<tr>\n<th colspan=\"2\" scope=\"col\">Helix 1 Zelt<\/th>\n<\/tr>\n<tr>\n<th scope=\"row\">Grundfl\u00e4che<\/th>\n<td>7&#8242; L x 2&#8217;11&#8220; B<\/td>\n<\/tr>\n<tr>\n<th scope=\"row\">Mittelh\u00f6he<\/th>\n<td>3&#8217;1&#8243;<\/td>\n<\/tr>\n<tr>\n<th scope=\"row\">Apsis Tiefe<\/th>\n<td>1&#8217;11&#8220;<\/td>\n<\/tr>\n<tr>\n<th scope=\"row\">Zeltfl\u00e4che<\/th>\n<td>20 ft\u00b2<\/td>\n<\/tr>\n<tr>\n<th scope=\"row\">Apsis Fl\u00e4che<\/th>\n<td>8 ft\u00b2<\/td>\n<\/tr>\n<tr>\n<th scope=\"row\">Minimalgewicht<\/th>\n<td>2 lbs. 14 oz. <\/td>\n<\/tr>\n<tr>\n<th scope=\"row\">Gesamtgewicht<\/th>\n<td>3 lbs. 3 oz. <\/td>\n<\/tr>\n<tr>\n<th scope=\"row\">Packma\u00df<\/th>\n<td>1&#8217;5 \u201eL x 5\u201c T<\/td>\n<\/tr>\n<tr>\n<th scope=\"row\">Stangendurchmesser<\/th>\n<td>8.5mm AL<\/td>\n<\/tr>\n<\/tbody>\n<\/table>\n<p>&nbsp;<\/p>\n<table>\n<tbody>\n<tr>\n<th colspan=\"2\" scope=\"col\">Helix 2 Zelt<\/th>\n<\/tr>\n<tr>\n<th scope=\"row\">Grundfl\u00e4che<\/th>\n<td>7&#8242; L x 4&#8217;6&#8243; B<\/td>\n<\/tr>\n<tr>\n<th scope=\"row\">Mittelh\u00f6he<\/th>\n<td>3&#8217;5&#8243;<\/td>\n<\/tr>\n<tr>\n<th scope=\"row\">Apsis Tiefe<\/th>\n<td>2&#8217;3&#8243;<\/td>\n<\/tr>\n<tr>\n<th scope=\"row\">Zeltfl\u00e4che<\/th>\n<td>31.5 ft\u00b2<\/td>\n<\/tr>\n<tr>\n<th scope=\"row\">Apsis Fl\u00e4che<\/th>\n<td>16 ft\u00b2<\/td>\n<\/tr>\n<tr>\n<th scope=\"row\">Minimalgewicht<\/th>\n<td>3 lbs. 12 oz. <\/td>\n<\/tr>\n<tr>\n<th scope=\"row\">Gesamtgewicht<\/th>\n<td>4 lbs. 2 oz. <\/td>\n<\/tr>\n<tr>\n<th scope=\"row\">Packma\u00df<\/th>\n<td>1&#8217;6 \u201eL x 6\u201c T<\/td>\n<\/tr>\n<tr>\n<th scope=\"row\">Stangendurchmesser<\/th>\n<td>8.5mm AL<\/td>\n<\/tr>\n<\/tbody>\n<\/table>\n","protected":false},"excerpt":{"rendered":"<p>Das Helix Zelt ist perfekt f\u00fcr jede Nacht auf dem Trail. Das ultraleichte 20D Ripstop-Nylon-\u00dcberzelt und der Boden bieten ein Gleichgewicht zwischen Strapazierf\u00e4higkeit und Gewicht und gew\u00e4hrleisten gleichzeitig eine hervorragende Wasserdichtigkeit, damit Sie auch bei nassesten Bedingungen trocken bleiben. Das einzigartige Drei-Stangen-Design bietet zus\u00e4tzliche Kopffreiheit, um aufrecht zu sitzen, ohne sich eingeengt zu f\u00fchlen. Das [&#8230;]\n","protected":false},"featured_media":283791,"comment_status":"open","ping_status":"closed","template":"","meta":[],"product_brand":[],"product_cat":[2114],"product_tag":[],"class_list":{"0":"post-284020","1":"product","2":"type-product","3":"status-publish","4":"has-post-thumbnail","6":"product_cat-zelte","8":"first","9":"instock","10":"taxable","11":"shipping-taxable","12":"purchasable","13":"product-type-variable"},"composite_virtual":false,"composite_layout":"","composite_add_to_cart_form_location":"","composite_editable_in_cart":false,"composite_sold_individually_context":"","composite_shop_price_calc":"","composite_components":[],"composite_scenarios":[],"group_of_quantity":0,"min_quantity":0,"max_quantity":"","exclude_order_quantity_value_rules":"no","exclude_category_quantity_rules":"no","combine_variations":"no","exclude_global_add_ons":[],"addons":[],"_links":{"self":[{"href":"https:\/\/www.huntersfriend.eu\/de\/wp-json\/wp\/v2\/product\/284020","targetHints":{"allow":["GET"]}}],"collection":[{"href":"https:\/\/www.huntersfriend.eu\/de\/wp-json\/wp\/v2\/product"}],"about":[{"href":"https:\/\/www.huntersfriend.eu\/de\/wp-json\/wp\/v2\/types\/product"}],"replies":[{"embeddable":true,"href":"https:\/\/www.huntersfriend.eu\/de\/wp-json\/wp\/v2\/comments?post=284020"}],"wp:featuredmedia":[{"embeddable":true,"href":"https:\/\/www.huntersfriend.eu\/de\/wp-json\/wp\/v2\/media\/283791"}],"wp:attachment":[{"href":"https:\/\/www.huntersfriend.eu\/de\/wp-json\/wp\/v2\/media?parent=284020"}],"wp:term":[{"taxonomy":"product_brand","embeddable":true,"href":"https:\/\/www.huntersfriend.eu\/de\/wp-json\/wp\/v2\/product_brand?post=284020"},{"taxonomy":"product_cat","embeddable":true,"href":"https:\/\/www.huntersfriend.eu\/de\/wp-json\/wp\/v2\/product_cat?post=284020"},{"taxonomy":"product_tag","embeddable":true,"href":"https:\/\/www.huntersfriend.eu\/de\/wp-json\/wp\/v2\/product_tag?post=284020"}],"curies":[{"name":"wp","href":"https:\/\/api.w.org\/{rel}","templated":true}]}}