{"id":283738,"date":"2025-06-19T00:40:00","date_gmt":"2025-06-18T22:40:00","guid":{"rendered":"https:\/\/www.huntersfriend.eu\/product\/armytek-wizard-v4-c2-pro-usb-sand\/"},"modified":"2026-03-18T22:00:30","modified_gmt":"2026-03-18T20:00:30","slug":"armytek-wizard-v4-c2-pro-usb-sand","status":"publish","type":"product","link":"https:\/\/www.huntersfriend.eu\/de\/produkt\/armytek-wizard-v4-c2-pro-usb-sand\/","title":{"rendered":"Armytek Wizard v4 C2 Pro USB, Sand"},"content":{"rendered":"<h3 data-start=\"106\" data-end=\"194\"><strong data-start=\"110\" data-end=\"194\">Armytek Wizard C2 Pro Magnet USB \u2013 Mehrzweck-Taschenlampe f\u00fcr den professionellen Einsatz<\/strong><\/h3>\n<p data-start=\"196\" data-end=\"487\">Die <strong data-start=\"200\" data-end=\"236\">Armytek Wizard C2 Pro Magnet USB<\/strong> ist eine <strong data-start=\"242\" data-end=\"263\">erstklassige Stirnlampe<\/strong>, die <strong data-start=\"278\" data-end=\"307\">erstklassige Leistung<\/strong>, <strong data-start=\"309\" data-end=\"324\">Vielseitigkeit<\/strong> und <strong data-start=\"330\" data-end=\"351\">robuste Haltbarkeit<\/strong> vereint. Sie ist die perfekte Wahl f\u00fcr Profis und anspruchsvolle Hobbyanwender, die eine <strong data-start=\"435\" data-end=\"460\">zuverl\u00e4ssige Lichtquelle<\/strong> unter schwierigen Bedingungen ben\u00f6tigen. <\/p>\n<hr data-start=\"489\" data-end=\"492\">\n<h3 data-start=\"494\" data-end=\"521\"><strong data-start=\"498\" data-end=\"521\">Technische Merkmale:<\/strong><\/h3>\n<ul data-start=\"523\" data-end=\"1485\">\n<li data-start=\"523\" data-end=\"658\">\n<p data-start=\"525\" data-end=\"658\"><strong data-start=\"525\" data-end=\"558\">Helligkeit bis zu 2.500 Lumen<\/strong> \u2013 Ausgestattet mit der neuesten <strong data-start=\"586\" data-end=\"606\">Cree XHP50.2 LED<\/strong>, die einen <strong data-start=\"621\" data-end=\"655\">extrem hellen und gleichm\u00e4\u00dfigen Lichtstrahl<\/strong> liefert.<\/p>\n<\/li>\n<li data-start=\"659\" data-end=\"814\">\n<p data-start=\"661\" data-end=\"814\"><strong data-start=\"661\" data-end=\"702\">Laufzeit bis zu 200 Tage (Feuerfalter-Modus)<\/strong> \u2013 Lang anhaltende Leistung auf allen Helligkeitsstufen. Wird mit einem leistungsstarken <strong data-start=\"778\" data-end=\"811\">3500 mAh 18650 Li-Ion Akku<\/strong> geliefert. <\/p>\n<\/li>\n<li data-start=\"815\" data-end=\"939\">\n<p data-start=\"817\" data-end=\"939\"><strong data-start=\"817\" data-end=\"842\">Magnetisches USB-Laden<\/strong> \u2013 Schnelles und einfaches Aufladen ohne separates Ladeger\u00e4t. Vollst\u00e4ndige Aufladung in ca. <strong data-start=\"925\" data-end=\"936\">3 Stunden<\/strong>. <\/p>\n<\/li>\n<li data-start=\"940\" data-end=\"1056\">\n<p data-start=\"942\" data-end=\"1056\"><strong data-start=\"942\" data-end=\"983\">11 Helligkeitsstufen + 3 Stroboskop-Modi<\/strong> \u2013 Volle Kontrolle \u00fcber die Lichtleistung f\u00fcr verschiedene Aufgaben und Umgebungen.<\/p>\n<\/li>\n<li data-start=\"1057\" data-end=\"1212\">\n<p data-start=\"1059\" data-end=\"1212\"><strong data-start=\"1059\" data-end=\"1090\">Multifunktionales Montagesystem<\/strong> \u2013 Verwenden Sie es als <strong data-start=\"1105\" data-end=\"1117\">Stirnlampe<\/strong>, <strong data-start=\"1119\" data-end=\"1140\">Taschenlampe<\/strong> oder befestigen Sie es mit der <strong data-start=\"1182\" data-end=\"1209\">starken magnetischen Endkappe<\/strong> an Metalloberfl\u00e4chen.<\/p>\n<\/li>\n<li data-start=\"1213\" data-end=\"1369\">\n<p data-start=\"1215\" data-end=\"1369\"><strong data-start=\"1215\" data-end=\"1250\">Wasserdicht und sto\u00dffest<\/strong> \u2013 Schutzart <strong data-start=\"1259\" data-end=\"1267\">IP68<\/strong> (tauchf\u00e4hig bis zu 10 Meter), <strong data-start=\"1299\" data-end=\"1329\">sturzsicher bis zu 10 Meter<\/strong>, vollst\u00e4ndig gegen Staub und Wasser abgedichtet.<\/p>\n<\/li>\n<li data-start=\"1370\" data-end=\"1485\">\n<p data-start=\"1372\" data-end=\"1485\"><strong data-start=\"1372\" data-end=\"1400\">Handschuhfreundliche Bedienung<\/strong> \u2013 Der Knopf ist <strong data-start=\"1413\" data-end=\"1433\">optimal platziert<\/strong> f\u00fcr schnellen und zuverl\u00e4ssigen Zugriff, auch mit Handschuhen.<\/p>\n<\/li>\n<\/ul>\n<hr data-start=\"1487\" data-end=\"1490\">\n<h3 data-start=\"1492\" data-end=\"1510\"><strong data-start=\"1496\" data-end=\"1510\">Anwendungsf\u00e4lle:<\/strong><\/h3>\n<ul data-start=\"1512\" data-end=\"1709\">\n<li data-start=\"1512\" data-end=\"1558\">\n<p data-start=\"1514\" data-end=\"1558\"><strong data-start=\"1514\" data-end=\"1556\">Industriearbeiten und Baustellen<\/strong><\/p>\n<\/li>\n<li data-start=\"1559\" data-end=\"1600\">\n<p data-start=\"1561\" data-end=\"1600\"><strong data-start=\"1561\" data-end=\"1598\">Wartungs- und Rettungseins\u00e4tze<\/strong><\/p>\n<\/li>\n<li data-start=\"1601\" data-end=\"1628\">\n<p data-start=\"1603\" data-end=\"1628\"><strong data-start=\"1603\" data-end=\"1626\">Jagd und Fischerei<\/strong><\/p>\n<\/li>\n<li data-start=\"1629\" data-end=\"1676\">\n<p data-start=\"1631\" data-end=\"1676\"><strong data-start=\"1631\" data-end=\"1674\">Camping, Wandern und Outdoor-Abenteuer<\/strong><\/p>\n<\/li>\n<li data-start=\"1677\" data-end=\"1709\">\n<p data-start=\"1679\" data-end=\"1709\"><strong data-start=\"1679\" data-end=\"1709\">Elektro- und Reparaturarbeiten<\/strong><\/p>\n<\/li>\n<\/ul>\n<hr data-start=\"1711\" data-end=\"1714\">\n<h3 data-start=\"1716\" data-end=\"1757\"><strong data-start=\"1720\" data-end=\"1757\">Warum Armytek Wizard C2 Pro w\u00e4hlen?<\/strong><\/h3>\n<p data-start=\"1759\" data-end=\"1970\">Weil Sie eine Taschenlampe brauchen, der Sie <strong data-start=\"1797\" data-end=\"1823\">in jeder Situation vertrauen<\/strong> k\u00f6nnen. Ob auf einer Baustelle, in der Wildnis oder bei einem Notfall, die <strong data-start=\"1895\" data-end=\"1912\">Wizard C2 Pro<\/strong> bietet <strong data-start=\"1922\" data-end=\"1955\">Licht, Leistung und Flexibilit\u00e4t<\/strong> wie keine andere. <\/p>\n<hr data-start=\"1972\" data-end=\"1975\">\n<h3 data-start=\"1977\" data-end=\"2009\"><strong data-start=\"1981\" data-end=\"2009\">Im Lieferumfang enthalten:<\/strong><\/h3>\n<ul data-start=\"2011\" data-end=\"2195\">\n<li data-start=\"2011\" data-end=\"2051\">\n<p data-start=\"2013\" data-end=\"2051\"><strong data-start=\"2013\" data-end=\"2049\">Armytek Wizard C2 Pro Taschenlampe<\/strong><\/p>\n<\/li>\n<li data-start=\"2052\" data-end=\"2091\">\n<p data-start=\"2054\" data-end=\"2091\"><strong data-start=\"2054\" data-end=\"2089\">18650 Li-Ion Akku (3500 mAh)<\/strong><\/p>\n<\/li>\n<li data-start=\"2092\" data-end=\"2127\">\n<p data-start=\"2094\" data-end=\"2127\"><strong data-start=\"2094\" data-end=\"2125\">Magnetisches USB-Ladekabel<\/strong><\/p>\n<\/li>\n<li data-start=\"2128\" data-end=\"2155\">\n<p data-start=\"2130\" data-end=\"2155\"><strong data-start=\"2130\" data-end=\"2153\">Kopfband und Clip<\/strong><\/p>\n<\/li>\n<li data-start=\"2156\" data-end=\"2177\">\n<p data-start=\"2158\" data-end=\"2177\"><strong data-start=\"2158\" data-end=\"2175\">Ersatz-O-Ringe<\/strong><\/p>\n<\/li>\n<li data-start=\"2178\" data-end=\"2195\">\n<p data-start=\"2180\" data-end=\"2195\"><strong data-start=\"2180\" data-end=\"2195\">Benutzerhandbuch<\/strong><\/p>\n<\/li>\n<\/ul>\n","protected":false},"excerpt":{"rendered":"<p>Armytek Wizard C2 Pro Magnet USB \u2013 Mehrzweck-Taschenlampe f\u00fcr den professionellen Einsatz Die Armytek Wizard C2 Pro Magnet USB ist eine erstklassige Stirnlampe, die erstklassige Leistung, Vielseitigkeit und robuste Haltbarkeit vereint. Sie ist die perfekte Wahl f\u00fcr Profis und anspruchsvolle Hobbyanwender, die eine zuverl\u00e4ssige Lichtquelle unter schwierigen Bedingungen ben\u00f6tigen. Technische Merkmale: Helligkeit bis zu 2.500 [&#8230;]\n","protected":false},"featured_media":283638,"comment_status":"open","ping_status":"closed","template":"","meta":[],"product_brand":[],"product_cat":[1408],"product_tag":[],"class_list":{"0":"post-283738","1":"product","2":"type-product","3":"status-publish","4":"has-post-thumbnail","6":"product_cat-jagdlampen","8":"first","9":"instock","10":"taxable","11":"shipping-taxable","12":"purchasable","13":"product-type-simple"},"composite_virtual":false,"composite_layout":"","composite_add_to_cart_form_location":"","composite_editable_in_cart":false,"composite_sold_individually_context":"","composite_shop_price_calc":"","composite_components":[],"composite_scenarios":[],"group_of_quantity":0,"min_quantity":0,"max_quantity":"","exclude_order_quantity_value_rules":"no","exclude_category_quantity_rules":"no","combine_variations":"no","exclude_global_add_ons":[],"addons":[],"_links":{"self":[{"href":"https:\/\/www.huntersfriend.eu\/de\/wp-json\/wp\/v2\/product\/283738","targetHints":{"allow":["GET"]}}],"collection":[{"href":"https:\/\/www.huntersfriend.eu\/de\/wp-json\/wp\/v2\/product"}],"about":[{"href":"https:\/\/www.huntersfriend.eu\/de\/wp-json\/wp\/v2\/types\/product"}],"replies":[{"embeddable":true,"href":"https:\/\/www.huntersfriend.eu\/de\/wp-json\/wp\/v2\/comments?post=283738"}],"wp:featuredmedia":[{"embeddable":true,"href":"https:\/\/www.huntersfriend.eu\/de\/wp-json\/wp\/v2\/media\/283638"}],"wp:attachment":[{"href":"https:\/\/www.huntersfriend.eu\/de\/wp-json\/wp\/v2\/media?parent=283738"}],"wp:term":[{"taxonomy":"product_brand","embeddable":true,"href":"https:\/\/www.huntersfriend.eu\/de\/wp-json\/wp\/v2\/product_brand?post=283738"},{"taxonomy":"product_cat","embeddable":true,"href":"https:\/\/www.huntersfriend.eu\/de\/wp-json\/wp\/v2\/product_cat?post=283738"},{"taxonomy":"product_tag","embeddable":true,"href":"https:\/\/www.huntersfriend.eu\/de\/wp-json\/wp\/v2\/product_tag?post=283738"}],"curies":[{"name":"wp","href":"https:\/\/api.w.org\/{rel}","templated":true}]}}