{"id":283737,"date":"2025-06-19T00:39:59","date_gmt":"2025-07-30T10:56:59","guid":{"rendered":"https:\/\/www.huntersfriend.eu\/product\/alps-mountaineering-taurus-2-zelt\/"},"modified":"2025-07-30T12:56:59","modified_gmt":"2025-07-30T10:56:59","slug":"alps-mountaineering-taurus-2-zelt","status":"publish","type":"product","link":"https:\/\/www.huntersfriend.eu\/de\/produkt\/alps-mountaineering-taurus-2-zelt\/","title":{"rendered":"Alps Mountaineering Taurus 2 Zelt"},"content":{"rendered":"<p>Wenn Sie es leid sind, bei Ihren Campingausfl\u00fcgen durchn\u00e4sst zu werden oder immer wieder mit den Rei\u00dfverschl\u00fcssen Ihres Zeltes zu k\u00e4mpfen haben, wechseln Sie zu einem ALPS Mountaineering Zelt, auf das Sie sich verlassen k\u00f6nnen. Das Taurus ist ein einfaches, freistehendes 2-Stangen-Kuppelzelt, das mit 2 T\u00fcren und 2 Vorr\u00e4umen (einer \u00fcber jeder T\u00fcr) mit #8 Rei\u00dfverschl\u00fcssen ausgestattet ist, um den Ein- und Ausstieg aus dem Zelt problemlos zu gestalten. Die beiden T\u00fcren haben jeweils ein Netzfenster, das sich hervorragend zur Bel\u00fcftung eignet&#8230; und wenn es Zeit ist, das Au\u00dfenzelt anzubringen, m\u00fcssen Sie sich keine Sorgen machen, dass Sie Ihre frische Luft verlieren. Das Au\u00dfenzelt hat zus\u00e4tzliche Bel\u00fcftungs\u00f6ffnungen f\u00fcr eine kontinuierliche Bel\u00fcftung. ALPS-Zelte werden alle mit werkseitig versiegelten Zelt- und Bodenn\u00e4hten geliefert, um Ihnen den besten Wetterschutz zu bieten und Sie trocken zu halten. Wenn Sie an einem noch schwereren Oxford-Boden und #10 Rei\u00dfverschl\u00fcssen interessiert sind, k\u00f6nnen Sie sich jederzeit unsere <a href=\"https:\/\/alpsmountaineering.com\/tents\/outfitter.html\">Taurus Outfitter Serie<\/a> als eine weitere Option ansehen.     <\/p>\n<div class=\"list-heading\">Zeltmerkmale<\/div>\n<ul>\n<li>Freistehendes Zwei-Stangen-Design mit Fiberglasstangen<\/li>\n<li>Einfache Montage mit Stangenclips<\/li>\n<li>75D 185T Polyester-Au\u00dfenzelt mit 1500 mm Beschichtung widersteht UV-Sch\u00e4den und bleibt straff<\/li>\n<li>Werkseitig versiegelte Zelt- und Bodenn\u00e4hte bieten den besten Wetterschutz<\/li>\n<li>75D 185T Poly-Taft-Boden mit 2000 mm Beschichtung<\/li>\n<li>#8 Rei\u00dfverschl\u00fcsse an T\u00fcren und Vorr\u00e4umen<\/li>\n<li>Einfacher Einstieg und gute Bel\u00fcftung mit zwei T\u00fcren (beide mit Netzfenstern mit Rei\u00dfverschluss)<\/li>\n<li>Zwei Vorr\u00e4ume f\u00fcr die Aufbewahrung von Ausr\u00fcstung und zus\u00e4tzlichen Wetterschutz<\/li>\n<li>Wetterfeste Au\u00dfenzelt-Schnallen f\u00fcr maximale Einstellbarkeit und Schutz<\/li>\n<li>Netzpaneele und Pop-up-Bel\u00fcftungs\u00f6ffnungen sorgen f\u00fcr Bel\u00fcftung<\/li>\n<li>Netz-Aufbewahrungstaschen, Ausr\u00fcstungsablage, 7075 Aluminiumheringe und Abspannleinen enthalten<\/li>\n<\/ul>\n<table>\n<tbody>\n<tr>\n<th colspan=\"2\" scope=\"col\">Taurus 2 Zelt<\/th>\n<\/tr>\n<tr>\n<th scope=\"row\">Grundfl\u00e4che<\/th>\n<td>7&#8217;6&#8243; L x 5&#8242; B<\/td>\n<\/tr>\n<tr>\n<th scope=\"row\">Mittelh\u00f6he<\/th>\n<td>3&#8217;10&#8220;<\/td>\n<\/tr>\n<tr>\n<th scope=\"row\">Tiefe des Vorraums<\/th>\n<td>2&#8217;8&#8243;<\/td>\n<\/tr>\n<tr>\n<th scope=\"row\">Zeltfl\u00e4che<\/th>\n<td>37 ft\u00b2<\/td>\n<\/tr>\n<tr>\n<th scope=\"row\">Vorraumfl\u00e4che<\/th>\n<td>20 ft\u00b2<\/td>\n<\/tr>\n<tr>\n<th scope=\"row\">Gesamtgewicht<\/th>\n<td>7 lbs.<\/td>\n<\/tr>\n<tr>\n<th scope=\"row\">Verpackte Gr\u00f6\u00dfe<\/th>\n<td>1&#8217;8 \u201eL x 6\u201c D<\/td>\n<\/tr>\n<tr>\n<th scope=\"row\">Stangendurchmesser<\/th>\n<td>8.5mm FG<\/td>\n<\/tr>\n<\/tbody>\n<\/table>\n","protected":false},"excerpt":{"rendered":"<p>Wenn Sie es leid sind, bei Ihren Campingausfl\u00fcgen durchn\u00e4sst zu werden oder immer wieder mit den Rei\u00dfverschl\u00fcssen Ihres Zeltes zu k\u00e4mpfen haben, wechseln Sie zu einem ALPS Mountaineering Zelt, auf das Sie sich verlassen k\u00f6nnen. Das Taurus ist ein einfaches, freistehendes 2-Stangen-Kuppelzelt, das mit 2 T\u00fcren und 2 Vorr\u00e4umen (einer \u00fcber jeder T\u00fcr) mit #8 [&#8230;]\n","protected":false},"featured_media":283676,"comment_status":"open","ping_status":"closed","template":"","meta":[],"product_brand":[],"product_cat":[2114],"product_tag":[],"class_list":{"0":"post-283737","1":"product","2":"type-product","3":"status-publish","4":"has-post-thumbnail","6":"product_cat-zelte","8":"first","9":"instock","10":"taxable","11":"shipping-taxable","12":"purchasable","13":"product-type-simple"},"composite_virtual":false,"composite_layout":"","composite_add_to_cart_form_location":"","composite_editable_in_cart":false,"composite_sold_individually_context":"","composite_shop_price_calc":"","composite_components":[],"composite_scenarios":[],"group_of_quantity":0,"min_quantity":0,"max_quantity":"","exclude_order_quantity_value_rules":"no","exclude_category_quantity_rules":"no","combine_variations":"no","exclude_global_add_ons":[],"addons":[],"_links":{"self":[{"href":"https:\/\/www.huntersfriend.eu\/de\/wp-json\/wp\/v2\/product\/283737","targetHints":{"allow":["GET"]}}],"collection":[{"href":"https:\/\/www.huntersfriend.eu\/de\/wp-json\/wp\/v2\/product"}],"about":[{"href":"https:\/\/www.huntersfriend.eu\/de\/wp-json\/wp\/v2\/types\/product"}],"replies":[{"embeddable":true,"href":"https:\/\/www.huntersfriend.eu\/de\/wp-json\/wp\/v2\/comments?post=283737"}],"wp:featuredmedia":[{"embeddable":true,"href":"https:\/\/www.huntersfriend.eu\/de\/wp-json\/wp\/v2\/media\/283676"}],"wp:attachment":[{"href":"https:\/\/www.huntersfriend.eu\/de\/wp-json\/wp\/v2\/media?parent=283737"}],"wp:term":[{"taxonomy":"product_brand","embeddable":true,"href":"https:\/\/www.huntersfriend.eu\/de\/wp-json\/wp\/v2\/product_brand?post=283737"},{"taxonomy":"product_cat","embeddable":true,"href":"https:\/\/www.huntersfriend.eu\/de\/wp-json\/wp\/v2\/product_cat?post=283737"},{"taxonomy":"product_tag","embeddable":true,"href":"https:\/\/www.huntersfriend.eu\/de\/wp-json\/wp\/v2\/product_tag?post=283737"}],"curies":[{"name":"wp","href":"https:\/\/api.w.org\/{rel}","templated":true}]}}