{"id":283734,"date":"2025-07-30T12:46:53","date_gmt":"2025-07-30T10:56:17","guid":{"rendered":"https:\/\/www.huntersfriend.eu\/product\/alpen-bergsteigen-taurus-outfitter-zelte\/"},"modified":"2025-08-01T05:14:26","modified_gmt":"2025-08-01T03:14:26","slug":"alpen-bergsteigen-taurus-outfitter-zelte","status":"publish","type":"product","link":"https:\/\/www.huntersfriend.eu\/de\/produkt\/alpen-bergsteigen-taurus-outfitter-zelte\/","title":{"rendered":"Alpen Bergsteigen Taurus Outfitter Zelte"},"content":{"rendered":"<p>Die Taurus Outfitter-Serie verf\u00fcgt \u00fcber 2 wichtige Verbesserungen: \u00fcbergro\u00dfe #10-T\u00fcrrei\u00dfverschl\u00fcsse und einen strapazierf\u00e4higen Poly-Oxford-Boden. Die #10-T\u00fcrrei\u00dfverschl\u00fcsse bieten Ihnen eine lebenslange, reibungslose Bedienung und der Oxford-Boden, der etwa doppelt so schwer ist wie normales Nylon-Bodenmaterial, erh\u00f6ht die Haltbarkeit Ihres Zeltes erheblich. F\u00fcr die Stangen verwenden wir eine Flugzeuglegierung der 7000er-Serie aus Aluminium, die stark und leicht ist. Die Montage ist denkbar einfach mit den Zeltclips, die einfach \u00fcber die Stangen einrasten. Das Polyester-\u00dcberzelt und der Oxford-Boden sind mit Urethan beschichtet und verf\u00fcgen \u00fcber werkseitig versiegelte N\u00e4hte f\u00fcr maximalen Wetterschutz. Die 2 T\u00fcren erleichtern das Ein- und Aussteigen aus dem Zelt erheblich, besonders mitten in der Nacht, wenn Sie eine kurze \u201ePause\u201c machen m\u00fcssen. Sie erhalten au\u00dferdem 2 Vorr\u00e4ume (einen \u00fcber jeder T\u00fcr), die Sie f\u00fcr zus\u00e4tzliche Ausr\u00fcstungslagerung nutzen k\u00f6nnen. Die Vorr\u00e4ume dienen auch als automatische Abspannpunkte, wenn das Wetter etwas ungem\u00fctlich wird. Das \u00dcberzelt wird mit Schnallen am Zelt befestigt, was im Vergleich zur elastischen Kordel eine viel sicherere Befestigung bietet. Mesh-Dachl\u00fcfter erh\u00f6hen die Bel\u00fcftung und verbessern die Sternenbeobachtung.         <\/p>\n<div class=\"list-heading\">Zeltmerkmale<\/div>\n<ul>\n<li>Freistehendes Zwei-Stangen-Design mit Aluminiumstangen der 7000er-Serie<\/li>\n<li>Einfache Montage mit Stangenclips, die schnell \u00fcber die Zeltstangen einrasten<\/li>\n<li>Das 75D 185T Polyester-\u00dcberzelt widersteht UV-Sch\u00e4den und bleibt straff (das \u00dcberzelt hat eine Bel\u00fcftung)<\/li>\n<li>Werkseitig versiegelte \u00dcberzelt- und Bodenn\u00e4hte bieten besten Wetterschutz<\/li>\n<li>210D 110T Poly-Oxford-Boden mit 1500 mm Beschichtung<\/li>\n<li>#10 Rei\u00dfverschl\u00fcsse an T\u00fcren und Vorr\u00e4umen<\/li>\n<li>Einfacher Einstieg und gute Bel\u00fcftung mit zwei T\u00fcren (beide mit Netzfenstern mit Rei\u00dfverschluss)<\/li>\n<li>Zwei Vorr\u00e4ume f\u00fcr Ausr\u00fcstungslagerung und zus\u00e4tzlichen Wetterschutz<\/li>\n<li>Das wetterfeste \u00dcberzelt wird f\u00fcr maximale Einstellbarkeit und Schutz angeschnallt<\/li>\n<li>Mesh-Eins\u00e4tze und Pop-up-Bel\u00fcftungs\u00f6ffnungen sorgen f\u00fcr Bel\u00fcftung<\/li>\n<li>Netz-Aufbewahrungstaschen, Gear Loft, 7075 Aluminiumheringe und Abspannleinen enthalten<\/li>\n<\/ul>\n<table>\n<tbody>\n<tr>\n<th colspan=\"2\" scope=\"col\">Taurus 2 Outfitter Zelt<\/th>\n<\/tr>\n<tr>\n<th scope=\"row\">Grundfl\u00e4che<\/th>\n<td>7&#8217;6&#8243; L x 5&#8242; W<\/td>\n<\/tr>\n<tr>\n<th scope=\"row\">Mittelh\u00f6he<\/th>\n<td>3&#8217;10&#8220;<\/td>\n<\/tr>\n<tr>\n<th scope=\"row\">Vorraumtiefe<\/th>\n<td>2&#8217;8&#8243;<\/td>\n<\/tr>\n<tr>\n<th scope=\"row\">Zeltfl\u00e4che<\/th>\n<td>37 ft\u00b2<\/td>\n<\/tr>\n<tr>\n<th scope=\"row\">Vorraumfl\u00e4che<\/th>\n<td>20 ft\u00b2<\/td>\n<\/tr>\n<tr>\n<th scope=\"row\">Gesamtgewicht<\/th>\n<td>7 lbs. 6 oz. <\/td>\n<\/tr>\n<tr>\n<th scope=\"row\">Verpackte Gr\u00f6\u00dfe<\/th>\n<td>1&#8217;8 \u201eL x 7\u201c D<\/td>\n<\/tr>\n<tr>\n<th scope=\"row\">Stangendurchmesser<\/th>\n<td>8.5mm AL<\/td>\n<\/tr>\n<\/tbody>\n<\/table>\n<p>&nbsp;<\/p>\n<table>\n<tbody>\n<tr>\n<th colspan=\"2\" scope=\"col\">Taurus 3-Personen-Outfitter-Zelt<\/th>\n<\/tr>\n<tr>\n<th scope=\"row\">Grundfl\u00e4che<\/th>\n<td>7&#8217;6 \u201eL x 6&#8217;6\u201c W<\/td>\n<\/tr>\n<tr>\n<th scope=\"row\">Mittelh\u00f6he<\/th>\n<td>4&#8217;4&#8243;<\/td>\n<\/tr>\n<tr>\n<th scope=\"row\">Vorraumtiefe<\/th>\n<td>2&#8217;8&#8243;<\/td>\n<\/tr>\n<tr>\n<th scope=\"row\">Zeltfl\u00e4che<\/th>\n<td>49 ft\u00b2<\/td>\n<\/tr>\n<tr>\n<th scope=\"row\">Vorraumfl\u00e4che<\/th>\n<td>22 ft\u00b2<\/td>\n<\/tr>\n<tr>\n<th scope=\"row\">Gesamtgewicht<\/th>\n<td>8 lbs. 12 oz. <\/td>\n<\/tr>\n<tr>\n<th scope=\"row\">Verpackte Gr\u00f6\u00dfe<\/th>\n<td>1&#8217;9 \u201eL x 6\u201c D<\/td>\n<\/tr>\n<tr>\n<th scope=\"row\">Stangendurchmesser<\/th>\n<td>9.5mm AL<\/td>\n<\/tr>\n<\/tbody>\n<\/table>\n","protected":false},"excerpt":{"rendered":"<p>Die Taurus Outfitter-Serie verf\u00fcgt \u00fcber 2 wichtige Verbesserungen: \u00fcbergro\u00dfe #10-T\u00fcrrei\u00dfverschl\u00fcsse und einen strapazierf\u00e4higen Poly-Oxford-Boden. Die #10-T\u00fcrrei\u00dfverschl\u00fcsse bieten Ihnen eine lebenslange, reibungslose Bedienung und der Oxford-Boden, der etwa doppelt so schwer ist wie normales Nylon-Bodenmaterial, erh\u00f6ht die Haltbarkeit Ihres Zeltes erheblich. F\u00fcr die Stangen verwenden wir eine Flugzeuglegierung der 7000er-Serie aus Aluminium, die stark und leicht [&#8230;]\n","protected":false},"featured_media":283699,"comment_status":"open","ping_status":"closed","template":"","meta":[],"product_brand":[],"product_cat":[2114],"product_tag":[],"class_list":{"0":"post-283734","1":"product","2":"type-product","3":"status-publish","4":"has-post-thumbnail","6":"product_cat-zelte","8":"first","9":"instock","10":"taxable","11":"shipping-taxable","12":"purchasable","13":"product-type-variable"},"composite_virtual":false,"composite_layout":"","composite_add_to_cart_form_location":"","composite_editable_in_cart":false,"composite_sold_individually_context":"","composite_shop_price_calc":"","composite_components":[],"composite_scenarios":[],"group_of_quantity":0,"min_quantity":0,"max_quantity":"","exclude_order_quantity_value_rules":"no","exclude_category_quantity_rules":"no","combine_variations":"no","exclude_global_add_ons":[],"addons":[],"_links":{"self":[{"href":"https:\/\/www.huntersfriend.eu\/de\/wp-json\/wp\/v2\/product\/283734","targetHints":{"allow":["GET"]}}],"collection":[{"href":"https:\/\/www.huntersfriend.eu\/de\/wp-json\/wp\/v2\/product"}],"about":[{"href":"https:\/\/www.huntersfriend.eu\/de\/wp-json\/wp\/v2\/types\/product"}],"replies":[{"embeddable":true,"href":"https:\/\/www.huntersfriend.eu\/de\/wp-json\/wp\/v2\/comments?post=283734"}],"wp:featuredmedia":[{"embeddable":true,"href":"https:\/\/www.huntersfriend.eu\/de\/wp-json\/wp\/v2\/media\/283699"}],"wp:attachment":[{"href":"https:\/\/www.huntersfriend.eu\/de\/wp-json\/wp\/v2\/media?parent=283734"}],"wp:term":[{"taxonomy":"product_brand","embeddable":true,"href":"https:\/\/www.huntersfriend.eu\/de\/wp-json\/wp\/v2\/product_brand?post=283734"},{"taxonomy":"product_cat","embeddable":true,"href":"https:\/\/www.huntersfriend.eu\/de\/wp-json\/wp\/v2\/product_cat?post=283734"},{"taxonomy":"product_tag","embeddable":true,"href":"https:\/\/www.huntersfriend.eu\/de\/wp-json\/wp\/v2\/product_tag?post=283734"}],"curies":[{"name":"wp","href":"https:\/\/api.w.org\/{rel}","templated":true}]}}