{"id":283635,"date":"2025-06-16T23:54:11","date_gmt":"2025-07-30T09:33:10","guid":{"rendered":"https:\/\/www.huntersfriend.eu\/product\/alps-outdoorz-hybrid-hunde-stand\/"},"modified":"2025-07-30T11:33:10","modified_gmt":"2025-07-30T09:33:10","slug":"alps-outdoorz-hybrid-hunde-stand","status":"publish","type":"product","link":"https:\/\/www.huntersfriend.eu\/de\/produkt\/alps-outdoorz-hybrid-hunde-stand\/","title":{"rendered":"Alps Outdoorz Hybrid Hunde-Stand"},"content":{"rendered":"<p>Der Hybrid Dog Stand, der zwei Hundest\u00e4nde in einem vereint, ist einzigartig auf dem Markt. Er kann in \u00fcberfluteten Gebieten in \u00fcber 75 cm tiefem Wasser an einem Baum befestigt oder in trockenen oder \u00fcberfluteten Feldern f\u00fcr die Jagd oder das Training verwendet werden. Die integrierte Hypalon-Plattform behebt ein l\u00e4stiges Problem aller Hundest\u00e4nde: den Mangel an Traktion bei N\u00e4sse. Dieses rutschfeste und nahezu unzerst\u00f6rbare Material sorgt daf\u00fcr, dass Ihr Hund beim Starten oder Aufsteigen auf den Hybrid Dog Stand bei nassen oder frostigen Bedingungen trittsicher bleibt. Unterhalb des Hypalon befindet sich unser strapazierf\u00e4higes TechMesh-Material, das Wasser von Ihrem Hund ableitet. Hunde scheinen immer einen Weg zu finden, sich an spitzen oder scharfkantigen Gegenst\u00e4nden zu verletzen, deshalb haben wir eine strapazierf\u00e4hige und praktische Sicherheitskappe f\u00fcr die Baumstollen entwickelt und angebracht, die immer dann zum Einsatz kommt, wenn es die Situation erfordert.     <\/p>\n<p>F\u00fcr den vielseitigsten Hundestand auf dem Markt haben wir mit robusten, zusammengeschwei\u00dften 4 Baumstollen, hochbelastbaren, angeschwei\u00dften D-Ringen und einem 137&#8243;-Ratschengurt mit Torklips, der um einen Baum mit 45&#8243; Durchmesser oder 142&#8243; Umfang befestigt werden kann, \u00fcbertrieben. Eines der gr\u00f6\u00dften Probleme bei Hundest\u00e4nden im Holz ist ihre mangelnde Stabilit\u00e4t. Befestigen Sie den Hybrid Dog Stand an einem Baum und schieben Sie die Vorderbeine in den Boden, um eine felsenfeste Stabilit\u00e4t zu gew\u00e4hrleisten und die Sicherheit Ihres Hundes zu maximieren.  <\/p>\n<ul>\n<li>Holz, Feld oder Training. Dies ist ein echter Hybrid-Hundestand <\/li>\n<li>Hochbelastbare, geschwei\u00dfte Baumstollen, geschwei\u00dfte D-Ringe und ein Ratschengurt mit Torklippsen sorgen daf\u00fcr, dass dieser Hundestand felsenfeste an jedem Baum mit bis zu 42 \u201eDurchmesser oder 130\u201c Umfang befestigt werden kann<\/li>\n<li>Rutschfestes und \u00e4u\u00dferst strapazierf\u00e4higes Hypalon, das auf die TechMesh-Plattform gen\u00e4ht ist, hilft Ihrem Hund, auch bei N\u00e4sse und Frost die Traktion zu behalten<\/li>\n<li>Die praktische und abnehmbare Sicherheitskappe f\u00fcr die Baumstollen verhindert Unf\u00e4lle, wenn sie nicht an einem Baum befestigt sind<\/li>\n<li>Strapazierf\u00e4higes, pulverbeschichtetes Aluminiumgestell und verl\u00e4ngerte Keilf\u00fc\u00dfe f\u00fcr zus\u00e4tzlichen Halt in tieferem Schlamm<\/li>\n<li>Der Rahmen l\u00e4sst sich mit einem einfach zu bedienenden Scharniersystem flach verstauen<\/li>\n<li>Schultertrage- und Haltegriff<\/li>\n<\/ul>\n<table>\n<tbody>\n<tr>\n<th scope=\"row\">Plattformabmessungen<\/th>\n<td>26 \u201eL x 24\u201c B<\/td>\n<\/tr>\n<tr>\n<th scope=\"row\">H\u00f6he<\/th>\n<td>22 \u201e- 36\u201c<\/td>\n<\/tr>\n<tr>\n<th scope=\"row\">Abmessungen zusammengeklappt<\/th>\n<td>30,5&#8243; L x 2,5&#8243; B x 24,25&#8243; H<\/td>\n<\/tr>\n<tr>\n<th scope=\"row\">Gewicht<\/th>\n<td>10 lbs. 3 oz. <\/td>\n<\/tr>\n<\/tbody>\n<\/table>\n","protected":false},"excerpt":{"rendered":"<p>Der Hybrid Dog Stand, der zwei Hundest\u00e4nde in einem vereint, ist einzigartig auf dem Markt. Er kann in \u00fcberfluteten Gebieten in \u00fcber 75 cm tiefem Wasser an einem Baum befestigt oder in trockenen oder \u00fcberfluteten Feldern f\u00fcr die Jagd oder das Training verwendet werden. Die integrierte Hypalon-Plattform behebt ein l\u00e4stiges Problem aller Hundest\u00e4nde: den Mangel [&#8230;]\n","protected":false},"featured_media":283002,"comment_status":"open","ping_status":"closed","template":"","meta":[],"product_brand":[],"product_cat":[1364,1389,1171],"product_tag":[],"class_list":{"0":"post-283635","1":"product","2":"type-product","3":"status-publish","4":"has-post-thumbnail","6":"product_cat-blind-sitz","7":"product_cat-tarnschirme-fur-hunde","8":"product_cat-sitz-und-schirm-zubehoer","10":"first","11":"instock","12":"taxable","13":"shipping-taxable","14":"purchasable","15":"product-type-simple"},"composite_virtual":false,"composite_layout":"","composite_add_to_cart_form_location":"","composite_editable_in_cart":false,"composite_sold_individually_context":"","composite_shop_price_calc":"","composite_components":[],"composite_scenarios":[],"group_of_quantity":0,"min_quantity":0,"max_quantity":"","exclude_order_quantity_value_rules":"no","exclude_category_quantity_rules":"no","combine_variations":"no","exclude_global_add_ons":[],"addons":[],"_links":{"self":[{"href":"https:\/\/www.huntersfriend.eu\/de\/wp-json\/wp\/v2\/product\/283635","targetHints":{"allow":["GET"]}}],"collection":[{"href":"https:\/\/www.huntersfriend.eu\/de\/wp-json\/wp\/v2\/product"}],"about":[{"href":"https:\/\/www.huntersfriend.eu\/de\/wp-json\/wp\/v2\/types\/product"}],"replies":[{"embeddable":true,"href":"https:\/\/www.huntersfriend.eu\/de\/wp-json\/wp\/v2\/comments?post=283635"}],"wp:featuredmedia":[{"embeddable":true,"href":"https:\/\/www.huntersfriend.eu\/de\/wp-json\/wp\/v2\/media\/283002"}],"wp:attachment":[{"href":"https:\/\/www.huntersfriend.eu\/de\/wp-json\/wp\/v2\/media?parent=283635"}],"wp:term":[{"taxonomy":"product_brand","embeddable":true,"href":"https:\/\/www.huntersfriend.eu\/de\/wp-json\/wp\/v2\/product_brand?post=283635"},{"taxonomy":"product_cat","embeddable":true,"href":"https:\/\/www.huntersfriend.eu\/de\/wp-json\/wp\/v2\/product_cat?post=283635"},{"taxonomy":"product_tag","embeddable":true,"href":"https:\/\/www.huntersfriend.eu\/de\/wp-json\/wp\/v2\/product_tag?post=283635"}],"curies":[{"name":"wp","href":"https:\/\/api.w.org\/{rel}","templated":true}]}}