{"id":283634,"date":"2025-06-16T23:54:12","date_gmt":"2025-07-30T09:33:08","guid":{"rendered":"https:\/\/www.huntersfriend.eu\/product\/alps-outdoorz-schwimmender-flintenkoffer\/"},"modified":"2025-09-10T07:21:03","modified_gmt":"2025-09-10T05:21:03","slug":"alps-outdoorz-schwimmender-flintenkoffer","status":"publish","type":"product","link":"https:\/\/www.huntersfriend.eu\/de\/produkt\/alps-outdoorz-schwimmender-flintenkoffer\/","title":{"rendered":"Alps Outdoorz Schwimmender Flintenkoffer"},"content":{"rendered":"<p>Der schwimmende Flintenkoffer wird aus hochdichtem, geschlossenzelligem Schwimmschaumstoff hergestellt und transportiert Ihre Schusswaffe sicher zum Einsatzort. Eine Seitentasche enth\u00e4lt Choke-Tube-\/Patronenhalter und eine Rei\u00dfverschlusstasche f\u00fcr kleineres Zubeh\u00f6r. Die verl\u00e4ngerte L\u00e4nge des schwimmenden Flintenkoffers bietet Platz f\u00fcr 28-Zoll-L\u00e4ufe mit verl\u00e4ngerten Chokes. Der Koffer verf\u00fcgt au\u00dferdem \u00fcber einen gepolsterten Schultergurt und einen Tragegriff. Die Umschlag\u00f6ffnung mit Klettverschluss sorgt daf\u00fcr, dass kein Wasser in den Koffer eindringt. Ein D-Ring-Clip am Laufende ist zum Aufh\u00e4ngen enthalten.     <\/p>\n<ul>\n<li>Hochdichter, geschlossenzelliger Schwimmschaumstoff<\/li>\n<li>Seitentasche mit Choke-Tube-\/Patronenhaltern und Rei\u00dfverschlusstasche<\/li>\n<li>Verl\u00e4ngerte L\u00e4nge bietet Platz f\u00fcr 28-Zoll-L\u00e4ufe mit verl\u00e4ngerten Chokes<\/li>\n<li>Gepolsterter Schultergurt und Tragegriff<\/li>\n<li>Umschlag mit Klettverschluss<\/li>\n<li>D-Ring-Clip am Laufende zum Aufh\u00e4ngen<\/li>\n<\/ul>\n<table>\n<tbody>\n<tr>\n<th scope=\"row\">Gr\u00f6\u00dfe<\/th>\n<td>59 \u201eL x 9\u201c B<\/td>\n<td>Gewicht<\/td>\n<td>1 lb. 10 oz <\/td>\n<\/tr>\n<\/tbody>\n<\/table>\n","protected":false},"excerpt":{"rendered":"<p>Der schwimmende Flintenkoffer wird aus hochdichtem, geschlossenzelligem Schwimmschaumstoff hergestellt und transportiert Ihre Schusswaffe sicher zum Einsatzort. Eine Seitentasche enth\u00e4lt Choke-Tube-\/Patronenhalter und eine Rei\u00dfverschlusstasche f\u00fcr kleineres Zubeh\u00f6r. Die verl\u00e4ngerte L\u00e4nge des schwimmenden Flintenkoffers bietet Platz f\u00fcr 28-Zoll-L\u00e4ufe mit verl\u00e4ngerten Chokes. Der Koffer verf\u00fcgt au\u00dferdem \u00fcber einen gepolsterten Schultergurt und einen Tragegriff. Die Umschlag\u00f6ffnung mit Klettverschluss sorgt [&#8230;]\n","protected":false},"featured_media":283026,"comment_status":"open","ping_status":"closed","template":"","meta":[],"product_brand":[],"product_cat":[1420],"product_tag":[],"class_list":{"0":"post-283634","1":"product","2":"type-product","3":"status-publish","4":"has-post-thumbnail","6":"product_cat-futterale","8":"first","9":"instock","10":"taxable","11":"shipping-taxable","12":"purchasable","13":"product-type-simple"},"composite_virtual":false,"composite_layout":"","composite_add_to_cart_form_location":"","composite_editable_in_cart":false,"composite_sold_individually_context":"","composite_shop_price_calc":"","composite_components":[],"composite_scenarios":[],"group_of_quantity":0,"min_quantity":0,"max_quantity":"","exclude_order_quantity_value_rules":"no","exclude_category_quantity_rules":"no","combine_variations":"no","exclude_global_add_ons":[],"addons":[],"_links":{"self":[{"href":"https:\/\/www.huntersfriend.eu\/de\/wp-json\/wp\/v2\/product\/283634","targetHints":{"allow":["GET"]}}],"collection":[{"href":"https:\/\/www.huntersfriend.eu\/de\/wp-json\/wp\/v2\/product"}],"about":[{"href":"https:\/\/www.huntersfriend.eu\/de\/wp-json\/wp\/v2\/types\/product"}],"replies":[{"embeddable":true,"href":"https:\/\/www.huntersfriend.eu\/de\/wp-json\/wp\/v2\/comments?post=283634"}],"wp:featuredmedia":[{"embeddable":true,"href":"https:\/\/www.huntersfriend.eu\/de\/wp-json\/wp\/v2\/media\/283026"}],"wp:attachment":[{"href":"https:\/\/www.huntersfriend.eu\/de\/wp-json\/wp\/v2\/media?parent=283634"}],"wp:term":[{"taxonomy":"product_brand","embeddable":true,"href":"https:\/\/www.huntersfriend.eu\/de\/wp-json\/wp\/v2\/product_brand?post=283634"},{"taxonomy":"product_cat","embeddable":true,"href":"https:\/\/www.huntersfriend.eu\/de\/wp-json\/wp\/v2\/product_cat?post=283634"},{"taxonomy":"product_tag","embeddable":true,"href":"https:\/\/www.huntersfriend.eu\/de\/wp-json\/wp\/v2\/product_tag?post=283634"}],"curies":[{"name":"wp","href":"https:\/\/api.w.org\/{rel}","templated":true}]}}