{"id":283633,"date":"2025-06-16T23:54:12","date_gmt":"2025-07-30T09:33:07","guid":{"rendered":"https:\/\/www.huntersfriend.eu\/product\/alps-outdoorz-wathose-tasche\/"},"modified":"2025-09-17T13:10:57","modified_gmt":"2025-09-17T11:10:57","slug":"alps-outdoorz-wathose-tasche","status":"publish","type":"product","link":"https:\/\/www.huntersfriend.eu\/de\/produkt\/alps-outdoorz-wathose-tasche\/","title":{"rendered":"Alps Outdoorz Wathose-Tasche"},"content":{"rendered":"<p>Perfekt, wenn Ihre Wathosen durchn\u00e4sst und schlammig sind und Sie das Innere Ihres Trucks nicht auch so aussehen lassen m\u00f6chten. Die Wathose-Tasche verf\u00fcgt \u00fcber eine ausziehbare Matte und eine herausnehmbare, wasserdichte Auskleidung. Ein gepolsterter Schultergurt und ein Tragegriff sind in das Design integriert, um das Tragen Ihrer nassen, schweren Wathosen zum Kinderspiel zu machen. Die Oberseite ist sogar ausgestellt, um mehr Stauraum und zus\u00e4tzliche Kapazit\u00e4t zu erm\u00f6glichen.   <\/p>\n<p>\u2022 Ausziehbare Matte<\/p>\n<p>\u2022 Herausnehmbare, wasserdichte\/schlammdichte Auskleidung<\/p>\n<p>\u2022 Gepolsterter Schultergurt und Tragegriff<\/p>\n<table border=\"3\">\n<tbody>\n<tr align=\"CENTER\">\n<td><b>Abmessungen<\/b><\/td>\n<td>44,5 cm H x 40,6 cm B x 30,5 cm T<\/td>\n<\/tr>\n<tr align=\"CENTER\">\n<td><b>Gewicht<\/b><\/td>\n<td>1,6 kg <\/td>\n<\/tr>\n<\/tbody>\n<\/table>\n","protected":false},"excerpt":{"rendered":"<p>Perfekt, wenn Ihre Wathosen durchn\u00e4sst und schlammig sind und Sie das Innere Ihres Trucks nicht auch so aussehen lassen m\u00f6chten. Die Wathose-Tasche verf\u00fcgt \u00fcber eine ausziehbare Matte und eine herausnehmbare, wasserdichte Auskleidung. Ein gepolsterter Schultergurt und ein Tragegriff sind in das Design integriert, um das Tragen Ihrer nassen, schweren Wathosen zum Kinderspiel zu machen. Die [&#8230;]\n","protected":false},"featured_media":283008,"comment_status":"open","ping_status":"closed","template":"","meta":[],"product_brand":[],"product_cat":[1774],"product_tag":[],"class_list":{"0":"post-283633","1":"product","2":"type-product","3":"status-publish","4":"has-post-thumbnail","6":"product_cat-jagd-rucksacke","8":"first","9":"instock","10":"taxable","11":"shipping-taxable","12":"purchasable","13":"product-type-simple"},"composite_virtual":false,"composite_layout":"","composite_add_to_cart_form_location":"","composite_editable_in_cart":false,"composite_sold_individually_context":"","composite_shop_price_calc":"","composite_components":[],"composite_scenarios":[],"group_of_quantity":0,"min_quantity":0,"max_quantity":"","exclude_order_quantity_value_rules":"no","exclude_category_quantity_rules":"no","combine_variations":"no","exclude_global_add_ons":[],"addons":[],"_links":{"self":[{"href":"https:\/\/www.huntersfriend.eu\/de\/wp-json\/wp\/v2\/product\/283633","targetHints":{"allow":["GET"]}}],"collection":[{"href":"https:\/\/www.huntersfriend.eu\/de\/wp-json\/wp\/v2\/product"}],"about":[{"href":"https:\/\/www.huntersfriend.eu\/de\/wp-json\/wp\/v2\/types\/product"}],"replies":[{"embeddable":true,"href":"https:\/\/www.huntersfriend.eu\/de\/wp-json\/wp\/v2\/comments?post=283633"}],"wp:featuredmedia":[{"embeddable":true,"href":"https:\/\/www.huntersfriend.eu\/de\/wp-json\/wp\/v2\/media\/283008"}],"wp:attachment":[{"href":"https:\/\/www.huntersfriend.eu\/de\/wp-json\/wp\/v2\/media?parent=283633"}],"wp:term":[{"taxonomy":"product_brand","embeddable":true,"href":"https:\/\/www.huntersfriend.eu\/de\/wp-json\/wp\/v2\/product_brand?post=283633"},{"taxonomy":"product_cat","embeddable":true,"href":"https:\/\/www.huntersfriend.eu\/de\/wp-json\/wp\/v2\/product_cat?post=283633"},{"taxonomy":"product_tag","embeddable":true,"href":"https:\/\/www.huntersfriend.eu\/de\/wp-json\/wp\/v2\/product_tag?post=283633"}],"curies":[{"name":"wp","href":"https:\/\/api.w.org\/{rel}","templated":true}]}}