{"id":283632,"date":"2025-06-19T00:40:00","date_gmt":"2025-07-30T09:31:08","guid":{"rendered":"https:\/\/www.huntersfriend.eu\/product\/armytek-armytek-elf-c1-usb-c-weiss\/"},"modified":"2026-02-25T10:38:00","modified_gmt":"2026-02-25T08:38:00","slug":"armytek-armytek-elf-c1-usb-c-weiss","status":"publish","type":"product","link":"https:\/\/www.huntersfriend.eu\/de\/produkt\/armytek-armytek-elf-c1-usb-c-weiss\/","title":{"rendered":"Armytek armytek elf C1 USB-C Wei\u00df"},"content":{"rendered":"<h3 data-start=\"99\" data-end=\"195\"><strong data-start=\"103\" data-end=\"195\">Armytek elf C1 Magnet USB \u2013 kompakte und leistungsstarke multifunktionale Leuchte f\u00fcr den t\u00e4glichen Gebrauch<\/strong><\/h3>\n<p data-start=\"197\" data-end=\"546\">Die <strong data-start=\"201\" data-end=\"219\">Armytek Elf C1<\/strong> ist eine leichte, aber leistungsstarke USB-aufladbare Stirnlampe und Mehrzweck-Taschenlampe. Sie bietet <strong data-start=\"324\" data-end=\"349\">zuverl\u00e4ssige Beleuchtung<\/strong> sowohl f\u00fcr allt\u00e4gliche Aufgaben als auch f\u00fcr anspruchsvolle Bedingungen. Trotz ihrer geringen Gr\u00f6\u00dfe liefert sie <strong data-start=\"438\" data-end=\"460\">bis zu 1.100 Lumen<\/strong> maximale Leistung und verf\u00fcgt \u00fcber mehrere Beleuchtungsmodi sowie eine ausgezeichnete Akkulaufzeit.  <\/p>\n<hr data-start=\"548\" data-end=\"551\">\n<h3 data-start=\"553\" data-end=\"580\"><strong data-start=\"557\" data-end=\"580\">Technische Merkmale:<\/strong><\/h3>\n<ul data-start=\"582\" data-end=\"1475\">\n<li data-start=\"582\" data-end=\"736\">\n<p data-start=\"584\" data-end=\"736\"><strong data-start=\"584\" data-end=\"620\">Bis zu 1.100 Lumen Helligkeit<\/strong> \u2013 Die hochwertige <strong data-start=\"636\" data-end=\"658\">Samsung LH351D LED<\/strong> liefert ein breites, nat\u00fcrliches Strahlmuster, ideal f\u00fcr Arbeiten im Nahbereich und f\u00fcr Bewegungen.<\/p>\n<\/li>\n<li data-start=\"737\" data-end=\"885\">\n<p data-start=\"739\" data-end=\"885\"><strong data-start=\"739\" data-end=\"782\">Bis zu 60 Tage Laufzeit (Firefly-Modus)<\/strong> \u2013 Enth\u00e4lt einen <strong data-start=\"796\" data-end=\"828\">900 mAh 18350 Li-Ion Akku<\/strong>, der eine beeindruckende Leistung in einem kompakten Geh\u00e4use bietet.<\/p>\n<\/li>\n<li data-start=\"886\" data-end=\"990\">\n<p data-start=\"888\" data-end=\"990\"><strong data-start=\"888\" data-end=\"913\">Magnetisches USB-Laden<\/strong> \u2013 Einfaches Aufladen ohne Entnahme des Akkus. <strong data-start=\"960\" data-end=\"987\">Magnetisches Kabel im Lieferumfang enthalten<\/strong>.<\/p>\n<\/li>\n<li data-start=\"991\" data-end=\"1156\">\n<p data-start=\"993\" data-end=\"1156\"><strong data-start=\"993\" data-end=\"1043\">Magnetische Endkappe + abnehmbarer Clip + Kopfband<\/strong> \u2013 Verwenden Sie sie als <strong data-start=\"1058\" data-end=\"1070\">Stirnlampe<\/strong>, <strong data-start=\"1072\" data-end=\"1088\">Taschenlampe<\/strong> oder befestigen Sie sie an einer beliebigen Metalloberfl\u00e4che \u2013 ideal f\u00fcr den Mehrzweckgebrauch.<\/p>\n<\/li>\n<li data-start=\"1157\" data-end=\"1269\">\n<p data-start=\"1159\" data-end=\"1269\"><strong data-start=\"1159\" data-end=\"1174\">IP68-Schutzart<\/strong> \u2013 Vollst\u00e4ndig staubdicht und wasserdicht bis zu <strong data-start=\"1211\" data-end=\"1224\">10 Metern<\/strong>, sto\u00dffest aus bis zu <strong data-start=\"1254\" data-end=\"1266\">2 Metern<\/strong>.<\/p>\n<\/li>\n<li data-start=\"1270\" data-end=\"1367\">\n<p data-start=\"1272\" data-end=\"1367\"><strong data-start=\"1272\" data-end=\"1312\">6 Helligkeitsstufen + 3 Stroboskopmodi<\/strong> \u2013 Schnelles und einfaches Umschalten der Modi \u00fcber eine einzige Taste.<\/p>\n<\/li>\n<li data-start=\"1368\" data-end=\"1475\">\n<p data-start=\"1370\" data-end=\"1475\"><strong data-start=\"1370\" data-end=\"1422\">Kompakt und leicht (nur 56 g mit Akku)<\/strong> \u2013 Einfach unbemerkt zu tragen, aber bei Bedarf leistungsstark.<\/p>\n<\/li>\n<\/ul>\n<hr data-start=\"1477\" data-end=\"1480\">\n<h3 data-start=\"1482\" data-end=\"1500\"><strong data-start=\"1486\" data-end=\"1500\">Anwendungsf\u00e4lle:<\/strong><\/h3>\n<ul data-start=\"1502\" data-end=\"1762\">\n<li data-start=\"1502\" data-end=\"1554\">\n<p data-start=\"1504\" data-end=\"1554\">Outdoor-Aktivit\u00e4ten, <strong data-start=\"1524\" data-end=\"1535\">Camping<\/strong> und <strong data-start=\"1541\" data-end=\"1552\">Radfahren<\/strong><\/p>\n<\/li>\n<li data-start=\"1555\" data-end=\"1619\">\n<p data-start=\"1557\" data-end=\"1619\">In Ihrem <strong data-start=\"1565\" data-end=\"1576\">Werkzeugkasten<\/strong>, rund um das <strong data-start=\"1589\" data-end=\"1597\">Haus<\/strong> oder als <strong data-start=\"1607\" data-end=\"1617\">Backup<\/strong><\/p>\n<\/li>\n<li data-start=\"1620\" data-end=\"1661\">\n<p data-start=\"1622\" data-end=\"1661\">F\u00fcr <strong data-start=\"1626\" data-end=\"1643\">kleine Reparaturen<\/strong> und Inspektionen<\/p>\n<\/li>\n<li data-start=\"1662\" data-end=\"1706\">\n<p data-start=\"1664\" data-end=\"1706\">Allt\u00e4gliche <strong data-start=\"1673\" data-end=\"1698\">EDC-Lampe (Every Day Carry)<\/strong><\/p>\n<\/li>\n<li data-start=\"1707\" data-end=\"1762\">\n<p data-start=\"1709\" data-end=\"1762\">Als <strong data-start=\"1714\" data-end=\"1729\">Ersatzlampe<\/strong> f\u00fcr Ihr <strong data-start=\"1739\" data-end=\"1746\">Auto<\/strong> oder Ihren <strong data-start=\"1750\" data-end=\"1762\">Rucksack<\/strong><\/p>\n<\/li>\n<\/ul>\n<hr data-start=\"1764\" data-end=\"1767\">\n<h3 data-start=\"1769\" data-end=\"1803\"><strong data-start=\"1773\" data-end=\"1803\">Warum Armytek Elf C1 w\u00e4hlen?<\/strong><\/h3>\n<p data-start=\"1805\" data-end=\"1996\">Weil Sie eine Lampe brauchen, die <strong data-start=\"1837\" data-end=\"1875\">immer bei Ihnen ist \u2013 und immer bereit<\/strong>. Die <strong data-start=\"1881\" data-end=\"1899\">Armytek Elf C1<\/strong> vereint kompakte Gr\u00f6\u00dfe, starke Leistung und erstklassige Haltbarkeit in einer Weise, die nur wenige Lampen erreichen. <\/p>\n<hr data-start=\"1998\" data-end=\"2001\">\n<h3 data-start=\"2003\" data-end=\"2035\"><strong data-start=\"2007\" data-end=\"2035\">Im Lieferumfang enthalten:<\/strong><\/h3>\n<ul data-start=\"2037\" data-end=\"2209\">\n<li data-start=\"2037\" data-end=\"2066\">\n<p data-start=\"2039\" data-end=\"2066\">Armytek Elf C1 Taschenlampe<\/p>\n<\/li>\n<li data-start=\"2067\" data-end=\"2105\">\n<p data-start=\"2069\" data-end=\"2105\"><strong data-start=\"2069\" data-end=\"2103\">18350 Li-Ion Akku (900 mAh)<\/strong><\/p>\n<\/li>\n<li data-start=\"2106\" data-end=\"2141\">\n<p data-start=\"2108\" data-end=\"2141\"><strong data-start=\"2108\" data-end=\"2139\">Magnetisches USB-Ladekabel<\/strong><\/p>\n<\/li>\n<li data-start=\"2142\" data-end=\"2169\">\n<p data-start=\"2144\" data-end=\"2169\"><strong data-start=\"2144\" data-end=\"2167\">Kopfband und Clip<\/strong><\/p>\n<\/li>\n<li data-start=\"2170\" data-end=\"2191\">\n<p data-start=\"2172\" data-end=\"2191\"><strong data-start=\"2172\" data-end=\"2189\">Ersatz-O-Ringe<\/strong><\/p>\n<\/li>\n<li data-start=\"2192\" data-end=\"2209\">\n<p data-start=\"2194\" data-end=\"2209\"><strong data-start=\"2194\" data-end=\"2209\">Benutzerhandbuch<\/strong><\/p>\n<\/li>\n<\/ul>\n","protected":false},"excerpt":{"rendered":"<p>Armytek elf C1 Magnet USB \u2013 kompakte und leistungsstarke multifunktionale Leuchte f\u00fcr den t\u00e4glichen Gebrauch Die Armytek Elf C1 ist eine leichte, aber leistungsstarke USB-aufladbare Stirnlampe und Mehrzweck-Taschenlampe. Sie bietet zuverl\u00e4ssige Beleuchtung sowohl f\u00fcr allt\u00e4gliche Aufgaben als auch f\u00fcr anspruchsvolle Bedingungen. Trotz ihrer geringen Gr\u00f6\u00dfe liefert sie bis zu 1.100 Lumen maximale Leistung und verf\u00fcgt [&#8230;]\n","protected":false},"featured_media":283581,"comment_status":"open","ping_status":"closed","template":"","meta":[],"product_brand":[],"product_cat":[2525],"product_tag":[],"class_list":{"0":"post-283632","1":"product","2":"type-product","3":"status-publish","4":"has-post-thumbnail","6":"product_cat-jaktlampor","8":"first","9":"instock","10":"taxable","11":"shipping-taxable","12":"purchasable","13":"product-type-simple"},"composite_virtual":false,"composite_layout":"","composite_add_to_cart_form_location":"","composite_editable_in_cart":false,"composite_sold_individually_context":"","composite_shop_price_calc":"","composite_components":[],"composite_scenarios":[],"group_of_quantity":0,"min_quantity":0,"max_quantity":"","exclude_order_quantity_value_rules":"no","exclude_category_quantity_rules":"no","combine_variations":"no","exclude_global_add_ons":[],"addons":[],"_links":{"self":[{"href":"https:\/\/www.huntersfriend.eu\/de\/wp-json\/wp\/v2\/product\/283632","targetHints":{"allow":["GET"]}}],"collection":[{"href":"https:\/\/www.huntersfriend.eu\/de\/wp-json\/wp\/v2\/product"}],"about":[{"href":"https:\/\/www.huntersfriend.eu\/de\/wp-json\/wp\/v2\/types\/product"}],"replies":[{"embeddable":true,"href":"https:\/\/www.huntersfriend.eu\/de\/wp-json\/wp\/v2\/comments?post=283632"}],"wp:featuredmedia":[{"embeddable":true,"href":"https:\/\/www.huntersfriend.eu\/de\/wp-json\/wp\/v2\/media\/283581"}],"wp:attachment":[{"href":"https:\/\/www.huntersfriend.eu\/de\/wp-json\/wp\/v2\/media?parent=283632"}],"wp:term":[{"taxonomy":"product_brand","embeddable":true,"href":"https:\/\/www.huntersfriend.eu\/de\/wp-json\/wp\/v2\/product_brand?post=283632"},{"taxonomy":"product_cat","embeddable":true,"href":"https:\/\/www.huntersfriend.eu\/de\/wp-json\/wp\/v2\/product_cat?post=283632"},{"taxonomy":"product_tag","embeddable":true,"href":"https:\/\/www.huntersfriend.eu\/de\/wp-json\/wp\/v2\/product_tag?post=283632"}],"curies":[{"name":"wp","href":"https:\/\/api.w.org\/{rel}","templated":true}]}}