{"id":283631,"date":"2025-06-19T00:40:01","date_gmt":"2025-07-30T09:31:06","guid":{"rendered":"https:\/\/www.huntersfriend.eu\/product\/armytek-crystal-wrb-usb-c-blau\/"},"modified":"2026-02-25T10:38:02","modified_gmt":"2026-02-25T08:38:02","slug":"armytek-crystal-wrb-usb-c-blau","status":"publish","type":"product","link":"https:\/\/www.huntersfriend.eu\/de\/produkt\/armytek-crystal-wrb-usb-c-blau\/","title":{"rendered":"Armytek Crystal WRB USB-C blau"},"content":{"rendered":"<p data-start=\"96\" data-end=\"160\"><strong data-start=\"96\" data-end=\"160\">Armytek Crystal WRB blau USB-C \u2013 kleines Licht, gro\u00dfe Sichtbarkeit<\/strong><\/p>\n<p data-start=\"162\" data-end=\"437\">Stellen Sie sich vor, Sie gehen abends auf einem Weg ohne Stra\u00dfenbeleuchtung laufen. Oder Sie fahren nach einer sp\u00e4ten Schicht in der D\u00e4mmerung nach Hause. Oder vielleicht sind Sie auf einem Campingplatz, wo eine einzige funktionierende Lichtquelle den Unterschied ausmachen kann, ob Sie Ihre Ausr\u00fcstung finden \u2013 oder sogar den Weg zur\u00fcck.  <\/p>\n<p data-start=\"439\" data-end=\"774\">Die <strong data-start=\"443\" data-end=\"477\">Armytek Crystal WRB Blue USB-C<\/strong> ist nicht nur eine Taschenlampe \u2013 sie ist ein multifunktionales Sicherheitsger\u00e4t, das an Ihren Schl\u00fcsselbund passt, in Ihre Hemdtasche gleitet, an den Lenker Ihres Fahrrads geklemmt werden kann und sogar als Stirnlampe funktioniert. In ihrem kompakten Geh\u00e4use befindet sich ein intelligentes Beleuchtungssystem, das Ihnen hilft, <strong data-start=\"738\" data-end=\"757\">zu sehen und gesehen zu werden<\/strong>, wo immer Sie hingehen. <\/p>\n<p data-start=\"776\" data-end=\"920\">Diese Lampe ist f\u00fcr aktive Menschen gemacht \u2013 Radfahrer, L\u00e4ufer, Wanderer, Roadtripper \u2013 alle, die <strong data-start=\"875\" data-end=\"919\">Zuverl\u00e4ssigkeit, Sichtbarkeit und Benutzerfreundlichkeit<\/strong> sch\u00e4tzen.<\/p>\n<hr data-start=\"922\" data-end=\"925\">\n<h3 data-start=\"927\" data-end=\"985\"><strong data-start=\"931\" data-end=\"985\">Sechs Gr\u00fcnde, sich f\u00fcr die Armytek Crystal WRB blau zu entscheiden<\/strong><\/h3>\n<ul data-start=\"987\" data-end=\"1617\">\n<li data-start=\"987\" data-end=\"1130\">\n<p data-start=\"989\" data-end=\"1130\"><strong data-start=\"989\" data-end=\"1022\">Helles, weitwinkliges, wei\u00dfes Licht<\/strong> leuchtet Ihre unmittelbare Umgebung effizient aus \u2013 perfekt zum Lesen, Gehen oder Arbeiten mit Ausr\u00fcstung.<\/p>\n<\/li>\n<li data-start=\"1131\" data-end=\"1241\">\n<p data-start=\"1133\" data-end=\"1241\"><strong data-start=\"1133\" data-end=\"1146\">Rotes Licht<\/strong> bewahrt die Nachtsicht und dient als diskretes Nahbereichslicht f\u00fcr Camping oder Sternenbeobachtung.<\/p>\n<\/li>\n<li data-start=\"1242\" data-end=\"1339\">\n<p data-start=\"1244\" data-end=\"1339\"><strong data-start=\"1244\" data-end=\"1278\">Rot-blauer Notfall-Blinkmodus<\/strong> macht Sie auf Stra\u00dfen, im Verkehr oder in Notf\u00e4llen sichtbar.<\/p>\n<\/li>\n<li data-start=\"1340\" data-end=\"1427\">\n<p data-start=\"1342\" data-end=\"1427\"><strong data-start=\"1342\" data-end=\"1378\">6 Beleuchtungsmodi mit einer Taste<\/strong> \u2013 schnelle, einfache Anpassungen f\u00fcr jede Situation.<\/p>\n<\/li>\n<li data-start=\"1428\" data-end=\"1510\">\n<p data-start=\"1430\" data-end=\"1510\"><strong data-start=\"1430\" data-end=\"1448\">USB-C-Aufladung<\/strong> \u2013 keine speziellen Kabel erforderlich, Aufladung mit Ihrem Telefonladeger\u00e4t.<\/p>\n<\/li>\n<li data-start=\"1511\" data-end=\"1617\">\n<p data-start=\"1513\" data-end=\"1617\"><strong data-start=\"1513\" data-end=\"1540\">Robust und leicht<\/strong> \u2013 das Geh\u00e4use aus Aluminium in Luft- und Raumfahrtqualit\u00e4t h\u00e4lt St\u00f6\u00dfen stand, wiegt aber nur 34 Gramm.<\/p>\n<\/li>\n<\/ul>\n<hr data-start=\"1619\" data-end=\"1622\">\n<h3 data-start=\"1624\" data-end=\"1646\"><strong data-start=\"1628\" data-end=\"1646\">Spezifikationen<\/strong><\/h3>\n<div class=\"_tableContainer_16hzy_1\">\n<div class=\"_tableWrapper_16hzy_14 group flex w-fit flex-col-reverse\" tabindex=\"-1\">\n<table class=\"w-fit min-w-(--thread-content-width)\" data-start=\"1648\" data-end=\"2486\">\n<thead data-start=\"1648\" data-end=\"1681\">\n<tr data-start=\"1648\" data-end=\"1681\">\n<th data-start=\"1648\" data-end=\"1670\" data-col-size=\"sm\">Merkmal<\/th>\n<th data-start=\"1670\" data-end=\"1681\" data-col-size=\"md\">Details<\/th>\n<\/tr>\n<\/thead>\n<tbody data-start=\"1716\" data-end=\"2486\">\n<tr data-start=\"1716\" data-end=\"1789\">\n<td data-start=\"1716\" data-end=\"1739\" data-col-size=\"sm\"><strong data-start=\"1718\" data-end=\"1732\">Helligkeit<\/strong><\/td>\n<td data-start=\"1739\" data-end=\"1789\" data-col-size=\"md\">150 lm (wei\u00df), 12 lm (rot), 30\/17 lm (Blinklicht)<\/td>\n<\/tr>\n<tr data-start=\"1790\" data-end=\"1852\">\n<td data-start=\"1790\" data-end=\"1813\" data-col-size=\"sm\"><strong data-start=\"1792\" data-end=\"1806\">Abstrahlwinkel<\/strong><\/td>\n<td data-start=\"1813\" data-end=\"1852\" data-col-size=\"md\">140\u00b0 (weitwinkliges Nahbereichslicht)<\/td>\n<\/tr>\n<tr data-start=\"1853\" data-end=\"1903\">\n<td data-start=\"1853\" data-end=\"1876\" data-col-size=\"sm\"><strong data-start=\"1855\" data-end=\"1871\">Batterietyp<\/strong><\/td>\n<td data-start=\"1876\" data-end=\"1903\" data-col-size=\"md\">Eingebauter Li-Pol 600 mAh<\/td>\n<\/tr>\n<tr data-start=\"1904\" data-end=\"1965\">\n<td data-start=\"1904\" data-end=\"1927\" data-col-size=\"sm\"><strong data-start=\"1906\" data-end=\"1918\">Aufladen<\/strong><\/td>\n<td data-start=\"1927\" data-end=\"1965\" data-col-size=\"md\">USB-C, mit LED-Ladeanzeige<\/td>\n<\/tr>\n<tr data-start=\"1966\" data-end=\"2060\">\n<td data-start=\"1966\" data-end=\"1989\" data-col-size=\"sm\"><strong data-start=\"1968\" data-end=\"1979\">Laufzeit<\/strong><\/td>\n<td data-start=\"1989\" data-end=\"2060\" data-col-size=\"md\">Bis zu 2h 15min (wei\u00df), bis zu 50 Tage (Eco-Modus), 3h 25min (Blinklicht)<\/td>\n<\/tr>\n<tr data-start=\"2061\" data-end=\"2159\">\n<td data-start=\"2061\" data-end=\"2084\" data-col-size=\"sm\"><strong data-start=\"2063\" data-end=\"2081\">Beleuchtungsmodi<\/strong><\/td>\n<td data-start=\"2084\" data-end=\"2159\" data-col-size=\"md\">Wei\u00df (hoch\/niedrig), rot, rot-blaues Blinklicht, wei\u00dfes Stroboskop, Kombinationsmodi<\/td>\n<\/tr>\n<tr data-start=\"2160\" data-end=\"2224\">\n<td data-start=\"2160\" data-end=\"2183\" data-col-size=\"sm\"><strong data-start=\"2162\" data-end=\"2179\">Gr\u00f6\u00dfe &amp; Gewicht<\/strong><\/td>\n<td data-start=\"2183\" data-end=\"2224\" data-col-size=\"md\">63 \u00d7 43 \u00d7 15 mm \/ 34 g (mit Batterie)<\/td>\n<\/tr>\n<tr data-start=\"2225\" data-end=\"2294\">\n<td data-start=\"2225\" data-end=\"2248\" data-col-size=\"sm\"><strong data-start=\"2227\" data-end=\"2243\">Konstruktion<\/strong><\/td>\n<td data-col-size=\"md\" data-start=\"2248\" data-end=\"2294\">Aluminium in Luft- und Raumfahrtqualit\u00e4t + harteloxierte Beschichtung<\/td>\n<\/tr>\n<tr data-start=\"2295\" data-end=\"2372\">\n<td data-start=\"2295\" data-end=\"2318\" data-col-size=\"sm\"><strong data-start=\"2297\" data-end=\"2311\">Haltbarkeit<\/strong><\/td>\n<td data-col-size=\"md\" data-start=\"2318\" data-end=\"2372\">IP67 wasserdicht (bis zu 1 m), sto\u00dffest (bis zu 10 m)<\/td>\n<\/tr>\n<tr data-start=\"2373\" data-end=\"2421\">\n<td data-start=\"2373\" data-end=\"2401\" data-col-size=\"sm\"><strong data-start=\"2375\" data-end=\"2400\">Betriebstemperatur<\/strong><\/td>\n<td data-col-size=\"md\" data-start=\"2401\" data-end=\"2421\">\u201310 \u00b0C bis +40 \u00b0C<\/td>\n<\/tr>\n<tr data-start=\"2422\" data-end=\"2486\">\n<td data-start=\"2422\" data-end=\"2445\" data-col-size=\"sm\"><strong data-start=\"2424\" data-end=\"2436\">Garantie<\/strong><\/td>\n<td data-col-size=\"md\" data-start=\"2445\" data-end=\"2486\">5 Jahre Herstellerqualit\u00e4tsgarantie<\/td>\n<\/tr>\n<\/tbody>\n<\/table>\n<div class=\"sticky end-(--thread-content-margin) h-0 self-end select-none\">\n<div class=\"absolute end-0 flex items-end\"><\/div>\n<\/div>\n<\/div>\n<\/div>\n<hr data-start=\"2488\" data-end=\"2491\">\n<h3 data-start=\"2493\" data-end=\"2530\"><strong data-start=\"2497\" data-end=\"2530\">Nutzen Sie es, wie und wo Sie wollen<\/strong><\/h3>\n<ul data-start=\"2532\" data-end=\"2796\">\n<li data-start=\"2532\" data-end=\"2586\">\n<p data-start=\"2534\" data-end=\"2586\"><strong data-start=\"2534\" data-end=\"2551\">Als Stirnlampe<\/strong> \u2013 inklusive flexiblem Kopfband<\/p>\n<\/li>\n<li data-start=\"2587\" data-end=\"2652\">\n<p data-start=\"2589\" data-end=\"2652\"><strong data-start=\"2589\" data-end=\"2608\">Als Fahrradlampe<\/strong> \u2013 Silikonhalterungen erleichtern die Installation<\/p>\n<\/li>\n<li data-start=\"2653\" data-end=\"2709\">\n<p data-start=\"2655\" data-end=\"2709\"><strong data-start=\"2655\" data-end=\"2689\">Als Schl\u00fcsselanh\u00e4nger oder Rucksackclip<\/strong> \u2013 immer dabei<\/p>\n<\/li>\n<li data-start=\"2710\" data-end=\"2796\">\n<p data-start=\"2712\" data-end=\"2796\"><strong data-start=\"2712\" data-end=\"2737\">Als Notlicht<\/strong> in Ihrem Auto oder auf der Stra\u00dfe \u2013 der Blinkmodus ist gut sichtbar<\/p>\n<\/li>\n<\/ul>\n<hr data-start=\"2798\" data-end=\"2801\">\n<p data-start=\"2803\" data-end=\"2986\">Die <strong data-start=\"2807\" data-end=\"2841\">Armytek Crystal WRB Blue USB-C<\/strong> ist mehr als nur ein Licht \u2013 sie ist ein kompakter Schutz, der Ihnen hilft, zu sehen, gesehen zu werden und sicher zu bleiben, egal ob im Alltag oder bei Outdoor-Abenteuern.<\/p>\n","protected":false},"excerpt":{"rendered":"<p>Armytek Crystal WRB blau USB-C \u2013 kleines Licht, gro\u00dfe Sichtbarkeit Stellen Sie sich vor, Sie gehen abends auf einem Weg ohne Stra\u00dfenbeleuchtung laufen. Oder Sie fahren nach einer sp\u00e4ten Schicht in der D\u00e4mmerung nach Hause. Oder vielleicht sind Sie auf einem Campingplatz, wo eine einzige funktionierende Lichtquelle den Unterschied ausmachen kann, ob Sie Ihre Ausr\u00fcstung [&#8230;]\n","protected":false},"featured_media":283510,"comment_status":"open","ping_status":"closed","template":"","meta":[],"product_brand":[],"product_cat":[2525],"product_tag":[],"class_list":{"0":"post-283631","1":"product","2":"type-product","3":"status-publish","4":"has-post-thumbnail","6":"product_cat-jaktlampor","8":"first","9":"instock","10":"taxable","11":"shipping-taxable","12":"purchasable","13":"product-type-simple"},"composite_virtual":false,"composite_layout":"","composite_add_to_cart_form_location":"","composite_editable_in_cart":false,"composite_sold_individually_context":"","composite_shop_price_calc":"","composite_components":[],"composite_scenarios":[],"group_of_quantity":0,"min_quantity":0,"max_quantity":"","exclude_order_quantity_value_rules":"no","exclude_category_quantity_rules":"no","combine_variations":"no","exclude_global_add_ons":[],"addons":[],"_links":{"self":[{"href":"https:\/\/www.huntersfriend.eu\/de\/wp-json\/wp\/v2\/product\/283631","targetHints":{"allow":["GET"]}}],"collection":[{"href":"https:\/\/www.huntersfriend.eu\/de\/wp-json\/wp\/v2\/product"}],"about":[{"href":"https:\/\/www.huntersfriend.eu\/de\/wp-json\/wp\/v2\/types\/product"}],"replies":[{"embeddable":true,"href":"https:\/\/www.huntersfriend.eu\/de\/wp-json\/wp\/v2\/comments?post=283631"}],"wp:featuredmedia":[{"embeddable":true,"href":"https:\/\/www.huntersfriend.eu\/de\/wp-json\/wp\/v2\/media\/283510"}],"wp:attachment":[{"href":"https:\/\/www.huntersfriend.eu\/de\/wp-json\/wp\/v2\/media?parent=283631"}],"wp:term":[{"taxonomy":"product_brand","embeddable":true,"href":"https:\/\/www.huntersfriend.eu\/de\/wp-json\/wp\/v2\/product_brand?post=283631"},{"taxonomy":"product_cat","embeddable":true,"href":"https:\/\/www.huntersfriend.eu\/de\/wp-json\/wp\/v2\/product_cat?post=283631"},{"taxonomy":"product_tag","embeddable":true,"href":"https:\/\/www.huntersfriend.eu\/de\/wp-json\/wp\/v2\/product_tag?post=283631"}],"curies":[{"name":"wp","href":"https:\/\/api.w.org\/{rel}","templated":true}]}}