{"id":283630,"date":"2025-06-19T00:40:02","date_gmt":"2025-07-30T09:31:05","guid":{"rendered":"https:\/\/www.huntersfriend.eu\/product\/armytek-dobermann-pro-magnet-usb-weiss\/"},"modified":"2026-02-25T10:38:04","modified_gmt":"2026-02-25T08:38:04","slug":"armytek-dobermann-pro-magnet-usb-weiss","status":"publish","type":"product","link":"https:\/\/www.huntersfriend.eu\/de\/produkt\/armytek-dobermann-pro-magnet-usb-weiss\/","title":{"rendered":"Armytek Dobermann Pro Magnet USB Wei\u00df"},"content":{"rendered":"<h3 data-start=\"114\" data-end=\"213\"><strong data-start=\"118\" data-end=\"213\">Armytek Dobermann Pro Magnet USB (Wei\u00df) \u2013 die perfekte Kombination aus Leistung und Kompaktheit<\/strong><\/h3>\n<p data-start=\"215\" data-end=\"529\">Die <strong data-start=\"219\" data-end=\"236\">Dobermann Pro<\/strong> ist eine taktische Mehrzweck-Taschenlampe, die eine <strong data-start=\"289\" data-end=\"311\">hohe Leuchtweite<\/strong> in einem <strong data-start=\"317\" data-end=\"347\">kompakten Geh\u00e4use im Taschenformat<\/strong> bietet. Die <strong data-start=\"353\" data-end=\"375\">warmwei\u00dfe Version<\/strong> liefert bis zu <strong data-start=\"391\" data-end=\"407\">1.500 Lumen<\/strong> \u2013 ein helles, aber raffiniertes Licht, das Entfernungen zwischen <strong data-start=\"479\" data-end=\"497\">100\u2013200 Metern<\/strong> ausleuchten kann (maximale Leuchtweite: <strong data-start=\"518\" data-end=\"527\">368 m<\/strong>). <\/p>\n<hr data-start=\"531\" data-end=\"534\">\n<h3 data-start=\"536\" data-end=\"564\"><strong data-start=\"540\" data-end=\"564\">Leistungsmerkmale<\/strong><\/h3>\n<ul data-start=\"566\" data-end=\"1081\">\n<li data-start=\"566\" data-end=\"732\">\n<p data-start=\"568\" data-end=\"732\"><strong data-start=\"568\" data-end=\"585\">LED &amp; Optik:<\/strong> Ausgestattet mit einer <strong data-start=\"602\" data-end=\"623\">Cree XHP35-HI LED<\/strong> und einem verbesserten <strong data-start=\"640\" data-end=\"657\">SMO-Reflektor<\/strong>, der einen fokussierten Hotspot und einen sanften Spill mit einem Abstrahlwinkel von 6\u00b0:40\u00b0 liefert.<\/p>\n<\/li>\n<li data-start=\"733\" data-end=\"864\">\n<p data-start=\"735\" data-end=\"864\"><strong data-start=\"735\" data-end=\"763\">Konstante Ausleuchtung:<\/strong> Die <strong data-start=\"780\" data-end=\"809\">S-Tek\u2122 Sensor-Elektronik<\/strong> der n\u00e4chsten Generation sorgt f\u00fcr eine gleichm\u00e4\u00dfige Helligkeit, bis die Batterie fast leer ist.<\/p>\n<\/li>\n<li data-start=\"865\" data-end=\"1081\">\n<p data-start=\"867\" data-end=\"952\"><strong data-start=\"867\" data-end=\"887\">Sechs Lichtmodi:<\/strong> Turbo, drei konstante Helligkeitsstufen und zwei Stroboskopmodi.<\/p>\n<ul data-start=\"955\" data-end=\"1081\">\n<li data-start=\"955\" data-end=\"1007\">\n<p data-start=\"957\" data-end=\"1007\">Im Turbo-Modus: 1500 lm \u2192 710 lm nach 3 Minuten.<\/p>\n<\/li>\n<li data-start=\"1010\" data-end=\"1081\">\n<p data-start=\"1012\" data-end=\"1081\">Laufzeit: ca. <strong data-start=\"1029\" data-end=\"1041\">1h 33min<\/strong> im Turbo-Modus, <strong data-start=\"1052\" data-end=\"1065\">bis zu 32h<\/strong> im niedrigsten Modus.<\/p>\n<\/li>\n<\/ul>\n<\/li>\n<\/ul>\n<hr data-start=\"1083\" data-end=\"1086\">\n<h3 data-start=\"1088\" data-end=\"1118\"><strong data-start=\"1092\" data-end=\"1118\">Robustes taktisches Design<\/strong><\/h3>\n<ul data-start=\"1120\" data-end=\"1478\">\n<li data-start=\"1120\" data-end=\"1207\">\n<p data-start=\"1122\" data-end=\"1207\"><strong data-start=\"1122\" data-end=\"1140\">Geh\u00e4usematerial:<\/strong> Aluminium in Luft- und Raumfahrtqualit\u00e4t mit einer <strong data-start=\"1173\" data-end=\"1204\">400 HV Harteloxierung<\/strong>.<\/p>\n<\/li>\n<li data-start=\"1208\" data-end=\"1342\">\n<p data-start=\"1210\" data-end=\"1342\"><strong data-start=\"1210\" data-end=\"1238\">Wasser- und Staubbest\u00e4ndigkeit:<\/strong> <strong data-start=\"1239\" data-end=\"1247\">IP68<\/strong> \u2013 tauchf\u00e4hig bis zu <strong data-start=\"1268\" data-end=\"1293\">25 Meter f\u00fcr 5 Stunden<\/strong> und <strong data-start=\"1299\" data-end=\"1313\">sto\u00dffest<\/strong> aus bis zu 10 Stockwerken H\u00f6he.<\/p>\n<\/li>\n<li data-start=\"1343\" data-end=\"1478\">\n<p data-start=\"1345\" data-end=\"1478\"><strong data-start=\"1345\" data-end=\"1374\">Echtzeit-Sicherheitssysteme:<\/strong> Der \u00dcberhitzungsschutz wird oberhalb von <strong data-start=\"1411\" data-end=\"1420\">+58\u00b0C<\/strong> aktiviert, und die Taschenlampe warnt Sie vor <strong data-start=\"1455\" data-end=\"1477\">niedrigem Batteriestand<\/strong>.<\/p>\n<\/li>\n<\/ul>\n<hr data-start=\"1480\" data-end=\"1483\">\n<h3 data-start=\"1485\" data-end=\"1505\"><strong data-start=\"1489\" data-end=\"1505\">Hauptmerkmale<\/strong><\/h3>\n<ul data-start=\"1507\" data-end=\"1793\">\n<li data-start=\"1507\" data-end=\"1594\">\n<p data-start=\"1509\" data-end=\"1594\"><strong data-start=\"1509\" data-end=\"1531\">Doppelfedersystem<\/strong> und verst\u00e4rkte Kapsel absorbieren den R\u00fccksto\u00df bei der Verwendung an Waffen.<\/p>\n<\/li>\n<li data-start=\"1595\" data-end=\"1716\">\n<p data-start=\"1597\" data-end=\"1716\"><strong data-start=\"1597\" data-end=\"1641\">Ger\u00e4uschloser, elektronischer zweistufiger Endschalter<\/strong> \u2013 haltbarer als mechanische Tasten und ideal f\u00fcr Stealth-Operationen.<\/p>\n<\/li>\n<li data-start=\"1717\" data-end=\"1793\">\n<p data-start=\"1719\" data-end=\"1793\"><strong data-start=\"1719\" data-end=\"1756\">Mattschwarze Edelstahl-L\u00fcnette<\/strong> sch\u00fctzt vor St\u00f6\u00dfen und Ersch\u00fctterungen.<\/p>\n<\/li>\n<\/ul>\n<hr data-start=\"1795\" data-end=\"1798\">\n<h3 data-start=\"1800\" data-end=\"1844\"><strong data-start=\"1804\" data-end=\"1844\">Benutzerfreundliches Zubeh\u00f6r (im Lieferumfang enthalten)<\/strong><\/h3>\n<ul data-start=\"1846\" data-end=\"2090\">\n<li data-start=\"1846\" data-end=\"1897\">\n<p data-start=\"1848\" data-end=\"1897\"><strong data-start=\"1848\" data-end=\"1895\">Hochleistungsf\u00e4higer 3500 mAh 18650 Li-Ion-Akku<\/strong><\/p>\n<\/li>\n<li data-start=\"1898\" data-end=\"1969\">\n<p data-start=\"1900\" data-end=\"1969\"><strong data-start=\"1900\" data-end=\"1929\">Magnetisches USB-Ladekabel<\/strong> \u2013 vollst\u00e4ndige Aufladung in ca. <strong data-start=\"1955\" data-end=\"1967\">3h 40min<\/strong><\/p>\n<\/li>\n<li data-start=\"1970\" data-end=\"2090\">\n<p data-start=\"1972\" data-end=\"2090\"><strong data-start=\"1972\" data-end=\"2042\">Holster, Stahlclip, Paracord-Lanyard und ergonomischer Silikonring<\/strong> \u2013 sorgt daf\u00fcr, dass die Taschenlampe immer in Reichweite ist<\/p>\n<\/li>\n<\/ul>\n<hr data-start=\"2092\" data-end=\"2095\">\n<h3 data-start=\"2097\" data-end=\"2118\"><strong data-start=\"2101\" data-end=\"2118\">Praktische Anwendung<\/strong><\/h3>\n<ul data-start=\"2120\" data-end=\"2335\">\n<li data-start=\"2120\" data-end=\"2230\">\n<p data-start=\"2122\" data-end=\"2230\"><strong data-start=\"2122\" data-end=\"2156\">Kompatibel mit 1&#8243; Zubeh\u00f6r<\/strong> \u2013 passend f\u00fcr Waffenhalterungen, magnetische Fernschalter (wie <strong data-start=\"2207\" data-end=\"2217\">MRS-01<\/strong>) und mehr<\/p>\n<\/li>\n<li data-start=\"2231\" data-end=\"2335\">\n<p data-start=\"2233\" data-end=\"2335\">Wird komplett ausgestattet geliefert und ist somit ideal f\u00fcr <strong data-start=\"2275\" data-end=\"2297\">Sondereins\u00e4tze<\/strong>, die <strong data-start=\"2299\" data-end=\"2310\">Jagd<\/strong> oder den <strong data-start=\"2315\" data-end=\"2335\">t\u00e4glichen EDC-Gebrauch<\/strong><\/p>\n<\/li>\n<\/ul>\n<hr data-start=\"2337\" data-end=\"2340\">\n<h3 data-start=\"2342\" data-end=\"2379\"><strong data-start=\"2346\" data-end=\"2379\">Warum die Dobermann Pro w\u00e4hlen?<\/strong><\/h3>\n<ul data-start=\"2381\" data-end=\"2730\">\n<li data-start=\"2381\" data-end=\"2467\">\n<p data-start=\"2383\" data-end=\"2467\"><strong data-start=\"2383\" data-end=\"2409\">Die ganze Leistung, die Sie brauchen<\/strong> \u2013 1500 Lumen, selbst bei extremer K\u00e4lte (bis zu <strong data-start=\"2455\" data-end=\"2464\">\u201340\u00b0C<\/strong>)<\/p>\n<\/li>\n<li data-start=\"2468\" data-end=\"2535\">\n<p data-start=\"2470\" data-end=\"2535\"><strong data-start=\"2470\" data-end=\"2488\">Robust wie eine R\u00fcstung<\/strong> \u2013 h\u00e4lt St\u00f6\u00dfen, Wasser, Staub und harter Beanspruchung stand<\/p>\n<\/li>\n<li data-start=\"2536\" data-end=\"2645\">\n<p data-start=\"2538\" data-end=\"2645\"><strong data-start=\"2538\" data-end=\"2558\">Ger\u00e4uschloser Betrieb<\/strong> \u2013 der <strong data-start=\"2565\" data-end=\"2597\">elektronische zweistufige Schalter<\/strong> erm\u00f6glicht eine unauff\u00e4llige Steuerung in heiklen Missionen<\/p>\n<\/li>\n<li data-start=\"2646\" data-end=\"2730\">\n<p data-start=\"2648\" data-end=\"2730\"><strong data-start=\"2648\" data-end=\"2664\">Komplettes Kit<\/strong> \u2013 enth\u00e4lt alle wichtigen Zubeh\u00f6rteile, sofort einsatzbereit<\/p>\n<\/li>\n<\/ul>\n<hr data-start=\"2732\" data-end=\"2735\">\n<p data-start=\"2737\" data-end=\"3057\">Die <strong data-start=\"2741\" data-end=\"2764\">Dobermann Pro White<\/strong> ist mehr als nur eine Taschenlampe \u2013 sie ist ein <strong data-start=\"2805\" data-end=\"2826\">verl\u00e4sslicher Begleiter<\/strong> f\u00fcr Waldpatrouillen, Verteidigung, taktische Eins\u00e4tze oder den anspruchsvollen t\u00e4glichen Gebrauch. Eine <strong data-start=\"2904\" data-end=\"2922\">erstklassige Lampe<\/strong>, die <strong data-start=\"2937\" data-end=\"2962\">technische Leistung<\/strong>, <strong data-start=\"2964\" data-end=\"2987\">taktische Haltbarkeit<\/strong> und <strong data-start=\"2993\" data-end=\"3017\">benutzerfreundliches Design<\/strong> vereint \u2013 alles unterst\u00fctzt durch eine <strong data-start=\"3036\" data-end=\"3056\">10-Jahres-Garantie<\/strong>. <\/p>\n","protected":false},"excerpt":{"rendered":"<p>Armytek Dobermann Pro Magnet USB (Wei\u00df) \u2013 die perfekte Kombination aus Leistung und Kompaktheit Die Dobermann Pro ist eine taktische Mehrzweck-Taschenlampe, die eine hohe Leuchtweite in einem kompakten Geh\u00e4use im Taschenformat bietet. Die warmwei\u00dfe Version liefert bis zu 1.500 Lumen \u2013 ein helles, aber raffiniertes Licht, das Entfernungen zwischen 100\u2013200 Metern ausleuchten kann (maximale Leuchtweite: [&#8230;]\n","protected":false},"featured_media":283562,"comment_status":"open","ping_status":"closed","template":"","meta":[],"product_brand":[],"product_cat":[2525],"product_tag":[],"class_list":{"0":"post-283630","1":"product","2":"type-product","3":"status-publish","4":"has-post-thumbnail","6":"product_cat-jaktlampor","8":"first","9":"instock","10":"taxable","11":"shipping-taxable","12":"purchasable","13":"product-type-simple"},"composite_virtual":false,"composite_layout":"","composite_add_to_cart_form_location":"","composite_editable_in_cart":false,"composite_sold_individually_context":"","composite_shop_price_calc":"","composite_components":[],"composite_scenarios":[],"group_of_quantity":0,"min_quantity":0,"max_quantity":"","exclude_order_quantity_value_rules":"no","exclude_category_quantity_rules":"no","combine_variations":"no","exclude_global_add_ons":[],"addons":[],"_links":{"self":[{"href":"https:\/\/www.huntersfriend.eu\/de\/wp-json\/wp\/v2\/product\/283630","targetHints":{"allow":["GET"]}}],"collection":[{"href":"https:\/\/www.huntersfriend.eu\/de\/wp-json\/wp\/v2\/product"}],"about":[{"href":"https:\/\/www.huntersfriend.eu\/de\/wp-json\/wp\/v2\/types\/product"}],"replies":[{"embeddable":true,"href":"https:\/\/www.huntersfriend.eu\/de\/wp-json\/wp\/v2\/comments?post=283630"}],"wp:featuredmedia":[{"embeddable":true,"href":"https:\/\/www.huntersfriend.eu\/de\/wp-json\/wp\/v2\/media\/283562"}],"wp:attachment":[{"href":"https:\/\/www.huntersfriend.eu\/de\/wp-json\/wp\/v2\/media?parent=283630"}],"wp:term":[{"taxonomy":"product_brand","embeddable":true,"href":"https:\/\/www.huntersfriend.eu\/de\/wp-json\/wp\/v2\/product_brand?post=283630"},{"taxonomy":"product_cat","embeddable":true,"href":"https:\/\/www.huntersfriend.eu\/de\/wp-json\/wp\/v2\/product_cat?post=283630"},{"taxonomy":"product_tag","embeddable":true,"href":"https:\/\/www.huntersfriend.eu\/de\/wp-json\/wp\/v2\/product_tag?post=283630"}],"curies":[{"name":"wp","href":"https:\/\/api.w.org\/{rel}","templated":true}]}}