{"id":283507,"date":"2025-07-10T00:50:33","date_gmt":"2025-07-30T06:23:58","guid":{"rendered":"https:\/\/www.huntersfriend.eu\/product\/pard-night-stalker-4k-pro\/"},"modified":"2025-07-30T08:23:58","modified_gmt":"2025-07-30T06:23:58","slug":"pard-night-stalker-4k-pro","status":"publish","type":"product","link":"https:\/\/www.huntersfriend.eu\/de\/produkt\/pard-night-stalker-4k-pro\/","title":{"rendered":"Pard Night Stalker 4K Pro"},"content":{"rendered":"<h3 data-section-id=\"33qpfv\" data-start=\"99\" data-end=\"168\"><strong data-start=\"103\" data-end=\"168\">PARD Night Stalker 4K Pro \u2013 un\u00fcbertroffene Pr\u00e4zision f\u00fcr die Nacht<\/strong><\/h3>\n<p data-start=\"170\" data-end=\"615\">Wenn im Dunkeln nichts verborgen bleiben darf, kommt das <strong data-start=\"219\" data-end=\"248\">PARD Night Stalker 4K Pro<\/strong> ins Spiel. Dieses <strong data-start=\"264\" data-end=\"299\">digitale Nachtsicht-Zielfernrohr<\/strong> ist f\u00fcr Benutzer konzipiert, die <strong data-start=\"334\" data-end=\"388\">h\u00f6chste Bildqualit\u00e4t, Leistung und Haltbarkeit<\/strong> fordern. Mit einem <strong data-start=\"397\" data-end=\"410\">4K-Sensor<\/strong>, einem <strong data-start=\"412\" data-end=\"443\">bis zu 100 mm Objektiv<\/strong> und einem <strong data-start=\"449\" data-end=\"474\">bis zu 8-fachen optischen Zoom<\/strong> liefert dieses Ger\u00e4t <strong data-start=\"497\" data-end=\"529\">erstaunlich detaillierte Ansichten<\/strong> \u2013 egal, ob Sie ein offenes Feld scannen oder Bewegungen entlang eines dichten Waldrandes verfolgen.  <\/p>\n<p data-start=\"617\" data-end=\"755\">Perfekt f\u00fcr <strong data-start=\"629\" data-end=\"660\">J\u00e4ger, Sicherheitspersonal<\/strong> oder taktische Anwender bietet das 4K Pro <strong data-start=\"699\" data-end=\"739\">kristallklare Sicht in jedem Szenario<\/strong> \u2013 ohne Kompromisse.<\/p>\n<blockquote data-start=\"757\" data-end=\"837\">\n<p data-start=\"759\" data-end=\"837\"><strong data-start=\"759\" data-end=\"768\">Hinweis:<\/strong> IR-Strahler ist <strong data-start=\"787\" data-end=\"803\">nicht enthalten<\/strong> und muss separat erworben werden.<\/p>\n<\/blockquote>\n<hr data-start=\"839\" data-end=\"842\">\n<h3 data-section-id=\"pm8yra\" data-start=\"844\" data-end=\"864\"><strong data-start=\"848\" data-end=\"864\">Hauptmerkmale<\/strong><\/h3>\n<ul data-start=\"866\" data-end=\"1415\">\n<li data-start=\"866\" data-end=\"954\">\n<p data-start=\"868\" data-end=\"954\"><strong data-start=\"868\" data-end=\"903\">Echter 4K-Sensor (3840 \u00d7 2160 px)<\/strong> \u2013 Ultrascharfe Bildgebung, selbst in v\u00f6lliger Dunkelheit<\/p>\n<\/li>\n<li data-start=\"955\" data-end=\"1039\">\n<p data-start=\"957\" data-end=\"1039\"><strong data-start=\"957\" data-end=\"981\">70 mm Objektiv<\/strong> \u2013 Anpassen des Sichtfelds und der Vergr\u00f6\u00dferung an Ihre Bed\u00fcrfnisse<\/p>\n<\/li>\n<li data-start=\"1040\" data-end=\"1089\">\n<p data-start=\"1042\" data-end=\"1089\"><strong data-start=\"1042\" data-end=\"1087\">4\u20138x optischer Zoom + bis zu 4x digitaler Zoom<\/strong><\/p>\n<\/li>\n<li data-start=\"1090\" data-end=\"1185\">\n<p data-start=\"1092\" data-end=\"1185\"><strong data-start=\"1092\" data-end=\"1136\">Mehrere Anzeigefarben &amp; Absehenstile<\/strong> \u2013 Anpassbar an Lichtverh\u00e4ltnisse und Hintergrund<\/p>\n<\/li>\n<li data-start=\"1186\" data-end=\"1261\">\n<p data-start=\"1188\" data-end=\"1261\"><strong data-start=\"1188\" data-end=\"1259\">R\u00fccksto\u00dfaktiviertes Video, Audioaufnahme, Zeitstempel und Gyroskop<\/strong><\/p>\n<\/li>\n<li data-start=\"1262\" data-end=\"1353\">\n<p data-start=\"1264\" data-end=\"1353\"><strong data-start=\"1264\" data-end=\"1315\">Voller IP67-Schutz &amp; 6000 J R\u00fccksto\u00dffestigkeit<\/strong> \u2013 Entwickelt f\u00fcr den realen Feldeinsatz<\/p>\n<\/li>\n<li data-start=\"1354\" data-end=\"1415\">\n<p data-start=\"1356\" data-end=\"1415\"><strong data-start=\"1356\" data-end=\"1393\">Drahtlose Steuerung und Konnektivit\u00e4t<\/strong> \u2013 WiFi, HDMI, USB-C<\/p>\n<\/li>\n<\/ul>\n<hr data-start=\"1417\" data-end=\"1420\">\n<h3 data-section-id=\"68p1op\" data-start=\"1422\" data-end=\"1474\"><strong data-start=\"1426\" data-end=\"1474\">Totale Sichtbarkeit \u2013 von Tageslicht bis Dunkelheit<\/strong><\/h3>\n<p data-start=\"1476\" data-end=\"1777\">Das Night Stalker 4K Pro kombiniert einen <strong data-start=\"1512\" data-end=\"1535\">2,0 \u00b5m Pixelsensor<\/strong>, <strong data-start=\"1537\" data-end=\"1579\">\u00fcberlegene Lichtempfindlichkeit (0,001 Lux)<\/strong> und ein <strong data-start=\"1587\" data-end=\"1633\">High-Definition-IPS-Display (800 \u00d7 800 px)<\/strong>, um klare, detaillierte Bilder zu liefern, bei denen jede Schatten, Bewegung und Form hervorsticht \u2013 selbst in Bewegung, dank einer <strong data-start=\"1747\" data-end=\"1776\">fl\u00fcssigen Bildwiederholfrequenz von 30 Hz<\/strong>.<\/p>\n<p data-start=\"1779\" data-end=\"2089\">W\u00e4hlen Sie aus <strong data-start=\"1791\" data-end=\"1817\">drei Objektiven<\/strong> (50 mm, 70 mm, 100 mm) basierend auf Ihren betrieblichen Anforderungen \u2013 breiteres Sichtfeld oder gr\u00f6\u00dfere Vergr\u00f6\u00dferung. Auf 100 Metern reicht das horizontale Sichtfeld von <strong data-start=\"1965\" data-end=\"1985\">8 Metern (50 mm)<\/strong> bis <strong data-start=\"1989\" data-end=\"2010\">4 Metern (100 mm)<\/strong>, sodass Sie Ihre Beobachtung f\u00fcr verschiedene Gel\u00e4nde und Situationen feinabstimmen k\u00f6nnen. <\/p>\n<hr data-start=\"2091\" data-end=\"2094\">\n<h3 data-section-id=\"19u84xy\" data-start=\"2096\" data-end=\"2142\"><strong data-start=\"2100\" data-end=\"2142\">Adaptiv, intelligent und einfach zu bedienen<\/strong><\/h3>\n<p data-start=\"2144\" data-end=\"2413\">Das Zielfernrohr verf\u00fcgt \u00fcber <strong data-start=\"2163\" data-end=\"2185\">sechs Absehenstile<\/strong> und <strong data-start=\"2190\" data-end=\"2213\">vier Absehenfarben<\/strong> (rot, wei\u00df, gelb, gr\u00fcn) f\u00fcr optimalen Kontrast. Sie k\u00f6nnen auch zwischen Anzeigemodi (Farbe \/ Schwarzwei\u00df \/ Gr\u00fcn \/ Gelb \/ Rot) wechseln, wodurch es einfach ist, den Bildstil an die Umgebung anzupassen. <\/p>\n<p data-start=\"2415\" data-end=\"2628\">Intelligente Funktionen wie der <strong data-start=\"2436\" data-end=\"2464\">Bild-in-Bild (PIP)<\/strong>-Modus, <strong data-start=\"2471\" data-end=\"2487\">Zeitstempelung<\/strong>, <strong data-start=\"2489\" data-end=\"2517\">Audio- und Loop-Aufnahme<\/strong> und <strong data-start=\"2523\" data-end=\"2557\">r\u00fccksto\u00dfausgel\u00f6ste Videoaufnahme<\/strong> machen das 4K Pro \u00e4u\u00dferst intuitiv und ideal f\u00fcr zuverl\u00e4ssige Dokumentation.<\/p>\n<hr data-start=\"2630\" data-end=\"2633\">\n<h3 data-section-id=\"1j5pm3l\" data-start=\"2635\" data-end=\"2668\"><strong data-start=\"2639\" data-end=\"2668\">Robust gebaut f\u00fcr den Feldeinsatz<\/strong><\/h3>\n<p data-start=\"2670\" data-end=\"2949\">Hergestellt aus <strong data-start=\"2683\" data-end=\"2710\">eloxierter Aluminiumlegierung<\/strong> bietet das Night Stalker 4K Pro Haltbarkeit und Widerstandsf\u00e4higkeit gegen die Elemente. Die <strong data-start=\"2787\" data-end=\"2809\">IP67-Zertifizierung<\/strong> bedeutet vollen Schutz gegen Staub und zeitweiliges Eintauchen in Wasser. Eine <strong data-start=\"2878\" data-end=\"2906\">R\u00fccksto\u00dffestigkeit von 6000 J<\/strong> macht es f\u00fcr Gewehre mit starkem R\u00fccksto\u00df geeignet. <\/p>\n<p data-start=\"2951\" data-end=\"3100\">Das Ger\u00e4t wird von einem <strong data-start=\"2978\" data-end=\"3002\">einzelnen 18650-Akku<\/strong> gespeist, der <strong data-start=\"3014\" data-end=\"3031\">bis zu 6 Stunden<\/strong> Laufzeit bietet, wobei eine l\u00e4ngere Nutzung \u00fcber <strong data-start=\"3075\" data-end=\"3099\">USB-C-externe Stromversorgung<\/strong> m\u00f6glich ist.<\/p>\n<hr data-start=\"3102\" data-end=\"3105\">\n<h3 data-section-id=\"lybibo\" data-start=\"3107\" data-end=\"3156\"><strong data-start=\"3111\" data-end=\"3156\">Warum das PARD Night Stalker 4K Pro w\u00e4hlen?<\/strong><\/h3>\n<p data-start=\"3158\" data-end=\"3454\">Das <strong data-start=\"3162\" data-end=\"3186\">Night Stalker 4K Pro<\/strong> wurde f\u00fcr <strong data-start=\"3205\" data-end=\"3248\">professionelle und anspruchsvolle Umgebungen<\/strong> entwickelt \u2013 eignet sich aber auch f\u00fcr den <strong data-start=\"3268\" data-end=\"3286\">anspruchsvollen J\u00e4ger<\/strong>, der nichts dem Zufall \u00fcberl\u00e4sst. Es ist <strong data-start=\"3322\" data-end=\"3348\">leicht und dennoch robust<\/strong>, <strong data-start=\"3350\" data-end=\"3377\">pr\u00e4zise und dennoch einfach zu bedienen<\/strong>, und vor allem bietet es <strong data-start=\"3404\" data-end=\"3453\">die Sichtbarkeit, die die Dunkelheit zu verbergen versucht<\/strong>. <\/p>\n<hr data-start=\"3456\" data-end=\"3459\">\n<h3 data-section-id=\"gqkziz\" data-start=\"3461\" data-end=\"3493\"><strong data-start=\"3465\" data-end=\"3493\">Technische Daten<\/strong><\/h3>\n<p data-start=\"3495\" data-end=\"3507\"><strong data-start=\"3495\" data-end=\"3505\">Sensor<\/strong><\/p>\n<ul data-start=\"3508\" data-end=\"3610\">\n<li data-start=\"3508\" data-end=\"3538\">\n<p data-start=\"3510\" data-end=\"3538\">Aufl\u00f6sung: 3840 \u00d7 2160 px<\/p>\n<\/li>\n<li data-start=\"3539\" data-end=\"3561\">\n<p data-start=\"3541\" data-end=\"3561\">Pixelgr\u00f6\u00dfe: 2,0 \u00b5m<\/p>\n<\/li>\n<li data-start=\"3562\" data-end=\"3588\">\n<p data-start=\"3564\" data-end=\"3588\">Empfindlichkeit: 0,001 Lux<\/p>\n<\/li>\n<li data-start=\"3589\" data-end=\"3610\">\n<p data-start=\"3591\" data-end=\"3610\">Bildrate: 30 Hz<\/p>\n<\/li>\n<\/ul>\n<p data-start=\"3612\" data-end=\"3624\"><strong data-start=\"3612\" data-end=\"3622\">Optik<\/strong><\/p>\n<ul data-start=\"3625\" data-end=\"3891\">\n<li data-start=\"3625\" data-end=\"3658\">\n<p data-start=\"3627\" data-end=\"3658\">Optionen f\u00fcr Objektive: 70 mm<\/p>\n<\/li>\n<li data-start=\"3659\" data-end=\"3690\">\n<p data-start=\"3661\" data-end=\"3690\">Optische Vergr\u00f6\u00dferung: 5,6\u00d7<\/p>\n<\/li>\n<li data-start=\"3691\" data-end=\"3711\">\n<p data-start=\"3693\" data-end=\"3711\">Digitaler Zoom: 3\u00d7<\/p>\n<\/li>\n<li data-start=\"3712\" data-end=\"3772\">\n<p data-start=\"3714\" data-end=\"3772\">FOV @ 100 m (Horizontal x Vertikal): 5,7 x 5,7 m (70 mm)<\/p>\n<\/li>\n<li data-start=\"3773\" data-end=\"3805\">\n<p data-start=\"3775\" data-end=\"3805\">Winkel-FOV (Diagonal): 4,6\u00b0<\/p>\n<\/li>\n<li data-start=\"3806\" data-end=\"3834\">\n<p data-start=\"3808\" data-end=\"3834\">Fokusentfernung: 10 m \u2013 \u221e<\/p>\n<\/li>\n<li data-start=\"3835\" data-end=\"3857\">\n<p data-start=\"3837\" data-end=\"3857\">Augenabstand: 100 mm<\/p>\n<\/li>\n<li data-start=\"3858\" data-end=\"3891\">\n<p data-start=\"3860\" data-end=\"3891\">Dioptrieneinstellung: -5 ~ +3 d<\/p>\n<\/li>\n<\/ul>\n<p data-start=\"3893\" data-end=\"3906\"><strong data-start=\"3893\" data-end=\"3904\">Anzeige<\/strong><\/p>\n<ul data-start=\"3907\" data-end=\"4081\">\n<li data-start=\"3907\" data-end=\"3920\">\n<p data-start=\"3909\" data-end=\"3920\">Typ: IPS<\/p>\n<\/li>\n<li data-start=\"3921\" data-end=\"3949\">\n<p data-start=\"3923\" data-end=\"3949\">Aufl\u00f6sung: 800 \u00d7 800 px<\/p>\n<\/li>\n<li data-start=\"3950\" data-end=\"3971\">\n<p data-start=\"3952\" data-end=\"3971\">Absehenstile: 6<\/p>\n<\/li>\n<li data-start=\"3972\" data-end=\"4017\">\n<p data-start=\"3974\" data-end=\"4017\">Absehenfarben: Rot, Wei\u00df, Gelb, Gr\u00fcn<\/p>\n<\/li>\n<li data-start=\"4018\" data-end=\"4081\">\n<p data-start=\"4020\" data-end=\"4081\">Anzeigemodi: Farbe \/ Schwarzwei\u00df \/ Gr\u00fcn \/ Gelb \/ Rot<\/p>\n<\/li>\n<\/ul>\n<p data-start=\"4083\" data-end=\"4098\"><strong data-start=\"4083\" data-end=\"4096\">Funktionen<\/strong><\/p>\n<ul data-start=\"4099\" data-end=\"4326\">\n<li data-start=\"4099\" data-end=\"4132\">\n<p data-start=\"4101\" data-end=\"4132\">PIP (Bild-in-Bild): Ja<\/p>\n<\/li>\n<li data-start=\"4133\" data-end=\"4151\">\n<p data-start=\"4135\" data-end=\"4151\">Gyroskop: Ja<\/p>\n<\/li>\n<li data-start=\"4152\" data-end=\"4187\">\n<p data-start=\"4154\" data-end=\"4187\">R\u00fccksto\u00dfaktivierte Aufnahme: Ja<\/p>\n<\/li>\n<li data-start=\"4188\" data-end=\"4211\">\n<p data-start=\"4190\" data-end=\"4211\">Automatische Aufnahme: Ja<\/p>\n<\/li>\n<li data-start=\"4212\" data-end=\"4235\">\n<p data-start=\"4214\" data-end=\"4235\">Loop-Aufnahme: Ja<\/p>\n<\/li>\n<li data-start=\"4236\" data-end=\"4254\">\n<p data-start=\"4238\" data-end=\"4254\">Zeitstempel: Ja<\/p>\n<\/li>\n<li data-start=\"4255\" data-end=\"4279\">\n<p data-start=\"4257\" data-end=\"4279\">Audioaufnahme: Ja<\/p>\n<\/li>\n<li data-start=\"4280\" data-end=\"4326\">\n<p data-start=\"4282\" data-end=\"4326\">Belichtungskorrektur &amp; Warnt\u00f6ne: Ja<\/p>\n<\/li>\n<\/ul>\n<p data-start=\"4328\" data-end=\"4346\"><strong data-start=\"4328\" data-end=\"4344\">Konnektivit\u00e4t<\/strong><\/p>\n<ul data-start=\"4347\" data-end=\"4422\">\n<li data-start=\"4347\" data-end=\"4366\">\n<p data-start=\"4349\" data-end=\"4366\">USB Typ-C: Ja<\/p>\n<\/li>\n<li data-start=\"4367\" data-end=\"4387\">\n<p data-start=\"4369\" data-end=\"4387\">HDMI-Ausgang: Ja<\/p>\n<\/li>\n<li data-start=\"4388\" data-end=\"4401\">\n<p data-start=\"4390\" data-end=\"4401\">WiFi: Ja<\/p>\n<\/li>\n<li data-start=\"4402\" data-end=\"4422\">\n<p data-start=\"4404\" data-end=\"4422\">App: PardVision2<\/p>\n<\/li>\n<\/ul>\n<p data-start=\"4424\" data-end=\"4435\"><strong data-start=\"4424\" data-end=\"4433\">Stromversorgung<\/strong><\/p>\n<ul data-start=\"4436\" data-end=\"4531\">\n<li data-start=\"4436\" data-end=\"4473\">\n<p data-start=\"4438\" data-end=\"4473\">Batterie: 1 \u00d7 18650 Li-Ionen (3,7 V)<\/p>\n<\/li>\n<li data-start=\"4474\" data-end=\"4500\">\n<p data-start=\"4476\" data-end=\"4500\">Laufzeit: Bis zu 6 Stunden<\/p>\n<\/li>\n<li data-start=\"4501\" data-end=\"4531\">\n<p data-start=\"4503\" data-end=\"4531\">Externe Stromversorgung: USB Typ-C<\/p>\n<\/li>\n<\/ul>\n<p data-start=\"4533\" data-end=\"4560\"><strong data-start=\"4533\" data-end=\"4558\">Bauweise &amp; Umwelt<\/strong><\/p>\n<ul data-start=\"4561\" data-end=\"4712\">\n<li data-start=\"4561\" data-end=\"4597\">\n<p data-start=\"4563\" data-end=\"4597\">Geh\u00e4usematerial: Aluminiumlegierung<\/p>\n<\/li>\n<li data-start=\"4598\" data-end=\"4613\">\n<p data-start=\"4600\" data-end=\"4613\">Linse: Glas<\/p>\n<\/li>\n<li data-start=\"4614\" data-end=\"4640\">\n<p data-start=\"4616\" data-end=\"4640\">Schutzklasse: IP67<\/p>\n<\/li>\n<li data-start=\"4641\" data-end=\"4682\">\n<p data-start=\"4643\" data-end=\"4682\">Betriebstemperatur: -30\u00b0C bis +55\u00b0C<\/p>\n<\/li>\n<li data-start=\"4683\" data-end=\"4712\">\n<p data-start=\"4685\" data-end=\"4712\">R\u00fccksto\u00dffestigkeit: 6000 j<\/p>\n<\/li>\n<\/ul>\n<hr data-start=\"4714\" data-end=\"4717\">\n<h3 data-section-id=\"1ky9pex\" data-start=\"4719\" data-end=\"4792\"><strong data-start=\"4723\" data-end=\"4752\">PARD Night Stalker 4K Pro<\/strong> \u2013 wenn Sichtbarkeit den Unterschied macht.<\/h3>\n<hr data-start=\"4794\" data-end=\"4797\">\n<h3 data-section-id=\"1g9s2us\" data-start=\"4799\" data-end=\"4849\"><strong data-start=\"4803\" data-end=\"4849\">Welches Nachtsichtger\u00e4t ist das richtige f\u00fcr Sie?<\/strong><\/h3>\n<div class=\"_tableContainer_80l1q_1\">\n<div class=\"_tableWrapper_80l1q_14 group flex w-fit flex-col-reverse\" tabindex=\"-1\">\n<table class=\"w-fit min-w-(--thread-content-width)\" data-start=\"4851\" data-end=\"6149\">\n<thead data-start=\"4851\" data-end=\"4944\">\n<tr data-start=\"4851\" data-end=\"4944\">\n<th data-start=\"4851\" data-end=\"4865\" data-col-size=\"sm\"><strong data-start=\"4853\" data-end=\"4864\">Funktion<\/strong><\/th>\n<th data-start=\"4865\" data-end=\"4890\" data-col-size=\"sm\"><strong data-start=\"4867\" data-end=\"4889\">Night Stalker Mini<\/strong><\/th>\n<th data-start=\"4890\" data-end=\"4917\" data-col-size=\"sm\"><strong data-start=\"4892\" data-end=\"4916\">Night Stalker 4K Pro<\/strong><\/th>\n<th data-start=\"4917\" data-end=\"4944\" data-col-size=\"sm\"><strong data-start=\"4919\" data-end=\"4942\">Night Stalker 4K eX<\/strong><\/th>\n<\/tr>\n<\/thead>\n<tbody data-start=\"5042\" data-end=\"6149\">\n<tr data-start=\"5042\" data-end=\"5131\">\n<td data-start=\"5042\" data-end=\"5055\" data-col-size=\"sm\"><strong data-start=\"5044\" data-end=\"5054\">Sensor<\/strong><\/td>\n<td data-col-size=\"sm\" data-start=\"5055\" data-end=\"5080\">2560 \u00d7 1440 px, 2,9 \u00b5m<\/td>\n<td data-col-size=\"sm\" data-start=\"5080\" data-end=\"5105\">3840 \u00d7 2160 px, 2,0 \u00b5m<\/td>\n<td data-col-size=\"sm\" data-start=\"5105\" data-end=\"5131\">3840 \u00d7 2160 px, 2,9 \u00b5m<\/td>\n<\/tr>\n<tr data-start=\"5132\" data-end=\"5204\">\n<td data-start=\"5132\" data-end=\"5149\" data-col-size=\"sm\"><strong data-start=\"5134\" data-end=\"5148\">Bildrate<\/strong><\/td>\n<td data-col-size=\"sm\" data-start=\"5149\" data-end=\"5172\">60\/30 Hz (Farbe\/S&amp;W)<\/td>\n<td data-col-size=\"sm\" data-start=\"5172\" data-end=\"5180\">30 Hz<\/td>\n<td data-col-size=\"sm\" data-start=\"5180\" data-end=\"5204\">60\/30 Hz (Farbe\/S&amp;W)<\/td>\n<\/tr>\n<tr data-start=\"5205\" data-end=\"5283\">\n<td data-start=\"5205\" data-end=\"5219\" data-col-size=\"sm\"><strong data-start=\"5207\" data-end=\"5218\">Anzeige<\/strong><\/td>\n<td data-col-size=\"sm\" data-start=\"5219\" data-end=\"5239\">IPS, 800 \u00d7 800 px<\/td>\n<td data-col-size=\"sm\" data-start=\"5239\" data-end=\"5259\">IPS, 800 \u00d7 800 px<\/td>\n<td data-col-size=\"sm\" data-start=\"5259\" data-end=\"5283\">OLED, 2560 \u00d7 2560 px<\/td>\n<\/tr>\n<tr data-start=\"5284\" data-end=\"5328\">\n<td data-start=\"5284\" data-end=\"5303\" data-col-size=\"sm\"><strong data-start=\"5286\" data-end=\"5302\">Objektivoptionen<\/strong><\/td>\n<td data-col-size=\"sm\" data-start=\"5303\" data-end=\"5311\">35 mm<\/td>\n<td data-col-size=\"sm\" data-start=\"5311\" data-end=\"5319\">70 mm<\/td>\n<td data-col-size=\"sm\" data-start=\"5319\" data-end=\"5328\">70 mm<\/td>\n<\/tr>\n<tr data-start=\"5329\" data-end=\"5368\">\n<td data-start=\"5329\" data-end=\"5348\" data-col-size=\"sm\"><strong data-start=\"5331\" data-end=\"5347\">Optischer Zoom<\/strong><\/td>\n<td data-col-size=\"sm\" data-start=\"5348\" data-end=\"5353\">3\u00d7<\/td>\n<td data-col-size=\"sm\" data-start=\"5353\" data-end=\"5360\">5,6\u00d7<\/td>\n<td data-col-size=\"sm\" data-start=\"5360\" data-end=\"5368\">5,5\u00d7<\/td>\n<\/tr>\n<tr data-start=\"5369\" data-end=\"5404\">\n<td data-start=\"5369\" data-end=\"5388\" data-col-size=\"sm\"><strong data-start=\"5371\" data-end=\"5387\">Digitaler Zoom<\/strong><\/td>\n<td data-col-size=\"sm\" data-start=\"5388\" data-end=\"5393\">2\u00d7<\/td>\n<td data-col-size=\"sm\" data-start=\"5393\" data-end=\"5398\">3\u00d7<\/td>\n<td data-col-size=\"sm\" data-start=\"5398\" data-end=\"5404\">2\u00d7<\/td>\n<\/tr>\n<tr data-start=\"5405\" data-end=\"5453\">\n<td data-start=\"5405\" data-end=\"5427\" data-col-size=\"sm\"><strong data-start=\"5407\" data-end=\"5426\">FOV @ 100 m (H)<\/strong><\/td>\n<td data-col-size=\"sm\" data-start=\"5427\" data-end=\"5435\">9,9 m<\/td>\n<td data-col-size=\"sm\" data-start=\"5435\" data-end=\"5443\">5,7 m<\/td>\n<td data-col-size=\"sm\" data-start=\"5443\" data-end=\"5453\">10,7 m<\/td>\n<\/tr>\n<tr data-start=\"5454\" data-end=\"5516\">\n<td data-start=\"5454\" data-end=\"5477\" data-col-size=\"sm\"><strong data-start=\"5456\" data-end=\"5476\">Videoaufl\u00f6sung<\/strong><\/td>\n<td data-col-size=\"sm\" data-start=\"5477\" data-end=\"5494\">1440 \u00d7 1080 px<\/td>\n<td data-col-size=\"sm\" data-start=\"5494\" data-end=\"5498\">\u2013<\/td>\n<td data-col-size=\"sm\" data-start=\"5498\" data-end=\"5516\">1280 \u00d7 1280 px<\/td>\n<\/tr>\n<tr data-start=\"5517\" data-end=\"5551\">\n<td data-start=\"5517\" data-end=\"5532\" data-col-size=\"sm\"><strong data-start=\"5519\" data-end=\"5531\">PIP-Modus<\/strong><\/td>\n<td data-col-size=\"sm\" data-start=\"5532\" data-end=\"5538\">Ja<\/td>\n<td data-col-size=\"sm\" data-start=\"5538\" data-end=\"5544\">Ja<\/td>\n<td data-col-size=\"sm\" data-start=\"5544\" data-end=\"5551\">Ja<\/td>\n<\/tr>\n<tr data-start=\"5552\" data-end=\"5587\">\n<td data-start=\"5552\" data-end=\"5568\" data-col-size=\"sm\"><strong data-start=\"5554\" data-end=\"5567\">Gyroskop<\/strong><\/td>\n<td data-col-size=\"sm\" data-start=\"5568\" data-end=\"5574\">Ja<\/td>\n<td data-col-size=\"sm\" data-start=\"5574\" data-end=\"5580\">Ja<\/td>\n<td data-col-size=\"sm\" data-start=\"5580\" data-end=\"5587\">Ja<\/td>\n<\/tr>\n<tr data-start=\"5588\" data-end=\"5636\">\n<td data-start=\"5588\" data-end=\"5617\" data-col-size=\"sm\"><strong data-start=\"5590\" data-end=\"5616\">R\u00fccksto\u00dfaktiviertes Video<\/strong><\/td>\n<td data-col-size=\"sm\" data-start=\"5617\" data-end=\"5623\">Ja<\/td>\n<td data-col-size=\"sm\" data-start=\"5623\" data-end=\"5629\">Ja<\/td>\n<td data-col-size=\"sm\" data-start=\"5629\" data-end=\"5636\">Ja<\/td>\n<\/tr>\n<tr data-start=\"5637\" data-end=\"5681\">\n<td data-start=\"5637\" data-end=\"5664\" data-col-size=\"sm\"><strong data-start=\"5639\" data-end=\"5663\">Ballistikrechner<\/strong><\/td>\n<td data-col-size=\"sm\" data-start=\"5664\" data-end=\"5669\">Nein<\/td>\n<td data-col-size=\"sm\" data-start=\"5669\" data-end=\"5674\">Nein<\/td>\n<td data-col-size=\"sm\" data-start=\"5674\" data-end=\"5681\">Ja<\/td>\n<\/tr>\n<tr data-start=\"5682\" data-end=\"5738\">\n<td data-start=\"5682\" data-end=\"5701\" data-col-size=\"sm\"><strong data-start=\"5684\" data-end=\"5700\">Akkulaufzeit<\/strong><\/td>\n<td data-col-size=\"sm\" data-start=\"5701\" data-end=\"5713\">Bis zu 6 h<\/td>\n<td data-col-size=\"sm\" data-start=\"5713\" data-end=\"5725\">Bis zu 6 h<\/td>\n<td data-col-size=\"sm\" data-start=\"5725\" data-end=\"5738\">Bis zu 8 h<\/td>\n<\/tr>\n<tr data-start=\"5739\" data-end=\"5778\">\n<td data-start=\"5739\" data-end=\"5756\" data-col-size=\"sm\"><strong data-start=\"5741\" data-end=\"5755\">Schutz<\/strong><\/td>\n<td data-col-size=\"sm\" data-start=\"5756\" data-end=\"5763\">IP67<\/td>\n<td data-col-size=\"sm\" data-start=\"5763\" data-end=\"5770\">IP67<\/td>\n<td data-col-size=\"sm\" data-start=\"5770\" data-end=\"5778\">IP67<\/td>\n<\/tr>\n<tr data-start=\"5779\" data-end=\"5831\">\n<td data-start=\"5779\" data-end=\"5803\" data-col-size=\"sm\"><strong data-start=\"5781\" data-end=\"5802\">R\u00fccksto\u00dffestigkeit<\/strong><\/td>\n<td data-col-size=\"sm\" data-start=\"5803\" data-end=\"5812\">6000 j<\/td>\n<td data-col-size=\"sm\" data-start=\"5812\" data-end=\"5821\">6000 j<\/td>\n<td data-col-size=\"sm\" data-start=\"5821\" data-end=\"5831\">6000 j<\/td>\n<\/tr>\n<tr data-start=\"5832\" data-end=\"5893\">\n<td data-start=\"5832\" data-end=\"5860\" data-col-size=\"sm\"><strong data-start=\"5834\" data-end=\"5859\">Gewicht (mit Akku)<\/strong><\/td>\n<td data-col-size=\"sm\" data-start=\"5860\" data-end=\"5868\">455 g<\/td>\n<td data-col-size=\"sm\" data-start=\"5868\" data-end=\"5884\">Nicht angegeben<\/td>\n<td data-col-size=\"sm\" data-start=\"5884\" data-end=\"5893\">896 g<\/td>\n<\/tr>\n<tr data-start=\"5894\" data-end=\"5974\">\n<td data-start=\"5894\" data-end=\"5913\" data-col-size=\"sm\"><strong data-start=\"5896\" data-end=\"5912\">Stromquelle<\/strong><\/td>\n<td data-col-size=\"sm\" data-start=\"5913\" data-end=\"5925\">1 \u00d7 18650<\/td>\n<td data-col-size=\"sm\" data-start=\"5925\" data-end=\"5937\">1 \u00d7 18650<\/td>\n<td data-col-size=\"sm\" data-start=\"5937\" data-end=\"5974\">Interner 21700 + Abnehmbarer 18650<\/td>\n<\/tr>\n<tr data-start=\"5975\" data-end=\"6095\">\n<td data-start=\"5975\" data-end=\"5995\" data-col-size=\"sm\"><strong data-start=\"5977\" data-end=\"5994\">Anzeigemodi<\/strong><\/td>\n<td data-col-size=\"sm\" data-start=\"5995\" data-end=\"6026\">Farbe \/ S&amp;W \/ Gr\u00fcn \/ Gelb<\/td>\n<td data-col-size=\"sm\" data-start=\"6026\" data-end=\"6063\">Farbe \/ S&amp;W \/ Gelb \/ Gr\u00fcn \/ Rot<\/td>\n<td data-col-size=\"sm\" data-start=\"6063\" data-end=\"6095\">Farbe \/ S&amp;W \/ Gr\u00fcn \/ Gelb<\/td>\n<\/tr>\n<tr data-start=\"6096\" data-end=\"6149\">\n<td data-start=\"6096\" data-end=\"6106\" data-col-size=\"sm\"><strong data-start=\"6098\" data-end=\"6105\">App<\/strong><\/td>\n<td data-col-size=\"sm\" data-start=\"6106\" data-end=\"6120\">PardVision2<\/td>\n<td data-col-size=\"sm\" data-start=\"6120\" data-end=\"6134\">PardVision2<\/td>\n<td data-col-size=\"sm\" data-start=\"6134\" data-end=\"6149\">PardVision2<\/td>\n<\/tr>\n<\/tbody>\n<\/table>\n<\/div>\n<\/div>\n","protected":false},"excerpt":{"rendered":"<p>PARD Night Stalker 4K Pro \u2013 un\u00fcbertroffene Pr\u00e4zision f\u00fcr die Nacht Wenn im Dunkeln nichts verborgen bleiben darf, kommt das PARD Night Stalker 4K Pro ins Spiel. Dieses digitale Nachtsicht-Zielfernrohr ist f\u00fcr Benutzer konzipiert, die h\u00f6chste Bildqualit\u00e4t, Leistung und Haltbarkeit fordern. Mit einem 4K-Sensor, einem bis zu 100 mm Objektiv und einem bis zu 8-fachen [&#8230;]\n","protected":false},"featured_media":283351,"comment_status":"open","ping_status":"closed","template":"","meta":[],"product_brand":[],"product_cat":[1375],"product_tag":[],"class_list":{"0":"post-283507","1":"product","2":"type-product","3":"status-publish","4":"has-post-thumbnail","6":"product_cat-nachtsicht","8":"first","9":"instock","10":"taxable","11":"shipping-taxable","12":"purchasable","13":"product-type-simple"},"composite_virtual":false,"composite_layout":"","composite_add_to_cart_form_location":"","composite_editable_in_cart":false,"composite_sold_individually_context":"","composite_shop_price_calc":"","composite_components":[],"composite_scenarios":[],"group_of_quantity":0,"min_quantity":0,"max_quantity":"","exclude_order_quantity_value_rules":"no","exclude_category_quantity_rules":"no","combine_variations":"no","exclude_global_add_ons":[],"addons":[],"_links":{"self":[{"href":"https:\/\/www.huntersfriend.eu\/de\/wp-json\/wp\/v2\/product\/283507","targetHints":{"allow":["GET"]}}],"collection":[{"href":"https:\/\/www.huntersfriend.eu\/de\/wp-json\/wp\/v2\/product"}],"about":[{"href":"https:\/\/www.huntersfriend.eu\/de\/wp-json\/wp\/v2\/types\/product"}],"replies":[{"embeddable":true,"href":"https:\/\/www.huntersfriend.eu\/de\/wp-json\/wp\/v2\/comments?post=283507"}],"wp:featuredmedia":[{"embeddable":true,"href":"https:\/\/www.huntersfriend.eu\/de\/wp-json\/wp\/v2\/media\/283351"}],"wp:attachment":[{"href":"https:\/\/www.huntersfriend.eu\/de\/wp-json\/wp\/v2\/media?parent=283507"}],"wp:term":[{"taxonomy":"product_brand","embeddable":true,"href":"https:\/\/www.huntersfriend.eu\/de\/wp-json\/wp\/v2\/product_brand?post=283507"},{"taxonomy":"product_cat","embeddable":true,"href":"https:\/\/www.huntersfriend.eu\/de\/wp-json\/wp\/v2\/product_cat?post=283507"},{"taxonomy":"product_tag","embeddable":true,"href":"https:\/\/www.huntersfriend.eu\/de\/wp-json\/wp\/v2\/product_tag?post=283507"}],"curies":[{"name":"wp","href":"https:\/\/api.w.org\/{rel}","templated":true}]}}