{"id":283505,"date":"2025-06-19T00:40:03","date_gmt":"2025-07-30T06:23:56","guid":{"rendered":"https:\/\/www.huntersfriend.eu\/product\/armytek-18650-li-ionen-akku-mit-pcb-3500-mah\/"},"modified":"2025-07-30T08:23:56","modified_gmt":"2025-07-30T06:23:56","slug":"armytek-18650-li-ionen-akku-mit-pcb-3500-mah","status":"publish","type":"product","link":"https:\/\/www.huntersfriend.eu\/de\/produkt\/armytek-18650-li-ionen-akku-mit-pcb-3500-mah\/","title":{"rendered":"Armytek 18650 Li-Ionen-Akku mit PCB 3500 mAh"},"content":{"rendered":"<p data-start=\"0\" data-end=\"132\"><strong data-start=\"0\" data-end=\"41\">Armytek 18650 Li-Ion Akku 3500 mAh<\/strong><br data-start=\"41\" data-end=\"44\"><em data-start=\"44\" data-end=\"132\">Verl\u00e4ngern Sie Ihre Lichtleistung \u2013 leistungsstark, langlebig und f\u00fcr den anspruchsvollen Einsatz gebaut<\/em><\/p>\n<p data-start=\"134\" data-end=\"432\">Der <strong data-start=\"138\" data-end=\"171\">Armytek 18650 Li-Ion 3500 mAh<\/strong> ist ein Hochleistungsakku, der entwickelt wurde, um Ihre Lampen lange mit Strom zu versorgen. Dieser Lithium-Ionen-Akku ist f\u00fcr Ger\u00e4te mit hohem Stromverbrauch ausgelegt und h\u00e4lt bis zu <strong data-start=\"339\" data-end=\"360\">500 Ladezyklen<\/strong> stand \u2013 eine zuverl\u00e4ssige Stromquelle sowohl f\u00fcr den t\u00e4glichen Gebrauch als auch f\u00fcr Outdoor-Abenteuer. <\/p>\n<hr data-start=\"434\" data-end=\"437\">\n<h3 data-start=\"439\" data-end=\"455\"><strong data-start=\"443\" data-end=\"455\">\u00dcberblick<\/strong><\/h3>\n<p data-start=\"457\" data-end=\"654\">Der Armytek 18650 Li-Ion 3500 mAh ist ein <strong data-start=\"496\" data-end=\"526\">gesch\u00fctzter Akku mit flachem Pluspol<\/strong>, der f\u00fcr die Verwendung in Ger\u00e4ten entwickelt wurde, die 18650-Zellen ben\u00f6tigen. Er verf\u00fcgt \u00fcber eine fortschrittliche Schutzschaltung, um Sicherheit und Langlebigkeit zu gew\u00e4hrleisten. <\/p>\n<hr data-start=\"656\" data-end=\"659\">\n<h3 data-start=\"661\" data-end=\"693\"><strong data-start=\"665\" data-end=\"693\">Technische Daten<\/strong><\/h3>\n<ul data-start=\"695\" data-end=\"1241\">\n<li data-start=\"695\" data-end=\"759\">\n<p data-start=\"697\" data-end=\"759\"><strong data-start=\"697\" data-end=\"717\">Nennspannung:<\/strong> 3,7 V \u2013 Standard f\u00fcr Lithium-Ionen-Ausgang<\/p>\n<\/li>\n<li data-start=\"760\" data-end=\"832\">\n<p data-start=\"762\" data-end=\"832\"><strong data-start=\"762\" data-end=\"775\">Kapazit\u00e4t:<\/strong> 3500 mAh (\u224812,95 Wh) \u2013 lange Laufzeit mit einer einzigen Ladung<\/p>\n<\/li>\n<li data-start=\"833\" data-end=\"914\">\n<p data-start=\"835\" data-end=\"914\"><strong data-start=\"835\" data-end=\"854\">Entladerate:<\/strong> Bis zu <strong data-start=\"861\" data-end=\"879\">7 A kontinuierlich<\/strong> \u2013 geeignet f\u00fcr Lampen mit hohem Stromverbrauch<\/p>\n<\/li>\n<li data-start=\"915\" data-end=\"996\">\n<p data-start=\"917\" data-end=\"996\"><strong data-start=\"917\" data-end=\"935\">Ladezyklen:<\/strong> Bis zu <strong data-start=\"942\" data-end=\"978\">500 vollst\u00e4ndige Lade-\/Entladezyklen<\/strong> \u2013 lange Lebensdauer<\/p>\n<\/li>\n<li data-start=\"997\" data-end=\"1084\">\n<p data-start=\"999\" data-end=\"1084\"><strong data-start=\"999\" data-end=\"1019\">Sicherheitsmerkmale:<\/strong> Eingebautes <strong data-start=\"1029\" data-end=\"1054\">Druckentlastungsventil<\/strong> und <strong data-start=\"1059\" data-end=\"1082\">\u00dcberhitzungsschutz<\/strong><\/p>\n<\/li>\n<li data-start=\"1085\" data-end=\"1178\">\n<p data-start=\"1087\" data-end=\"1178\"><strong data-start=\"1087\" data-end=\"1105\">Anschlusstyp:<\/strong> <strong data-start=\"1106\" data-end=\"1118\">Flacher Pluspol<\/strong> \u2013 stabile Verbindung, kompatibel mit den meisten Armytek-Ger\u00e4ten<\/p>\n<\/li>\n<li data-start=\"1179\" data-end=\"1241\">\n<p data-start=\"1181\" data-end=\"1241\"><strong data-start=\"1181\" data-end=\"1199\">Herstellung:<\/strong> Hergestellt in Japan in Armyteks eigener Einrichtung<\/p>\n<\/li>\n<\/ul>\n<hr data-start=\"1243\" data-end=\"1246\">\n<h3 data-start=\"1248\" data-end=\"1279\"><strong data-start=\"1252\" data-end=\"1279\">Vorteile &amp; Anwendungen<\/strong><\/h3>\n<ul data-start=\"1281\" data-end=\"1730\">\n<li data-start=\"1281\" data-end=\"1415\">\n<p data-start=\"1283\" data-end=\"1415\"><strong data-start=\"1283\" data-end=\"1300\">Verl\u00e4ngerte Nutzungsdauer:<\/strong> Die Kapazit\u00e4t von 3500 mAh sorgt daf\u00fcr, dass Ihre Taschenlampe auch bei l\u00e4ngerer Nutzung durchh\u00e4lt \u2013 sogar bis zu einer Woche unter normalen Bedingungen<\/p>\n<\/li>\n<li data-start=\"1416\" data-end=\"1528\">\n<p data-start=\"1418\" data-end=\"1528\"><strong data-start=\"1418\" data-end=\"1447\">Hohe Stromleistung:<\/strong> 7 A Entladestrom unterst\u00fctzt High-Power-Modi in <strong data-start=\"1491\" data-end=\"1512\">Lampen der Pro-Serie<\/strong> problemlos<\/p>\n<\/li>\n<li data-start=\"1529\" data-end=\"1608\">\n<p data-start=\"1531\" data-end=\"1608\"><strong data-start=\"1531\" data-end=\"1551\">Sicher &amp; Zuverl\u00e4ssig:<\/strong> Integrierte Sicherheitssysteme sch\u00fctzen sowohl Benutzer als auch Ger\u00e4t<\/p>\n<\/li>\n<li data-start=\"1609\" data-end=\"1730\">\n<p data-start=\"1611\" data-end=\"1730\"><strong data-start=\"1611\" data-end=\"1635\">Breite Kompatibilit\u00e4t:<\/strong> Passt zu einer Vielzahl von <strong data-start=\"1657\" data-end=\"1680\">Armytek-Taschenlampen<\/strong> und anderen Ger\u00e4ten, die 18650-Lithium-Ionen-Zellen verwenden<\/p>\n<\/li>\n<\/ul>\n<hr data-start=\"1732\" data-end=\"1735\">\n<h3 data-start=\"1737\" data-end=\"1777\"><strong data-start=\"1741\" data-end=\"1777\">Empfohlene Anwendungen &amp; Kompatibilit\u00e4t<\/strong><\/h3>\n<p data-start=\"1779\" data-end=\"1821\">Kompatibel mit leistungsstarken Modellen wie:<\/p>\n<ul data-start=\"1822\" data-end=\"1910\">\n<li data-start=\"1822\" data-end=\"1851\">\n<p data-start=\"1824\" data-end=\"1851\"><strong data-start=\"1824\" data-end=\"1849\">Armytek Wizard C2 Pro<\/strong><\/p>\n<\/li>\n<li data-start=\"1852\" data-end=\"1880\">\n<p data-start=\"1854\" data-end=\"1880\"><strong data-start=\"1854\" data-end=\"1878\">Armytek Predator Pro<\/strong><\/p>\n<\/li>\n<li data-start=\"1881\" data-end=\"1910\">\n<p data-start=\"1883\" data-end=\"1910\"><strong data-start=\"1883\" data-end=\"1908\">Armytek Dobermann Pro<\/strong><\/p>\n<\/li>\n<\/ul>\n<p data-start=\"1912\" data-end=\"2035\">Benutzer-Feedback best\u00e4tigt, dass der Akku die f\u00fcr die meisten <strong data-start=\"2002\" data-end=\"2017\">Turbo-Modi<\/strong> ben\u00f6tigten Entladeraten (10\u201313 A Spitze) problemlos bew\u00e4ltigt.<\/p>\n<hr data-start=\"2037\" data-end=\"2040\">\n<h3 data-start=\"2042\" data-end=\"2096\"><strong data-start=\"2046\" data-end=\"2096\">Warum den Armytek 18650 3500 mAh Akku w\u00e4hlen?<\/strong><\/h3>\n<p data-start=\"2098\" data-end=\"2405\">Dieser Akku ist eine <strong data-start=\"2116\" data-end=\"2168\">leistungsstarke, langlebige und sicherheitsoptimierte<\/strong> Stromquelle, ideal f\u00fcr alle, die die Laufzeit ihrer Taschenlampe maximieren m\u00f6chten. Egal, ob Sie Techniker, professioneller Anwender oder Outdoor-Enthusiast sind, seine hohe Entladef\u00e4higkeit und robusten Sicherheitsmerkmale machen ihn zu einer einfachen und zuverl\u00e4ssigen Wahl. <\/p>\n<p data-start=\"2407\" data-end=\"2528\" data-is-last-node=\"\" data-is-only-node=\"\">Lassen Sie mich wissen, wenn Sie einen Vergleich mit anderen 18650-Akkus oder eine Empfehlung f\u00fcr Ihr spezifisches Taschenlampenmodell w\u00fcnschen.<\/p>\n","protected":false},"excerpt":{"rendered":"<p>Armytek 18650 Li-Ion Akku 3500 mAhVerl\u00e4ngern Sie Ihre Lichtleistung \u2013 leistungsstark, langlebig und f\u00fcr den anspruchsvollen Einsatz gebaut Der Armytek 18650 Li-Ion 3500 mAh ist ein Hochleistungsakku, der entwickelt wurde, um Ihre Lampen lange mit Strom zu versorgen. Dieser Lithium-Ionen-Akku ist f\u00fcr Ger\u00e4te mit hohem Stromverbrauch ausgelegt und h\u00e4lt bis zu 500 Ladezyklen stand \u2013 [&#8230;]\n","protected":false},"featured_media":282963,"comment_status":"open","ping_status":"closed","template":"","meta":[],"product_brand":[],"product_cat":[1412],"product_tag":[],"class_list":{"0":"post-283505","1":"product","2":"type-product","3":"status-publish","4":"has-post-thumbnail","6":"product_cat-fernglaszubehor","8":"first","9":"instock","10":"taxable","11":"shipping-taxable","12":"purchasable","13":"product-type-simple"},"composite_virtual":false,"composite_layout":"","composite_add_to_cart_form_location":"","composite_editable_in_cart":false,"composite_sold_individually_context":"","composite_shop_price_calc":"","composite_components":[],"composite_scenarios":[],"group_of_quantity":0,"min_quantity":0,"max_quantity":"","exclude_order_quantity_value_rules":"no","exclude_category_quantity_rules":"no","combine_variations":"no","exclude_global_add_ons":[],"addons":[],"_links":{"self":[{"href":"https:\/\/www.huntersfriend.eu\/de\/wp-json\/wp\/v2\/product\/283505","targetHints":{"allow":["GET"]}}],"collection":[{"href":"https:\/\/www.huntersfriend.eu\/de\/wp-json\/wp\/v2\/product"}],"about":[{"href":"https:\/\/www.huntersfriend.eu\/de\/wp-json\/wp\/v2\/types\/product"}],"replies":[{"embeddable":true,"href":"https:\/\/www.huntersfriend.eu\/de\/wp-json\/wp\/v2\/comments?post=283505"}],"wp:featuredmedia":[{"embeddable":true,"href":"https:\/\/www.huntersfriend.eu\/de\/wp-json\/wp\/v2\/media\/282963"}],"wp:attachment":[{"href":"https:\/\/www.huntersfriend.eu\/de\/wp-json\/wp\/v2\/media?parent=283505"}],"wp:term":[{"taxonomy":"product_brand","embeddable":true,"href":"https:\/\/www.huntersfriend.eu\/de\/wp-json\/wp\/v2\/product_brand?post=283505"},{"taxonomy":"product_cat","embeddable":true,"href":"https:\/\/www.huntersfriend.eu\/de\/wp-json\/wp\/v2\/product_cat?post=283505"},{"taxonomy":"product_tag","embeddable":true,"href":"https:\/\/www.huntersfriend.eu\/de\/wp-json\/wp\/v2\/product_tag?post=283505"}],"curies":[{"name":"wp","href":"https:\/\/api.w.org\/{rel}","templated":true}]}}