{"id":283504,"date":"2025-06-19T00:40:02","date_gmt":"2025-07-30T06:23:55","guid":{"rendered":"https:\/\/www.huntersfriend.eu\/product\/armytek-zippy-wr-extended-set-blau\/"},"modified":"2026-02-25T10:38:03","modified_gmt":"2026-02-25T08:38:03","slug":"armytek-zippy-wr-extended-set-blau","status":"publish","type":"product","link":"https:\/\/www.huntersfriend.eu\/de\/produkt\/armytek-zippy-wr-extended-set-blau\/","title":{"rendered":"Armytek Zippy WR Extended Set Blau"},"content":{"rendered":"<h2 data-section-id=\"fjttj4\" data-start=\"99\" data-end=\"177\"><strong data-start=\"102\" data-end=\"177\">Armytek Zippy WR ES Blau \u2013 eine winzige Lampe f\u00fcr Alltag und Abenteuer<\/strong><\/h2>\n<p data-start=\"179\" data-end=\"437\">Stellen Sie sich eine Taschenlampe vor, die an Ihrem Schl\u00fcsselbund Platz findet, einen dunklen Automotor beleuchtet, als Stirnlampe auf Waldwegen dient und Ihre Nachtsicht mit rotem Licht bewahrt \u2013 alles in einem nur wenige Zentimeter langen Geh\u00e4use. Die <strong data-start=\"394\" data-end=\"422\">Armytek Zippy WR ES Blau<\/strong> kann all das. <\/p>\n<p data-start=\"439\" data-end=\"612\">Die <strong data-start=\"443\" data-end=\"463\">Zippy WR ES Blau<\/strong> ist eine <strong data-start=\"469\" data-end=\"485\">3-in-1-Lampe<\/strong>, die wei\u00dfe und rote LEDs, USB-Aufladung und ein innovatives magnetisches Clip-Ladeger\u00e4t kombiniert \u2013 entwickelt f\u00fcr das Leben rund um die Uhr.<\/p>\n<hr data-start=\"614\" data-end=\"617\">\n<h3 data-section-id=\"3o1utj\" data-start=\"619\" data-end=\"658\"><strong data-start=\"623\" data-end=\"658\">Drei Gr\u00fcnde, die Zippy zu lieben<\/strong><\/h3>\n<ul data-start=\"660\" data-end=\"1062\">\n<li data-start=\"660\" data-end=\"770\">\n<p data-start=\"662\" data-end=\"770\"><strong data-start=\"662\" data-end=\"703\">\u00dcberraschende Helligkeit in einem Mikrok\u00f6rper<\/strong> \u2013 120 lm wei\u00dfes und 30 lm rotes Licht in einer Einheit mit einem Gewicht von nur 12 g.<\/p>\n<\/li>\n<li data-start=\"771\" data-end=\"938\">\n<p data-start=\"773\" data-end=\"938\"><strong data-start=\"773\" data-end=\"792\">Zweifarbiges Licht<\/strong> erh\u00e4lt Ihre Nachtsicht und zeigt gleichzeitig Details \u2013 rotes Licht ist ideal zum Angeln, Fotografieren oder Sternegucken, ohne die Dunkeladaption zu verlieren.<\/p>\n<\/li>\n<li data-start=\"939\" data-end=\"1062\">\n<p data-start=\"941\" data-end=\"1062\"><strong data-start=\"941\" data-end=\"1003\">Einfache Ein-Knopf-Bedienung &amp; schnelles Aufladen \u00fcber Micro-USB<\/strong> \u2013 der USB-Anschluss ist auch ohne Abdeckung wasserdicht.<\/p>\n<\/li>\n<\/ul>\n<hr data-start=\"1064\" data-end=\"1067\">\n<h3 data-section-id=\"gqkziz\" data-start=\"1069\" data-end=\"1101\"><strong data-start=\"1073\" data-end=\"1101\">Technische Daten<\/strong><\/h3>\n<div class=\"_tableContainer_80l1q_1\">\n<div class=\"_tableWrapper_80l1q_14 group flex w-fit flex-col-reverse\" tabindex=\"-1\">\n<table class=\"w-fit min-w-(--thread-content-width)\" data-start=\"1103\" data-end=\"1801\">\n<thead data-start=\"1103\" data-end=\"1124\">\n<tr data-start=\"1103\" data-end=\"1124\">\n<th data-start=\"1103\" data-end=\"1113\" data-col-size=\"sm\">Merkmal<\/th>\n<th data-start=\"1113\" data-end=\"1124\" data-col-size=\"md\">Details<\/th>\n<\/tr>\n<\/thead>\n<tbody data-start=\"1146\" data-end=\"1801\">\n<tr data-start=\"1146\" data-end=\"1194\">\n<td data-start=\"1146\" data-end=\"1163\" data-col-size=\"sm\"><strong data-start=\"1148\" data-end=\"1162\">Helligkeit<\/strong><\/td>\n<td data-col-size=\"md\" data-start=\"1163\" data-end=\"1194\">120 lm (wei\u00df), 30 lm (rot)<\/td>\n<\/tr>\n<tr data-start=\"1195\" data-end=\"1251\">\n<td data-start=\"1195\" data-end=\"1212\" data-col-size=\"sm\"><strong data-start=\"1197\" data-end=\"1211\">Abstrahlwinkel<\/strong><\/td>\n<td data-col-size=\"md\" data-start=\"1212\" data-end=\"1251\">110\u00b0 breite Ausleuchtung, 60\u00b0 Hotspot<\/td>\n<\/tr>\n<tr data-start=\"1252\" data-end=\"1293\">\n<td data-start=\"1252\" data-end=\"1266\" data-col-size=\"sm\"><strong data-start=\"1254\" data-end=\"1265\">Akku<\/strong><\/td>\n<td data-col-size=\"md\" data-start=\"1266\" data-end=\"1293\">Eingebauter 100 mAh Li-Pol<\/td>\n<\/tr>\n<tr data-start=\"1294\" data-end=\"1353\">\n<td data-start=\"1294\" data-end=\"1309\" data-col-size=\"sm\"><strong data-start=\"1296\" data-end=\"1308\">Aufladen<\/strong><\/td>\n<td data-col-size=\"md\" data-start=\"1309\" data-end=\"1353\">Micro-USB, wasserdichter Ladeanschluss<\/td>\n<\/tr>\n<tr data-start=\"1354\" data-end=\"1442\">\n<td data-start=\"1354\" data-end=\"1366\" data-col-size=\"sm\"><strong data-start=\"1356\" data-end=\"1365\">Modi<\/strong><\/td>\n<td data-col-size=\"md\" data-start=\"1366\" data-end=\"1442\">5 wei\u00dfe + 5 rote Lichtmodi, Ein-Knopf-Bedienung mit Doppelklick-Zugriff<\/td>\n<\/tr>\n<tr data-start=\"1443\" data-end=\"1556\">\n<td data-start=\"1443\" data-end=\"1457\" data-col-size=\"sm\"><strong data-start=\"1445\" data-end=\"1456\">Laufzeit<\/strong><\/td>\n<td data-col-size=\"md\" data-start=\"1457\" data-end=\"1556\">Bis zu 19 Min. (wei\u00df), 34 Min. (rot) auf max. \u2013 bis zu 220 h (wei\u00df) \/ 135 h (rot) auf niedrigster Stufe<\/td>\n<\/tr>\n<tr data-start=\"1557\" data-end=\"1607\">\n<td data-start=\"1557\" data-end=\"1577\" data-col-size=\"sm\"><strong data-start=\"1559\" data-end=\"1576\">Gr\u00f6\u00dfe &amp; Gewicht<\/strong><\/td>\n<td data-col-size=\"md\" data-start=\"1577\" data-end=\"1607\">58,8 \u00d7 25,6 \u00d7 9,4 mm, 12 g<\/td>\n<\/tr>\n<tr data-start=\"1608\" data-end=\"1690\">\n<td data-start=\"1608\" data-end=\"1623\" data-col-size=\"sm\"><strong data-start=\"1610\" data-end=\"1622\">Material<\/strong><\/td>\n<td data-col-size=\"md\" data-start=\"1623\" data-end=\"1690\">Flugzeugtaugliches Aluminium mit harter Eloxierung und verst\u00e4rkten Rippen<\/td>\n<\/tr>\n<tr data-start=\"1691\" data-end=\"1774\">\n<td data-start=\"1691\" data-end=\"1708\" data-col-size=\"sm\"><strong data-start=\"1693\" data-end=\"1707\">Schutz<\/strong><\/td>\n<td data-col-size=\"md\" data-start=\"1708\" data-end=\"1774\">IP67 \u2013 wasserdicht bis 1 m, staubdicht, sturzfest bis 10 m<\/td>\n<\/tr>\n<tr data-start=\"1775\" data-end=\"1801\">\n<td data-start=\"1775\" data-end=\"1790\" data-col-size=\"sm\"><strong data-start=\"1777\" data-end=\"1789\">Garantie<\/strong><\/td>\n<td data-col-size=\"md\" data-start=\"1790\" data-end=\"1801\">5 Jahre<\/td>\n<\/tr>\n<\/tbody>\n<\/table>\n<div class=\"sticky end-(--thread-content-margin) h-0 self-end select-none\">\n<div class=\"absolute end-0 flex items-end\"><\/div>\n<\/div>\n<\/div>\n<\/div>\n<hr data-start=\"1803\" data-end=\"1806\">\n<h3 data-section-id=\"tzprh5\" data-start=\"1808\" data-end=\"1852\"><strong data-start=\"1812\" data-end=\"1852\">Ideale Anwendungsf\u00e4lle \u2013 wo die Zippy gl\u00e4nzt<\/strong><\/h3>\n<ul data-start=\"1854\" data-end=\"2161\">\n<li data-start=\"1854\" data-end=\"1923\">\n<p data-start=\"1856\" data-end=\"1923\"><strong data-start=\"1856\" data-end=\"1874\">Schl\u00fcsselanh\u00e4ngerleuchte<\/strong> \u2013 immer zur Hand f\u00fcr allt\u00e4gliche Aufgaben und \u00dcberraschungen<\/p>\n<\/li>\n<li data-start=\"1924\" data-end=\"1991\">\n<p data-start=\"1926\" data-end=\"1991\"><strong data-start=\"1926\" data-end=\"1938\">Stirnlampe<\/strong> \u2013 mit dem magnetischen Ladeger\u00e4t an M\u00fctze oder Kopf befestigen<\/p>\n<\/li>\n<li data-start=\"1992\" data-end=\"2058\">\n<p data-start=\"1994\" data-end=\"2058\"><strong data-start=\"1994\" data-end=\"2008\">Arbeitsleuchte<\/strong> \u2013 mit dem Stahlclip an Ihrer Kleidung befestigen<\/p>\n<\/li>\n<li data-start=\"2059\" data-end=\"2161\">\n<p data-start=\"2061\" data-end=\"2161\"><strong data-start=\"2061\" data-end=\"2077\">Freizeitwerkzeug<\/strong> \u2013 rotes Licht st\u00f6rt weder andere noch verscheucht es Tiere \u2013 perfekt f\u00fcr entspannte Abende<\/p>\n<\/li>\n<\/ul>\n<hr data-start=\"2163\" data-end=\"2166\">\n<h3 data-section-id=\"1y5iu1o\" data-start=\"2168\" data-end=\"2210\"><strong data-start=\"2172\" data-end=\"2208\">Warum die Zippy WR ES Blau w\u00e4hlen?<\/strong><\/h3>\n<p data-start=\"2211\" data-end=\"2558\">Diese Lampe zeichnet sich durch ihr <strong data-start=\"2241\" data-end=\"2272\">kompaktes Design, ihre Benutzerfreundlichkeit<\/strong> und ihre <strong data-start=\"2278\" data-end=\"2307\">ausgewogene Leistung<\/strong> aus. Sie bietet eine beeindruckende Auswahl an Funktionen und Helligkeit in einer Form im Taschenformat und ist somit ein perfekter Begleiter f\u00fcr Outdoor-Typen oder f\u00fcr den t\u00e4glichen Gebrauch. Die Kombination aus einem <strong data-start=\"2480\" data-end=\"2512\">magnetischen Ladeger\u00e4t und einer roten LED<\/strong> macht sie zu einem einzigartigen Werkzeug mit echter Vielseitigkeit.  <\/p>\n<hr data-start=\"2560\" data-end=\"2563\">\n<h3 data-section-id=\"1y155wm\" data-start=\"2565\" data-end=\"2589\"><strong data-start=\"2569\" data-end=\"2589\">Packungsinhalt<\/strong><\/h3>\n<ul data-start=\"2591\" data-end=\"3097\">\n<li data-start=\"2591\" data-end=\"2713\">\n<p data-start=\"2593\" data-end=\"2713\"><strong data-start=\"2593\" data-end=\"2632\">Armytek Zippy WR ES Blaue Taschenlampe<\/strong> mit 120 Lumen wei\u00dfer und 30 Lumen roter LED und eingebautem 100 mAh Li-Pol-Akku<\/p>\n<\/li>\n<li data-start=\"2714\" data-end=\"2786\">\n<p data-start=\"2716\" data-end=\"2786\"><strong data-start=\"2716\" data-end=\"2753\">360\u00b0 drehbare magnetische Cliphalterung<\/strong>, ideal f\u00fcr Stirnlampe oder M\u00fctzen<\/p>\n<\/li>\n<li data-start=\"2787\" data-end=\"2877\">\n<p data-start=\"2789\" data-end=\"2877\"><strong data-start=\"2789\" data-end=\"2827\">Schnellverschluss-Clip aus Edelstahl<\/strong>, l\u00e4sst sich leicht an Kleidung, Rucksack oder G\u00fcrtel befestigen<\/p>\n<\/li>\n<li data-start=\"2878\" data-end=\"2943\">\n<p data-start=\"2880\" data-end=\"2943\"><strong data-start=\"2880\" data-end=\"2899\">Strapazierf\u00e4higer Schl\u00fcsselring<\/strong>, damit die Zippy bei Ihren Schl\u00fcsseln oder Rei\u00dfverschl\u00fcssen bleibt<\/p>\n<\/li>\n<li data-start=\"2944\" data-end=\"3013\">\n<p data-start=\"2946\" data-end=\"3013\"><strong data-start=\"2946\" data-end=\"2974\">Micro-USB-Ladekabel<\/strong>, zum einfachen Aufladen \u00fcber jeden USB-Anschluss<\/p>\n<\/li>\n<li data-start=\"3014\" data-end=\"3097\">\n<p data-start=\"3016\" data-end=\"3097\"><strong data-start=\"3016\" data-end=\"3031\">Bedienungsanleitung<\/strong> mit klaren Anweisungen zu Lichtmodi, Aufladen und Funktionen<\/p>\n<\/li>\n<\/ul>\n","protected":false},"excerpt":{"rendered":"<p>Armytek Zippy WR ES Blau \u2013 eine winzige Lampe f\u00fcr Alltag und Abenteuer Stellen Sie sich eine Taschenlampe vor, die an Ihrem Schl\u00fcsselbund Platz findet, einen dunklen Automotor beleuchtet, als Stirnlampe auf Waldwegen dient und Ihre Nachtsicht mit rotem Licht bewahrt \u2013 alles in einem nur wenige Zentimeter langen Geh\u00e4use. Die Armytek Zippy WR ES [&#8230;]\n","protected":false},"featured_media":283451,"comment_status":"open","ping_status":"closed","template":"","meta":[],"product_brand":[],"product_cat":[2525],"product_tag":[],"class_list":{"0":"post-283504","1":"product","2":"type-product","3":"status-publish","4":"has-post-thumbnail","6":"product_cat-jaktlampor","8":"first","9":"instock","10":"taxable","11":"shipping-taxable","12":"purchasable","13":"product-type-simple"},"composite_virtual":false,"composite_layout":"","composite_add_to_cart_form_location":"","composite_editable_in_cart":false,"composite_sold_individually_context":"","composite_shop_price_calc":"","composite_components":[],"composite_scenarios":[],"group_of_quantity":0,"min_quantity":0,"max_quantity":"","exclude_order_quantity_value_rules":"no","exclude_category_quantity_rules":"no","combine_variations":"no","exclude_global_add_ons":[],"addons":[],"_links":{"self":[{"href":"https:\/\/www.huntersfriend.eu\/de\/wp-json\/wp\/v2\/product\/283504","targetHints":{"allow":["GET"]}}],"collection":[{"href":"https:\/\/www.huntersfriend.eu\/de\/wp-json\/wp\/v2\/product"}],"about":[{"href":"https:\/\/www.huntersfriend.eu\/de\/wp-json\/wp\/v2\/types\/product"}],"replies":[{"embeddable":true,"href":"https:\/\/www.huntersfriend.eu\/de\/wp-json\/wp\/v2\/comments?post=283504"}],"wp:featuredmedia":[{"embeddable":true,"href":"https:\/\/www.huntersfriend.eu\/de\/wp-json\/wp\/v2\/media\/283451"}],"wp:attachment":[{"href":"https:\/\/www.huntersfriend.eu\/de\/wp-json\/wp\/v2\/media?parent=283504"}],"wp:term":[{"taxonomy":"product_brand","embeddable":true,"href":"https:\/\/www.huntersfriend.eu\/de\/wp-json\/wp\/v2\/product_brand?post=283504"},{"taxonomy":"product_cat","embeddable":true,"href":"https:\/\/www.huntersfriend.eu\/de\/wp-json\/wp\/v2\/product_cat?post=283504"},{"taxonomy":"product_tag","embeddable":true,"href":"https:\/\/www.huntersfriend.eu\/de\/wp-json\/wp\/v2\/product_tag?post=283504"}],"curies":[{"name":"wp","href":"https:\/\/api.w.org\/{rel}","templated":true}]}}