{"id":283503,"date":"2025-06-19T00:40:02","date_gmt":"2025-07-30T06:23:54","guid":{"rendered":"https:\/\/www.huntersfriend.eu\/product\/armytek-zippy-wr-extended-set-rot\/"},"modified":"2026-02-25T10:38:04","modified_gmt":"2026-02-25T08:38:04","slug":"armytek-zippy-wr-extended-set-rot","status":"publish","type":"product","link":"https:\/\/www.huntersfriend.eu\/de\/produkt\/armytek-zippy-wr-extended-set-rot\/","title":{"rendered":"Armytek Zippy WR Extended Set Rot"},"content":{"rendered":"<h2 data-section-id=\"1e9h7e0\" data-start=\"98\" data-end=\"163\"><strong data-start=\"101\" data-end=\"163\">Armytek Zippy WR ES Rot \u2013 Starkes Licht in kompakter Form<\/strong><\/h2>\n<p data-start=\"165\" data-end=\"481\">Stellen Sie sich eine Taschenlampe vor, die klein genug ist, um an Ihrem Schl\u00fcsselbund Platz zu finden, aber dennoch hell genug, um Ihren Weg oder Arbeitsbereich zu beleuchten \u2013 und mit einer roten LED, um Ihre Nachtsicht zu erhalten. Die <strong data-start=\"335\" data-end=\"354\">Zippy WR ES Rot<\/strong> ist ein <strong data-start=\"360\" data-end=\"397\">kompaktes, aber leistungsstarkes 3-in-1-Licht<\/strong>: eine Schl\u00fcsselbund-Taschenlampe, eine Stirnlampe und eine allt\u00e4gliche Lichtquelle \u2013 alles in einem 12-g-Paket. <\/p>\n<hr data-start=\"483\" data-end=\"486\">\n<h3 data-section-id=\"ha38j4\" data-start=\"488\" data-end=\"527\"><strong data-start=\"492\" data-end=\"527\">Warum Zippy Rot eine kluge Wahl ist<\/strong><\/h3>\n<ul data-start=\"529\" data-end=\"1262\">\n<li data-start=\"529\" data-end=\"630\">\n<p data-start=\"531\" data-end=\"630\"><strong data-start=\"531\" data-end=\"563\">120 lm wei\u00dfe + 30 lm rote LED<\/strong>, mit einem breiten 110\u00b0-Strahl zur effektiven Ausleuchtung Ihrer Umgebung<\/p>\n<\/li>\n<li data-start=\"631\" data-end=\"731\">\n<p data-start=\"633\" data-end=\"731\"><strong data-start=\"633\" data-end=\"659\">F\u00fcnf Helligkeitsstufen<\/strong> f\u00fcr jede Farbe \u2013 einfach per Einzel- oder Doppelklick umschaltbar<\/p>\n<\/li>\n<li data-start=\"732\" data-end=\"849\">\n<p data-start=\"734\" data-end=\"849\"><strong data-start=\"734\" data-end=\"784\">360\u00b0 drehbare magnetische Halterung mit Kunststoffclip<\/strong> \u2013 befestigen Sie sie an einer Kappe oder einer Metalloberfl\u00e4che und verwenden Sie sie als Stirnlampe<\/p>\n<\/li>\n<li data-start=\"850\" data-end=\"938\">\n<p data-start=\"852\" data-end=\"938\"><strong data-start=\"852\" data-end=\"876\">Edelstahlclip<\/strong> \u2013 zur schnellen Befestigung an Kleidung, G\u00fcrtel oder Rucksack<\/p>\n<\/li>\n<li data-start=\"939\" data-end=\"1020\">\n<p data-start=\"941\" data-end=\"1020\"><strong data-start=\"941\" data-end=\"966\">Robustes Aluminiumgeh\u00e4use<\/strong>, IP67 wasserdicht und sturzsicher aus bis zu 10 m H\u00f6he<\/p>\n<\/li>\n<li data-start=\"1021\" data-end=\"1123\">\n<p data-start=\"1023\" data-end=\"1123\"><strong data-start=\"1023\" data-end=\"1058\">Eingebauter 100 mAh Li-Pol-Akku<\/strong>, Aufladung \u00fcber Micro-USB mit Status-LED zur Ladeanzeige<\/p>\n<\/li>\n<li data-start=\"1124\" data-end=\"1199\">\n<p data-start=\"1126\" data-end=\"1199\"><strong data-start=\"1126\" data-end=\"1170\">Leicht (12 g) und ultraflach (9 mm)<\/strong> \u2013 einfach \u00fcberallhin mitzunehmen<\/p>\n<\/li>\n<li data-start=\"1200\" data-end=\"1262\">\n<p data-start=\"1202\" data-end=\"1262\"><strong data-start=\"1202\" data-end=\"1221\">5 Jahre Garantie<\/strong> \u2013 zuverl\u00e4ssiger Begleiter f\u00fcr lange Zeit<\/p>\n<\/li>\n<\/ul>\n<hr data-start=\"1264\" data-end=\"1267\">\n<h3 data-section-id=\"gqkziz\" data-start=\"1269\" data-end=\"1301\"><strong data-start=\"1273\" data-end=\"1301\">Technische Daten<\/strong><\/h3>\n<div class=\"_tableContainer_80l1q_1\">\n<div class=\"_tableWrapper_80l1q_14 group flex w-fit flex-col-reverse\" tabindex=\"-1\">\n<table class=\"w-fit min-w-(--thread-content-width)\" data-start=\"1303\" data-end=\"1923\">\n<thead data-start=\"1303\" data-end=\"1324\">\n<tr data-start=\"1303\" data-end=\"1324\">\n<th data-start=\"1303\" data-end=\"1313\" data-col-size=\"sm\">Merkmal<\/th>\n<th data-start=\"1313\" data-end=\"1324\" data-col-size=\"md\">Details<\/th>\n<\/tr>\n<\/thead>\n<tbody data-start=\"1346\" data-end=\"1923\">\n<tr data-start=\"1346\" data-end=\"1394\">\n<td data-start=\"1346\" data-end=\"1363\" data-col-size=\"sm\"><strong data-start=\"1348\" data-end=\"1362\">Helligkeit<\/strong><\/td>\n<td data-col-size=\"md\" data-start=\"1363\" data-end=\"1394\">120 lm (wei\u00df), 30 lm (rot)<\/td>\n<\/tr>\n<tr data-start=\"1395\" data-end=\"1438\">\n<td data-start=\"1395\" data-end=\"1412\" data-col-size=\"sm\"><strong data-start=\"1397\" data-end=\"1411\">Abstrahlwinkel<\/strong><\/td>\n<td data-col-size=\"md\" data-start=\"1412\" data-end=\"1438\">110\u00b0 breit, 60\u00b0 Hotspot<\/td>\n<\/tr>\n<tr data-start=\"1439\" data-end=\"1488\">\n<td data-start=\"1439\" data-end=\"1451\" data-col-size=\"sm\"><strong data-start=\"1441\" data-end=\"1450\">Modi<\/strong><\/td>\n<td data-col-size=\"md\" data-start=\"1451\" data-end=\"1488\">5 Stufen pro Farbe, Stroboskop\/Beacon<\/td>\n<\/tr>\n<tr data-start=\"1489\" data-end=\"1565\">\n<td data-start=\"1489\" data-end=\"1503\" data-col-size=\"sm\"><strong data-start=\"1491\" data-end=\"1502\">Laufzeit<\/strong><\/td>\n<td data-col-size=\"md\" data-start=\"1503\" data-end=\"1565\">Max. 19 Min. (wei\u00df), 34 Min. (rot), min. bis zu 220 h \/ 135 h<\/td>\n<\/tr>\n<tr data-start=\"1566\" data-end=\"1607\">\n<td data-start=\"1566\" data-end=\"1580\" data-col-size=\"sm\"><strong data-start=\"1568\" data-end=\"1579\">Akku<\/strong><\/td>\n<td data-col-size=\"md\" data-start=\"1580\" data-end=\"1607\">Eingebauter 100 mAh Li-Pol<\/td>\n<\/tr>\n<tr data-start=\"1608\" data-end=\"1662\">\n<td data-start=\"1608\" data-end=\"1623\" data-col-size=\"sm\"><strong data-start=\"1610\" data-end=\"1622\">Aufladen<\/strong><\/td>\n<td data-col-size=\"md\" data-start=\"1623\" data-end=\"1662\">Micro-USB, wasserdicht ohne Kappe<\/td>\n<\/tr>\n<tr data-start=\"1663\" data-end=\"1719\">\n<td data-start=\"1663\" data-end=\"1689\" data-col-size=\"sm\"><strong data-start=\"1665\" data-end=\"1688\">Abmessungen \/ Gewicht<\/strong><\/td>\n<td data-col-size=\"md\" data-start=\"1689\" data-end=\"1719\">58,8 \u00d7 25,6 \u00d7 9,4 mm, 12 g<\/td>\n<\/tr>\n<tr data-start=\"1720\" data-end=\"1782\">\n<td data-start=\"1720\" data-end=\"1735\" data-col-size=\"sm\"><strong data-start=\"1722\" data-end=\"1734\">Material<\/strong><\/td>\n<td data-col-size=\"md\" data-start=\"1735\" data-end=\"1782\">Aluminiumgeh\u00e4use mit Eloxierung + Kunststoffclip<\/td>\n<\/tr>\n<tr data-start=\"1783\" data-end=\"1857\">\n<td data-start=\"1783\" data-end=\"1800\" data-col-size=\"sm\"><strong data-start=\"1785\" data-end=\"1799\">Schutz<\/strong><\/td>\n<td data-col-size=\"md\" data-start=\"1800\" data-end=\"1857\">IP67 \u2013 1 m Eintauchen f\u00fcr 30 Min., 10 m sturzsicher<\/td>\n<\/tr>\n<tr data-start=\"1858\" data-end=\"1896\">\n<td data-start=\"1858\" data-end=\"1880\" data-col-size=\"sm\"><strong data-start=\"1860\" data-end=\"1879\">Betriebstemperatur<\/strong><\/td>\n<td data-col-size=\"md\" data-start=\"1880\" data-end=\"1896\">\u221210 \u2026 +40 \u00b0C<\/td>\n<\/tr>\n<tr data-start=\"1897\" data-end=\"1923\">\n<td data-start=\"1897\" data-end=\"1912\" data-col-size=\"sm\"><strong data-start=\"1899\" data-end=\"1911\">Garantie<\/strong><\/td>\n<td data-col-size=\"md\" data-start=\"1912\" data-end=\"1923\">5 Jahre<\/td>\n<\/tr>\n<\/tbody>\n<\/table>\n<div class=\"sticky end-(--thread-content-margin) h-0 self-end select-none\">\n<div class=\"absolute end-0 flex items-end\"><\/div>\n<\/div>\n<\/div>\n<\/div>\n<hr data-start=\"1925\" data-end=\"1928\">\n<h3 data-section-id=\"1y155wm\" data-start=\"1930\" data-end=\"1954\"><strong data-start=\"1934\" data-end=\"1954\">Lieferumfang<\/strong><\/h3>\n<p data-start=\"1956\" data-end=\"2032\">Das Paket enth\u00e4lt alles, was ben\u00f6tigt wird, um die Lampe sofort zu verwenden:<\/p>\n<ul data-start=\"2034\" data-end=\"2509\">\n<li data-start=\"2034\" data-end=\"2111\">\n<p data-start=\"2036\" data-end=\"2111\"><strong data-start=\"2036\" data-end=\"2063\">Armytek Zippy WR ES Rot<\/strong> \u2013 Schl\u00fcsselbund-Taschenlampe mit wei\u00dfen und roten LEDs<\/p>\n<\/li>\n<li data-start=\"2112\" data-end=\"2210\">\n<p data-start=\"2114\" data-end=\"2210\"><strong data-start=\"2114\" data-end=\"2146\">360\u00b0 drehbare magnetische Halterung<\/strong> mit Kunststoffclip \u2013 l\u00e4sst sich einfach an einer Kappe oder einer Metalloberfl\u00e4che befestigen<\/p>\n<\/li>\n<li data-start=\"2211\" data-end=\"2295\">\n<p data-start=\"2213\" data-end=\"2295\"><strong data-start=\"2213\" data-end=\"2251\">Schnellverschluss-Clip aus Edelstahl<\/strong> \u2013 zur Befestigung an Kleidung, G\u00fcrtel oder Tasche<\/p>\n<\/li>\n<li data-start=\"2296\" data-end=\"2361\">\n<p data-start=\"2298\" data-end=\"2361\"><strong data-start=\"2298\" data-end=\"2309\">Schl\u00fcsselring<\/strong> \u2013 damit die Lampe an Ihren Schl\u00fcsseln oder am Rei\u00dfverschluss h\u00e4ngt<\/p>\n<\/li>\n<li data-start=\"2362\" data-end=\"2423\">\n<p data-start=\"2364\" data-end=\"2423\"><strong data-start=\"2364\" data-end=\"2392\">Micro-USB-Ladekabel<\/strong> \u2013 zum Aufladen an jedem USB-Anschluss<\/p>\n<\/li>\n<li data-start=\"2424\" data-end=\"2509\">\n<p data-start=\"2426\" data-end=\"2509\"><strong data-start=\"2426\" data-end=\"2441\">Bedienungsanleitung<\/strong> \u2013 mit klaren Anweisungen f\u00fcr Lichtmodi, Aufladen und Garantie<\/p>\n<\/li>\n<\/ul>\n<hr data-start=\"2511\" data-end=\"2514\">\n<h3 data-section-id=\"3l32ru\" data-start=\"2516\" data-end=\"2531\"><strong data-start=\"2520\" data-end=\"2531\">Zusammenfassung<\/strong><\/h3>\n<p data-start=\"2533\" data-end=\"2682\">Die <strong data-start=\"2537\" data-end=\"2556\">Zippy WR ES Rot<\/strong> ist eine vielseitige und kompakte Lampe, die <strong data-start=\"2599\" data-end=\"2636\">Sicherheit, Funktionalit\u00e4t und Qualit\u00e4t<\/strong> bietet \u2013 ideal als t\u00e4gliches Werkzeug oder Outdoor-Begleiter.<\/p>\n","protected":false},"excerpt":{"rendered":"<p>Armytek Zippy WR ES Rot \u2013 Starkes Licht in kompakter Form Stellen Sie sich eine Taschenlampe vor, die klein genug ist, um an Ihrem Schl\u00fcsselbund Platz zu finden, aber dennoch hell genug, um Ihren Weg oder Arbeitsbereich zu beleuchten \u2013 und mit einer roten LED, um Ihre Nachtsicht zu erhalten. Die Zippy WR ES Rot [&#8230;]\n","protected":false},"featured_media":283472,"comment_status":"open","ping_status":"closed","template":"","meta":[],"product_brand":[],"product_cat":[2525],"product_tag":[],"class_list":{"0":"post-283503","1":"product","2":"type-product","3":"status-publish","4":"has-post-thumbnail","6":"product_cat-jaktlampor","8":"first","9":"instock","10":"taxable","11":"shipping-taxable","12":"purchasable","13":"product-type-simple"},"composite_virtual":false,"composite_layout":"","composite_add_to_cart_form_location":"","composite_editable_in_cart":false,"composite_sold_individually_context":"","composite_shop_price_calc":"","composite_components":[],"composite_scenarios":[],"group_of_quantity":0,"min_quantity":0,"max_quantity":"","exclude_order_quantity_value_rules":"no","exclude_category_quantity_rules":"no","combine_variations":"no","exclude_global_add_ons":[],"addons":[],"_links":{"self":[{"href":"https:\/\/www.huntersfriend.eu\/de\/wp-json\/wp\/v2\/product\/283503","targetHints":{"allow":["GET"]}}],"collection":[{"href":"https:\/\/www.huntersfriend.eu\/de\/wp-json\/wp\/v2\/product"}],"about":[{"href":"https:\/\/www.huntersfriend.eu\/de\/wp-json\/wp\/v2\/types\/product"}],"replies":[{"embeddable":true,"href":"https:\/\/www.huntersfriend.eu\/de\/wp-json\/wp\/v2\/comments?post=283503"}],"wp:featuredmedia":[{"embeddable":true,"href":"https:\/\/www.huntersfriend.eu\/de\/wp-json\/wp\/v2\/media\/283472"}],"wp:attachment":[{"href":"https:\/\/www.huntersfriend.eu\/de\/wp-json\/wp\/v2\/media?parent=283503"}],"wp:term":[{"taxonomy":"product_brand","embeddable":true,"href":"https:\/\/www.huntersfriend.eu\/de\/wp-json\/wp\/v2\/product_brand?post=283503"},{"taxonomy":"product_cat","embeddable":true,"href":"https:\/\/www.huntersfriend.eu\/de\/wp-json\/wp\/v2\/product_cat?post=283503"},{"taxonomy":"product_tag","embeddable":true,"href":"https:\/\/www.huntersfriend.eu\/de\/wp-json\/wp\/v2\/product_tag?post=283503"}],"curies":[{"name":"wp","href":"https:\/\/api.w.org\/{rel}","templated":true}]}}