{"id":283499,"date":"2025-07-29T12:38:30","date_gmt":"2025-07-29T10:38:30","guid":{"rendered":"https:\/\/www.huntersfriend.eu\/product\/pard-nv007sp2-zusatzgeraet\/"},"modified":"2026-03-18T22:00:51","modified_gmt":"2026-03-18T20:00:51","slug":"pard-nv007sp2-zusatzgeraet","status":"publish","type":"product","link":"https:\/\/www.huntersfriend.eu\/de\/produkt\/pard-nv007sp2-zusatzgeraet\/","title":{"rendered":"Pard NV007SP2 Zusatzger\u00e4t"},"content":{"rendered":"<h2 data-section-id=\"14zcta8\" data-start=\"111\" data-end=\"197\"><strong data-start=\"114\" data-end=\"197\">Sehen Sie sch\u00e4rfer im Dunkeln als je zuvor \u2013 PARD NV007SP2 4K Nachtsichtger\u00e4t<\/strong><\/h2>\n<p data-start=\"199\" data-end=\"722\">Das <strong data-start=\"203\" data-end=\"223\">PARD NV007SP2 4K<\/strong> er\u00f6ffnet eine neue Dimension der n\u00e4chtlichen Beobachtung und Jagd. Dieses leistungsstarke, hinten montierte Nachtsichtger\u00e4t wird direkt am Okular eines Standard-Zielfernrohrs <strong data-start=\"392\" data-end=\"409\">ohne Werkzeug<\/strong> befestigt und verwandelt es sofort in ein <strong data-start=\"444\" data-end=\"490\">hochaufl\u00f6sendes digitales Nachtsichtzielfernrohr<\/strong>. Ausgestattet mit einem neuen 4K-Sensor, dem von PARD entwickelten <strong data-start=\"538\" data-end=\"562\">VLEA-Bildprozessor<\/strong> sowie fortschrittlichen Konnektivit\u00e4ts- und Aufzeichnungsfunktionen ist es eine unschlagbare Wahl f\u00fcr aktive Benutzer \u2013 sei es f\u00fcr die Nachtjagd, \u00dcberwachung oder Wildtierbeobachtung.  <\/p>\n<hr data-start=\"724\" data-end=\"727\">\n<h3 data-section-id=\"1s1yvt8\" data-start=\"729\" data-end=\"750\"><strong data-start=\"733\" data-end=\"750\">Hauptmerkmale:<\/strong><\/h3>\n<ul data-start=\"752\" data-end=\"1350\">\n<li data-start=\"752\" data-end=\"847\">\n<p data-start=\"754\" data-end=\"847\"><strong data-start=\"754\" data-end=\"781\">Ultrapr\u00e4ziser 4K-Sensor<\/strong> \u2013 3840 x 2160 Aufl\u00f6sung mit hervorragender 0,001 Lux Empfindlichkeit<\/p>\n<\/li>\n<li data-start=\"848\" data-end=\"928\">\n<p data-start=\"850\" data-end=\"928\"><strong data-start=\"850\" data-end=\"874\">Werkzeuglose Befestigung<\/strong> \u2013 einfache Montage an Ihrer Optik, kein Nullstellen erforderlich<\/p>\n<\/li>\n<li data-start=\"929\" data-end=\"1013\">\n<p data-start=\"931\" data-end=\"1013\"><strong data-start=\"931\" data-end=\"959\">Austauschbarer IR-Strahler<\/strong> \u2013 w\u00e4hlen Sie Ihre bevorzugte IR-Wellenl\u00e4nge (850nm\/940nm)<\/p>\n<\/li>\n<li data-start=\"1014\" data-end=\"1089\">\n<p data-start=\"1016\" data-end=\"1089\"><strong data-start=\"1016\" data-end=\"1087\">Automatische Aufzeichnung, Zeitstempel und Entfernungsmesser (nur LRF-Modell)<\/strong><\/p>\n<\/li>\n<li data-start=\"1090\" data-end=\"1175\">\n<p data-start=\"1092\" data-end=\"1175\"><strong data-start=\"1092\" data-end=\"1116\">Robuste Konstruktion<\/strong> \u2013 gefertigt aus Aluminium (AL6061) und Verbundwerkstoffen<\/p>\n<\/li>\n<li data-start=\"1176\" data-end=\"1258\">\n<p data-start=\"1178\" data-end=\"1258\"><strong data-start=\"1178\" data-end=\"1219\">Drahtlose Konnektivit\u00e4t und HDMI-Ausgang<\/strong> \u2013 einfaches Teilen von Medien und Live-Ausgabe<\/p>\n<\/li>\n<li data-start=\"1259\" data-end=\"1350\">\n<p data-start=\"1261\" data-end=\"1350\"><strong data-start=\"1261\" data-end=\"1304\">OLED-Display und flexible Anzeigemodi<\/strong> \u2013 Umschalten zwischen Farb- und Monochromansicht<\/p>\n<\/li>\n<\/ul>\n<hr data-start=\"1352\" data-end=\"1355\">\n<h3 data-section-id=\"g74fao\" data-start=\"1357\" data-end=\"1412\"><strong data-start=\"1361\" data-end=\"1410\">Sichtbarkeit, die in der Dunkelheit nicht verschwindet<\/strong><\/h3>\n<p data-start=\"1413\" data-end=\"1846\">Das <strong data-start=\"1417\" data-end=\"1429\">NV007SP2<\/strong> verbindet nahtlos optische und digitale Technologien. Eine <strong data-start=\"1484\" data-end=\"1514\">2,2-fache optische Vergr\u00f6\u00dferung<\/strong>, ein <strong data-start=\"1516\" data-end=\"1535\">4-facher digitaler Zoom<\/strong> und ein <strong data-start=\"1541\" data-end=\"1579\">weites 26,2 m Sichtfeld auf 100 m<\/strong> sorgen f\u00fcr ein klares, breites Bild \u2013 auch unter schwierigen Bedingungen. Der Fokusbereich erstreckt sich von nur <strong data-start=\"1674\" data-end=\"1694\">3 cm bis unendlich<\/strong>, und die einstellbare Dioptrienkorrektur macht es f\u00fcr Brillentr\u00e4ger komfortabel. Das <strong data-start=\"1775\" data-end=\"1806\">1600 x 1200 px OLED-Display<\/strong> liefert jedes Detail in lebendiger Klarheit.   <\/p>\n<hr data-start=\"1848\" data-end=\"1851\">\n<h3 data-section-id=\"gw9q3s\" data-start=\"1853\" data-end=\"1908\"><strong data-start=\"1857\" data-end=\"1906\">Bildqualit\u00e4t und Aufnahme \u2013 in Ihrer Hand<\/strong><\/h3>\n<p data-start=\"1909\" data-end=\"2331\">Nehmen Sie Bilder und Videos direkt auf einer <strong data-start=\"1949\" data-end=\"1965\">microSD-Karte<\/strong> (bis zu 128 GB) auf. Standbilder werden mit einer Aufl\u00f6sung von <strong data-start=\"2011\" data-end=\"2026\">2560 x 1920<\/strong> aufgenommen, Videos im <strong data-start=\"2053\" data-end=\"2068\">1600 x 1200<\/strong> .mp4-Format. Sie k\u00f6nnen je nach Bedarf zwischen <strong data-start=\"2105\" data-end=\"2139\">Farb- oder Schwarzwei\u00dfmodus<\/strong> w\u00e4hlen. Automatische Aufzeichnung und Zeitstempel vereinfachen die Dokumentation, und mit der <strong data-start=\"2239\" data-end=\"2258\">PARDVision2-App<\/strong> k\u00f6nnen Sie Aufnahmen m\u00fchelos von Ihrem Mobilger\u00e4t aus steuern und teilen.   <\/p>\n<hr data-start=\"2333\" data-end=\"2336\">\n<h3 data-section-id=\"1w2nrm9\" data-start=\"2338\" data-end=\"2374\"><strong data-start=\"2342\" data-end=\"2372\">Robustes und kompaktes Design<\/strong><\/h3>\n<p data-start=\"2375\" data-end=\"2743\">Das NV007SP2 ist mit einem robusten <strong data-start=\"2395\" data-end=\"2422\">Aluminium-Verbundstoffgeh\u00e4use<\/strong> ausgestattet und wiegt nur <strong data-start=\"2449\" data-end=\"2458\">397 g<\/strong> einschlie\u00dflich Batterie. Seine <strong data-start=\"2482\" data-end=\"2524\">kompakten Abmessungen (149 x 68 x 105 mm)<\/strong> machen es diskret und einfach zu handhaben \u2013 ohne Einbu\u00dfen bei der Leistung. Es wird mit einer einzigen <strong data-start=\"2614\" data-end=\"2638\">18650 Li-Ionen-Batterie<\/strong> betrieben, die bis zu <strong data-start=\"2656\" data-end=\"2667\">6 Stunden<\/strong> Betrieb erm\u00f6glicht, und unterst\u00fctzt auch externe USB-Typ-C-Stromversorgung f\u00fcr l\u00e4ngere Nutzung.  <\/p>\n<hr data-start=\"2745\" data-end=\"2748\">\n<h3 data-section-id=\"c7gigq\" data-start=\"2750\" data-end=\"2787\"><strong data-start=\"2754\" data-end=\"2785\">Warum das NV007SP2 4K w\u00e4hlen?<\/strong><\/h3>\n<p data-start=\"2788\" data-end=\"3127\">Wenn Sie einen <strong data-start=\"2812\" data-end=\"2836\">Nachtsichtadapter<\/strong> suchen, der <strong data-start=\"2851\" data-end=\"2877\">erstklassige Bildqualit\u00e4t<\/strong>, <strong data-start=\"2879\" data-end=\"2911\">praktische Aufzeichnungsfunktionen<\/strong> und <strong data-start=\"2917\" data-end=\"2943\">hervorragende Konnektivit\u00e4t<\/strong> vereint, ist das <strong data-start=\"2949\" data-end=\"2969\">PARD NV007SP2 4K<\/strong> die ideale Wahl. Perfekt f\u00fcr J\u00e4ger, \u00dcberwachungsprofis oder Naturliebhaber, die kompromisslose Leistung fordern \u2013 selbst in den dunkelsten Umgebungen. <\/p>\n<hr data-start=\"3129\" data-end=\"3132\">\n<h3 data-section-id=\"1j5ft35\" data-start=\"3134\" data-end=\"3167\"><strong data-start=\"3138\" data-end=\"3167\">Technische Daten:<\/strong><\/h3>\n<p data-start=\"3169\" data-end=\"3182\"><strong data-start=\"3169\" data-end=\"3180\">Sensor:<\/strong><\/p>\n<ul data-start=\"3183\" data-end=\"3297\">\n<li data-start=\"3183\" data-end=\"3217\">\n<p data-start=\"3185\" data-end=\"3217\">Aufl\u00f6sung: 3840 x 2160 Pixel<\/p>\n<\/li>\n<li data-start=\"3218\" data-end=\"3244\">\n<p data-start=\"3220\" data-end=\"3244\">Empfindlichkeit: 0,001 Lux<\/p>\n<\/li>\n<li data-start=\"3245\" data-end=\"3272\">\n<p data-start=\"3247\" data-end=\"3272\">Bildrate: 60 \/ 30 fps<\/p>\n<\/li>\n<li data-start=\"3273\" data-end=\"3297\">\n<p data-start=\"3275\" data-end=\"3297\">Prozessor: PARD VLEA<\/p>\n<\/li>\n<\/ul>\n<p data-start=\"3299\" data-end=\"3312\"><strong data-start=\"3299\" data-end=\"3310\">Optik:<\/strong><\/p>\n<ul data-start=\"3313\" data-end=\"3560\">\n<li data-start=\"3313\" data-end=\"3328\">\n<p data-start=\"3315\" data-end=\"3328\">Objektiv: 20 mm<\/p>\n<\/li>\n<li data-start=\"3329\" data-end=\"3351\">\n<p data-start=\"3331\" data-end=\"3351\">Optischer Zoom: 2,2x<\/p>\n<\/li>\n<li data-start=\"3352\" data-end=\"3394\">\n<p data-start=\"3354\" data-end=\"3394\">Digitaler Zoom: 1x \/ 2x \/ 2,5x \/ 3x \/ 4x<\/p>\n<\/li>\n<li data-start=\"3395\" data-end=\"3456\">\n<p data-start=\"3397\" data-end=\"3456\">Sichtfeld @100 m: 26,2 m horizontal \/ 19,6 m vertikal<\/p>\n<\/li>\n<li data-start=\"3457\" data-end=\"3480\">\n<p data-start=\"3459\" data-end=\"3480\">Diagonales FOV: 18,6\u00b0<\/p>\n<\/li>\n<li data-start=\"3481\" data-end=\"3509\">\n<p data-start=\"3483\" data-end=\"3509\">Fokusentfernung: 3 cm \u2013 \u221e<\/p>\n<\/li>\n<li data-start=\"3510\" data-end=\"3531\">\n<p data-start=\"3512\" data-end=\"3531\">Augenabstand: 35 mm<\/p>\n<\/li>\n<li data-start=\"3532\" data-end=\"3560\">\n<p data-start=\"3534\" data-end=\"3560\">Dioptrieneinstellung: \u00b15 D<\/p>\n<\/li>\n<\/ul>\n<p data-start=\"3562\" data-end=\"3576\"><strong data-start=\"3562\" data-end=\"3574\">Anzeige:<\/strong><\/p>\n<ul data-start=\"3577\" data-end=\"3660\">\n<li data-start=\"3577\" data-end=\"3591\">\n<p data-start=\"3579\" data-end=\"3591\">Typ: OLED<\/p>\n<\/li>\n<li data-start=\"3592\" data-end=\"3622\">\n<p data-start=\"3594\" data-end=\"3622\">Aufl\u00f6sung: 1600 x 1200 px<\/p>\n<\/li>\n<li data-start=\"3623\" data-end=\"3660\">\n<p data-start=\"3625\" data-end=\"3660\">Anzeigemodi: Farbe \/ Monochrom<\/p>\n<\/li>\n<\/ul>\n<p data-start=\"3662\" data-end=\"3682\"><strong data-start=\"3662\" data-end=\"3680\">Foto &amp; Video:<\/strong><\/p>\n<ul data-start=\"3683\" data-end=\"3799\">\n<li data-start=\"3683\" data-end=\"3723\">\n<p data-start=\"3685\" data-end=\"3723\">Fotoaufl\u00f6sung: 2560 x 1920 (.JPG)<\/p>\n<\/li>\n<li data-start=\"3724\" data-end=\"3764\">\n<p data-start=\"3726\" data-end=\"3764\">Videoaufl\u00f6sung: 1600 x 1200 (.mp4)<\/p>\n<\/li>\n<li data-start=\"3765\" data-end=\"3799\">\n<p data-start=\"3767\" data-end=\"3799\">Speicher: microSD (max. 128 GB)<\/p>\n<\/li>\n<\/ul>\n<p data-start=\"3801\" data-end=\"3817\"><strong data-start=\"3801\" data-end=\"3815\">Funktionen:<\/strong><\/p>\n<ul data-start=\"3818\" data-end=\"3933\">\n<li data-start=\"3818\" data-end=\"3861\">\n<p data-start=\"3820\" data-end=\"3861\">Laser-Entfernungsmesser (nur LRF-Modell): Ja<\/p>\n<\/li>\n<li data-start=\"3862\" data-end=\"3885\">\n<p data-start=\"3864\" data-end=\"3885\">Automatische Aufnahme: Ja<\/p>\n<\/li>\n<li data-start=\"3886\" data-end=\"3904\">\n<p data-start=\"3888\" data-end=\"3904\">Zeitstempel: Ja<\/p>\n<\/li>\n<li data-start=\"3905\" data-end=\"3933\">\n<p data-start=\"3907\" data-end=\"3933\">Belichtungseinstellung: Ja<\/p>\n<\/li>\n<\/ul>\n<p data-start=\"3935\" data-end=\"3953\"><strong data-start=\"3935\" data-end=\"3951\">Verbindungen:<\/strong><\/p>\n<ul data-start=\"3954\" data-end=\"4036\">\n<li data-start=\"3954\" data-end=\"3973\">\n<p data-start=\"3956\" data-end=\"3973\">USB Typ-C: Ja<\/p>\n<\/li>\n<li data-start=\"3974\" data-end=\"3987\">\n<p data-start=\"3976\" data-end=\"3987\">WiFi: Ja<\/p>\n<\/li>\n<li data-start=\"3988\" data-end=\"4008\">\n<p data-start=\"3990\" data-end=\"4008\">HDMI-Ausgang: Ja<\/p>\n<\/li>\n<li data-start=\"4009\" data-end=\"4036\">\n<p data-start=\"4011\" data-end=\"4036\">Mobile App: PARDVision2<\/p>\n<\/li>\n<\/ul>\n<p data-start=\"4038\" data-end=\"4057\"><strong data-start=\"4038\" data-end=\"4055\">Stromversorgung:<\/strong><\/p>\n<ul data-start=\"4058\" data-end=\"4178\">\n<li data-start=\"4058\" data-end=\"4096\">\n<p data-start=\"4060\" data-end=\"4096\">Batterie: 1 x 18650 Flat Top Li-Ion<\/p>\n<\/li>\n<li data-start=\"4097\" data-end=\"4125\">\n<p data-start=\"4099\" data-end=\"4125\">Betriebsspannung: 3,7 V<\/p>\n<\/li>\n<li data-start=\"4126\" data-end=\"4152\">\n<p data-start=\"4128\" data-end=\"4152\">Laufzeit: bis zu 6 Stunden<\/p>\n<\/li>\n<li data-start=\"4153\" data-end=\"4178\">\n<p data-start=\"4155\" data-end=\"4178\">Externe Stromversorgung: USB-C<\/p>\n<\/li>\n<\/ul>\n<p data-start=\"4180\" data-end=\"4212\"><strong data-start=\"4180\" data-end=\"4210\">Konstruktion &amp; Abmessungen:<\/strong><\/p>\n<ul data-start=\"4213\" data-end=\"4333\">\n<li data-start=\"4213\" data-end=\"4250\">\n<p data-start=\"4215\" data-end=\"4250\">Geh\u00e4use: AL6061 Aluminium &amp; Verbundwerkstoff<\/p>\n<\/li>\n<li data-start=\"4251\" data-end=\"4266\">\n<p data-start=\"4253\" data-end=\"4266\">Linse: Glas<\/p>\n<\/li>\n<li data-start=\"4267\" data-end=\"4300\">\n<p data-start=\"4269\" data-end=\"4300\">Abmessungen: 149 x 68 x 105 mm<\/p>\n<\/li>\n<li data-start=\"4301\" data-end=\"4333\">\n<p data-start=\"4303\" data-end=\"4333\">Gewicht (mit Batterie): 397 g<\/p>\n<\/li>\n<\/ul>\n<hr data-start=\"4335\" data-end=\"4338\">\n<h3 data-section-id=\"6dvt0y\" data-start=\"4340\" data-end=\"4402\"><strong data-start=\"4344\" data-end=\"4400\">Beherrschen Sie die Dunkelheit \u2013 effizient, pr\u00e4zise und stilvoll<\/strong><\/h3>\n<p data-start=\"4403\" data-end=\"4484\">Das <strong data-start=\"4407\" data-end=\"4427\">PARD NV007SP2 4K<\/strong> ist Ihr Schritt in die <strong data-start=\"4446\" data-end=\"4471\">erstklassige Nachtoptik<\/strong>-Leistung.<\/p>\n<hr data-start=\"4486\" data-end=\"4489\">\n<p data-start=\"4491\" data-end=\"4633\" data-is-last-node=\"\" data-is-only-node=\"\">Lassen Sie mich wissen, wenn Sie eine Vergleichstabelle mit anderen NV-Modellen w\u00fcnschen oder wenn Sie diese f\u00fcr Web, Brosch\u00fcre oder ein H\u00e4ndler-Produktblatt formatiert haben m\u00f6chten.<\/p>\n","protected":false},"excerpt":{"rendered":"<p>Sehen Sie sch\u00e4rfer im Dunkeln als je zuvor \u2013 PARD NV007SP2 4K Nachtsichtger\u00e4t Das PARD NV007SP2 4K er\u00f6ffnet eine neue Dimension der n\u00e4chtlichen Beobachtung und Jagd. Dieses leistungsstarke, hinten montierte Nachtsichtger\u00e4t wird direkt am Okular eines Standard-Zielfernrohrs ohne Werkzeug befestigt und verwandelt es sofort in ein hochaufl\u00f6sendes digitales Nachtsichtzielfernrohr. Ausgestattet mit einem neuen 4K-Sensor, dem [&#8230;]\n","protected":false},"featured_media":283403,"comment_status":"open","ping_status":"closed","template":"","meta":[],"product_brand":[],"product_cat":[1375],"product_tag":[],"class_list":{"0":"post-283499","1":"product","2":"type-product","3":"status-publish","4":"has-post-thumbnail","6":"product_cat-nachtsicht","8":"first","9":"instock","10":"taxable","11":"shipping-taxable","12":"purchasable","13":"product-type-variable"},"composite_virtual":false,"composite_layout":"","composite_add_to_cart_form_location":"","composite_editable_in_cart":false,"composite_sold_individually_context":"","composite_shop_price_calc":"","composite_components":[],"composite_scenarios":[],"group_of_quantity":0,"min_quantity":0,"max_quantity":"","exclude_order_quantity_value_rules":"no","exclude_category_quantity_rules":"no","combine_variations":"no","exclude_global_add_ons":[],"addons":[],"_links":{"self":[{"href":"https:\/\/www.huntersfriend.eu\/de\/wp-json\/wp\/v2\/product\/283499","targetHints":{"allow":["GET"]}}],"collection":[{"href":"https:\/\/www.huntersfriend.eu\/de\/wp-json\/wp\/v2\/product"}],"about":[{"href":"https:\/\/www.huntersfriend.eu\/de\/wp-json\/wp\/v2\/types\/product"}],"replies":[{"embeddable":true,"href":"https:\/\/www.huntersfriend.eu\/de\/wp-json\/wp\/v2\/comments?post=283499"}],"wp:featuredmedia":[{"embeddable":true,"href":"https:\/\/www.huntersfriend.eu\/de\/wp-json\/wp\/v2\/media\/283403"}],"wp:attachment":[{"href":"https:\/\/www.huntersfriend.eu\/de\/wp-json\/wp\/v2\/media?parent=283499"}],"wp:term":[{"taxonomy":"product_brand","embeddable":true,"href":"https:\/\/www.huntersfriend.eu\/de\/wp-json\/wp\/v2\/product_brand?post=283499"},{"taxonomy":"product_cat","embeddable":true,"href":"https:\/\/www.huntersfriend.eu\/de\/wp-json\/wp\/v2\/product_cat?post=283499"},{"taxonomy":"product_tag","embeddable":true,"href":"https:\/\/www.huntersfriend.eu\/de\/wp-json\/wp\/v2\/product_tag?post=283499"}],"curies":[{"name":"wp","href":"https:\/\/api.w.org\/{rel}","templated":true}]}}