{"id":283494,"date":"2025-07-29T12:43:10","date_gmt":"2025-07-29T10:43:10","guid":{"rendered":"https:\/\/www.huntersfriend.eu\/product\/pard-nv007sp2-ir-strahler\/"},"modified":"2026-03-18T22:00:52","modified_gmt":"2026-03-18T20:00:52","slug":"pard-nv007sp2-ir-strahler","status":"publish","type":"product","link":"https:\/\/www.huntersfriend.eu\/de\/produkt\/pard-nv007sp2-ir-strahler\/","title":{"rendered":"Pard NV007SP2 IR-Strahler"},"content":{"rendered":"<h2 data-section-id=\"12hr8ha\" data-start=\"116\" data-end=\"169\"><strong data-start=\"119\" data-end=\"169\">PARD IR-Strahler \u2013 kompatibel mit NV007SP2<\/strong><\/h2>\n<p data-start=\"171\" data-end=\"687\">Nachtsicht ist nur so effektiv wie ihre Ausleuchtung \u2013 und der <strong data-start=\"235\" data-end=\"275\">PARD IR1 940 nm Infrarotstrahler<\/strong> hebt die Leistung Ihres NV007SP2 auf die n\u00e4chste Stufe. Dieses pr\u00e4zise entwickelte IR-Licht verbessert Ihre Sichtbarkeit selbst in v\u00f6lliger Dunkelheit, ohne einen sichtbaren Schein auszusenden, der Ihre Position verraten k\u00f6nnte. Dieser Strahler ist diskret, leistungsstark und benutzerfreundlich und wurde speziell f\u00fcr die <strong data-start=\"564\" data-end=\"611\">nahtlose Integration mit dem PARD NV007SP2<\/strong>-Nachtsichtadapter entwickelt, ist aber auch mit anderen IR-f\u00e4higen Ger\u00e4ten kompatibel.  <\/p>\n<hr data-start=\"689\" data-end=\"692\">\n<h3 data-section-id=\"1s1yvt8\" data-start=\"694\" data-end=\"715\"><strong data-start=\"698\" data-end=\"715\">Hauptmerkmale:<\/strong><\/h3>\n<ul data-start=\"717\" data-end=\"1124\">\n<li data-start=\"717\" data-end=\"836\">\n<p data-start=\"719\" data-end=\"836\">W\u00e4hlen Sie zwischen <strong data-start=\"734\" data-end=\"769\">850 nm (heller, besser sichtbar)<\/strong> oder <strong data-start=\"773\" data-end=\"820\">940 nm (unauff\u00e4lliger, f\u00fcr empfindliche Wildtiere)<\/strong> IR-Wellenl\u00e4nge<\/p>\n<\/li>\n<li data-start=\"837\" data-end=\"922\">\n<p data-start=\"839\" data-end=\"922\"><strong data-start=\"839\" data-end=\"879\">Einstellbarer Strahlfokus und Helligkeit<\/strong> \u2013 ideale Beleuchtung f\u00fcr verschiedene Entfernungen<\/p>\n<\/li>\n<li data-start=\"923\" data-end=\"1007\">\n<p data-start=\"925\" data-end=\"1007\"><strong data-start=\"925\" data-end=\"965\">Volle Kompatibilit\u00e4t mit dem NV007SP2<\/strong> \u2013 schnelle und einfache werkzeuglose Installation<\/p>\n<\/li>\n<li data-start=\"1008\" data-end=\"1049\">\n<p data-start=\"1010\" data-end=\"1049\"><strong data-start=\"1010\" data-end=\"1047\">Pr\u00e4zise Ausrichtung und Zielerfassung<\/strong><\/p>\n<\/li>\n<li data-start=\"1050\" data-end=\"1124\">\n<p data-start=\"1052\" data-end=\"1124\"><strong data-start=\"1052\" data-end=\"1079\">Leicht und kompakt<\/strong> \u2013 erh\u00f6ht nicht unn\u00f6tig das Gewicht Ihres Setups<\/p>\n<\/li>\n<\/ul>\n<hr data-start=\"1126\" data-end=\"1129\">\n<h3 data-section-id=\"6p8l3h\" data-start=\"1131\" data-end=\"1168\"><strong data-start=\"1135\" data-end=\"1166\">Unauff\u00e4llige Leistung f\u00fcr die Dunkelheit<\/strong><\/h3>\n<p data-start=\"1169\" data-end=\"1280\">Der <strong data-start=\"1173\" data-end=\"1196\">PARD IR-Strahler<\/strong> ist je nach Bedarf mit einer <strong data-start=\"1220\" data-end=\"1252\">Wellenl\u00e4nge von 850 nm oder 940 nm<\/strong> erh\u00e4ltlich.<\/p>\n<ul data-start=\"1281\" data-end=\"1520\">\n<li data-start=\"1281\" data-end=\"1406\">\n<p data-start=\"1283\" data-end=\"1406\"><strong data-start=\"1283\" data-end=\"1293\">850 nm<\/strong>: Heller und gr\u00f6\u00dfere Reichweite, ideal f\u00fcr Umgebungen mit nat\u00fcrlicher Lichtabsorption oder Beobachtungen \u00fcber gro\u00dfe Entfernungen.<\/p>\n<\/li>\n<li data-start=\"1407\" data-end=\"1520\">\n<p data-start=\"1409\" data-end=\"1520\"><strong data-start=\"1409\" data-end=\"1419\">940 nm<\/strong>: Weniger sichtbar f\u00fcr das menschliche Auge und Tiere \u2013 perfekt f\u00fcr die Jagd auf scheue Arten wie Wildschweine.<\/p>\n<\/li>\n<\/ul>\n<p data-start=\"1522\" data-end=\"1636\">Beide Wellenl\u00e4ngen eignen sich f\u00fcr Standard-Schie\u00df- und Beobachtungsdistanzen und bieten eine ausgezeichnete Szenenbeleuchtung.<\/p>\n<hr data-start=\"1638\" data-end=\"1641\">\n<h3 data-section-id=\"lpfa17\" data-start=\"1643\" data-end=\"1703\"><strong data-start=\"1647\" data-end=\"1701\">Kontrollieren Sie das Licht \u2013 einstellbarer Strahl und Helligkeit<\/strong><\/h3>\n<p data-start=\"1704\" data-end=\"2052\">Der Strahl des IR-Lichts ist <strong data-start=\"1732\" data-end=\"1746\">einstellbar<\/strong>, sodass Sie je nach Situation zwischen einem <strong data-start=\"1781\" data-end=\"1800\">breiten Flutlicht<\/strong> oder einem <strong data-start=\"1806\" data-end=\"1832\">schmalen Fernlicht<\/strong> wechseln k\u00f6nnen.<br data-start=\"1861\" data-end=\"1864\">Die dreistufige Helligkeitsregelung erm\u00f6glicht Ihnen die <strong data-start=\"1904\" data-end=\"1925\">Optimierung des Kontrasts<\/strong>, ohne das Bild zu \u00fcberbelichten, und die <strong data-start=\"1962\" data-end=\"1986\">fein abgestimmte Ausrichtung<\/strong> stellt sicher, dass der IR-Strahl genau mit dem Sichtfeld Ihrer Optik \u00fcbereinstimmt.<\/p>\n<hr data-start=\"2054\" data-end=\"2057\">\n<h3 data-section-id=\"1sh1a56\" data-start=\"2059\" data-end=\"2103\"><strong data-start=\"2063\" data-end=\"2101\">Robustes Design &amp; lange Akkulaufzeit<\/strong><\/h3>\n<p data-start=\"2104\" data-end=\"2447\">Das IR-Modul besteht aus leichtem, aber dennoch robustem <strong data-start=\"2138\" data-end=\"2150\">Aluminium<\/strong>, wiegt nur etwa <strong data-start=\"2184\" data-end=\"2196\">10 Gramm<\/strong> und wird ohne Werkzeug direkt am <strong data-start=\"2224\" data-end=\"2236\">NV007SP2<\/strong>-Ger\u00e4t montiert.<br data-start=\"2258\" data-end=\"2261\">Der IR-Strahler wird mit dem <strong data-start=\"2276\" data-end=\"2314\">gleichen 18650 Flat Top Li-Ionen-Akku<\/strong> betrieben, der auch im Hauptger\u00e4t verwendet wird, und bietet eine <strong data-start=\"2368\" data-end=\"2392\">Laufzeit von 3\u20136 Stunden<\/strong>, abh\u00e4ngig von Helligkeitsstufe und Umgebungsbedingungen.<\/p>\n<hr data-start=\"2449\" data-end=\"2452\">\n<h3 data-section-id=\"1j5ft35\" data-start=\"2454\" data-end=\"2487\"><strong data-start=\"2458\" data-end=\"2487\">Technische Daten:<\/strong><\/h3>\n<ul data-start=\"2489\" data-end=\"2919\">\n<li data-start=\"2489\" data-end=\"2536\">\n<p data-start=\"2491\" data-end=\"2536\"><strong data-start=\"2491\" data-end=\"2506\">Wellenl\u00e4nge:<\/strong> W\u00e4hlbar 850 nm oder 940 nm<\/p>\n<\/li>\n<li data-start=\"2537\" data-end=\"2593\">\n<p data-start=\"2539\" data-end=\"2593\"><strong data-start=\"2539\" data-end=\"2557\">Kompatibilit\u00e4t:<\/strong> PARD NV007SP2 Nachtsichtger\u00e4t<\/p>\n<\/li>\n<li data-start=\"2594\" data-end=\"2628\">\n<p data-start=\"2596\" data-end=\"2628\"><strong data-start=\"2596\" data-end=\"2622\">Einstellung des Strahlfokus:<\/strong> Ja<\/p>\n<\/li>\n<li data-start=\"2629\" data-end=\"2668\">\n<p data-start=\"2631\" data-end=\"2668\"><strong data-start=\"2631\" data-end=\"2657\">Helligkeitseinstellung:<\/strong> 3 Stufen<\/p>\n<\/li>\n<li data-start=\"2669\" data-end=\"2750\">\n<p data-start=\"2671\" data-end=\"2750\"><strong data-start=\"2671\" data-end=\"2688\">Stromquelle:<\/strong> 1 x 18650 Flat Top Li-Ionen-Akku (3,7 V) vom Host-Ger\u00e4t<\/p>\n<\/li>\n<li data-start=\"2751\" data-end=\"2812\">\n<p data-start=\"2753\" data-end=\"2812\"><strong data-start=\"2753\" data-end=\"2770\">Akkulaufzeit:<\/strong> Bis zu 3\u20136 Stunden, abh\u00e4ngig von der Helligkeit<\/p>\n<\/li>\n<li data-start=\"2813\" data-end=\"2851\">\n<p data-start=\"2815\" data-end=\"2851\"><strong data-start=\"2815\" data-end=\"2832\">Konstruktion:<\/strong> Aluminiumgeh\u00e4use<\/p>\n<\/li>\n<li data-start=\"2852\" data-end=\"2919\">\n<p data-start=\"2854\" data-end=\"2919\"><strong data-start=\"2854\" data-end=\"2867\">Montage:<\/strong> Direkte Anbringung am NV007SP2 \u2013 kein Werkzeug erforderlich<\/p>\n<\/li>\n<\/ul>\n<hr data-start=\"2921\" data-end=\"2924\">\n<p data-start=\"2926\" data-end=\"3059\"><strong data-start=\"2926\" data-end=\"3059\">Verbessern Sie die Sichtbarkeit, Kontrolle und Unauff\u00e4lligkeit Ihres NV007SP2 mit dem PARD IR1-Strahler \u2013 pr\u00e4zise Beleuchtung, wenn es darauf ankommt.<\/strong><\/p>\n","protected":false},"excerpt":{"rendered":"<p>PARD IR-Strahler \u2013 kompatibel mit NV007SP2 Nachtsicht ist nur so effektiv wie ihre Ausleuchtung \u2013 und der PARD IR1 940 nm Infrarotstrahler hebt die Leistung Ihres NV007SP2 auf die n\u00e4chste Stufe. Dieses pr\u00e4zise entwickelte IR-Licht verbessert Ihre Sichtbarkeit selbst in v\u00f6lliger Dunkelheit, ohne einen sichtbaren Schein auszusenden, der Ihre Position verraten k\u00f6nnte. Dieser Strahler ist [&#8230;]\n","protected":false},"featured_media":283422,"comment_status":"open","ping_status":"closed","template":"","meta":[],"product_brand":[],"product_cat":[1375,1412],"product_tag":[],"class_list":{"0":"post-283494","1":"product","2":"type-product","3":"status-publish","4":"has-post-thumbnail","6":"product_cat-nachtsicht","7":"product_cat-fernglaszubehor","9":"first","10":"instock","11":"taxable","12":"shipping-taxable","13":"purchasable","14":"product-type-variable"},"composite_virtual":false,"composite_layout":"","composite_add_to_cart_form_location":"","composite_editable_in_cart":false,"composite_sold_individually_context":"","composite_shop_price_calc":"","composite_components":[],"composite_scenarios":[],"group_of_quantity":0,"min_quantity":0,"max_quantity":"","exclude_order_quantity_value_rules":"no","exclude_category_quantity_rules":"no","combine_variations":"no","exclude_global_add_ons":[],"addons":[],"_links":{"self":[{"href":"https:\/\/www.huntersfriend.eu\/de\/wp-json\/wp\/v2\/product\/283494","targetHints":{"allow":["GET"]}}],"collection":[{"href":"https:\/\/www.huntersfriend.eu\/de\/wp-json\/wp\/v2\/product"}],"about":[{"href":"https:\/\/www.huntersfriend.eu\/de\/wp-json\/wp\/v2\/types\/product"}],"replies":[{"embeddable":true,"href":"https:\/\/www.huntersfriend.eu\/de\/wp-json\/wp\/v2\/comments?post=283494"}],"wp:featuredmedia":[{"embeddable":true,"href":"https:\/\/www.huntersfriend.eu\/de\/wp-json\/wp\/v2\/media\/283422"}],"wp:attachment":[{"href":"https:\/\/www.huntersfriend.eu\/de\/wp-json\/wp\/v2\/media?parent=283494"}],"wp:term":[{"taxonomy":"product_brand","embeddable":true,"href":"https:\/\/www.huntersfriend.eu\/de\/wp-json\/wp\/v2\/product_brand?post=283494"},{"taxonomy":"product_cat","embeddable":true,"href":"https:\/\/www.huntersfriend.eu\/de\/wp-json\/wp\/v2\/product_cat?post=283494"},{"taxonomy":"product_tag","embeddable":true,"href":"https:\/\/www.huntersfriend.eu\/de\/wp-json\/wp\/v2\/product_tag?post=283494"}],"curies":[{"name":"wp","href":"https:\/\/api.w.org\/{rel}","templated":true}]}}