{"id":283493,"date":"2025-07-29T12:25:46","date_gmt":"2025-07-30T06:21:45","guid":{"rendered":"https:\/\/www.huntersfriend.eu\/product\/pard-night-stalker-ir-modul\/"},"modified":"2026-04-07T13:41:20","modified_gmt":"2026-04-07T11:41:20","slug":"pard-night-stalker-ir-modul","status":"publish","type":"product","link":"https:\/\/www.huntersfriend.eu\/de\/produkt\/pard-night-stalker-ir-modul\/","title":{"rendered":"Pard Night Stalker IR-Modul"},"content":{"rendered":"<h2 data-section-id=\"oxdmny\" data-start=\"103\" data-end=\"162\"><strong data-start=\"106\" data-end=\"160\">Kraft durch die Dunkelheit \u2013 Pr\u00e4zision bei jedem Schuss<\/strong><\/h2>\n<p data-start=\"163\" data-end=\"442\">Das <strong data-start=\"167\" data-end=\"199\">PARD Night Stalker IR-Modul<\/strong> ist eine leistungsstarke Kombination aus einem <strong data-start=\"240\" data-end=\"264\">Infrarotstrahler<\/strong> und einem <strong data-start=\"271\" data-end=\"300\">pr\u00e4zisen Laser-Entfernungsmesser<\/strong>, die speziell f\u00fcr die nahtlose Integration mit den Nachtsichtger\u00e4ten <strong data-start=\"358\" data-end=\"387\">PARD Night Stalker 4K Pro<\/strong> und <strong data-start=\"392\" data-end=\"420\">PARD Night Stalker 4K eX<\/strong> entwickelt wurde.<\/p>\n<p data-start=\"444\" data-end=\"597\">Dieses intelligente Zubeh\u00f6r hebt die Leistung Ihres Ger\u00e4ts auf ein neues Niveau \u2013 egal, ob Sie jagen, \u00dcberwachungen durchf\u00fchren oder auf dem Schie\u00dfstand sind.<\/p>\n<p data-start=\"599\" data-end=\"1065\">Das <strong data-start=\"603\" data-end=\"630\">Night Stalker IR-Modul<\/strong> verf\u00fcgt \u00fcber ein leistungsstarkes Infrarotlicht mit einer Wellenl\u00e4nge von entweder <strong data-start=\"676\" data-end=\"686\">850 nm<\/strong> (hohe Leistung) oder <strong data-start=\"709\" data-end=\"719\">940 nm<\/strong> (unsichtbar f\u00fcr Tiere und Menschen) sowie einen <strong data-start=\"779\" data-end=\"800\">Laser-Entfernungsmesser<\/strong> mit einer Messdistanz von bis zu <strong data-start=\"812\" data-end=\"827\">1200 Metern<\/strong>. Das Ergebnis ist eine verbesserte Bildqualit\u00e4t, eine h\u00f6here Zielgenauigkeit und eine zuverl\u00e4ssige Entfernungsmessung unter allen Lichtbedingungen. Das Modul wird direkt an Ihrem Zielfernrohr montiert \u2013 <strong data-start=\"1020\" data-end=\"1064\">keine zus\u00e4tzlichen Kabel oder Konfigurationen erforderlich<\/strong>.  <\/p>\n<hr data-start=\"1067\" data-end=\"1070\">\n<h3 data-section-id=\"pm8yra\" data-start=\"1072\" data-end=\"1092\"><strong data-start=\"1076\" data-end=\"1092\">Hauptmerkmale<\/strong><\/h3>\n<ul data-start=\"1094\" data-end=\"1603\">\n<li data-start=\"1094\" data-end=\"1176\">\n<p data-start=\"1096\" data-end=\"1176\"><strong data-start=\"1096\" data-end=\"1116\">2-in-1-L\u00f6sung:<\/strong> Kombiniert IR-Strahler und Laser-Entfernungsmesser in einem Ger\u00e4t<\/p>\n<\/li>\n<li data-start=\"1177\" data-end=\"1260\">\n<p data-start=\"1179\" data-end=\"1260\"><strong data-start=\"1179\" data-end=\"1194\">Kompatibel:<\/strong> Speziell f\u00fcr die Modelle Night Stalker 4K Pro und 4K eX entwickelt<\/p>\n<\/li>\n<li data-start=\"1261\" data-end=\"1332\">\n<p data-start=\"1263\" data-end=\"1332\"><strong data-start=\"1263\" data-end=\"1278\">Gro\u00dfe Reichweite:<\/strong> Pr\u00e4zise Entfernungsmessung bis zu <strong data-start=\"1315\" data-end=\"1330\">1200 Metern<\/strong><\/p>\n<\/li>\n<li data-start=\"1333\" data-end=\"1416\">\n<p data-start=\"1335\" data-end=\"1416\"><strong data-start=\"1335\" data-end=\"1353\">IR-Wellenl\u00e4nge:<\/strong> W\u00e4hlbar <strong data-start=\"1365\" data-end=\"1375\">850 nm<\/strong> (starker Strahl) oder <strong data-start=\"1393\" data-end=\"1403\">940 nm<\/strong> (unauff\u00e4llig)<\/p>\n<\/li>\n<li data-start=\"1417\" data-end=\"1505\">\n<p data-start=\"1419\" data-end=\"1505\"><strong data-start=\"1419\" data-end=\"1449\">Schnelle und einfache Installation:<\/strong> Wird direkt am Zielfernrohr montiert \u2013 <strong data-start=\"1481\" data-end=\"1503\">keine Kabel erforderlich<\/strong><\/p>\n<\/li>\n<li data-start=\"1506\" data-end=\"1603\">\n<p data-start=\"1508\" data-end=\"1603\"><strong data-start=\"1508\" data-end=\"1526\">Benutzerfreundlich:<\/strong> Direkte Steuerung \u00fcber das Men\u00fc des Zielfernrohrs oder \u00fcber die verbundene App<\/p>\n<\/li>\n<\/ul>\n<hr data-start=\"1605\" data-end=\"1608\">\n<h3 data-section-id=\"1uy3wzy\" data-start=\"1610\" data-end=\"1636\"><strong data-start=\"1614\" data-end=\"1634\">F\u00fcr wen ist das?<\/strong><\/h3>\n<p data-start=\"1637\" data-end=\"1938\">Das <strong data-start=\"1641\" data-end=\"1673\">PARD Night Stalker IR-Modul<\/strong> ist das perfekte Add-on f\u00fcr <strong data-start=\"1700\" data-end=\"1711\">J\u00e4ger<\/strong>, <strong data-start=\"1713\" data-end=\"1734\">taktische Sch\u00fctzen<\/strong> und <strong data-start=\"1740\" data-end=\"1766\">Sicherheitsfachleute<\/strong>, die die Sichtbarkeit in v\u00f6lliger Dunkelheit verbessern und eine genaue Entfernungssch\u00e4tzung gew\u00e4hrleisten wollen. Es verwandelt Ihr Night Stalker-Zielfernrohr in ein noch leistungsst\u00e4rkeres und intelligenteres System. <\/p>\n<hr data-start=\"1940\" data-end=\"1943\">\n<h3 data-section-id=\"gqkziz\" data-start=\"1945\" data-end=\"1977\"><strong data-start=\"1949\" data-end=\"1977\">Technische Daten<\/strong><\/h3>\n<ul data-start=\"1979\" data-end=\"2311\">\n<li data-start=\"1979\" data-end=\"2037\">\n<p data-start=\"1981\" data-end=\"2037\"><strong data-start=\"1981\" data-end=\"1990\">Typ:<\/strong> Infrarot-LED-Strahler + Laser-Entfernungsmesser<\/p>\n<\/li>\n<li data-start=\"2038\" data-end=\"2078\">\n<p data-start=\"2040\" data-end=\"2078\"><strong data-start=\"2040\" data-end=\"2059\">IR-Wellenl\u00e4ngen:<\/strong> 850 nm oder 940 nm<\/p>\n<\/li>\n<li data-start=\"2079\" data-end=\"2121\">\n<p data-start=\"2081\" data-end=\"2121\"><strong data-start=\"2081\" data-end=\"2106\">Entfernungsmesser-Distanz:<\/strong> Bis zu 1200 m<\/p>\n<\/li>\n<li data-start=\"2122\" data-end=\"2180\">\n<p data-start=\"2124\" data-end=\"2180\"><strong data-start=\"2124\" data-end=\"2142\">Kompatibilit\u00e4t:<\/strong> PARD Night Stalker 4K Pro und 4K eX<\/p>\n<\/li>\n<li data-start=\"2181\" data-end=\"2263\">\n<p data-start=\"2183\" data-end=\"2263\"><strong data-start=\"2183\" data-end=\"2200\">Stromversorgung:<\/strong> Direkt \u00fcber das Zielfernrohr \u2013 <strong data-start=\"2238\" data-end=\"2261\">keine separate Batterie<\/strong><\/p>\n<\/li>\n<li data-start=\"2264\" data-end=\"2311\">\n<p data-start=\"2266\" data-end=\"2311\"><strong data-start=\"2266\" data-end=\"2283\">Installation:<\/strong> Werkzeuglose Modulmontage<\/p>\n<\/li>\n<\/ul>\n<hr data-start=\"2313\" data-end=\"2316\">\n<h3 data-section-id=\"12cbl1o\" data-start=\"2318\" data-end=\"2380\"><strong data-start=\"2322\" data-end=\"2378\">Machen Sie Ihr Zielfernrohr intelligenter, heller und pr\u00e4ziser<\/strong><\/h3>\n<p data-start=\"2381\" data-end=\"2484\">Das <strong data-start=\"2385\" data-end=\"2417\">PARD Night Stalker IR-Modul<\/strong> ist das Zubeh\u00f6r, das den Unterschied macht \u2013 <strong data-start=\"2459\" data-end=\"2483\">wenn es darauf ankommt<\/strong>.<\/p>\n","protected":false},"excerpt":{"rendered":"<p>Kraft durch die Dunkelheit \u2013 Pr\u00e4zision bei jedem Schuss Das PARD Night Stalker IR-Modul ist eine leistungsstarke Kombination aus einem Infrarotstrahler und einem pr\u00e4zisen Laser-Entfernungsmesser, die speziell f\u00fcr die nahtlose Integration mit den Nachtsichtger\u00e4ten PARD Night Stalker 4K Pro und PARD Night Stalker 4K eX entwickelt wurde. Dieses intelligente Zubeh\u00f6r hebt die Leistung Ihres Ger\u00e4ts [&#8230;]\n","protected":false},"featured_media":283384,"comment_status":"open","ping_status":"closed","template":"","meta":[],"product_brand":[],"product_cat":[1375,1412],"product_tag":[],"class_list":{"0":"post-283493","1":"product","2":"type-product","3":"status-publish","4":"has-post-thumbnail","6":"product_cat-nachtsicht","7":"product_cat-fernglaszubehor","9":"first","10":"instock","11":"taxable","12":"shipping-taxable","13":"purchasable","14":"product-type-variable"},"composite_virtual":false,"composite_layout":"","composite_add_to_cart_form_location":"","composite_editable_in_cart":false,"composite_sold_individually_context":"","composite_shop_price_calc":"","composite_components":[],"composite_scenarios":[],"group_of_quantity":0,"min_quantity":0,"max_quantity":"","exclude_order_quantity_value_rules":"no","exclude_category_quantity_rules":"no","combine_variations":"no","exclude_global_add_ons":[],"addons":[],"_links":{"self":[{"href":"https:\/\/www.huntersfriend.eu\/de\/wp-json\/wp\/v2\/product\/283493","targetHints":{"allow":["GET"]}}],"collection":[{"href":"https:\/\/www.huntersfriend.eu\/de\/wp-json\/wp\/v2\/product"}],"about":[{"href":"https:\/\/www.huntersfriend.eu\/de\/wp-json\/wp\/v2\/types\/product"}],"replies":[{"embeddable":true,"href":"https:\/\/www.huntersfriend.eu\/de\/wp-json\/wp\/v2\/comments?post=283493"}],"wp:featuredmedia":[{"embeddable":true,"href":"https:\/\/www.huntersfriend.eu\/de\/wp-json\/wp\/v2\/media\/283384"}],"wp:attachment":[{"href":"https:\/\/www.huntersfriend.eu\/de\/wp-json\/wp\/v2\/media?parent=283493"}],"wp:term":[{"taxonomy":"product_brand","embeddable":true,"href":"https:\/\/www.huntersfriend.eu\/de\/wp-json\/wp\/v2\/product_brand?post=283493"},{"taxonomy":"product_cat","embeddable":true,"href":"https:\/\/www.huntersfriend.eu\/de\/wp-json\/wp\/v2\/product_cat?post=283493"},{"taxonomy":"product_tag","embeddable":true,"href":"https:\/\/www.huntersfriend.eu\/de\/wp-json\/wp\/v2\/product_tag?post=283493"}],"curies":[{"name":"wp","href":"https:\/\/api.w.org\/{rel}","templated":true}]}}