{"id":283334,"date":"2025-07-10T00:50:34","date_gmt":"2025-07-29T09:25:46","guid":{"rendered":"https:\/\/www.huntersfriend.eu\/product\/pard-pantera-256-q-waermebildzielfernrohr\/"},"modified":"2025-07-29T11:25:46","modified_gmt":"2025-07-29T09:25:46","slug":"pard-pantera-256-q-waermebildzielfernrohr","status":"publish","type":"product","link":"https:\/\/www.huntersfriend.eu\/de\/produkt\/pard-pantera-256-q-waermebildzielfernrohr\/","title":{"rendered":"Pard Pantera 256 q W\u00e4rmebildzielfernrohr"},"content":{"rendered":"<h3 data-section-id=\"1xaakpy\" data-start=\"115\" data-end=\"191\"><strong data-start=\"119\" data-end=\"191\">PARD pantera-256 q \u2013 kompaktes W\u00e4rmebildvisier f\u00fcr den Einsatz bei extrem wenig Licht<\/strong><\/h3>\n<p data-start=\"193\" data-end=\"572\">Das <strong data-start=\"197\" data-end=\"219\">PARD Pantera-256 Q<\/strong> ist ein leichtes und fortschrittliches W\u00e4rmebildvisier, das hochwertige Bilder, ausgezeichnete Erkennungsf\u00e4higkeiten und einen vollen Funktionsumfang in einem sehr kompakten Paket bietet. Im Kern befindet sich ein pr\u00e4ziser <strong data-start=\"411\" data-end=\"441\">256\u00d7192 VOx-W\u00e4rmesensor<\/strong> und der propriet\u00e4re <strong data-start=\"465\" data-end=\"489\">IREA-Bildprozessor<\/strong> von PARD, der es ihm erm\u00f6glicht, Ziele in einer Entfernung von bis zu <strong data-start=\"527\" data-end=\"547\">1200 Metern<\/strong> zu erkennen, selbst in v\u00f6lliger Dunkelheit. <\/p>\n<p data-start=\"574\" data-end=\"1046\">Trotz seiner unkomplizierten und reibungslosen Benutzeroberfl\u00e4che ist dieses Ger\u00e4t mit Funktionen ausgestattet: <strong data-start=\"666\" data-end=\"679\">Gyroskop<\/strong>, <strong data-start=\"681\" data-end=\"702\">Hot-Spot-Tracking<\/strong>, <strong data-start=\"704\" data-end=\"726\">elektronischer Kompass<\/strong>, <strong data-start=\"728\" data-end=\"740\">PIP-Modus<\/strong>, <strong data-start=\"742\" data-end=\"763\">5 Fadenkreuzoptionen<\/strong> und mehrere Farboptionen, was die Pantera zu einem vielseitigen Werkzeug f\u00fcr <strong data-start=\"833\" data-end=\"887\">J\u00e4ger, Sicherheitspersonal oder Pr\u00e4zisionssch\u00fctzen<\/strong> macht. Es kann auch <strong data-start=\"901\" data-end=\"936\">Videos aufnehmen und Bilder aufnehmen<\/strong> in seinem internen Speicher und unterst\u00fctzt <strong data-start=\"973\" data-end=\"994\">WiFi-Konnektivit\u00e4t<\/strong> und <strong data-start=\"999\" data-end=\"1017\">Fernbedienung<\/strong> \u00fcber die <strong data-start=\"1026\" data-end=\"1045\">PardVision2-App<\/strong>. <\/p>\n<hr data-start=\"1048\" data-end=\"1051\">\n<h3 data-section-id=\"pm8yra\" data-start=\"1053\" data-end=\"1073\"><strong data-start=\"1057\" data-end=\"1073\">Hauptmerkmale<\/strong><\/h3>\n<ul data-start=\"1075\" data-end=\"1754\">\n<li data-start=\"1075\" data-end=\"1188\">\n<p data-start=\"1077\" data-end=\"1188\"><strong data-start=\"1077\" data-end=\"1112\">Hochwertiger VOx-W\u00e4rmesensor<\/strong>: 256\u00d7192 Aufl\u00f6sung, NETD \u226425 mK \u2013 erkennt pr\u00e4zise thermische Unterschiede<\/p>\n<\/li>\n<li data-start=\"1189\" data-end=\"1251\">\n<p data-start=\"1191\" data-end=\"1251\"><strong data-start=\"1191\" data-end=\"1215\">Lange Erkennungsreichweite<\/strong>: Ziele bis zu 1200 Meter erkennen<\/p>\n<\/li>\n<li data-start=\"1252\" data-end=\"1315\">\n<p data-start=\"1254\" data-end=\"1315\"><strong data-start=\"1254\" data-end=\"1280\">Umfangreicher digitaler Zoom<\/strong>: 2x, 4x, 6x und 8x Zoomoptionen<\/p>\n<\/li>\n<li data-start=\"1316\" data-end=\"1381\">\n<p data-start=\"1318\" data-end=\"1381\"><strong data-start=\"1318\" data-end=\"1334\">OLED-Display<\/strong>: Scharfer und heller Bildschirm mit 1024\u00d7768 Aufl\u00f6sung<\/p>\n<\/li>\n<li data-start=\"1382\" data-end=\"1488\">\n<p data-start=\"1384\" data-end=\"1488\"><strong data-start=\"1384\" data-end=\"1411\">Vielseitige Anzeigemodi<\/strong>: WT-HOT, BK-HOT, RD-HOT, IN-HOT und SKY \u2013 w\u00e4hlen Sie je nach Ziel<\/p>\n<\/li>\n<li data-start=\"1489\" data-end=\"1570\">\n<p data-start=\"1491\" data-end=\"1570\"><strong data-start=\"1491\" data-end=\"1513\">Hot-Track-Funktion<\/strong>: H\u00e4lt das Ziel automatisch in der Mitte des Bildschirms<\/p>\n<\/li>\n<li data-start=\"1571\" data-end=\"1672\">\n<p data-start=\"1573\" data-end=\"1672\"><strong data-start=\"1573\" data-end=\"1598\">Aufnahme und Freigabe<\/strong>: Eingebauter 32 GB Speicher, speichert .mp4-Videos und .jpg-Bilder, WiFi-Unterst\u00fctzung<\/p>\n<\/li>\n<li data-start=\"1673\" data-end=\"1754\">\n<p data-start=\"1675\" data-end=\"1754\"><strong data-start=\"1675\" data-end=\"1694\">Intelligente Bedienung<\/strong>: Gyroskop, E-Kompass, mechanischer Verschluss und Mikrofon<\/p>\n<\/li>\n<\/ul>\n<hr data-start=\"1756\" data-end=\"1759\">\n<h3 data-section-id=\"ozcygx\" data-start=\"1761\" data-end=\"1801\"><strong data-start=\"1765\" data-end=\"1801\">Ideale Einsatzbereiche f\u00fcr die Pantera-256 q<\/strong><\/h3>\n<p data-start=\"1803\" data-end=\"2174\">Dieses W\u00e4rmebildvisier wurde speziell f\u00fcr <strong data-start=\"1851\" data-end=\"1900\">Jagd, Wildtierbeobachtung, Sicherheitsaufgaben<\/strong> und <strong data-start=\"1906\" data-end=\"1936\">Such- und Rettungsmissionen<\/strong> entwickelt. Sein pr\u00e4ziser Sensor und seine empfindliche Bildverarbeitung erm\u00f6glichen es Ihnen, Ziele auch in <strong data-start=\"2034\" data-end=\"2081\">dichter Vegetation, Nebel oder v\u00f6lliger Dunkelheit<\/strong> zu erkennen und zu verfolgen. Seine <strong data-start=\"2087\" data-end=\"2125\">kompakte Gr\u00f6\u00dfe und leichte Bauweise<\/strong> machen es f\u00fcr l\u00e4ngere Zeitr\u00e4ume angenehm zu bedienen.  <\/p>\n<hr data-start=\"2176\" data-end=\"2179\">\n<h3 data-section-id=\"gqkziz\" data-start=\"2181\" data-end=\"2213\"><strong data-start=\"2185\" data-end=\"2213\">Technische Daten<\/strong><\/h3>\n<h4 data-start=\"2215\" data-end=\"2231\"><strong data-start=\"2220\" data-end=\"2231\">Sensor:<\/strong><\/h4>\n<ul data-start=\"2232\" data-end=\"2384\">\n<li data-start=\"2232\" data-end=\"2271\">\n<p data-start=\"2234\" data-end=\"2271\">Typ: Ungek\u00fchlter VOx (Vanadiumoxid)<\/p>\n<\/li>\n<li data-start=\"2272\" data-end=\"2295\">\n<p data-start=\"2274\" data-end=\"2295\">Aufl\u00f6sung: 256\u00d7192<\/p>\n<\/li>\n<li data-start=\"2296\" data-end=\"2317\">\n<p data-start=\"2298\" data-end=\"2317\">Pixelgr\u00f6\u00dfe: 12 \u00b5m<\/p>\n<\/li>\n<li data-start=\"2318\" data-end=\"2334\">\n<p data-start=\"2320\" data-end=\"2334\">NETD: \u226425 mK<\/p>\n<\/li>\n<li data-start=\"2335\" data-end=\"2356\">\n<p data-start=\"2337\" data-end=\"2356\">Bildrate: 50 Hz<\/p>\n<\/li>\n<li data-start=\"2357\" data-end=\"2384\">\n<p data-start=\"2359\" data-end=\"2384\">Erkennungsreichweite: 1200 m<\/p>\n<\/li>\n<\/ul>\n<h4 data-start=\"2386\" data-end=\"2402\"><strong data-start=\"2391\" data-end=\"2402\">Optik:<\/strong><\/h4>\n<ul data-start=\"2403\" data-end=\"2634\">\n<li data-start=\"2403\" data-end=\"2418\">\n<p data-start=\"2405\" data-end=\"2418\">Objektiv: 25 mm<\/p>\n<\/li>\n<li data-start=\"2419\" data-end=\"2450\">\n<p data-start=\"2421\" data-end=\"2450\">Optische Vergr\u00f6\u00dferung: 3,6x<\/p>\n<\/li>\n<li data-start=\"2451\" data-end=\"2486\">\n<p data-start=\"2453\" data-end=\"2486\">Digitaler Zoom: 2x \/ 4x \/ 6x \/ 8x<\/p>\n<\/li>\n<li data-start=\"2487\" data-end=\"2550\">\n<p data-start=\"2489\" data-end=\"2550\">Sichtfeld @100 m: 12,3 m (horizontal), 9,2 m (vertikal)<\/p>\n<\/li>\n<li data-start=\"2551\" data-end=\"2578\">\n<p data-start=\"2553\" data-end=\"2578\">Fokusentfernung: 5 m \u2013 \u221e<\/p>\n<\/li>\n<li data-start=\"2579\" data-end=\"2600\">\n<p data-start=\"2581\" data-end=\"2600\">Augenabstand: 50 mm<\/p>\n<\/li>\n<li data-start=\"2601\" data-end=\"2634\">\n<p data-start=\"2603\" data-end=\"2634\">Dioptrieneinstellung: -5 ~ +5 D<\/p>\n<\/li>\n<\/ul>\n<h4 data-start=\"2636\" data-end=\"2661\"><strong data-start=\"2641\" data-end=\"2661\">Display &amp; Bild:<\/strong><\/h4>\n<ul data-start=\"2662\" data-end=\"2853\">\n<li data-start=\"2662\" data-end=\"2689\">\n<p data-start=\"2664\" data-end=\"2689\">Display: OLED, 1024\u00d7768<\/p>\n<\/li>\n<li data-start=\"2690\" data-end=\"2711\">\n<p data-start=\"2692\" data-end=\"2711\">Fadenkreuzstile: 5<\/p>\n<\/li>\n<li data-start=\"2712\" data-end=\"2757\">\n<p data-start=\"2714\" data-end=\"2757\">Fadenkreuzfarben: Rot, Wei\u00df, Gelb, Gr\u00fcn<\/p>\n<\/li>\n<li data-start=\"2758\" data-end=\"2795\">\n<p data-start=\"2760\" data-end=\"2795\">Szenenmodi: Stadt \/ Regen \/ Wald<\/p>\n<\/li>\n<li data-start=\"2796\" data-end=\"2853\">\n<p data-start=\"2798\" data-end=\"2853\">W\u00e4rmebildpaletten: WT-HOT, BK-HOT, RD-HOT, IN-HOT, SKY<\/p>\n<\/li>\n<\/ul>\n<h4 data-start=\"2855\" data-end=\"2874\"><strong data-start=\"2860\" data-end=\"2874\">Aufnahme:<\/strong><\/h4>\n<ul data-start=\"2875\" data-end=\"2998\">\n<li data-start=\"2875\" data-end=\"2902\">\n<p data-start=\"2877\" data-end=\"2902\">Fotos: 1024\u00d7768 (.JPG)<\/p>\n<\/li>\n<li data-start=\"2903\" data-end=\"2930\">\n<p data-start=\"2905\" data-end=\"2930\">Videos: 1024\u00d7768 (.MP4)<\/p>\n<\/li>\n<li data-start=\"2931\" data-end=\"2963\">\n<p data-start=\"2933\" data-end=\"2963\">Speicher: Eingebauter 32 GB eMMC<\/p>\n<\/li>\n<li data-start=\"2964\" data-end=\"2998\">\n<p data-start=\"2966\" data-end=\"2998\">Mikrofon f\u00fcr Videoaufnahmen<\/p>\n<\/li>\n<\/ul>\n<h4 data-start=\"3000\" data-end=\"3019\"><strong data-start=\"3005\" data-end=\"3019\">Funktionen:<\/strong><\/h4>\n<ul data-start=\"3020\" data-end=\"3191\">\n<li data-start=\"3020\" data-end=\"3048\">\n<p data-start=\"3022\" data-end=\"3048\">PIP (Bild-in-Bild)<\/p>\n<\/li>\n<li data-start=\"3049\" data-end=\"3062\">\n<p data-start=\"3051\" data-end=\"3062\">Hot Track<\/p>\n<\/li>\n<li data-start=\"3063\" data-end=\"3076\">\n<p data-start=\"3065\" data-end=\"3076\">Gyroskop<\/p>\n<\/li>\n<li data-start=\"3077\" data-end=\"3107\">\n<p data-start=\"3079\" data-end=\"3107\">R\u00fccksto\u00dfaktivierte Aufnahme<\/p>\n<\/li>\n<li data-start=\"3108\" data-end=\"3126\">\n<p data-start=\"3110\" data-end=\"3126\">Loop-Aufnahme<\/p>\n<\/li>\n<li data-start=\"3127\" data-end=\"3140\">\n<p data-start=\"3129\" data-end=\"3140\">E-Kompass<\/p>\n<\/li>\n<li data-start=\"3141\" data-end=\"3163\">\n<p data-start=\"3143\" data-end=\"3163\">Mechanischer Verschluss<\/p>\n<\/li>\n<li data-start=\"3164\" data-end=\"3191\">\n<p data-start=\"3166\" data-end=\"3191\">Firmware-Update-Unterst\u00fctzung<\/p>\n<\/li>\n<\/ul>\n<h4 data-start=\"3193\" data-end=\"3215\"><strong data-start=\"3198\" data-end=\"3215\">Konnektivit\u00e4t:<\/strong><\/h4>\n<ul data-start=\"3216\" data-end=\"3306\">\n<li data-start=\"3216\" data-end=\"3230\">\n<p data-start=\"3218\" data-end=\"3230\">USB Typ-C<\/p>\n<\/li>\n<li data-start=\"3231\" data-end=\"3239\">\n<p data-start=\"3233\" data-end=\"3239\">WiFi<\/p>\n<\/li>\n<li data-start=\"3240\" data-end=\"3275\">\n<p data-start=\"3242\" data-end=\"3275\">Kompatibel mit der PardVision2-App<\/p>\n<\/li>\n<li data-start=\"3276\" data-end=\"3306\">\n<p data-start=\"3278\" data-end=\"3306\">HDMI-Ausgang: Nicht unterst\u00fctzt<\/p>\n<\/li>\n<\/ul>\n<h4 data-start=\"3308\" data-end=\"3330\"><strong data-start=\"3313\" data-end=\"3330\">Stromversorgung:<\/strong><\/h4>\n<ul data-start=\"3331\" data-end=\"3413\">\n<li data-start=\"3331\" data-end=\"3360\">\n<p data-start=\"3333\" data-end=\"3360\">Akku: 1 x 18650 Li-Ion<\/p>\n<\/li>\n<li data-start=\"3361\" data-end=\"3382\">\n<p data-start=\"3363\" data-end=\"3382\">Laufzeit: \u22646 Stunden<\/p>\n<\/li>\n<li data-start=\"3383\" data-end=\"3413\">\n<p data-start=\"3385\" data-end=\"3413\">Externe Stromversorgung: USB Typ-C<\/p>\n<\/li>\n<\/ul>\n<h4 data-start=\"3415\" data-end=\"3443\"><strong data-start=\"3420\" data-end=\"3443\">Bauweise &amp; Abmessungen:<\/strong><\/h4>\n<ul data-start=\"3444\" data-end=\"3667\">\n<li data-start=\"3444\" data-end=\"3471\">\n<p data-start=\"3446\" data-end=\"3471\">Schutzart: IP67<\/p>\n<\/li>\n<li data-start=\"3472\" data-end=\"3513\">\n<p data-start=\"3474\" data-end=\"3513\">Betriebstemperatur: -30\u00b0C bis +55\u00b0C<\/p>\n<\/li>\n<li data-start=\"3514\" data-end=\"3543\">\n<p data-start=\"3516\" data-end=\"3543\">R\u00fccksto\u00dffestigkeit: 6000 J<\/p>\n<\/li>\n<li data-start=\"3544\" data-end=\"3601\">\n<p data-start=\"3546\" data-end=\"3601\">Geh\u00e4use: Aluminiumgeh\u00e4use, vollst\u00e4ndig mehrfach verg\u00fctete Glaslinse<\/p>\n<\/li>\n<li data-start=\"3602\" data-end=\"3634\">\n<p data-start=\"3604\" data-end=\"3634\">Abmessungen: 295 \u00d7 82 \u00d7 70 mm<\/p>\n<\/li>\n<li data-start=\"3635\" data-end=\"3667\">\n<p data-start=\"3637\" data-end=\"3667\">Gewicht: 490 g (mit Akku)<\/p>\n<\/li>\n<\/ul>\n<hr data-start=\"3669\" data-end=\"3672\">\n<h3 data-section-id=\"q3uhq7\" data-start=\"3674\" data-end=\"3738\"><strong data-start=\"3678\" data-end=\"3738\">PARD pantera-256 q \u2013 Ihr zuverl\u00e4ssiger Begleiter im Dunkeln<\/strong><\/h3>\n<p data-start=\"3740\" data-end=\"3858\">Kompakt, vielseitig und zuverl\u00e4ssig, das Pantera-256 Q ist ein W\u00e4rmebildvisier, dem Sie auch unter den dunkelsten Bedingungen vertrauen k\u00f6nnen.<\/p>\n<hr data-start=\"3860\" data-end=\"3863\">\n<h3 data-section-id=\"1m2wwh1\" data-start=\"3865\" data-end=\"3906\"><strong data-start=\"3869\" data-end=\"3906\">Einsatzbereich und optimale Entfernungen<\/strong><\/h3>\n<p data-start=\"3908\" data-end=\"4115\">Das <strong data-start=\"3912\" data-end=\"3934\">PARD Pantera-256 Q<\/strong> eignet sich am besten f\u00fcr <strong data-start=\"3954\" data-end=\"3979\">kurze bis mittlere Entfernungen<\/strong> zur Beobachtung und Jagd. Seine Empfindlichkeit und Bildqualit\u00e4t machen es jedoch je nach Situation auch auf gr\u00f6\u00dfere Entfernungen einsetzbar. <\/p>\n<h4 data-start=\"4117\" data-end=\"4155\"><strong data-start=\"4122\" data-end=\"4155\">Zielerkennung nach Entfernung:<\/strong><\/h4>\n<ul data-start=\"4157\" data-end=\"4691\">\n<li data-start=\"4157\" data-end=\"4325\">\n<p data-start=\"4159\" data-end=\"4325\"><strong data-start=\"4159\" data-end=\"4175\">0\u2013300 Meter<\/strong> \u2013 Hervorragend geeignet f\u00fcr die Detailerkennung: Tierform, Verhalten, Geschlecht oder Geweih sind deutlich unterscheidbar. Idealer Bereich f\u00fcr Pirsch- oder Ansitzjagd. <\/p>\n<\/li>\n<li data-start=\"4326\" data-end=\"4500\">\n<p data-start=\"4328\" data-end=\"4500\"><strong data-start=\"4328\" data-end=\"4346\">300\u2013700 Meter<\/strong> \u2013 Die thermische Signatur bleibt klar. Sie k\u00f6nnen Arten zuverl\u00e4ssig identifizieren und Bewegungen verfolgen. Ideal f\u00fcr \u00dcberwachung oder Wildtierbeobachtung in offenem Gel\u00e4nde.  <\/p>\n<\/li>\n<li data-start=\"4501\" data-end=\"4691\">\n<p data-start=\"4503\" data-end=\"4691\"><strong data-start=\"4503\" data-end=\"4522\">700\u20131200 Meter<\/strong> \u2013 Das Ziel ist thermisch sichtbar, aber feine Details sind m\u00f6glicherweise nicht erkennbar. Geeignet f\u00fcr Suche, Patrouille oder Sicherheits\u00fcberwachung, wenn Bewegung oder W\u00e4rmepr\u00e4senz im Vordergrund stehen. <\/p>\n<\/li>\n<\/ul>\n<hr data-start=\"4693\" data-end=\"4696\">\n<h3 data-section-id=\"3l32ru\" data-start=\"4698\" data-end=\"4713\"><strong data-start=\"4702\" data-end=\"4713\">Zusammenfassung<\/strong><\/h3>\n<p data-start=\"4715\" data-end=\"5096\">Das Pantera-256 Q funktioniert am besten bei <strong data-start=\"4750\" data-end=\"4767\">50\u2013600 Metern<\/strong>, wo Bildsch\u00e4rfe, Erkennungspr\u00e4zision und Detailinterpretation optimal sind. Es ist zwar nicht f\u00fcr extreme Langstreckensch\u00fcsse oder maximale Vergr\u00f6\u00dferung gedacht, bietet aber ein hervorragendes Gleichgewicht zwischen <strong data-start=\"4971\" data-end=\"4987\">kompakter Gr\u00f6\u00dfe<\/strong>, <strong data-start=\"4989\" data-end=\"5006\">Bildqualit\u00e4t<\/strong> und <strong data-start=\"5012\" data-end=\"5028\">nutzbarer Reichweite<\/strong>, wodurch es sich besonders gut f\u00fcr verschiedene Gel\u00e4ndeanwendungen eignet. <\/p>\n","protected":false},"excerpt":{"rendered":"<p>PARD pantera-256 q \u2013 kompaktes W\u00e4rmebildvisier f\u00fcr den Einsatz bei extrem wenig Licht Das PARD Pantera-256 Q ist ein leichtes und fortschrittliches W\u00e4rmebildvisier, das hochwertige Bilder, ausgezeichnete Erkennungsf\u00e4higkeiten und einen vollen Funktionsumfang in einem sehr kompakten Paket bietet. Im Kern befindet sich ein pr\u00e4ziser 256\u00d7192 VOx-W\u00e4rmesensor und der propriet\u00e4re IREA-Bildprozessor von PARD, der es ihm [&#8230;]\n","protected":false},"featured_media":283260,"comment_status":"open","ping_status":"closed","template":"","meta":[],"product_brand":[],"product_cat":[1132],"product_tag":[],"class_list":{"0":"post-283334","1":"product","2":"type-product","3":"status-publish","4":"has-post-thumbnail","6":"product_cat-zielfernrohre","8":"first","9":"outofstock","10":"taxable","11":"shipping-taxable","12":"purchasable","13":"product-type-simple"},"composite_virtual":false,"composite_layout":"","composite_add_to_cart_form_location":"","composite_editable_in_cart":false,"composite_sold_individually_context":"","composite_shop_price_calc":"","composite_components":[],"composite_scenarios":[],"group_of_quantity":0,"min_quantity":0,"max_quantity":"","exclude_order_quantity_value_rules":"no","exclude_category_quantity_rules":"no","combine_variations":"no","exclude_global_add_ons":[],"addons":[],"_links":{"self":[{"href":"https:\/\/www.huntersfriend.eu\/de\/wp-json\/wp\/v2\/product\/283334","targetHints":{"allow":["GET"]}}],"collection":[{"href":"https:\/\/www.huntersfriend.eu\/de\/wp-json\/wp\/v2\/product"}],"about":[{"href":"https:\/\/www.huntersfriend.eu\/de\/wp-json\/wp\/v2\/types\/product"}],"replies":[{"embeddable":true,"href":"https:\/\/www.huntersfriend.eu\/de\/wp-json\/wp\/v2\/comments?post=283334"}],"wp:featuredmedia":[{"embeddable":true,"href":"https:\/\/www.huntersfriend.eu\/de\/wp-json\/wp\/v2\/media\/283260"}],"wp:attachment":[{"href":"https:\/\/www.huntersfriend.eu\/de\/wp-json\/wp\/v2\/media?parent=283334"}],"wp:term":[{"taxonomy":"product_brand","embeddable":true,"href":"https:\/\/www.huntersfriend.eu\/de\/wp-json\/wp\/v2\/product_brand?post=283334"},{"taxonomy":"product_cat","embeddable":true,"href":"https:\/\/www.huntersfriend.eu\/de\/wp-json\/wp\/v2\/product_cat?post=283334"},{"taxonomy":"product_tag","embeddable":true,"href":"https:\/\/www.huntersfriend.eu\/de\/wp-json\/wp\/v2\/product_tag?post=283334"}],"curies":[{"name":"wp","href":"https:\/\/api.w.org\/{rel}","templated":true}]}}