{"id":283333,"date":"2025-07-10T00:50:34","date_gmt":"2025-07-09T22:50:34","guid":{"rendered":"https:\/\/www.huntersfriend.eu\/product\/pard-action-waffenkamera\/"},"modified":"2025-11-27T11:14:53","modified_gmt":"2025-11-27T09:14:53","slug":"pard-action-waffenkamera","status":"publish","type":"product","link":"https:\/\/www.huntersfriend.eu\/de\/produkt\/pard-action-waffenkamera\/","title":{"rendered":"Pard Action-Waffenkamera"},"content":{"rendered":"<h3 data-section-id=\"1qhmqmk\" data-start=\"107\" data-end=\"201\"><strong data-start=\"111\" data-end=\"201\">PARD Action-Waffenkamera \u2013 4K-Digital-Waffenkamera f\u00fcr Profis und Enthusiasten<\/strong><\/h3>\n<p data-start=\"203\" data-end=\"387\">Die <strong data-start=\"207\" data-end=\"222\">PARD Action<\/strong> ist eine leichte, kompakte und kabellose Waffenkamera, die in <strong data-start=\"293\" data-end=\"310\">4K-Aufl\u00f6sung<\/strong> aufzeichnet und eine neue Dimension f\u00fcr Jagd, Sportschie\u00dfen und taktisches Training bietet.<\/p>\n<hr data-start=\"389\" data-end=\"392\">\n<h3 data-section-id=\"1tq3c0m\" data-start=\"394\" data-end=\"422\"><strong data-start=\"398\" data-end=\"422\">Technische Highlights<\/strong><\/h3>\n<ul data-start=\"424\" data-end=\"1498\">\n<li data-start=\"424\" data-end=\"628\">\n<p data-start=\"426\" data-end=\"628\"><strong data-start=\"426\" data-end=\"466\">4K CMOS-Sensor &amp; 20 MP Bildqualit\u00e4t<\/strong><br data-start=\"466\" data-end=\"469\">Erfasst scharfe, detaillierte Videos mit <strong data-start=\"506\" data-end=\"516\">30 fps<\/strong>, ideal f\u00fcr Zeitlupenwiedergabe und -analyse. Der <strong data-start=\"567\" data-end=\"587\">0,001-Lux-Sensor<\/strong> gew\u00e4hrleistet eine ausgezeichnete Leistung bei schwachem Licht. <\/p>\n<\/li>\n<li data-start=\"630\" data-end=\"842\">\n<p data-start=\"632\" data-end=\"842\"><strong data-start=\"632\" data-end=\"668\">Integriertes Wi-Fi &amp; PardVision2-App<\/strong><br data-start=\"668\" data-end=\"671\">Bietet <strong data-start=\"682\" data-end=\"695\">Live-Ansicht<\/strong>, <strong data-start=\"697\" data-end=\"717\">Einstellungskontrolle<\/strong>, <strong data-start=\"719\" data-end=\"727\">Zoom<\/strong> und <strong data-start=\"733\" data-end=\"756\">Fadenkreuzkalibrierung<\/strong> direkt von Ihrem Smartphone oder Tablet aus \u2013 und bietet so kabellose Flexibilit\u00e4t im Feld.<\/p>\n<\/li>\n<li data-start=\"844\" data-end=\"968\">\n<p data-start=\"846\" data-end=\"968\"><strong data-start=\"846\" data-end=\"865\">Fadenkreuzanzeige<\/strong><br data-start=\"865\" data-end=\"868\">W\u00e4hlen Sie aus sechs Punktstilen oder verwenden Sie sie ohne \u2013 praktisch f\u00fcr Jagd und Wettkampf.<\/p>\n<\/li>\n<li data-start=\"970\" data-end=\"1089\">\n<p data-start=\"972\" data-end=\"1089\"><strong data-start=\"972\" data-end=\"999\">Robustes IP67-Geh\u00e4use<\/strong><br data-start=\"999\" data-end=\"1002\">Wetterfest, wasserdicht und sto\u00dffest \u2013 gebaut, um rauen Bedingungen standzuhalten.<\/p>\n<\/li>\n<li data-start=\"1091\" data-end=\"1221\">\n<p data-start=\"1093\" data-end=\"1221\"><strong data-start=\"1093\" data-end=\"1120\">Kompakt und leicht<\/strong><br data-start=\"1120\" data-end=\"1123\">Wiegt nur <strong data-start=\"1137\" data-end=\"1150\">120 Gramm<\/strong>, einfach an einem Stativ, Lauf oder Zielfernrohr zu montieren (passend f\u00fcr 18\u201323 mm Durchmesser).<\/p>\n<\/li>\n<li data-start=\"1223\" data-end=\"1407\">\n<p data-start=\"1225\" data-end=\"1407\"><strong data-start=\"1225\" data-end=\"1262\">Einfache Videoaufnahme und Steuerung<\/strong><br data-start=\"1262\" data-end=\"1265\">Sofort einsatzbereit \u2013 die Aufnahme startet einfach mit der <strong data-start=\"1330\" data-end=\"1353\">seitlich angebrachten Taste<\/strong> oder automatisch mit <strong data-start=\"1376\" data-end=\"1406\">r\u00fccksto\u00dfaktivierter Aufnahme<\/strong>.<\/p>\n<\/li>\n<li data-start=\"1409\" data-end=\"1498\">\n<p data-start=\"1411\" data-end=\"1498\"><strong data-start=\"1411\" data-end=\"1434\">Austauschbarer Akku<\/strong><br data-start=\"1434\" data-end=\"1437\">Verwendet <strong data-start=\"1444\" data-end=\"1497\">PARDs propriet\u00e4ren 18650 Flat Top Lithium-Akku<\/strong>.<\/p>\n<\/li>\n<\/ul>\n<hr data-start=\"1500\" data-end=\"1503\">\n<h3 data-section-id=\"1abnulf\" data-start=\"1505\" data-end=\"1529\"><strong data-start=\"1509\" data-end=\"1529\">Empfohlene Anwendungen<\/strong><\/h3>\n<ul data-start=\"1531\" data-end=\"1937\">\n<li data-start=\"1531\" data-end=\"1622\">\n<p data-start=\"1533\" data-end=\"1622\"><strong data-start=\"1533\" data-end=\"1561\">Jagd &amp; Sportschie\u00dfen<\/strong><br data-start=\"1561\" data-end=\"1564\">Nehmen Sie jeden Schuss auf und \u00fcberpr\u00fcfen Sie anschlie\u00dfend Ihre Leistung.<\/p>\n<\/li>\n<li data-start=\"1624\" data-end=\"1689\">\n<p data-start=\"1626\" data-end=\"1689\"><strong data-start=\"1626\" data-end=\"1647\">Taktisches Training<\/strong><br data-start=\"1647\" data-end=\"1650\">Bewerten Sie Bewegung, Reaktion und Ziel.<\/p>\n<\/li>\n<li data-start=\"1691\" data-end=\"1795\">\n<p data-start=\"1693\" data-end=\"1795\"><strong data-start=\"1693\" data-end=\"1722\">Unterricht &amp; Simulationen<\/strong><br data-start=\"1722\" data-end=\"1725\">Erstellen Sie Trainingsinhalte und verbessern Sie Ihre F\u00e4higkeiten mit wiederholbarem Feedback.<\/p>\n<\/li>\n<li data-start=\"1797\" data-end=\"1937\">\n<p data-start=\"1799\" data-end=\"1937\"><strong data-start=\"1799\" data-end=\"1816\">Video-Sharing<\/strong><br data-start=\"1816\" data-end=\"1819\">Verbinden Sie sich nahtlos \u00fcber die <strong data-start=\"1852\" data-end=\"1864\">PARD-App<\/strong> und laden Sie Ihre Clips direkt auf <strong data-start=\"1899\" data-end=\"1910\">YouTube<\/strong>, <strong data-start=\"1912\" data-end=\"1925\">Instagram<\/strong> oder in Foren hoch.<\/p>\n<\/li>\n<\/ul>\n<hr data-start=\"1939\" data-end=\"1942\">\n<h3 data-section-id=\"9i1wpn\" data-start=\"1944\" data-end=\"1975\"><strong data-start=\"1948\" data-end=\"1975\">Warum PARD Action w\u00e4hlen?<\/strong><\/h3>\n<p data-start=\"1977\" data-end=\"2211\">Weil Sie Ihre Leistung <strong data-start=\"2023\" data-end=\"2060\">klar, pr\u00e4zise und zuverl\u00e4ssig<\/strong> pr\u00e4sentieren m\u00f6chten. Mit <strong data-start=\"2067\" data-end=\"2079\">4K-Video<\/strong>, <strong data-start=\"2081\" data-end=\"2101\">kabelloser Steuerung<\/strong> und <strong data-start=\"2107\" data-end=\"2128\">einfacher Installation<\/strong> gewinnen Sie einen Vorteil beim Training und bei der Jagd und dokumentieren Ihre Sch\u00fcsse wie ein Profi. <\/p>\n<hr data-start=\"2213\" data-end=\"2216\">\n<h3 data-section-id=\"1spwv26\" data-start=\"2218\" data-end=\"2241\"><strong data-start=\"2222\" data-end=\"2241\">Was ist enthalten<\/strong><\/h3>\n<ul data-start=\"2243\" data-end=\"2428\">\n<li data-start=\"2243\" data-end=\"2265\">\n<p data-start=\"2245\" data-end=\"2265\">PARD Action-Kamera<\/p>\n<\/li>\n<li data-start=\"2266\" data-end=\"2318\">\n<p data-start=\"2268\" data-end=\"2318\">Montageclip (f\u00fcr Picatinny-Schiene, Lauf usw.)<\/p>\n<\/li>\n<li data-start=\"2319\" data-end=\"2343\">\n<p data-start=\"2321\" data-end=\"2343\">USB-C-Ladekabel<\/p>\n<\/li>\n<li data-start=\"2344\" data-end=\"2371\">\n<p data-start=\"2346\" data-end=\"2371\">Robuste Schutzhalterung<\/p>\n<\/li>\n<li data-start=\"2372\" data-end=\"2393\">\n<p data-start=\"2374\" data-end=\"2393\">Schnellstartanleitung<\/p>\n<\/li>\n<li data-start=\"2394\" data-end=\"2428\">\n<p data-start=\"2396\" data-end=\"2428\">PARD App Support (iOS &amp; Android)<\/p>\n<\/li>\n<\/ul>\n<hr data-start=\"2430\" data-end=\"2433\">\n<h3 data-section-id=\"gqkziz\" data-start=\"2435\" data-end=\"2467\"><strong data-start=\"2439\" data-end=\"2467\">Technische Daten<\/strong><\/h3>\n<div class=\"_tableContainer_80l1q_1\">\n<div class=\"_tableWrapper_80l1q_14 group flex w-fit flex-col-reverse\" tabindex=\"-1\">\n<table class=\"w-fit min-w-(--thread-content-width)\" data-start=\"2469\" data-end=\"4133\">\n<thead data-start=\"2469\" data-end=\"2533\">\n<tr data-start=\"2469\" data-end=\"2533\">\n<th data-start=\"2469\" data-end=\"2492\" data-col-size=\"sm\">Merkmal<\/th>\n<th data-start=\"2492\" data-end=\"2533\" data-col-size=\"md\">Wert<\/th>\n<\/tr>\n<\/thead>\n<tbody data-start=\"2600\" data-end=\"4133\">\n<tr data-start=\"2600\" data-end=\"2665\">\n<td data-start=\"2600\" data-end=\"2623\" data-col-size=\"sm\"><strong data-start=\"2602\" data-end=\"2612\">Sensor<\/strong><\/td>\n<td data-start=\"2623\" data-end=\"2665\" data-col-size=\"md\">CMOS<\/td>\n<\/tr>\n<tr data-start=\"2666\" data-end=\"2731\">\n<td data-start=\"2666\" data-end=\"2689\" data-col-size=\"sm\"><strong data-start=\"2668\" data-end=\"2689\">Sensoraufl\u00f6sung<\/strong><\/td>\n<td data-start=\"2689\" data-end=\"2731\" data-col-size=\"md\">3840 \u00d7 2160 Pixel<\/td>\n<\/tr>\n<tr data-start=\"2732\" data-end=\"2797\">\n<td data-start=\"2732\" data-end=\"2755\" data-col-size=\"sm\"><strong data-start=\"2734\" data-end=\"2748\">Pixelgr\u00f6\u00dfe<\/strong><\/td>\n<td data-start=\"2755\" data-end=\"2797\" data-col-size=\"md\">2,9 \u03bcm<\/td>\n<\/tr>\n<tr data-start=\"2798\" data-end=\"2878\">\n<td data-start=\"2798\" data-end=\"2821\" data-col-size=\"sm\"><strong data-start=\"2800\" data-end=\"2817\">Sichtfeld<\/strong><\/td>\n<td data-start=\"2821\" data-end=\"2878\" data-col-size=\"md\">horizontal: 28,2\u00b0 \/ vertikal: 16,1\u00b0 \/ diagonal: 32,1\u00b0<\/td>\n<\/tr>\n<tr data-start=\"2879\" data-end=\"2944\">\n<td data-start=\"2879\" data-end=\"2902\" data-col-size=\"sm\"><strong data-start=\"2881\" data-end=\"2898\">Vergr\u00f6\u00dferung<\/strong><\/td>\n<td data-start=\"2902\" data-end=\"2944\" data-col-size=\"md\">n\/a<\/td>\n<\/tr>\n<tr data-start=\"2945\" data-end=\"3011\">\n<td data-start=\"2945\" data-end=\"2968\" data-col-size=\"sm\"><strong data-start=\"2947\" data-end=\"2963\">Digitalzoom<\/strong><\/td>\n<td data-start=\"2968\" data-end=\"3011\" data-col-size=\"md\">2\u00d7 \/ 3\u00d7 \/ 4\u00d7 \/ 5\u00d7<\/td>\n<\/tr>\n<tr data-start=\"3012\" data-end=\"3077\">\n<td data-start=\"3012\" data-end=\"3035\" data-col-size=\"sm\"><strong data-start=\"3014\" data-end=\"3034\">Fotoaufl\u00f6sung<\/strong><\/td>\n<td data-start=\"3035\" data-end=\"3077\" data-col-size=\"md\">3840\u00d72160 \/ 1920\u00d71080 Pixel<\/td>\n<\/tr>\n<tr data-start=\"3078\" data-end=\"3143\">\n<td data-start=\"3078\" data-end=\"3101\" data-col-size=\"sm\"><strong data-start=\"3080\" data-end=\"3096\">Fotoformat<\/strong><\/td>\n<td data-start=\"3101\" data-end=\"3143\" data-col-size=\"md\">.JPG<\/td>\n<\/tr>\n<tr data-start=\"3144\" data-end=\"3209\">\n<td data-start=\"3144\" data-end=\"3167\" data-col-size=\"sm\"><strong data-start=\"3146\" data-end=\"3166\">Videoaufl\u00f6sung<\/strong><\/td>\n<td data-start=\"3167\" data-end=\"3209\" data-col-size=\"md\">3840\u00d72160 @ 30 fps<\/td>\n<\/tr>\n<tr data-start=\"3210\" data-end=\"3275\">\n<td data-start=\"3210\" data-end=\"3233\" data-col-size=\"sm\"><strong data-start=\"3212\" data-end=\"3228\">Videoformat<\/strong><\/td>\n<td data-start=\"3233\" data-end=\"3275\" data-col-size=\"md\">.MP4<\/td>\n<\/tr>\n<tr data-start=\"3276\" data-end=\"3341\">\n<td data-start=\"3276\" data-end=\"3299\" data-col-size=\"sm\"><strong data-start=\"3278\" data-end=\"3297\">Speicherunterst\u00fctzung<\/strong><\/td>\n<td data-start=\"3299\" data-end=\"3341\" data-col-size=\"md\">Micro-SD-Karte (bis zu 128 GB)<\/td>\n<\/tr>\n<tr data-start=\"3342\" data-end=\"3407\">\n<td data-start=\"3342\" data-end=\"3365\" data-col-size=\"sm\"><strong data-start=\"3344\" data-end=\"3362\">USB-Verbindung<\/strong><\/td>\n<td data-start=\"3365\" data-end=\"3407\" data-col-size=\"md\">USB Typ-C<\/td>\n<\/tr>\n<tr data-start=\"3408\" data-end=\"3473\">\n<td data-start=\"3408\" data-end=\"3431\" data-col-size=\"sm\"><strong data-start=\"3410\" data-end=\"3419\">Wi-Fi<\/strong><\/td>\n<td data-start=\"3431\" data-end=\"3473\" data-col-size=\"md\">Ja (2,4\/5 GHz)<\/td>\n<\/tr>\n<tr data-start=\"3474\" data-end=\"3539\">\n<td data-start=\"3474\" data-end=\"3497\" data-col-size=\"sm\"><strong data-start=\"3476\" data-end=\"3494\">Unterst\u00fctzte Apps<\/strong><\/td>\n<td data-start=\"3497\" data-end=\"3539\" data-col-size=\"md\">PardVision2<\/td>\n<\/tr>\n<tr data-start=\"3540\" data-end=\"3605\">\n<td data-start=\"3540\" data-end=\"3563\" data-col-size=\"sm\"><strong data-start=\"3542\" data-end=\"3558\">Akkutyp<\/strong><\/td>\n<td data-start=\"3563\" data-end=\"3605\" data-col-size=\"md\">18650 Lithium-Ionen<\/td>\n<\/tr>\n<tr data-start=\"3606\" data-end=\"3670\">\n<td data-start=\"3606\" data-end=\"3630\" data-col-size=\"sm\"><strong data-start=\"3608\" data-end=\"3630\">Maximale Betriebsdauer<\/strong><\/td>\n<td data-start=\"3630\" data-end=\"3670\" data-col-size=\"md\">6 Stunden<\/td>\n<\/tr>\n<tr data-start=\"3671\" data-end=\"3736\">\n<td data-start=\"3671\" data-end=\"3694\" data-col-size=\"sm\"><strong data-start=\"3673\" data-end=\"3694\">Schutzart<\/strong><\/td>\n<td data-start=\"3694\" data-end=\"3736\" data-col-size=\"md\">IP67 (staub- &amp; wasserdicht)<\/td>\n<\/tr>\n<tr data-start=\"3737\" data-end=\"3804\">\n<td data-start=\"3737\" data-end=\"3764\" data-col-size=\"sm\"><strong data-start=\"3739\" data-end=\"3764\">Betriebstemperatur<\/strong><\/td>\n<td data-start=\"3764\" data-end=\"3804\" data-col-size=\"md\">-30 \u00b0C bis +55 \u00b0C \/ -22 \u00b0F bis +131 \u00b0F<\/td>\n<\/tr>\n<tr data-start=\"3805\" data-end=\"3870\">\n<td data-start=\"3805\" data-end=\"3828\" data-col-size=\"sm\"><strong data-start=\"3807\" data-end=\"3828\">R\u00fccksto\u00dffestigkeit<\/strong><\/td>\n<td data-col-size=\"md\" data-start=\"3828\" data-end=\"3870\">6000 j<\/td>\n<\/tr>\n<tr data-start=\"3871\" data-end=\"3936\">\n<td data-start=\"3871\" data-end=\"3894\" data-col-size=\"sm\"><strong data-start=\"3873\" data-end=\"3890\">Geh\u00e4usematerial<\/strong><\/td>\n<td data-col-size=\"md\" data-start=\"3894\" data-end=\"3936\">AL6061 Aluminiumlegierung &amp; Verbundwerkstoff<\/td>\n<\/tr>\n<tr data-start=\"3937\" data-end=\"4002\">\n<td data-start=\"3937\" data-end=\"3960\" data-col-size=\"sm\"><strong data-start=\"3939\" data-end=\"3956\">Linsenmaterial<\/strong><\/td>\n<td data-col-size=\"md\" data-start=\"3960\" data-end=\"4002\">Glas<\/td>\n<\/tr>\n<tr data-start=\"4003\" data-end=\"4068\">\n<td data-start=\"4003\" data-end=\"4027\" data-col-size=\"sm\"><strong data-start=\"4005\" data-end=\"4027\">Abmessungen (L\u00d7B\u00d7H)<\/strong><\/td>\n<td data-col-size=\"md\" data-start=\"4027\" data-end=\"4068\">139 \u00d7 27 \u00d7 27 mm<\/td>\n<\/tr>\n<tr data-start=\"4069\" data-end=\"4133\">\n<td data-start=\"4069\" data-end=\"4096\" data-col-size=\"sm\"><strong data-start=\"4071\" data-end=\"4096\">Gewicht (mit Akku)<\/strong><\/td>\n<td data-col-size=\"md\" data-start=\"4096\" data-end=\"4133\">120 g<\/td>\n<\/tr>\n<\/tbody>\n<\/table>\n<\/div>\n<\/div>\n","protected":false},"excerpt":{"rendered":"<p>PARD Action-Waffenkamera \u2013 4K-Digital-Waffenkamera f\u00fcr Profis und Enthusiasten Die PARD Action ist eine leichte, kompakte und kabellose Waffenkamera, die in 4K-Aufl\u00f6sung aufzeichnet und eine neue Dimension f\u00fcr Jagd, Sportschie\u00dfen und taktisches Training bietet. Technische Highlights 4K CMOS-Sensor &amp; 20 MP Bildqualit\u00e4tErfasst scharfe, detaillierte Videos mit 30 fps, ideal f\u00fcr Zeitlupenwiedergabe und -analyse. Der 0,001-Lux-Sensor gew\u00e4hrleistet [&#8230;]\n","protected":false},"featured_media":283297,"comment_status":"open","ping_status":"closed","template":"","meta":[],"product_brand":[],"product_cat":[1412,1132],"product_tag":[],"class_list":{"0":"post-283333","1":"product","2":"type-product","3":"status-publish","4":"has-post-thumbnail","6":"product_cat-fernglaszubehor","7":"product_cat-zielfernrohre","9":"first","10":"instock","11":"taxable","12":"shipping-taxable","13":"purchasable","14":"product-type-simple"},"composite_virtual":false,"composite_layout":"","composite_add_to_cart_form_location":"","composite_editable_in_cart":false,"composite_sold_individually_context":"","composite_shop_price_calc":"","composite_components":[],"composite_scenarios":[],"group_of_quantity":0,"min_quantity":0,"max_quantity":"","exclude_order_quantity_value_rules":"no","exclude_category_quantity_rules":"no","combine_variations":"no","exclude_global_add_ons":[],"addons":[],"_links":{"self":[{"href":"https:\/\/www.huntersfriend.eu\/de\/wp-json\/wp\/v2\/product\/283333","targetHints":{"allow":["GET"]}}],"collection":[{"href":"https:\/\/www.huntersfriend.eu\/de\/wp-json\/wp\/v2\/product"}],"about":[{"href":"https:\/\/www.huntersfriend.eu\/de\/wp-json\/wp\/v2\/types\/product"}],"replies":[{"embeddable":true,"href":"https:\/\/www.huntersfriend.eu\/de\/wp-json\/wp\/v2\/comments?post=283333"}],"wp:featuredmedia":[{"embeddable":true,"href":"https:\/\/www.huntersfriend.eu\/de\/wp-json\/wp\/v2\/media\/283297"}],"wp:attachment":[{"href":"https:\/\/www.huntersfriend.eu\/de\/wp-json\/wp\/v2\/media?parent=283333"}],"wp:term":[{"taxonomy":"product_brand","embeddable":true,"href":"https:\/\/www.huntersfriend.eu\/de\/wp-json\/wp\/v2\/product_brand?post=283333"},{"taxonomy":"product_cat","embeddable":true,"href":"https:\/\/www.huntersfriend.eu\/de\/wp-json\/wp\/v2\/product_cat?post=283333"},{"taxonomy":"product_tag","embeddable":true,"href":"https:\/\/www.huntersfriend.eu\/de\/wp-json\/wp\/v2\/product_tag?post=283333"}],"curies":[{"name":"wp","href":"https:\/\/api.w.org\/{rel}","templated":true}]}}