{"id":283331,"date":"2025-07-21T23:34:39","date_gmt":"2025-07-29T09:25:27","guid":{"rendered":"https:\/\/www.huntersfriend.eu\/product\/huntworth-onding-muff\/"},"modified":"2025-08-10T04:34:30","modified_gmt":"2025-08-10T02:34:30","slug":"huntworth-onding-muff","status":"publish","type":"product","link":"https:\/\/www.huntersfriend.eu\/de\/produkt\/huntworth-onding-muff\/","title":{"rendered":"Huntworth Onding Muff"},"content":{"rendered":"<p><strong>Mit dem Onding Heat Boost Muff geh\u00f6ren Erfrierungen der Vergangenheit an.<\/strong> Basierend auf der Heat Boost Graphen-Technologie bietet er die W\u00e4rme, die Sie brauchen, ohne die Masse, die mit traditionellen Jagdmuffs verbunden ist.<\/p>\n<p>Der Onding Muff hat eine fl\u00fcsterleise, strapazierf\u00e4hige Au\u00dfenseite. Er besteht aus einem weichen Trikot, das mit einer winddichten Folie verbunden ist, um Ihre H\u00e4nde trocken und vor kaltem Wind und Niederschlag zu sch\u00fctzen. Er ist vollst\u00e4ndig mit dickem Heat Boost Fleece gef\u00fcttert, das sich weich und warm auf der Haut anf\u00fchlt. Das in das Sherpa eingestrickte Graphengarn besitzt die thermische Kapazit\u00e4t, die feuchtigkeitsableitenden und geruchshemmenden Eigenschaften, die Graphen innewohnen. Er hat Fleece-B\u00fcndchen, um die W\u00e4rme einzuschlie\u00dfen und die kalte Luft drau\u00dfen zu halten. Ein verstellbarer G\u00fcrtel sorgt daf\u00fcr, dass der Muff sicher um Ihre Taille sitzt.     <\/p>\n<p>Bleiben Sie den ganzen Tag auf dem Stand mit dem Onding Heat Boost Jagdmuff in Disruption. Halten Sie sich an den k\u00e4ltesten Tagen warm und f\u00fcllen Sie jedes Etikett aus. <\/p>\n<h3><b>Eigenschaften:<\/b><\/h3>\n<ul>\n<li><strong>Obermaterial:<\/strong> Schweres, geb\u00fcrstetes Trikot mit einer winddichten\/atmungsaktiven Folienmembran<\/li>\n<li><strong>Heat Boost\u2122 Graphen-Technologie:<\/strong>Eine Reihe von verbesserten Stoffen, die mit der W\u00e4rmeleitf\u00e4higkeit, dem Feuchtigkeitstransport und den geruchshemmenden Eigenschaften von Graphen ausgestattet sind<\/li>\n<li><strong>Winddicht:<\/strong> Die verbundene Folienmembran verhindert das Eindringen von Wind<\/li>\n<li><strong>Futter:<\/strong> Heat Boost\u2122 Graphen-Sherpa<\/li>\n<li><strong>Isolierung:<\/strong> 1200g Polyesterfaser-F\u00fcllisolierung<\/li>\n<li><strong>B\u00fcndchen:<\/strong> Innere Fleece-B\u00fcndchen<\/li>\n<li><strong>Gurt:<\/strong> Verstellbarer H\u00fcftgurt<\/li>\n<\/ul>\n","protected":false},"excerpt":{"rendered":"<p>Mit dem Onding Heat Boost Muff geh\u00f6ren Erfrierungen der Vergangenheit an. Basierend auf der Heat Boost Graphen-Technologie bietet er die W\u00e4rme, die Sie brauchen, ohne die Masse, die mit traditionellen Jagdmuffs verbunden ist. Der Onding Muff hat eine fl\u00fcsterleise, strapazierf\u00e4hige Au\u00dfenseite. Er besteht aus einem weichen Trikot, das mit einer winddichten Folie verbunden ist, um [&#8230;]\n","protected":false},"featured_media":283221,"comment_status":"open","ping_status":"closed","template":"","meta":[],"product_brand":[],"product_cat":[1382],"product_tag":[],"class_list":{"0":"post-283331","1":"product","2":"type-product","3":"status-publish","4":"has-post-thumbnail","6":"product_cat-handschuhe","8":"first","9":"instock","10":"taxable","11":"shipping-taxable","12":"purchasable","13":"product-type-simple"},"composite_virtual":false,"composite_layout":"","composite_add_to_cart_form_location":"","composite_editable_in_cart":false,"composite_sold_individually_context":"","composite_shop_price_calc":"","composite_components":[],"composite_scenarios":[],"group_of_quantity":0,"min_quantity":0,"max_quantity":"","exclude_order_quantity_value_rules":"no","exclude_category_quantity_rules":"no","combine_variations":"no","exclude_global_add_ons":[],"addons":[],"_links":{"self":[{"href":"https:\/\/www.huntersfriend.eu\/de\/wp-json\/wp\/v2\/product\/283331","targetHints":{"allow":["GET"]}}],"collection":[{"href":"https:\/\/www.huntersfriend.eu\/de\/wp-json\/wp\/v2\/product"}],"about":[{"href":"https:\/\/www.huntersfriend.eu\/de\/wp-json\/wp\/v2\/types\/product"}],"replies":[{"embeddable":true,"href":"https:\/\/www.huntersfriend.eu\/de\/wp-json\/wp\/v2\/comments?post=283331"}],"wp:featuredmedia":[{"embeddable":true,"href":"https:\/\/www.huntersfriend.eu\/de\/wp-json\/wp\/v2\/media\/283221"}],"wp:attachment":[{"href":"https:\/\/www.huntersfriend.eu\/de\/wp-json\/wp\/v2\/media?parent=283331"}],"wp:term":[{"taxonomy":"product_brand","embeddable":true,"href":"https:\/\/www.huntersfriend.eu\/de\/wp-json\/wp\/v2\/product_brand?post=283331"},{"taxonomy":"product_cat","embeddable":true,"href":"https:\/\/www.huntersfriend.eu\/de\/wp-json\/wp\/v2\/product_cat?post=283331"},{"taxonomy":"product_tag","embeddable":true,"href":"https:\/\/www.huntersfriend.eu\/de\/wp-json\/wp\/v2\/product_tag?post=283331"}],"curies":[{"name":"wp","href":"https:\/\/api.w.org\/{rel}","templated":true}]}}