{"id":283324,"date":"2025-07-17T00:50:28","date_gmt":"2025-07-16T22:50:28","guid":{"rendered":"https:\/\/www.huntersfriend.eu\/product\/alps-outdoorz-topflight-hundeweste-max7-camo\/"},"modified":"2025-10-05T17:56:38","modified_gmt":"2025-10-05T15:56:38","slug":"alps-outdoorz-topflight-hundeweste-max7-camo","status":"publish","type":"product","link":"https:\/\/www.huntersfriend.eu\/de\/produkt\/alps-outdoorz-topflight-hundeweste-max7-camo\/","title":{"rendered":"Alps Outdoorz Topflight Hundeweste Max7 Camo"},"content":{"rendered":"<p>Die ALPS OutdoorZ Topflight Hundeweste besteht aus 5 mm dickem Neopren, um Ihren besten Freund bei der Jagd warm und sicher zu halten. Die Weste verf\u00fcgt \u00fcber einen Hundeleinenclip, wenn Ihr Jagdpartner an der Leine gef\u00fchrt werden muss, und \u00fcber Schwimmkissen, die f\u00fcr zus\u00e4tzlichen Auftrieb beim Schwimmen sorgen. Die eingebauten Griffe erm\u00f6glichen es Ihnen, dem Hund bei Bedarf leicht aus dem Wasser zu helfen. Erh\u00e4ltlich in verschiedenen Gr\u00f6\u00dfen, alle mit einem konturierten Nackendesign f\u00fcr eine bessere Passform und leicht zuzuschneiden, um eine exakte Passform f\u00fcr Ihren Hund zu erhalten.   <\/p>\n<p>\u2022Warmes, sch\u00fctzendes 5 mm Neopren, das in der gesamten Weste verwendet wird<\/p>\n<p>\u2022Konturiertes Nackendesign f\u00fcr eine bessere Passform<\/p>\n<p>\u2022Zwei Schwimmkissen sorgen f\u00fcr zus\u00e4tzlichen Auftrieb<\/p>\n<p>\u2022Einfache Hebegriffe<\/p>\n<p>\u2022Hundeleinenclip<\/p>\n<p>\u2022Mehrere Riegelbereiche erleichtern das Zuschneiden f\u00fcr eine perfekte Passform um Hals und Beine<\/p>\n<p>\u2022Vier Gr\u00f6\u00dfen, um die beste Passform f\u00fcr Ihren Jagdpartner zu gew\u00e4hrleisten<\/p>\n<p><strong>So messen Sie Ihren Hund f\u00fcr eine Topflight Hundeweste<\/strong><\/p>\n<p>Um genaue Messungen f\u00fcr Hals und Brust Ihres Hundes zu ermitteln, k\u00f6nnen Sie entweder ein Schneiderma\u00dfband oder ein St\u00fcck Schnur verwenden. Wenn Sie eine Schnur verwenden, ben\u00f6tigen Sie auch ein Ma\u00dfband, um die genaue L\u00e4nge der Schnur zu erhalten. <strong>Halsumfang \u2013<\/strong> Der Halsumfang wird am unteren Teil des Halses Ihres Hundes gemessen (eher tiefer als h\u00f6her, wie Sie f\u00fcr ein Halsband messen w\u00fcrden). Die Messung sollte etwas \u00fcber der Schulter liegen. <strong>Brustumfang \u2013<\/strong> Nehmen Sie das Ma\u00df, w\u00e4hrend Ihr Hund steht. Der Brustumfang wird an der tiefsten Stelle der Brust gemessen.   <\/p>\n<p><img decoding=\"async\" src=\"https:\/\/alpsoutdoorz.com\/media\/wysiwyg\/Chest-Measurement.jpg\" alt=\"Brustumfang\" width=\"100\" height=\"100\"><\/p>\n<p><strong>Bestimmen der richtigen Gr\u00f6\u00dfe \u2013<\/strong> Es ist unwahrscheinlich, dass die Hals- und Brustumfang Ihres Hundes genau mit der Gr\u00f6\u00dfentabelle \u00fcbereinstimmen. W\u00e4hlen Sie daher immer das gr\u00f6\u00dfere der beiden Ma\u00dfe, wenn Sie ausw\u00e4hlen, welche Hundeweste Sie ben\u00f6tigen. Wenn beispielsweise der Hals Ihres Hundes 19 Zoll und die Brust 26 Zoll betr\u00e4gt, sollten Sie die Gr\u00f6\u00dfe Large w\u00e4hlen, um sicherzustellen, dass die Weste nicht zu eng am Hals sitzt. <\/p>\n<h4>Gr\u00f6\u00dfentabelle<\/h4>\n<table>\n<tbody>\n<tr>\n<td><\/td>\n<td><strong>Medium<\/strong><\/td>\n<td><strong>large<\/strong><\/td>\n<td><strong>x-large<\/strong><\/td>\n<td><strong>XX-large<\/strong><\/td>\n<\/tr>\n<tr>\n<td>Neck<\/td>\n<td>18 \u201e<\/td>\n<td>19\u201c<\/td>\n<td>20 \u201e<\/td>\n<td>21\u201c<\/td>\n<\/tr>\n<tr>\n<td>Chest<\/td>\n<td>26 \u201e<\/td>\n<td>28\u201c<\/td>\n<td>32 \u201e<\/td>\n<td>35\u201c<\/td>\n<\/tr>\n<\/tbody>\n<\/table>\n","protected":false},"excerpt":{"rendered":"<p>Die ALPS OutdoorZ Topflight Hundeweste besteht aus 5 mm dickem Neopren, um Ihren besten Freund bei der Jagd warm und sicher zu halten. Die Weste verf\u00fcgt \u00fcber einen Hundeleinenclip, wenn Ihr Jagdpartner an der Leine gef\u00fchrt werden muss, und \u00fcber Schwimmkissen, die f\u00fcr zus\u00e4tzlichen Auftrieb beim Schwimmen sorgen. Die eingebauten Griffe erm\u00f6glichen es Ihnen, dem [&#8230;]\n","protected":false},"featured_media":283273,"comment_status":"open","ping_status":"closed","template":"","meta":[],"product_brand":[],"product_cat":[1145],"product_tag":[],"class_list":{"0":"post-283324","1":"product","2":"type-product","3":"status-publish","4":"has-post-thumbnail","6":"product_cat-sonstiges","8":"first","9":"outofstock","10":"taxable","11":"shipping-taxable","12":"purchasable","13":"product-type-variable"},"composite_virtual":false,"composite_layout":"","composite_add_to_cart_form_location":"","composite_editable_in_cart":false,"composite_sold_individually_context":"","composite_shop_price_calc":"","composite_components":[],"composite_scenarios":[],"group_of_quantity":0,"min_quantity":0,"max_quantity":"","exclude_order_quantity_value_rules":"no","exclude_category_quantity_rules":"no","combine_variations":"no","exclude_global_add_ons":[],"addons":[],"_links":{"self":[{"href":"https:\/\/www.huntersfriend.eu\/de\/wp-json\/wp\/v2\/product\/283324","targetHints":{"allow":["GET"]}}],"collection":[{"href":"https:\/\/www.huntersfriend.eu\/de\/wp-json\/wp\/v2\/product"}],"about":[{"href":"https:\/\/www.huntersfriend.eu\/de\/wp-json\/wp\/v2\/types\/product"}],"replies":[{"embeddable":true,"href":"https:\/\/www.huntersfriend.eu\/de\/wp-json\/wp\/v2\/comments?post=283324"}],"wp:featuredmedia":[{"embeddable":true,"href":"https:\/\/www.huntersfriend.eu\/de\/wp-json\/wp\/v2\/media\/283273"}],"wp:attachment":[{"href":"https:\/\/www.huntersfriend.eu\/de\/wp-json\/wp\/v2\/media?parent=283324"}],"wp:term":[{"taxonomy":"product_brand","embeddable":true,"href":"https:\/\/www.huntersfriend.eu\/de\/wp-json\/wp\/v2\/product_brand?post=283324"},{"taxonomy":"product_cat","embeddable":true,"href":"https:\/\/www.huntersfriend.eu\/de\/wp-json\/wp\/v2\/product_cat?post=283324"},{"taxonomy":"product_tag","embeddable":true,"href":"https:\/\/www.huntersfriend.eu\/de\/wp-json\/wp\/v2\/product_tag?post=283324"}],"curies":[{"name":"wp","href":"https:\/\/api.w.org\/{rel}","templated":true}]}}