{"id":283321,"date":"2025-07-29T09:56:57","date_gmt":"2025-07-29T09:25:22","guid":{"rendered":"https:\/\/www.huntersfriend.eu\/product\/huntworth-durham-hose\/"},"modified":"2025-08-10T04:34:38","modified_gmt":"2025-08-10T02:34:38","slug":"huntworth-durham-hose","status":"publish","type":"product","link":"https:\/\/www.huntersfriend.eu\/de\/produkt\/huntworth-durham-hose\/","title":{"rendered":"Huntworth Durham Hose"},"content":{"rendered":"<p><strong>Die leichten Durham-Jagdhosen in Tarnen<\/strong> sind aus einem strapazierf\u00e4higen Stretchgewebe gefertigt, das Ihnen au\u00dfergew\u00f6hnliche Bewegungsfreiheit und Schutz vor den Elementen bietet. Die Tarnen-Camouflagehose mit Hybrid-Tarnmuster bietet Ihnen die Flexibilit\u00e4t, die Sie beim Aufsp\u00fcren und Pirschen, beim Ansitz oder auf dem Hochsitz ben\u00f6tigen. <\/p>\n<p>Die robusten Verst\u00e4rkungen an den Knien und im Ges\u00e4\u00dfbereich bieten zus\u00e4tzlichen Schutz, wenn Sie sich auf dem Boden befinden, w\u00e4hrend die vorgeformte Kniekonstruktion sicherstellt, dass die Hose beim Sitzen oder Klettern nicht spannt. Au\u00dferdem weist das DWR-Gewebe unserer ungef\u00fctterten Jagdhose leichte Feuchtigkeit ab, sodass Sie bei Jagden am fr\u00fchen Morgen oder in der sp\u00e4ten Saison nicht feucht werden. Wenn die Hose doch einmal nass wird, trocknet sie extrem schnell.  <\/p>\n<p>M\u00fcssen Sie Ihre Ausr\u00fcstung griffbereit haben? Mit zwei vorderen, zwei hinteren und zwei Rei\u00dfverschlusstaschen an den Beinen ist Stauraum kein Problem, um Ihr Zubeh\u00f6r zu transportieren. Der Hosenbund hat 5 G\u00fcrtelschlaufen f\u00fcr einen perfekten Sitz.  <\/p>\n<p>Diese leichten Jagdhosen k\u00f6nnen allein oder \u00fcber einer Basisschicht f\u00fcr die fr\u00fchen kalten Morgenstunden oder sp\u00e4ter in der Saison getragen werden, wenn etwas mehr W\u00e4rme ben\u00f6tigt wird. Unsere Jagdhosen im Tarnen\u00ae-Muster sind zwar leicht, aber extrem vielseitig und werden schnell zu Ihren Lieblingshosen. <\/p>\n<h3><b>Eigenschaften:<\/b><\/h3>\n<ul>\n<li><strong>Obermaterial:<\/strong> Stretch-Polyestergewebe. 94 % Polyester\/6 % Elasthan <\/li>\n<li><strong>DWR:<\/strong> Dauerhaft wasserabweisende (DWR) Beschichtung auf Stretchgewebe (nicht auf dem abriebfesten Material) weist Feuchtigkeit und leichten Schnee ab<\/li>\n<li><strong>Futter:<\/strong> ungef\u00fcttert<\/li>\n<li><strong>Taschen:<\/strong> Hose mit 6 Taschen \u2013 zwei aufgesetzte Ges\u00e4\u00dftaschen, zwei schr\u00e4ge Vordertaschen und zwei Cargo-Taschen mit Rei\u00dfverschluss<\/li>\n<li><strong>Verst\u00e4rkungen:<\/strong> Verst\u00e4rkte Knie und Ges\u00e4\u00df mit abriebfestem Material<\/li>\n<li><strong>Eigenschaften:<\/strong> Vorgeformte Knie<\/li>\n<li><strong>Bund:<\/strong> 5 G\u00fcrtelschlaufen<\/li>\n<li><strong>Empfohlener Temperaturbereich: 5 \u00b0C &#8211; 25 \u00b0C<\/strong> Grad mit Schichtung nach Bedarf<\/li>\n<li><strong>Durchschnittliches Gewicht des Kleidungsst\u00fccks:<\/strong> 1,2 lbs f\u00fcr Gr\u00f6\u00dfe XL.<\/li>\n<\/ul>\n","protected":false},"excerpt":{"rendered":"<p>Die leichten Durham-Jagdhosen in Tarnen sind aus einem strapazierf\u00e4higen Stretchgewebe gefertigt, das Ihnen au\u00dfergew\u00f6hnliche Bewegungsfreiheit und Schutz vor den Elementen bietet. Die Tarnen-Camouflagehose mit Hybrid-Tarnmuster bietet Ihnen die Flexibilit\u00e4t, die Sie beim Aufsp\u00fcren und Pirschen, beim Ansitz oder auf dem Hochsitz ben\u00f6tigen. Die robusten Verst\u00e4rkungen an den Knien und im Ges\u00e4\u00dfbereich bieten zus\u00e4tzlichen Schutz, wenn [&#8230;]\n","protected":false},"featured_media":253361,"comment_status":"open","ping_status":"closed","template":"","meta":[],"product_brand":[],"product_cat":[1128],"product_tag":[],"class_list":{"0":"post-283321","1":"product","2":"type-product","3":"status-publish","4":"has-post-thumbnail","6":"product_cat-hosen","8":"first","9":"instock","10":"taxable","11":"shipping-taxable","12":"purchasable","13":"product-type-variable"},"composite_virtual":false,"composite_layout":"","composite_add_to_cart_form_location":"","composite_editable_in_cart":false,"composite_sold_individually_context":"","composite_shop_price_calc":"","composite_components":[],"composite_scenarios":[],"group_of_quantity":0,"min_quantity":0,"max_quantity":"","exclude_order_quantity_value_rules":"no","exclude_category_quantity_rules":"no","combine_variations":"no","exclude_global_add_ons":[],"addons":[],"_links":{"self":[{"href":"https:\/\/www.huntersfriend.eu\/de\/wp-json\/wp\/v2\/product\/283321","targetHints":{"allow":["GET"]}}],"collection":[{"href":"https:\/\/www.huntersfriend.eu\/de\/wp-json\/wp\/v2\/product"}],"about":[{"href":"https:\/\/www.huntersfriend.eu\/de\/wp-json\/wp\/v2\/types\/product"}],"replies":[{"embeddable":true,"href":"https:\/\/www.huntersfriend.eu\/de\/wp-json\/wp\/v2\/comments?post=283321"}],"wp:featuredmedia":[{"embeddable":true,"href":"https:\/\/www.huntersfriend.eu\/de\/wp-json\/wp\/v2\/media\/253361"}],"wp:attachment":[{"href":"https:\/\/www.huntersfriend.eu\/de\/wp-json\/wp\/v2\/media?parent=283321"}],"wp:term":[{"taxonomy":"product_brand","embeddable":true,"href":"https:\/\/www.huntersfriend.eu\/de\/wp-json\/wp\/v2\/product_brand?post=283321"},{"taxonomy":"product_cat","embeddable":true,"href":"https:\/\/www.huntersfriend.eu\/de\/wp-json\/wp\/v2\/product_cat?post=283321"},{"taxonomy":"product_tag","embeddable":true,"href":"https:\/\/www.huntersfriend.eu\/de\/wp-json\/wp\/v2\/product_tag?post=283321"}],"curies":[{"name":"wp","href":"https:\/\/api.w.org\/{rel}","templated":true}]}}