{"id":283320,"date":"2025-07-10T00:50:34","date_gmt":"2025-07-09T22:50:34","guid":{"rendered":"https:\/\/www.huntersfriend.eu\/product\/pard-nv007sp-schnellwechseladapter-57mm\/"},"modified":"2025-07-29T11:25:22","modified_gmt":"2025-07-29T09:25:22","slug":"pard-nv007sp-schnellwechseladapter-57mm","status":"publish","type":"product","link":"https:\/\/www.huntersfriend.eu\/de\/produkt\/pard-nv007sp-schnellwechseladapter-57mm\/","title":{"rendered":"Pard NV007SP Schnellwechseladapter 57mm"},"content":{"rendered":"<h3 data-section-id=\"1ovph6r\" data-start=\"117\" data-end=\"187\"><strong data-start=\"121\" data-end=\"185\">PARD NV007SP \u2013 Schnellwechseladapter (45 mm \/ 51 mm \/ 57 mm)<\/strong><\/h3>\n<p data-start=\"188\" data-end=\"217\"><strong data-start=\"188\" data-end=\"217\">Schnelle Montage, sicherer Halt<\/strong><\/p>\n<p data-start=\"219\" data-end=\"689\">Der <strong data-start=\"223\" data-end=\"261\">PARD NV007SP Schnellwechseladapter<\/strong> macht die Installation von Nachtsicht- und Restlichtoptiken schneller und einfacher als je zuvor. Diese Schnellwechselhalterung erm\u00f6glicht eine <strong data-start=\"379\" data-end=\"415\">sichere und wiederholgenaue Befestigung<\/strong> des NV007SP Zusatzger\u00e4ts am Okular Ihres Zielfernrohrs <strong data-start=\"475\" data-end=\"505\">ohne Werkzeug<\/strong>. Der Verriegelungsmechanismus ist sowohl <strong data-start=\"537\" data-end=\"558\">zuverl\u00e4ssig als auch schnell<\/strong>, ideal f\u00fcr Situationen, in denen das Ger\u00e4t h\u00e4ufig an- und abmontiert werden muss \u2013 egal, ob Sie jagen, beobachten oder testen.  <\/p>\n<p data-start=\"691\" data-end=\"891\">Erh\u00e4ltlich in <strong data-start=\"704\" data-end=\"729\">drei verschiedenen Gr\u00f6\u00dfen<\/strong>, ist der Adapter mit einer Vielzahl von Zielfernrohrokularen kompatibel. Mitgelieferte <strong data-start=\"804\" data-end=\"824\">Anpassungsringe<\/strong> gew\u00e4hrleisten einen <strong data-start=\"834\" data-end=\"858\">festen, spielfreien Sitz<\/strong> ohne zus\u00e4tzliche Modifikation. <\/p>\n<hr data-start=\"893\" data-end=\"896\">\n<h3 data-section-id=\"1bnlmgw\" data-start=\"898\" data-end=\"943\"><strong data-start=\"902\" data-end=\"943\">Warum den Schnellwechseladapter w\u00e4hlen?<\/strong><\/h3>\n<ul data-start=\"945\" data-end=\"1333\">\n<li data-start=\"945\" data-end=\"1021\">\n<p data-start=\"947\" data-end=\"1021\"><strong data-start=\"947\" data-end=\"977\">Werkzeuglose Schnellbefestigung<\/strong> \u2013 Kein Schrauben oder L\u00f6sen mit Werkzeugen erforderlich<\/p>\n<\/li>\n<li data-start=\"1022\" data-end=\"1097\">\n<p data-start=\"1024\" data-end=\"1097\"><strong data-start=\"1024\" data-end=\"1048\">Wiederholgenaue Ausrichtung<\/strong> \u2013 Optiken bleiben ausgerichtet und die Nullstellung bleibt erhalten<\/p>\n<\/li>\n<li data-start=\"1098\" data-end=\"1180\">\n<p data-start=\"1100\" data-end=\"1180\"><strong data-start=\"1100\" data-end=\"1124\">Robuste Konstruktion<\/strong> \u2013 Hergestellt aus hochwertigem Metall f\u00fcr eine lange Lebensdauer<\/p>\n<\/li>\n<li data-start=\"1181\" data-end=\"1261\">\n<p data-start=\"1183\" data-end=\"1261\"><strong data-start=\"1183\" data-end=\"1202\">Einfache Anpassung<\/strong> \u2013 Enth\u00e4lt mehrere Anpassungsringe f\u00fcr perfekten Sitz<\/p>\n<\/li>\n<li data-start=\"1262\" data-end=\"1333\">\n<p data-start=\"1264\" data-end=\"1333\"><strong data-start=\"1264\" data-end=\"1289\">Drei Gr\u00f6\u00dfen verf\u00fcgbar<\/strong> \u2013 Kompatibel mit den meisten g\u00e4ngigen Zielfernrohren<\/p>\n<\/li>\n<\/ul>\n<hr data-start=\"1335\" data-end=\"1338\">\n<h3 data-section-id=\"4spxjw\" data-start=\"1340\" data-end=\"1397\"><strong data-start=\"1344\" data-end=\"1397\">W\u00e4hlen Sie die richtige Gr\u00f6\u00dfe basierend auf dem Okulardurchmesser:<\/strong><\/h3>\n<p data-start=\"1399\" data-end=\"1418\"><strong data-start=\"1399\" data-end=\"1416\">45 mm Adapter<\/strong><\/p>\n<ul data-start=\"1419\" data-end=\"1513\">\n<li data-start=\"1419\" data-end=\"1466\">\n<p data-start=\"1421\" data-end=\"1466\">Anpassungsbereich: ca. 42,5 mm \u2013 45,5 mm <\/p>\n<\/li>\n<li data-start=\"1467\" data-end=\"1513\">\n<p data-start=\"1469\" data-end=\"1513\">Geeignet f\u00fcr d\u00fcnne bis mittlere Okularrohre<\/p>\n<\/li>\n<\/ul>\n<p data-start=\"1515\" data-end=\"1534\"><strong data-start=\"1515\" data-end=\"1532\">51 mm Adapter<\/strong><\/p>\n<ul data-start=\"1535\" data-end=\"1655\">\n<li data-start=\"1535\" data-end=\"1582\">\n<p data-start=\"1537\" data-end=\"1582\">Anpassungsbereich: ca. 48,5 mm \u2013 51,5 mm <\/p>\n<\/li>\n<li data-start=\"1583\" data-end=\"1655\">\n<p data-start=\"1585\" data-end=\"1655\">Passend f\u00fcr die meisten g\u00e4ngigen Jagdzielfernrohre mit etwas dickeren Okularrohren<\/p>\n<\/li>\n<\/ul>\n<p data-start=\"1657\" data-end=\"1676\"><strong data-start=\"1657\" data-end=\"1674\">57 mm Adapter<\/strong><\/p>\n<ul data-start=\"1677\" data-end=\"1786\">\n<li data-start=\"1677\" data-end=\"1724\">\n<p data-start=\"1679\" data-end=\"1724\">Anpassungsbereich: ca. 54,5 mm \u2013 57,5 mm <\/p>\n<\/li>\n<li data-start=\"1725\" data-end=\"1786\">\n<p data-start=\"1727\" data-end=\"1786\">Ideal f\u00fcr gr\u00f6\u00dfere Okulare oder solche mit Schutzringen<\/p>\n<\/li>\n<\/ul>\n<hr data-start=\"1788\" data-end=\"1791\">\n<h3 data-section-id=\"n07754\" data-start=\"1793\" data-end=\"1814\"><strong data-start=\"1797\" data-end=\"1814\">Kompatibilit\u00e4t<\/strong><\/h3>\n<ul data-start=\"1816\" data-end=\"1938\">\n<li data-start=\"1816\" data-end=\"1886\">\n<p data-start=\"1818\" data-end=\"1886\">Speziell entwickelt f\u00fcr das <strong data-start=\"1848\" data-end=\"1864\">PARD NV007SP<\/strong> Nachtsicht-Zusatzger\u00e4t<\/p>\n<\/li>\n<li data-start=\"1887\" data-end=\"1938\">\n<p data-start=\"1889\" data-end=\"1938\"><strong data-start=\"1889\" data-end=\"1907\">Nicht kompatibel<\/strong> mit NV007A- oder NV007V-Modellen<\/p>\n<\/li>\n<\/ul>\n<hr data-start=\"1940\" data-end=\"1943\">\n<h3 data-section-id=\"gqkziz\" data-start=\"1945\" data-end=\"1977\"><strong data-start=\"1949\" data-end=\"1977\">Technische Daten<\/strong><\/h3>\n<ul data-start=\"1979\" data-end=\"2162\">\n<li data-start=\"1979\" data-end=\"2041\">\n<p data-start=\"1981\" data-end=\"2041\"><strong data-start=\"1981\" data-end=\"1994\">Material:<\/strong> Aluminiumlegierung mit Stahlverriegelungskomponenten<\/p>\n<\/li>\n<li data-start=\"2042\" data-end=\"2062\">\n<p data-start=\"2044\" data-end=\"2062\"><strong data-start=\"2044\" data-end=\"2054\">Farbe:<\/strong> schwarz<\/p>\n<\/li>\n<li data-start=\"2063\" data-end=\"2108\">\n<p data-start=\"2065\" data-end=\"2108\"><strong data-start=\"2065\" data-end=\"2076\">Gewicht:<\/strong> Ca. 70 g (variiert je nach Gr\u00f6\u00dfe) <\/p>\n<\/li>\n<li data-start=\"2109\" data-end=\"2162\">\n<p data-start=\"2111\" data-end=\"2162\"><strong data-start=\"2111\" data-end=\"2139\">Schnellwechselmechanismus:<\/strong> Verriegelungshebelsystem<\/p>\n<\/li>\n<\/ul>\n<hr data-start=\"2164\" data-end=\"2167\">\n<h3 data-section-id=\"3l32ru\" data-start=\"2169\" data-end=\"2184\"><strong data-start=\"2173\" data-end=\"2184\">Zusammenfassung<\/strong><\/h3>\n<p data-start=\"2186\" data-end=\"2349\" data-is-last-node=\"\" data-is-only-node=\"\">Der <strong data-start=\"2190\" data-end=\"2220\">PARD Schnellwechseladapter<\/strong> bietet eine Balance aus Benutzerfreundlichkeit und sicherer Montage \u2013 <strong data-start=\"2273\" data-end=\"2310\">eine perfekte Wahl f\u00fcr aktive Benutzer<\/strong>, die <strong data-start=\"2320\" data-end=\"2348\">Geschwindigkeit ohne Kompromisse<\/strong> w\u00fcnschen.<\/p>\n","protected":false},"excerpt":{"rendered":"<p>PARD NV007SP \u2013 Schnellwechseladapter (45 mm \/ 51 mm \/ 57 mm) Schnelle Montage, sicherer Halt Der PARD NV007SP Schnellwechseladapter macht die Installation von Nachtsicht- und Restlichtoptiken schneller und einfacher als je zuvor. Diese Schnellwechselhalterung erm\u00f6glicht eine sichere und wiederholgenaue Befestigung des NV007SP Zusatzger\u00e4ts am Okular Ihres Zielfernrohrs ohne Werkzeug. Der Verriegelungsmechanismus ist sowohl zuverl\u00e4ssig [&#8230;]\n","protected":false},"featured_media":283307,"comment_status":"open","ping_status":"closed","template":"","meta":[],"product_brand":[],"product_cat":[1412],"product_tag":[],"class_list":{"0":"post-283320","1":"product","2":"type-product","3":"status-publish","4":"has-post-thumbnail","6":"product_cat-fernglaszubehor","8":"first","9":"instock","10":"sale","11":"taxable","12":"shipping-taxable","13":"purchasable","14":"product-type-simple"},"composite_virtual":false,"composite_layout":"","composite_add_to_cart_form_location":"","composite_editable_in_cart":false,"composite_sold_individually_context":"","composite_shop_price_calc":"","composite_components":[],"composite_scenarios":[],"group_of_quantity":0,"min_quantity":0,"max_quantity":"","exclude_order_quantity_value_rules":"no","exclude_category_quantity_rules":"no","combine_variations":"no","exclude_global_add_ons":[],"addons":[],"_links":{"self":[{"href":"https:\/\/www.huntersfriend.eu\/de\/wp-json\/wp\/v2\/product\/283320","targetHints":{"allow":["GET"]}}],"collection":[{"href":"https:\/\/www.huntersfriend.eu\/de\/wp-json\/wp\/v2\/product"}],"about":[{"href":"https:\/\/www.huntersfriend.eu\/de\/wp-json\/wp\/v2\/types\/product"}],"replies":[{"embeddable":true,"href":"https:\/\/www.huntersfriend.eu\/de\/wp-json\/wp\/v2\/comments?post=283320"}],"wp:featuredmedia":[{"embeddable":true,"href":"https:\/\/www.huntersfriend.eu\/de\/wp-json\/wp\/v2\/media\/283307"}],"wp:attachment":[{"href":"https:\/\/www.huntersfriend.eu\/de\/wp-json\/wp\/v2\/media?parent=283320"}],"wp:term":[{"taxonomy":"product_brand","embeddable":true,"href":"https:\/\/www.huntersfriend.eu\/de\/wp-json\/wp\/v2\/product_brand?post=283320"},{"taxonomy":"product_cat","embeddable":true,"href":"https:\/\/www.huntersfriend.eu\/de\/wp-json\/wp\/v2\/product_cat?post=283320"},{"taxonomy":"product_tag","embeddable":true,"href":"https:\/\/www.huntersfriend.eu\/de\/wp-json\/wp\/v2\/product_tag?post=283320"}],"curies":[{"name":"wp","href":"https:\/\/api.w.org\/{rel}","templated":true}]}}