{"id":283317,"date":"2025-07-29T09:21:52","date_gmt":"2025-07-29T09:25:18","guid":{"rendered":"https:\/\/www.huntersfriend.eu\/product\/huntworth-colborne-pop-top-winterhandschuhe\/"},"modified":"2025-12-19T12:26:26","modified_gmt":"2025-12-19T10:26:26","slug":"huntworth-colborne-pop-top-winterhandschuhe","status":"publish","type":"product","link":"https:\/\/www.huntersfriend.eu\/de\/produkt\/huntworth-colborne-pop-top-winterhandschuhe\/","title":{"rendered":"Huntworth Colborne Pop-Top Winterhandschuhe"},"content":{"rendered":"<div id=\"43f10770_1637244648\" class=\"powr-popup powrLoaded\"><strong>Die Colborne Heavyweight Softshell-Pop-Top-Handschuhe in Tarnen-Camo sind mit Heat Boost\u2122 <a class=\"heat-boost-info-link\" href=\"https:\/\/huntworthgear.com\/graphene-technology-heat-boost\">Graphentechnologie<\/a> ausgestattet<\/strong>, der n\u00e4chsten Generation verbesserter Stoffe, die f\u00fcr leichte, \u00fcberragende W\u00e4rme sorgen. Diese Jagdhandschuhe f\u00fchlen sich vielleicht mittelschwer an, sind aber so gebaut, dass sie den ganzen Tag \u00fcber W\u00e4rme bei Jagden bei kaltem Wetter spenden. <\/div>\n<div class=\"two-column-text\">\n<p>Das Einstricken von Graphengarn in unser Sherpa-Futter verleiht einem traditionellen Material die W\u00e4rmeleitf\u00e4higkeit, die Feuchtigkeitsableitung und die Geruchskontrolle, die Graphen innewohnen. Im Wesentlichen haben wir ein warmes Material genommen und es noch w\u00e4rmer gemacht \u2013 30 % w\u00e4rmer. Es ist W\u00e4rme, die man wirklich sp\u00fcren kann.  <\/p>\n<p>Diese Handschuhe sind aus einer Softshell-Konstruktion gefertigt. Das \u00c4u\u00dfere besteht aus einem 4-Wege-Stretch-Pfirsich-Polyester mit einer DWR-Ausr\u00fcstung, die leichte Feuchtigkeit ableitet. Es ist mit einer Folie verbunden, die kalte Winde abh\u00e4lt und mit Heat Boost\u2122 Graphen-Sherpa f\u00fcr isolierende W\u00e4rme sorgt. Der robuste Handfl\u00e4chenbesatz aus Kunstleder bietet Ihnen einen hervorragenden Halt. Der Pop-Top l\u00e4sst sich leise zur\u00fcckklappen, um Ihre Finger freizulegen, und wird von einem Magneten gehalten. Der Daumen hat ebenfalls eine Flip-Back-Oberseite f\u00fcr schnellen Zugriff. Die Fingerschlaufen erleichtern das Ausziehen der Handschuhe.      <\/p>\n<p>Graphen ver\u00e4ndert die Art und Weise, wie wir extrem warme, schlanke Kaltwetterhandschuhe herstellen. Mit diesen Heat Boost\u2122 Jagd-Pop-Top-Handschuhen k\u00f6nnen Sie l\u00e4nger drau\u00dfen bleiben und bis sp\u00e4ter in die Saison hinein jagen, egal welche Temperatur herrscht. <\/p>\n<h3><b>Eigenschaften:<\/b><\/h3>\n<ul>\n<li><strong>Obermaterial:<\/strong> Dreilagiges Gewebe aus 4-Wege-Stretch-Pfirsichstrick-Polyester, das mit einer winddichten, atmungsaktiven Folie und Heat Boost\u2122 Graphen-Sherpa verbunden ist<\/li>\n<li><strong>Heat Boost\u2122 Graphentechnologie:<\/strong> Eine Linie verbesserter Stoffe, die mit den W\u00e4rmeleitf\u00e4higkeits-, Feuchtigkeitstransport- und Geruchskontrolleigenschaften von Graphen ausgestattet sind<\/li>\n<li><strong>Winddicht:<\/strong> Die verbundene Folienmembran verhindert das Eindringen von Wind<\/li>\n<li><strong>DWR:<\/strong> Die Durable Water Repellant (DWR)-Ausr\u00fcstung auf der Stoffoberfl\u00e4che weist Feuchtigkeit und leichten Schnee ab<\/li>\n<li><strong>Handfl\u00e4chengriff:<\/strong> Strapazierf\u00e4hige Handfl\u00e4che aus Kunstleder bietet maximalen Halt<\/li>\n<li><strong>Daumen:<\/strong> Verst\u00e4rkter Daumen, Besatz aus Kunstleder<\/li>\n<li><strong>Besondere Merkmale:<\/strong> Magnet zum Festhalten des Poptops im ge\u00f6ffneten Zustand. Flip-Back-Spitze am Daumen. Gurtbandz\u00fcge zwischen den Fingern.  <\/li>\n<li><strong>Passform:<\/strong> Formschl\u00fcssig<\/li>\n<\/ul>\n<\/div>\n","protected":false},"excerpt":{"rendered":"<p>Die Colborne Heavyweight Softshell-Pop-Top-Handschuhe in Tarnen-Camo sind mit Heat Boost\u2122 Graphentechnologie ausgestattet, der n\u00e4chsten Generation verbesserter Stoffe, die f\u00fcr leichte, \u00fcberragende W\u00e4rme sorgen. Diese Jagdhandschuhe f\u00fchlen sich vielleicht mittelschwer an, sind aber so gebaut, dass sie den ganzen Tag \u00fcber W\u00e4rme bei Jagden bei kaltem Wetter spenden. Das Einstricken von Graphengarn in unser Sherpa-Futter verleiht [&#8230;]\n","protected":false},"featured_media":283214,"comment_status":"open","ping_status":"closed","template":"","meta":[],"product_brand":[],"product_cat":[2117,1382],"product_tag":[],"class_list":{"0":"post-283317","1":"product","2":"type-product","3":"status-publish","4":"has-post-thumbnail","6":"product_cat-jagdbekleidung-fur-damen","7":"product_cat-handschuhe","9":"first","10":"instock","11":"taxable","12":"shipping-taxable","13":"purchasable","14":"product-type-variable"},"composite_virtual":false,"composite_layout":"","composite_add_to_cart_form_location":"","composite_editable_in_cart":false,"composite_sold_individually_context":"","composite_shop_price_calc":"","composite_components":[],"composite_scenarios":[],"group_of_quantity":0,"min_quantity":0,"max_quantity":"","exclude_order_quantity_value_rules":"no","exclude_category_quantity_rules":"no","combine_variations":"no","exclude_global_add_ons":[],"addons":[],"_links":{"self":[{"href":"https:\/\/www.huntersfriend.eu\/de\/wp-json\/wp\/v2\/product\/283317","targetHints":{"allow":["GET"]}}],"collection":[{"href":"https:\/\/www.huntersfriend.eu\/de\/wp-json\/wp\/v2\/product"}],"about":[{"href":"https:\/\/www.huntersfriend.eu\/de\/wp-json\/wp\/v2\/types\/product"}],"replies":[{"embeddable":true,"href":"https:\/\/www.huntersfriend.eu\/de\/wp-json\/wp\/v2\/comments?post=283317"}],"wp:featuredmedia":[{"embeddable":true,"href":"https:\/\/www.huntersfriend.eu\/de\/wp-json\/wp\/v2\/media\/283214"}],"wp:attachment":[{"href":"https:\/\/www.huntersfriend.eu\/de\/wp-json\/wp\/v2\/media?parent=283317"}],"wp:term":[{"taxonomy":"product_brand","embeddable":true,"href":"https:\/\/www.huntersfriend.eu\/de\/wp-json\/wp\/v2\/product_brand?post=283317"},{"taxonomy":"product_cat","embeddable":true,"href":"https:\/\/www.huntersfriend.eu\/de\/wp-json\/wp\/v2\/product_cat?post=283317"},{"taxonomy":"product_tag","embeddable":true,"href":"https:\/\/www.huntersfriend.eu\/de\/wp-json\/wp\/v2\/product_tag?post=283317"}],"curies":[{"name":"wp","href":"https:\/\/api.w.org\/{rel}","templated":true}]}}