{"id":283196,"date":"2025-06-19T00:39:57","date_gmt":"2025-07-28T05:09:17","guid":{"rendered":"https:\/\/www.huntersfriend.eu\/product\/alps-bergsteiger-feldbett-xl\/"},"modified":"2026-03-26T13:45:46","modified_gmt":"2026-03-26T11:45:46","slug":"alps-bergsteiger-feldbett-xl","status":"publish","type":"product","link":"https:\/\/www.huntersfriend.eu\/de\/produkt\/alps-bergsteiger-feldbett-xl\/","title":{"rendered":"Alps Bergsteiger Feldbett XL"},"content":{"rendered":"<div class=\"product data items cs-container__inner\" role=\"tablist\">\n<div id=\"tab-label-reviews\" class=\"data item title\" tabindex=\"0\" role=\"tab\" data-role=\"collapsible\" data-collapsible=\"true\" aria-controls=\"reviews\" aria-selected=\"false\" aria-expanded=\"false\"><span style=\"color: #555555;\">Wenn Sie nicht in Ihrem eigenen Bett schlafen, sollten Sie trotzdem gut schlafen. Mit einem ALPS Feldbett ist das garantiert. Das Feldbett hat robuste Stahlverbinder in Kombination mit 600D Polyestergewebe, um Ihr Bett ausw\u00e4rts so bequem wie m\u00f6glich zu machen. Es l\u00e4sst sich einfach zusammenfalten und in einer Tragetasche verstauen, sodass es bei Nichtgebrauch leicht zu transportieren und zu lagern ist.   <\/span><\/div>\n<div tabindex=\"0\" role=\"tab\" data-role=\"collapsible\" data-collapsible=\"true\" aria-controls=\"reviews\" aria-selected=\"false\" aria-expanded=\"false\">\n<div class=\"product info detailed cs-container\">\n<div class=\"product tabs cs-container__inner mage-tabs-disabled\">\n<div id=\"feats\" class=\"data item content\" role=\"tabpanel\" aria-labelledby=\"tab-label-feats\" data-role=\"content\" aria-hidden=\"false\">\n<div class=\"product attribute features\">\n<div class=\"value\">\n<ul>\n<li>600D Polyestergewebe<\/li>\n<li>Robuste Stahlverbinder<\/li>\n<li>Pulverbeschichteter Aluminiumrahmen<\/li>\n<li>Organisationstasche<\/li>\n<\/ul>\n<\/div>\n<\/div>\n<\/div>\n<\/div>\n<\/div>\n<div class=\"widget block block-static-block\">\n<div data-content-type=\"row\" data-appearance=\"contained\" data-element=\"main\">\n<div data-enable-parallax=\"0\" data-parallax-speed=\"0.5\" data-background-images=\"{}\" data-background-type=\"image\" data-video-loop=\"true\" data-video-play-only-visible=\"true\" data-video-lazy-load=\"true\" data-video-fallback-src=\"\" data-element=\"inner\" data-pb-style=\"KQQ2T9G\">\n<div data-content-type=\"html\" data-appearance=\"default\" data-element=\"main\" data-pb-style=\"YLUFBL1\" data-decoded=\"true\">\n<div class=\"prop-wrapper\" data-block=\"dropdown\">\n<table>\n<tbody>\n<tr>\n<th scope=\"row\">Abmessungen<\/th>\n<td>190 x 81 x 46 cm<\/td>\n<\/tr>\n<tr>\n<th scope=\"row\">Verpackungsgr\u00f6\u00dfe<\/th>\n<td>97 x 25 x 20 cm<\/td>\n<\/tr>\n<tr>\n<th scope=\"row\">Gewicht<\/th>\n<td>19 lbs.\/8.6kg<\/td>\n<\/tr>\n<tr>\n<th scope=\"row\">Gewichtskapazit\u00e4t<\/th>\n<td>325 lbs. \/147kg<\/td>\n<\/tr>\n<\/tbody>\n<\/table>\n<\/div>\n<\/div>\n<\/div>\n<\/div>\n<\/div>\n<\/div>\n<\/div>\n","protected":false},"excerpt":{"rendered":"<p>Wenn Sie nicht in Ihrem eigenen Bett schlafen, sollten Sie trotzdem gut schlafen. Mit einem ALPS Feldbett ist das garantiert. Das Feldbett hat robuste Stahlverbinder in Kombination mit 600D Polyestergewebe, um Ihr Bett ausw\u00e4rts so bequem wie m\u00f6glich zu machen. Es l\u00e4sst sich einfach zusammenfalten und in einer Tragetasche verstauen, sodass es bei Nichtgebrauch leicht [&#8230;]\n","protected":false},"featured_media":283182,"comment_status":"open","ping_status":"closed","template":"","meta":[],"product_brand":[],"product_cat":[2572],"product_tag":[],"class_list":{"0":"post-283196","1":"product","2":"type-product","3":"status-publish","4":"has-post-thumbnail","6":"product_cat-faltsangar-och-liggunderlag","8":"first","9":"outofstock","10":"taxable","11":"shipping-taxable","12":"purchasable","13":"product-type-simple"},"composite_virtual":false,"composite_layout":"","composite_add_to_cart_form_location":"","composite_editable_in_cart":false,"composite_sold_individually_context":"","composite_shop_price_calc":"","composite_components":[],"composite_scenarios":[],"group_of_quantity":0,"min_quantity":0,"max_quantity":"","exclude_order_quantity_value_rules":"no","exclude_category_quantity_rules":"no","combine_variations":"no","exclude_global_add_ons":[],"addons":[],"_links":{"self":[{"href":"https:\/\/www.huntersfriend.eu\/de\/wp-json\/wp\/v2\/product\/283196","targetHints":{"allow":["GET"]}}],"collection":[{"href":"https:\/\/www.huntersfriend.eu\/de\/wp-json\/wp\/v2\/product"}],"about":[{"href":"https:\/\/www.huntersfriend.eu\/de\/wp-json\/wp\/v2\/types\/product"}],"replies":[{"embeddable":true,"href":"https:\/\/www.huntersfriend.eu\/de\/wp-json\/wp\/v2\/comments?post=283196"}],"wp:featuredmedia":[{"embeddable":true,"href":"https:\/\/www.huntersfriend.eu\/de\/wp-json\/wp\/v2\/media\/283182"}],"wp:attachment":[{"href":"https:\/\/www.huntersfriend.eu\/de\/wp-json\/wp\/v2\/media?parent=283196"}],"wp:term":[{"taxonomy":"product_brand","embeddable":true,"href":"https:\/\/www.huntersfriend.eu\/de\/wp-json\/wp\/v2\/product_brand?post=283196"},{"taxonomy":"product_cat","embeddable":true,"href":"https:\/\/www.huntersfriend.eu\/de\/wp-json\/wp\/v2\/product_cat?post=283196"},{"taxonomy":"product_tag","embeddable":true,"href":"https:\/\/www.huntersfriend.eu\/de\/wp-json\/wp\/v2\/product_tag?post=283196"}],"curies":[{"name":"wp","href":"https:\/\/api.w.org\/{rel}","templated":true}]}}