{"id":283194,"date":"2025-07-07T23:40:41","date_gmt":"2025-07-28T05:08:54","guid":{"rendered":"https:\/\/www.huntersfriend.eu\/product\/meopta-meopro-r6-25-15x44-rd-sfp-4c\/"},"modified":"2025-07-28T07:09:07","modified_gmt":"2025-07-28T05:09:07","slug":"meopta-meopro-r6-25-15x44-rd-sfp-4c","status":"publish","type":"product","link":"https:\/\/www.huntersfriend.eu\/de\/produkt\/meopta-meopro-r6-25-15x44-rd-sfp-4c\/","title":{"rendered":"Meopta MeoPro R6 2,5-15X44 RD SFP &#8211; 4C"},"content":{"rendered":"<h3 data-start=\"123\" data-end=\"162\"><strong data-start=\"127\" data-end=\"160\">Meopta MeoPro R6 2.5\u201315&#215;44 RD<\/strong><\/h3>\n<p data-start=\"163\" data-end=\"242\"><strong data-start=\"163\" data-end=\"242\">Premium-Allround-Zielfernrohr \u2013 Leistung und Pr\u00e4zision auf jede Distanz<\/strong><\/p>\n<p data-start=\"244\" data-end=\"570\">Das <strong data-start=\"248\" data-end=\"281\">Meopta MeoPro R6 2.5\u201315&#215;44 RD<\/strong> ist ein erstklassiges Mehrzweck-Zielfernrohr, das sich ideal f\u00fcr finnische Jagdbedingungen eignet \u2013 von der Standjagd bis zur Elch- und Hirschpirsch. Dieses Zielfernrohr kombiniert einen gro\u00dfen Vergr\u00f6\u00dferungsbereich, ein kompaktes Design und eine helle Optik, was es zu einer zuverl\u00e4ssigen Wahl sowohl in dichtem Waldgel\u00e4nde als auch auf offenen Feldern macht. <\/p>\n<p data-start=\"572\" data-end=\"832\">Sein 44-mm-Objektiv bietet eine ausgezeichnete Lichterfassungsf\u00e4higkeit f\u00fcr den Einsatz bei schlechten Lichtverh\u00e4ltnissen, ohne \u00fcberm\u00e4\u00dfige Gr\u00f6\u00dfe oder Gewicht hinzuzuf\u00fcgen. Es dient als leichtere Alternative zu 50\u201356-mm-Modellen und bietet dennoch eine starke Leistung bei schwierigen Lichtverh\u00e4ltnissen. <\/p>\n<hr data-start=\"834\" data-end=\"837\">\n<h3 data-start=\"839\" data-end=\"872\"><strong data-start=\"843\" data-end=\"871\">Technische Daten<\/strong>:<\/h3>\n<ul data-start=\"873\" data-end=\"1629\">\n<li data-start=\"873\" data-end=\"975\">\n<p data-start=\"875\" data-end=\"975\"><strong data-start=\"875\" data-end=\"898\">Vergr\u00f6\u00dferungsbereich<\/strong>: 2,5\u201315x \u2013 geeignet f\u00fcr Pr\u00e4zisionsschie\u00dfen sowohl auf kurze als auch auf lange Distanzen<\/p>\n<\/li>\n<li data-start=\"976\" data-end=\"1070\">\n<p data-start=\"978\" data-end=\"1070\"><strong data-start=\"978\" data-end=\"1005\">Objektivdurchmesser<\/strong>: 44 mm \u2013 ein gutes Gleichgewicht zwischen Lichtdurchl\u00e4ssigkeit und Gewicht<\/p>\n<\/li>\n<li data-start=\"1071\" data-end=\"1154\">\n<p data-start=\"1073\" data-end=\"1154\"><strong data-start=\"1073\" data-end=\"1095\">Hauptrohrdurchmesser<\/strong>: 30 mm \u2013 weitgehend kompatibel mit verschiedenen Montagesystemen<\/p>\n<\/li>\n<li data-start=\"1155\" data-end=\"1252\">\n<p data-start=\"1157\" data-end=\"1252\"><strong data-start=\"1157\" data-end=\"1176\">Beleuchteter Punkt<\/strong>: RD (Red Dot) \u2013 6-stufige Helligkeitsanpassung f\u00fcr schnelle Zielerfassung<\/p>\n<\/li>\n<li data-start=\"1253\" data-end=\"1302\">\n<p data-start=\"1255\" data-end=\"1302\"><strong data-start=\"1255\" data-end=\"1283\">Sichtfeld (auf 100 m)<\/strong>: 13,6\u20132,3 Meter<\/p>\n<\/li>\n<li data-start=\"1303\" data-end=\"1366\">\n<p data-start=\"1305\" data-end=\"1366\"><strong data-start=\"1305\" data-end=\"1319\">Augenabstand<\/strong>: 100 mm \u2013 sichere Verwendung auch bei gr\u00f6\u00dferen Kalibern<\/p>\n<\/li>\n<li data-start=\"1367\" data-end=\"1422\">\n<p data-start=\"1369\" data-end=\"1422\"><strong data-start=\"1369\" data-end=\"1395\">Verstellklickwert<\/strong>: 0,1 mrad (1 cm \/ 100 m)<\/p>\n<\/li>\n<li data-start=\"1423\" data-end=\"1525\">\n<p data-start=\"1425\" data-end=\"1525\"><strong data-start=\"1425\" data-end=\"1448\">Parallaxenausgleich<\/strong>: Seitenfokus (30 m \u2013 unendlich) \u2013 verbessert die Genauigkeit bei h\u00f6heren Vergr\u00f6\u00dferungen<\/p>\n<\/li>\n<li data-start=\"1526\" data-end=\"1629\">\n<p data-start=\"1528\" data-end=\"1629\"><strong data-start=\"1528\" data-end=\"1548\">Absehenposition<\/strong>: Zweite Bildebene (SFP) \u2013 die Absehengr\u00f6\u00dfe bleibt \u00fcber alle Zoomstufen konstant<\/p>\n<\/li>\n<\/ul>\n<hr data-start=\"1631\" data-end=\"1634\">\n<h3 data-start=\"1636\" data-end=\"1652\"><strong data-start=\"1640\" data-end=\"1651\">Absehen<\/strong>:<\/h3>\n<ul data-start=\"1653\" data-end=\"1798\">\n<li data-start=\"1653\" data-end=\"1798\">\n<p data-start=\"1655\" data-end=\"1798\"><strong data-start=\"1655\" data-end=\"1661\">4C<\/strong>: Ein klares und traditionelles Jagdabsehen mit einem hellen, rot beleuchteten Mittelpunkt. Bietet schnelles und zuverl\u00e4ssiges Zielen, auch bei schlechten Lichtverh\u00e4ltnissen. <\/p>\n<\/li>\n<\/ul>\n<hr data-start=\"1800\" data-end=\"1803\">\n<h3 data-start=\"1805\" data-end=\"1835\"><strong data-start=\"1809\" data-end=\"1834\">Optik &amp; Konstruktion<\/strong>:<\/h3>\n<ul data-start=\"1836\" data-end=\"2227\">\n<li data-start=\"1836\" data-end=\"1985\">\n<p data-start=\"1838\" data-end=\"1985\"><strong data-start=\"1838\" data-end=\"1865\">MeoBright\u2122 5501 Beschichtung<\/strong>: Extrem hohe Lichtdurchl\u00e4ssigkeit (bis zu 99,8 % pro Linsenoberfl\u00e4che) \u2013 sorgt f\u00fcr ein helles Bild bei allen Lichtverh\u00e4ltnissen<\/p>\n<\/li>\n<li data-start=\"1986\" data-end=\"2065\">\n<p data-start=\"1988\" data-end=\"2065\"><strong data-start=\"1988\" data-end=\"2015\">MeoShield\u2122 Hartbeschichtung<\/strong>: Sch\u00fctzt die Linsenoberfl\u00e4chen vor Kratzern und Verschlei\u00df<\/p>\n<\/li>\n<li data-start=\"2066\" data-end=\"2149\">\n<p data-start=\"2068\" data-end=\"2149\"><strong data-start=\"2068\" data-end=\"2108\">Vollst\u00e4ndig wasserdicht und stickstoffgef\u00fcllt<\/strong>: Beschlagfrei und gegen Feuchtigkeit abgedichtet<\/p>\n<\/li>\n<li data-start=\"2150\" data-end=\"2227\">\n<p data-start=\"2152\" data-end=\"2227\"><strong data-start=\"2152\" data-end=\"2176\">Sto\u00dffestes Geh\u00e4use<\/strong>: Gebaut, um starkem R\u00fccksto\u00df und anspruchsvollem Gebrauch standzuhalten<\/p>\n<\/li>\n<\/ul>\n<hr data-start=\"2229\" data-end=\"2232\">\n<h3 data-start=\"2234\" data-end=\"2262\"><strong data-start=\"2238\" data-end=\"2261\">Abmessungen &amp; Gewicht<\/strong>:<\/h3>\n<ul data-start=\"2263\" data-end=\"2321\">\n<li data-start=\"2263\" data-end=\"2293\">\n<p data-start=\"2265\" data-end=\"2293\"><strong data-start=\"2265\" data-end=\"2275\">L\u00e4nge<\/strong>: ca. 355 mm <\/p>\n<\/li>\n<li data-start=\"2294\" data-end=\"2321\">\n<p data-start=\"2296\" data-end=\"2321\"><strong data-start=\"2296\" data-end=\"2306\">Gewicht<\/strong>: ca. 650 g <\/p>\n<\/li>\n<\/ul>\n<hr data-start=\"2323\" data-end=\"2326\">\n<h3 data-start=\"2328\" data-end=\"2353\"><strong data-start=\"2332\" data-end=\"2352\">Lieferumfang<\/strong>:<\/h3>\n<ul data-start=\"2354\" data-end=\"2486\">\n<li data-start=\"2354\" data-end=\"2416\">\n<p data-start=\"2356\" data-end=\"2416\">Meopta MeoPro R6 2.5\u201315&#215;44 RD Zielfernrohr (mit 4C-Absehen)<\/p>\n<\/li>\n<li data-start=\"2417\" data-end=\"2432\">\n<p data-start=\"2419\" data-end=\"2432\">Linsenabdeckungen<\/p>\n<\/li>\n<li data-start=\"2433\" data-end=\"2453\">\n<p data-start=\"2435\" data-end=\"2453\">Batterie (CR2354)<\/p>\n<\/li>\n<li data-start=\"2454\" data-end=\"2469\">\n<p data-start=\"2456\" data-end=\"2469\">Bedienungsanleitung<\/p>\n<\/li>\n<li data-start=\"2470\" data-end=\"2486\">\n<p data-start=\"2472\" data-end=\"2486\">Reinigungstuch<\/p>\n<\/li>\n<\/ul>\n","protected":false},"excerpt":{"rendered":"<p>Meopta MeoPro R6 2.5\u201315&#215;44 RD Premium-Allround-Zielfernrohr \u2013 Leistung und Pr\u00e4zision auf jede Distanz Das Meopta MeoPro R6 2.5\u201315&#215;44 RD ist ein erstklassiges Mehrzweck-Zielfernrohr, das sich ideal f\u00fcr finnische Jagdbedingungen eignet \u2013 von der Standjagd bis zur Elch- und Hirschpirsch. Dieses Zielfernrohr kombiniert einen gro\u00dfen Vergr\u00f6\u00dferungsbereich, ein kompaktes Design und eine helle Optik, was es zu [&#8230;]\n","protected":false},"featured_media":282920,"comment_status":"open","ping_status":"closed","template":"","meta":[],"product_brand":[],"product_cat":[1132],"product_tag":[],"class_list":{"0":"post-283194","1":"product","2":"type-product","3":"status-publish","4":"has-post-thumbnail","6":"product_cat-zielfernrohre","8":"first","9":"instock","10":"taxable","11":"shipping-taxable","12":"purchasable","13":"product-type-simple"},"composite_virtual":false,"composite_layout":"","composite_add_to_cart_form_location":"","composite_editable_in_cart":false,"composite_sold_individually_context":"","composite_shop_price_calc":"","composite_components":[],"composite_scenarios":[],"group_of_quantity":0,"min_quantity":0,"max_quantity":"","exclude_order_quantity_value_rules":"no","exclude_category_quantity_rules":"no","combine_variations":"no","exclude_global_add_ons":[],"addons":[],"_links":{"self":[{"href":"https:\/\/www.huntersfriend.eu\/de\/wp-json\/wp\/v2\/product\/283194","targetHints":{"allow":["GET"]}}],"collection":[{"href":"https:\/\/www.huntersfriend.eu\/de\/wp-json\/wp\/v2\/product"}],"about":[{"href":"https:\/\/www.huntersfriend.eu\/de\/wp-json\/wp\/v2\/types\/product"}],"replies":[{"embeddable":true,"href":"https:\/\/www.huntersfriend.eu\/de\/wp-json\/wp\/v2\/comments?post=283194"}],"wp:featuredmedia":[{"embeddable":true,"href":"https:\/\/www.huntersfriend.eu\/de\/wp-json\/wp\/v2\/media\/282920"}],"wp:attachment":[{"href":"https:\/\/www.huntersfriend.eu\/de\/wp-json\/wp\/v2\/media?parent=283194"}],"wp:term":[{"taxonomy":"product_brand","embeddable":true,"href":"https:\/\/www.huntersfriend.eu\/de\/wp-json\/wp\/v2\/product_brand?post=283194"},{"taxonomy":"product_cat","embeddable":true,"href":"https:\/\/www.huntersfriend.eu\/de\/wp-json\/wp\/v2\/product_cat?post=283194"},{"taxonomy":"product_tag","embeddable":true,"href":"https:\/\/www.huntersfriend.eu\/de\/wp-json\/wp\/v2\/product_tag?post=283194"}],"curies":[{"name":"wp","href":"https:\/\/api.w.org\/{rel}","templated":true}]}}