{"id":283193,"date":"2025-07-07T23:40:41","date_gmt":"2025-07-28T05:08:50","guid":{"rendered":"https:\/\/www.huntersfriend.eu\/product\/meopta-meopror6-1-6x24-rd-sfp-k-dot-2\/"},"modified":"2025-07-28T07:08:59","modified_gmt":"2025-07-28T05:08:59","slug":"meopta-meopror6-1-6x24-rd-sfp-k-dot-2","status":"publish","type":"product","link":"https:\/\/www.huntersfriend.eu\/de\/produkt\/meopta-meopror6-1-6x24-rd-sfp-k-dot-2\/","title":{"rendered":"Meopta MeoProR6 1-6&#215;24 RD SFP &#8211; k-Dot 2"},"content":{"rendered":"<p data-start=\"0\" data-end=\"114\"><strong data-start=\"0\" data-end=\"30\">Meopta MeoPro R6 1-6&#215;24 RD<\/strong><br data-start=\"30\" data-end=\"33\"><em data-start=\"33\" data-end=\"114\">Ein vielseitiges und leistungsstarkes Zielfernrohr f\u00fcr die schnelle Jagd und Schie\u00dfsport<\/em><\/p>\n<p data-start=\"116\" data-end=\"431\">Das <strong data-start=\"120\" data-end=\"150\">Meopta MeoPro R6 1-6&#215;24 RD<\/strong> ist ein hochwertiges europ\u00e4isches Zielfernrohr, das speziell f\u00fcr anspruchsvolle Dr\u00fcckjagden und Situationen entwickelt wurde, in denen eine schnelle Zielerfassung entscheidend ist. Sein kompaktes Geh\u00e4use, das weite Sehfeld und die exzellente Lichttransmission verbinden sich mit der pr\u00e4zisen optischen Leistung, f\u00fcr die Meopta bekannt ist. <\/p>\n<p data-start=\"433\" data-end=\"667\">Dieses Zielfernrohr ist Teil der <strong data-start=\"459\" data-end=\"479\">MeoPro R6-Serie<\/strong>, die sich durch einen 6-fachen Zoombereich, hochwertige Linsenbeschichtungen und ein zuverl\u00e4ssiges Leuchtabsehen-System auszeichnet. Es bietet eine hervorragende Leistung sowohl bei hellem Tageslicht als auch bei schlechten Lichtverh\u00e4ltnissen. <\/p>\n<hr data-start=\"669\" data-end=\"672\">\n<h3 data-start=\"674\" data-end=\"707\"><strong data-start=\"678\" data-end=\"707\">Technische Daten:<\/strong><\/h3>\n<ul data-start=\"709\" data-end=\"1344\">\n<li data-start=\"709\" data-end=\"832\">\n<p data-start=\"711\" data-end=\"832\"><strong data-start=\"711\" data-end=\"735\">Vergr\u00f6\u00dferungsbereich:<\/strong> 1\u20136x \u2013 Ideal f\u00fcr schnelles Zielverfolgen auf kurze Distanz und pr\u00e4zises Schie\u00dfen auf gr\u00f6\u00dfere Entfernungen<\/p>\n<\/li>\n<li data-start=\"833\" data-end=\"871\">\n<p data-start=\"835\" data-end=\"871\"><strong data-start=\"835\" data-end=\"863\">Objektivdurchmesser:<\/strong> 24 mm<\/p>\n<\/li>\n<li data-start=\"872\" data-end=\"951\">\n<p data-start=\"874\" data-end=\"951\"><strong data-start=\"874\" data-end=\"892\">Rohrdurchmesser:<\/strong> 30 mm \u2013 Kompatibel mit einer Vielzahl von Montageoptionen<\/p>\n<\/li>\n<li data-start=\"952\" data-end=\"1072\">\n<p data-start=\"954\" data-end=\"1072\"><strong data-start=\"954\" data-end=\"978\">Beleuchtetes Absehen:<\/strong> RD (Red Dot) \u2013 6-stufige Helligkeitsanpassung, exzellenter Kontrast bei allen Lichtverh\u00e4ltnissen<\/p>\n<\/li>\n<li data-start=\"1073\" data-end=\"1137\">\n<p data-start=\"1075\" data-end=\"1137\"><strong data-start=\"1075\" data-end=\"1102\">Sehfeld auf 100 m:<\/strong> Bis zu 38,7 m bei 1-facher Vergr\u00f6\u00dferung<\/p>\n<\/li>\n<li data-start=\"1138\" data-end=\"1203\">\n<p data-start=\"1140\" data-end=\"1203\"><strong data-start=\"1140\" data-end=\"1155\">Augenabstand:<\/strong> 100 mm \u2013 Sicher zu verwenden mit gro\u00dfkalibrigen Gewehren<\/p>\n<\/li>\n<li data-start=\"1204\" data-end=\"1248\">\n<p data-start=\"1206\" data-end=\"1248\"><strong data-start=\"1206\" data-end=\"1222\">Klickwert:<\/strong> 0,1 mrad (1 cm \/ 100 m)<\/p>\n<\/li>\n<li data-start=\"1249\" data-end=\"1344\">\n<p data-start=\"1251\" data-end=\"1344\"><strong data-start=\"1251\" data-end=\"1272\">Absehenposition:<\/strong> Zweite Bildebene (SFP) \u2013 Absehensgr\u00f6\u00dfe bleibt beim Zoomen konstant<\/p>\n<\/li>\n<\/ul>\n<hr data-start=\"1346\" data-end=\"1349\">\n<h3 data-start=\"1351\" data-end=\"1375\"><strong data-start=\"1355\" data-end=\"1375\">Absehenoptionen:<\/strong><\/h3>\n<ul data-start=\"1377\" data-end=\"1644\">\n<li data-start=\"1377\" data-end=\"1481\">\n<p data-start=\"1379\" data-end=\"1481\"><strong data-start=\"1379\" data-end=\"1386\">4C:<\/strong> Klassisches, klares Jagdabsehen mit einem roten, beleuchteten Mittelpunkt \u2013 Ideal f\u00fcr die allgemeine Jagd<\/p>\n<\/li>\n<li data-start=\"1482\" data-end=\"1644\">\n<p data-start=\"1484\" data-end=\"1644\"><strong data-start=\"1484\" data-end=\"1496\">K-Dot 2:<\/strong> Entwickelt f\u00fcr schnelle Zielerfassung mit einem hellen Mittelpunkt und einem weiten Sehfeld \u2013 Besonders geeignet f\u00fcr taktisches Schie\u00dfen und Dr\u00fcckjagden<\/p>\n<\/li>\n<\/ul>\n<hr data-start=\"1646\" data-end=\"1649\">\n<h3 data-start=\"1651\" data-end=\"1685\"><strong data-start=\"1655\" data-end=\"1685\">Konstruktion und Beschichtungen:<\/strong><\/h3>\n<ul data-start=\"1687\" data-end=\"2071\">\n<li data-start=\"1687\" data-end=\"1806\">\n<p data-start=\"1689\" data-end=\"1806\"><strong data-start=\"1689\" data-end=\"1717\">MeoBright\u2122 5501-Beschichtung:<\/strong> Garantiert eine Lichttransmission von bis zu 99,8 % pro Oberfl\u00e4che \u2013 Au\u00dfergew\u00f6hnliche Leistung bei schlechten Lichtverh\u00e4ltnissen<\/p>\n<\/li>\n<li data-start=\"1807\" data-end=\"1883\">\n<p data-start=\"1809\" data-end=\"1883\"><strong data-start=\"1809\" data-end=\"1837\">MeoShield\u2122-Hartbeschichtung:<\/strong> Sch\u00fctzt die Linsen vor Kratzern und Abrieb<\/p>\n<\/li>\n<li data-start=\"1884\" data-end=\"1986\">\n<p data-start=\"1886\" data-end=\"1986\"><strong data-start=\"1886\" data-end=\"1927\">Vollst\u00e4ndig wasserdicht und mit Stickstoff gef\u00fcllt:<\/strong> Beschl\u00e4gt nicht und l\u00e4sst keine Feuchtigkeit eindringen, selbst bei rauem Wetter<\/p>\n<\/li>\n<li data-start=\"1987\" data-end=\"2071\">\n<p data-start=\"1989\" data-end=\"2071\"><strong data-start=\"1989\" data-end=\"2022\">Sto\u00dffeste Konstruktion:<\/strong> Gebaut, um starkem R\u00fccksto\u00df und rauem Gebrauch standzuhalten<\/p>\n<\/li>\n<\/ul>\n<hr data-start=\"2073\" data-end=\"2076\">\n<h3 data-start=\"2078\" data-end=\"2108\"><strong data-start=\"2082\" data-end=\"2108\">Abmessungen und Gewicht:<\/strong><\/h3>\n<ul data-start=\"2110\" data-end=\"2170\">\n<li data-start=\"2110\" data-end=\"2140\">\n<p data-start=\"2112\" data-end=\"2140\"><strong data-start=\"2112\" data-end=\"2123\">L\u00e4nge:<\/strong> ca. 292 mm <\/p>\n<\/li>\n<li data-start=\"2141\" data-end=\"2170\">\n<p data-start=\"2143\" data-end=\"2170\"><strong data-start=\"2143\" data-end=\"2154\">Gewicht:<\/strong> ca. 508 g <\/p>\n<\/li>\n<\/ul>\n<hr data-start=\"2172\" data-end=\"2175\">\n<h3 data-start=\"2177\" data-end=\"2209\"><strong data-start=\"2181\" data-end=\"2209\">Im Lieferumfang enthalten:<\/strong><\/h3>\n<ul data-start=\"2211\" data-end=\"2324\">\n<li data-start=\"2211\" data-end=\"2252\">\n<p data-start=\"2213\" data-end=\"2252\">Meopta MeoPro R6 1-6&#215;24 RD Zielfernrohr<\/p>\n<\/li>\n<li data-start=\"2253\" data-end=\"2268\">\n<p data-start=\"2255\" data-end=\"2268\">Linsenabdeckungen<\/p>\n<\/li>\n<li data-start=\"2269\" data-end=\"2289\">\n<p data-start=\"2271\" data-end=\"2289\">Batterie (CR2354)<\/p>\n<\/li>\n<li data-start=\"2290\" data-end=\"2305\">\n<p data-start=\"2292\" data-end=\"2305\">Benutzerhandbuch<\/p>\n<\/li>\n<li data-start=\"2306\" data-end=\"2324\">\n<p data-start=\"2308\" data-end=\"2324\">Reinigungstuch<\/p>\n<\/li>\n<\/ul>\n","protected":false},"excerpt":{"rendered":"<p>Meopta MeoPro R6 1-6&#215;24 RDEin vielseitiges und leistungsstarkes Zielfernrohr f\u00fcr die schnelle Jagd und Schie\u00dfsport Das Meopta MeoPro R6 1-6&#215;24 RD ist ein hochwertiges europ\u00e4isches Zielfernrohr, das speziell f\u00fcr anspruchsvolle Dr\u00fcckjagden und Situationen entwickelt wurde, in denen eine schnelle Zielerfassung entscheidend ist. Sein kompaktes Geh\u00e4use, das weite Sehfeld und die exzellente Lichttransmission verbinden sich mit [&#8230;]\n","protected":false},"featured_media":282936,"comment_status":"open","ping_status":"closed","template":"","meta":[],"product_brand":[],"product_cat":[1132],"product_tag":[],"class_list":{"0":"post-283193","1":"product","2":"type-product","3":"status-publish","4":"has-post-thumbnail","6":"product_cat-zielfernrohre","8":"first","9":"instock","10":"taxable","11":"shipping-taxable","12":"purchasable","13":"product-type-simple"},"composite_virtual":false,"composite_layout":"","composite_add_to_cart_form_location":"","composite_editable_in_cart":false,"composite_sold_individually_context":"","composite_shop_price_calc":"","composite_components":[],"composite_scenarios":[],"group_of_quantity":0,"min_quantity":0,"max_quantity":"","exclude_order_quantity_value_rules":"no","exclude_category_quantity_rules":"no","combine_variations":"no","exclude_global_add_ons":[],"addons":[],"_links":{"self":[{"href":"https:\/\/www.huntersfriend.eu\/de\/wp-json\/wp\/v2\/product\/283193","targetHints":{"allow":["GET"]}}],"collection":[{"href":"https:\/\/www.huntersfriend.eu\/de\/wp-json\/wp\/v2\/product"}],"about":[{"href":"https:\/\/www.huntersfriend.eu\/de\/wp-json\/wp\/v2\/types\/product"}],"replies":[{"embeddable":true,"href":"https:\/\/www.huntersfriend.eu\/de\/wp-json\/wp\/v2\/comments?post=283193"}],"wp:featuredmedia":[{"embeddable":true,"href":"https:\/\/www.huntersfriend.eu\/de\/wp-json\/wp\/v2\/media\/282936"}],"wp:attachment":[{"href":"https:\/\/www.huntersfriend.eu\/de\/wp-json\/wp\/v2\/media?parent=283193"}],"wp:term":[{"taxonomy":"product_brand","embeddable":true,"href":"https:\/\/www.huntersfriend.eu\/de\/wp-json\/wp\/v2\/product_brand?post=283193"},{"taxonomy":"product_cat","embeddable":true,"href":"https:\/\/www.huntersfriend.eu\/de\/wp-json\/wp\/v2\/product_cat?post=283193"},{"taxonomy":"product_tag","embeddable":true,"href":"https:\/\/www.huntersfriend.eu\/de\/wp-json\/wp\/v2\/product_tag?post=283193"}],"curies":[{"name":"wp","href":"https:\/\/api.w.org\/{rel}","templated":true}]}}