{"id":283192,"date":"2025-06-19T00:40:03","date_gmt":"2025-07-28T05:08:48","guid":{"rendered":"https:\/\/www.huntersfriend.eu\/product\/armytek-helmbefestigung-ahm-04\/"},"modified":"2026-02-25T10:38:05","modified_gmt":"2026-02-25T08:38:05","slug":"armytek-helmbefestigung-ahm-04","status":"publish","type":"product","link":"https:\/\/www.huntersfriend.eu\/de\/produkt\/armytek-helmbefestigung-ahm-04\/","title":{"rendered":"Armytek Helmbefestigung AHM-04"},"content":{"rendered":"<p data-start=\"0\" data-end=\"120\"><strong data-start=\"0\" data-end=\"31\">Armytek Helmbefestigung AHM-04<\/strong><br data-start=\"31\" data-end=\"34\"><em data-start=\"34\" data-end=\"120\">Arbeiten Sie freih\u00e4ndig und bleiben Sie effizient \u2013 langlebig, sicher und f\u00fcr harte Bedingungen gebaut<\/em><\/p>\n<p data-start=\"122\" data-end=\"471\">Die <strong data-start=\"126\" data-end=\"157\">Armytek AHM-04 Helmbefestigung<\/strong> ist eine zuverl\u00e4ssige und robuste Befestigungsl\u00f6sung, die Ihre Taschenlampe sicher an einem Schutzhelm h\u00e4lt, selbst in anspruchsvollen Umgebungen. Kompatibel mit den g\u00e4ngigen Taschenlampen der <strong data-start=\"314\" data-end=\"324\">Wizard<\/strong>&#8211; und <strong data-start=\"329\" data-end=\"336\">Elf<\/strong>-Serie, ist sie eine ideale Freihand-Beleuchtungsl\u00f6sung f\u00fcr Profis, die eine sichere, bequeme Beleuchtung am Arbeitsplatz ben\u00f6tigen. <\/p>\n<hr data-start=\"473\" data-end=\"476\">\n<h3 data-start=\"478\" data-end=\"505\"><strong data-start=\"482\" data-end=\"505\">Produktbeschreibung<\/strong><\/h3>\n<p data-start=\"507\" data-end=\"654\">Die AHM-04-Halterung erm\u00f6glicht <strong data-start=\"532\" data-end=\"575\">freih\u00e4ndige, sichere und flexible Beleuchtung<\/strong> auf Baustellen oder in jeder Umgebung, in der ein Schutzhelm verwendet wird.<\/p>\n<hr data-start=\"656\" data-end=\"659\">\n<h3 data-start=\"661\" data-end=\"682\"><strong data-start=\"665\" data-end=\"682\">Kompatibilit\u00e4t<\/strong><\/h3>\n<ul data-start=\"684\" data-end=\"940\">\n<li data-start=\"684\" data-end=\"799\">\n<p data-start=\"686\" data-end=\"799\">Funktioniert mit <strong data-start=\"697\" data-end=\"730\">Armytek Wizard- und Elf-Serien<\/strong> Multifunktions-Taschenlampen mit einem Geh\u00e4usedurchmesser von <strong data-start=\"781\" data-end=\"797\">20,4\u201323,6 mm<\/strong><\/p>\n<\/li>\n<li data-start=\"800\" data-end=\"859\">\n<p data-start=\"802\" data-end=\"859\"><strong data-start=\"802\" data-end=\"820\">Nicht kompatibel<\/strong> mit <strong data-start=\"826\" data-end=\"843\">Wizard C1 Pro<\/strong> oder <strong data-start=\"847\" data-end=\"857\">Elf C1<\/strong><\/p>\n<\/li>\n<li data-start=\"860\" data-end=\"940\">\n<p data-start=\"862\" data-end=\"940\">Inklusive verstellbarer <strong data-start=\"882\" data-end=\"900\">Gummiabstandshalter<\/strong> f\u00fcr einen passgenauen Sitz bei verschiedenen Taschenlampenmodellen<\/p>\n<\/li>\n<\/ul>\n<hr data-start=\"942\" data-end=\"945\">\n<h3 data-start=\"947\" data-end=\"967\"><strong data-start=\"951\" data-end=\"967\">Installation<\/strong><\/h3>\n<ul data-start=\"969\" data-end=\"1239\">\n<li data-start=\"969\" data-end=\"1077\">\n<p data-start=\"971\" data-end=\"1077\">Passend f\u00fcr <strong data-start=\"976\" data-end=\"1005\">die meisten Bauhelme<\/strong> mit einer vorderen Schirmh\u00f6he von bis zu 6 mm und einer L\u00e4nge von mindestens 15 mm<\/p>\n<\/li>\n<li data-start=\"1078\" data-end=\"1175\">\n<p data-start=\"1080\" data-end=\"1175\"><strong data-start=\"1080\" data-end=\"1105\">Einhandbefestigung<\/strong>: Schnelles Einsetzen und Verriegeln der Taschenlampe mit einer einzigen Hand<\/p>\n<\/li>\n<li data-start=\"1176\" data-end=\"1239\">\n<p data-start=\"1178\" data-end=\"1239\">Wird mit einem <strong data-start=\"1191\" data-end=\"1202\">Inbusschl\u00fcssel<\/strong> zum Festziehen der Halterung bei Bedarf geliefert<\/p>\n<\/li>\n<\/ul>\n<hr data-start=\"1241\" data-end=\"1244\">\n<h3 data-start=\"1246\" data-end=\"1276\"><strong data-start=\"1250\" data-end=\"1276\">Materialien &amp; Haltbarkeit<\/strong><\/h3>\n<ul data-start=\"1278\" data-end=\"1511\">\n<li data-start=\"1278\" data-end=\"1343\">\n<p data-start=\"1280\" data-end=\"1343\">Hergestellt aus <strong data-start=\"1290\" data-end=\"1341\">leichtem, schlagfestem Polymer-Verbundmaterial<\/strong><\/p>\n<\/li>\n<li data-start=\"1344\" data-end=\"1420\">\n<p data-start=\"1346\" data-end=\"1420\">Gebaut, um <strong data-start=\"1365\" data-end=\"1385\">harten Bedingungen<\/strong> standzuhalten, einschlie\u00dflich <strong data-start=\"1397\" data-end=\"1418\">K\u00e4lte und Feuchtigkeit<\/strong><\/p>\n<\/li>\n<li data-start=\"1421\" data-end=\"1511\">\n<p data-start=\"1423\" data-end=\"1511\"><strong data-start=\"1423\" data-end=\"1453\">Wasser- und sto\u00dffest<\/strong> \u2013 bietet zuverl\u00e4ssige Leistung in rauen Arbeitsumgebungen<\/p>\n<\/li>\n<\/ul>\n<hr data-start=\"1513\" data-end=\"1516\">\n<h3 data-start=\"1518\" data-end=\"1538\"><strong data-start=\"1522\" data-end=\"1538\">Hauptvorteile<\/strong><\/h3>\n<ul data-start=\"1540\" data-end=\"1921\">\n<li data-start=\"1540\" data-end=\"1639\">\n<p data-start=\"1542\" data-end=\"1639\"><strong data-start=\"1542\" data-end=\"1561\">Freih\u00e4ndige Nutzung:<\/strong> Perfekt f\u00fcr Arbeiten in dunklen Umgebungen, w\u00e4hrend beide H\u00e4nde frei bleiben<\/p>\n<\/li>\n<li data-start=\"1640\" data-end=\"1723\">\n<p data-start=\"1642\" data-end=\"1723\"><strong data-start=\"1642\" data-end=\"1665\">Modular &amp; tragbar:<\/strong> Einfaches Abnehmen und \u00dcbertragen zwischen Helmen oder Positionen<\/p>\n<\/li>\n<li data-start=\"1724\" data-end=\"1811\">\n<p data-start=\"1726\" data-end=\"1811\"><strong data-start=\"1726\" data-end=\"1742\">Sicherer Halt:<\/strong> Starre Konstruktion verhindert Wackeln oder Verrutschen, auch bei aktiver Nutzung<\/p>\n<\/li>\n<li data-start=\"1812\" data-end=\"1921\">\n<p data-start=\"1814\" data-end=\"1921\"><strong data-start=\"1814\" data-end=\"1836\">Allwettertauglich:<\/strong> H\u00e4lt Gefriertemperaturen und feuchten Bedingungen stand \u2013 ideal f\u00fcr n\u00f6rdliche Klimazonen<\/p>\n<\/li>\n<\/ul>\n<hr data-start=\"1923\" data-end=\"1926\">\n<h3 data-start=\"1928\" data-end=\"1950\"><strong data-start=\"1932\" data-end=\"1950\">F\u00fcr wen ist es?<\/strong><\/h3>\n<ul data-start=\"1952\" data-end=\"2251\">\n<li data-start=\"1952\" data-end=\"2033\">\n<p data-start=\"1954\" data-end=\"2033\"><strong data-start=\"1954\" data-end=\"1972\">Profis:<\/strong> Bauarbeiter, Elektriker, Industrietechniker<\/p>\n<\/li>\n<li data-start=\"2034\" data-end=\"2136\">\n<p data-start=\"2036\" data-end=\"2136\"><strong data-start=\"2036\" data-end=\"2060\">Outdoor-Spezialisten:<\/strong> Forstarbeiter, Wildnis-Profis, SAR-Teams (Such- und Rettungsteams)<\/p>\n<\/li>\n<li data-start=\"2137\" data-end=\"2251\">\n<p data-start=\"2139\" data-end=\"2251\"><strong data-start=\"2139\" data-end=\"2161\">Heimwerker &amp; allgemeine Verwendung:<\/strong> Ideal f\u00fcr Camping, Garagenarbeiten oder Hausrenovierungen, bei denen freih\u00e4ndige Beleuchtung ben\u00f6tigt wird<\/p>\n<\/li>\n<\/ul>\n<hr data-start=\"2253\" data-end=\"2256\">\n<h3 data-start=\"2258\" data-end=\"2273\"><strong data-start=\"2262\" data-end=\"2273\">Zusammenfassung<\/strong><\/h3>\n<p data-start=\"2275\" data-end=\"2635\" data-is-last-node=\"\" data-is-only-node=\"\">Die <strong data-start=\"2279\" data-end=\"2312\">Armytek Hard Hat Mount AHM-04<\/strong> ist eine leichte, robuste und wetterbest\u00e4ndige L\u00f6sung zur Befestigung Ihrer Taschenlampe an einem Helm. Speziell f\u00fcr Taschenlampen der <strong data-start=\"2436\" data-end=\"2461\">Wizard- und Elf-Serie<\/strong> entwickelt, bietet sie eine sichere, schnelle und einfache Befestigung \u2013 was sie zu einem unverzichtbaren Werkzeug f\u00fcr Profis und Outdoor-Nutzer macht, die sich unter allen Bedingungen auf freih\u00e4ndige Beleuchtung verlassen. <\/p>\n","protected":false},"excerpt":{"rendered":"<p>Armytek Helmbefestigung AHM-04Arbeiten Sie freih\u00e4ndig und bleiben Sie effizient \u2013 langlebig, sicher und f\u00fcr harte Bedingungen gebaut Die Armytek AHM-04 Helmbefestigung ist eine zuverl\u00e4ssige und robuste Befestigungsl\u00f6sung, die Ihre Taschenlampe sicher an einem Schutzhelm h\u00e4lt, selbst in anspruchsvollen Umgebungen. Kompatibel mit den g\u00e4ngigen Taschenlampen der Wizard&#8211; und Elf-Serie, ist sie eine ideale Freihand-Beleuchtungsl\u00f6sung f\u00fcr Profis, [&#8230;]\n","protected":false},"featured_media":282965,"comment_status":"open","ping_status":"closed","template":"","meta":[],"product_brand":[],"product_cat":[2525,2524],"product_tag":[],"class_list":{"0":"post-283192","1":"product","2":"type-product","3":"status-publish","4":"has-post-thumbnail","6":"product_cat-jaktlampor","7":"product_cat-optiktillbehor","9":"first","10":"instock","11":"taxable","12":"shipping-taxable","13":"purchasable","14":"product-type-simple"},"composite_virtual":false,"composite_layout":"","composite_add_to_cart_form_location":"","composite_editable_in_cart":false,"composite_sold_individually_context":"","composite_shop_price_calc":"","composite_components":[],"composite_scenarios":[],"group_of_quantity":0,"min_quantity":0,"max_quantity":"","exclude_order_quantity_value_rules":"no","exclude_category_quantity_rules":"no","combine_variations":"no","exclude_global_add_ons":[],"addons":[],"_links":{"self":[{"href":"https:\/\/www.huntersfriend.eu\/de\/wp-json\/wp\/v2\/product\/283192","targetHints":{"allow":["GET"]}}],"collection":[{"href":"https:\/\/www.huntersfriend.eu\/de\/wp-json\/wp\/v2\/product"}],"about":[{"href":"https:\/\/www.huntersfriend.eu\/de\/wp-json\/wp\/v2\/types\/product"}],"replies":[{"embeddable":true,"href":"https:\/\/www.huntersfriend.eu\/de\/wp-json\/wp\/v2\/comments?post=283192"}],"wp:featuredmedia":[{"embeddable":true,"href":"https:\/\/www.huntersfriend.eu\/de\/wp-json\/wp\/v2\/media\/282965"}],"wp:attachment":[{"href":"https:\/\/www.huntersfriend.eu\/de\/wp-json\/wp\/v2\/media?parent=283192"}],"wp:term":[{"taxonomy":"product_brand","embeddable":true,"href":"https:\/\/www.huntersfriend.eu\/de\/wp-json\/wp\/v2\/product_brand?post=283192"},{"taxonomy":"product_cat","embeddable":true,"href":"https:\/\/www.huntersfriend.eu\/de\/wp-json\/wp\/v2\/product_cat?post=283192"},{"taxonomy":"product_tag","embeddable":true,"href":"https:\/\/www.huntersfriend.eu\/de\/wp-json\/wp\/v2\/product_tag?post=283192"}],"curies":[{"name":"wp","href":"https:\/\/api.w.org\/{rel}","templated":true}]}}