{"id":283191,"date":"2025-06-19T00:40:03","date_gmt":"2025-07-28T05:08:48","guid":{"rendered":"https:\/\/www.huntersfriend.eu\/product\/armytek-helmbefestigung-ahm-05\/"},"modified":"2025-07-28T07:08:59","modified_gmt":"2025-07-28T05:08:59","slug":"armytek-helmbefestigung-ahm-05","status":"publish","type":"product","link":"https:\/\/www.huntersfriend.eu\/de\/produkt\/armytek-helmbefestigung-ahm-05\/","title":{"rendered":"Armytek Helmbefestigung AHM-05"},"content":{"rendered":"<p data-start=\"0\" data-end=\"114\"><strong data-start=\"0\" data-end=\"31\">Armytek Helmbefestigung AHM-05<\/strong><br data-start=\"31\" data-end=\"34\"><em data-start=\"34\" data-end=\"114\">Sorgt daf\u00fcr, dass Ihr Licht genau dort ist, wo Sie es brauchen \u2013 sicher, schnell und v\u00f6llig freih\u00e4ndig<\/em><\/p>\n<p data-start=\"116\" data-end=\"477\">Die <strong data-start=\"120\" data-end=\"151\">Armytek AHM-05 Helmbefestigung<\/strong> ist eine professionelle Befestigungsl\u00f6sung, mit der Sie Ihre Taschenlampe direkt an der <strong data-start=\"252\" data-end=\"276\">NVG-Halterungsschnittstelle<\/strong> eines Helms befestigen k\u00f6nnen. Sie ist leicht, robust und f\u00fcr anspruchsvolle Umgebungen gebaut und eignet sich ideal f\u00fcr <strong data-start=\"353\" data-end=\"393\">Rettungseins\u00e4tze, taktische Missionen<\/strong> und <strong data-start=\"399\" data-end=\"427\">Industrie- oder Feldarbeiten<\/strong>, bei denen eine zuverl\u00e4ssige, freih\u00e4ndige Beleuchtung entscheidend ist. <\/p>\n<hr data-start=\"479\" data-end=\"482\">\n<h3 data-start=\"484\" data-end=\"505\"><strong data-start=\"488\" data-end=\"505\">Kompatibilit\u00e4t<\/strong><\/h3>\n<ul data-start=\"507\" data-end=\"764\">\n<li data-start=\"507\" data-end=\"597\">\n<p data-start=\"509\" data-end=\"597\">Entwickelt f\u00fcr <strong data-start=\"522\" data-end=\"559\">Armytek Multifunktions-Taschenlampen<\/strong> mit einem Geh\u00e4usedurchmesser von <strong data-start=\"584\" data-end=\"595\">20,4 mm<\/strong><\/p>\n<\/li>\n<li data-start=\"598\" data-end=\"657\">\n<p data-start=\"600\" data-end=\"657\"><strong data-start=\"600\" data-end=\"618\">Nicht kompatibel<\/strong> mit <strong data-start=\"624\" data-end=\"641\">Wizard C1 Pro<\/strong> oder <strong data-start=\"645\" data-end=\"655\">Elf C1<\/strong><\/p>\n<\/li>\n<li data-start=\"658\" data-end=\"764\">\n<p data-start=\"660\" data-end=\"764\">Wird direkt an Helmen mit einer <strong data-start=\"694\" data-end=\"749\">Standard-NVG-Halterungsschnittstelle (Night Vision Goggle)<\/strong> an der Vorderseite befestigt<\/p>\n<\/li>\n<\/ul>\n<hr data-start=\"766\" data-end=\"769\">\n<h3 data-start=\"771\" data-end=\"797\"><strong data-start=\"775\" data-end=\"797\">Installation &amp; Nutzung<\/strong><\/h3>\n<ul data-start=\"799\" data-end=\"1094\">\n<li data-start=\"799\" data-end=\"885\">\n<p data-start=\"801\" data-end=\"885\"><strong data-start=\"801\" data-end=\"827\">Einhandbefestigung:<\/strong> Die Taschenlampe rastet mit einer einzigen Handbewegung ein<\/p>\n<\/li>\n<li data-start=\"886\" data-end=\"1009\">\n<p data-start=\"888\" data-end=\"1009\"><strong data-start=\"888\" data-end=\"907\">Zus\u00e4tzliche Sicherheit:<\/strong> Wird mit einer <strong data-start=\"921\" data-end=\"948\">abnehmbaren Silikonschlaufe<\/strong> geliefert, um die Lampe auch bei Vibrationen oder Bewegungen stabil zu halten<\/p>\n<\/li>\n<li data-start=\"1010\" data-end=\"1094\">\n<p data-start=\"1012\" data-end=\"1094\"><strong data-start=\"1012\" data-end=\"1046\">Leicht und schnell zu l\u00f6sen:<\/strong> Einfaches Abnehmen f\u00fcr Transport oder Neupositionierung<\/p>\n<\/li>\n<\/ul>\n<hr data-start=\"1096\" data-end=\"1099\">\n<h3 data-start=\"1101\" data-end=\"1131\"><strong data-start=\"1105\" data-end=\"1131\">Materialien &amp; Haltbarkeit<\/strong><\/h3>\n<ul data-start=\"1133\" data-end=\"1368\">\n<li data-start=\"1133\" data-end=\"1201\">\n<p data-start=\"1135\" data-end=\"1201\">Hergestellt aus <strong data-start=\"1145\" data-end=\"1199\">schlagfestem, leichtem Polymer oder Verbundwerkstoff<\/strong><\/p>\n<\/li>\n<li data-start=\"1202\" data-end=\"1291\">\n<p data-start=\"1204\" data-end=\"1291\"><strong data-start=\"1204\" data-end=\"1226\">Witterungsbest\u00e4ndig:<\/strong> Entwickelt f\u00fcr den Einsatz bei Minustemperaturen und hoher Luftfeuchtigkeit<\/p>\n<\/li>\n<li data-start=\"1292\" data-end=\"1368\">\n<p data-start=\"1294\" data-end=\"1368\">H\u00e4lt harten Feldbedingungen stand und ist somit das ganze Jahr \u00fcber zuverl\u00e4ssig<\/p>\n<\/li>\n<\/ul>\n<hr data-start=\"1370\" data-end=\"1373\">\n<h3 data-start=\"1375\" data-end=\"1396\"><strong data-start=\"1379\" data-end=\"1396\">Vorteile f\u00fcr den Benutzer<\/strong><\/h3>\n<ul data-start=\"1398\" data-end=\"1815\">\n<li data-start=\"1398\" data-end=\"1513\">\n<p data-start=\"1400\" data-end=\"1513\"><strong data-start=\"1400\" data-end=\"1427\">Echte freih\u00e4ndige Sicherheit:<\/strong> Ideal f\u00fcr risikoreiche Aufgaben in <strong data-start=\"1457\" data-end=\"1511\">Rettungs-, Milit\u00e4r-, Industrie- oder Forstwirtschaft<\/strong><\/p>\n<\/li>\n<li data-start=\"1514\" data-end=\"1625\">\n<p data-start=\"1516\" data-end=\"1625\"><strong data-start=\"1516\" data-end=\"1554\">Stabile und einstellbare Positionierung:<\/strong> Die NVG-Halterungsschnittstelle erm\u00f6glicht eine flexible Winkeleinstellung ohne Wackeln<\/p>\n<\/li>\n<li data-start=\"1626\" data-end=\"1710\">\n<p data-start=\"1628\" data-end=\"1710\"><strong data-start=\"1628\" data-end=\"1650\">Schnelle \u00dcberg\u00e4nge:<\/strong> Einfaches Verschieben oder Wiederanbringen Ihrer Lampe w\u00e4hrend der Aufgabe mit einer Hand<\/p>\n<\/li>\n<li data-start=\"1711\" data-end=\"1815\">\n<p data-start=\"1713\" data-end=\"1815\"><strong data-start=\"1713\" data-end=\"1741\">Im Feldeinsatz bew\u00e4hrte Haltbarkeit:<\/strong> H\u00e4lt den Anforderungen von <strong data-start=\"1768\" data-end=\"1789\">nordischem Klima<\/strong> und hochintensiver Arbeit stand<\/p>\n<\/li>\n<\/ul>\n<hr data-start=\"1817\" data-end=\"1820\">\n<h3 data-start=\"1822\" data-end=\"1844\"><strong data-start=\"1826\" data-end=\"1844\">F\u00fcr wen ist sie geeignet?<\/strong><\/h3>\n<ul data-start=\"1846\" data-end=\"2055\">\n<li data-start=\"1846\" data-end=\"1886\">\n<p data-start=\"1848\" data-end=\"1886\"><strong data-start=\"1848\" data-end=\"1884\">Rettungs- und Servicekr\u00e4fte<\/strong><\/p>\n<\/li>\n<li data-start=\"1887\" data-end=\"1931\">\n<p data-start=\"1889\" data-end=\"1931\"><strong data-start=\"1889\" data-end=\"1929\">Milit\u00e4rpersonal und Spezialeinheiten<\/strong><\/p>\n<\/li>\n<li data-start=\"1932\" data-end=\"1988\">\n<p data-start=\"1934\" data-end=\"1988\"><strong data-start=\"1934\" data-end=\"1986\">Industrie-, Forst- und Infrastrukturarbeiter<\/strong><\/p>\n<\/li>\n<li data-start=\"1989\" data-end=\"2055\">\n<p data-start=\"1991\" data-end=\"2055\"><strong data-start=\"1991\" data-end=\"2022\">Allgemeine Benutzer und Hobbyanwender<\/strong>, die eine sichere Helmlampe ben\u00f6tigen<\/p>\n<\/li>\n<\/ul>\n<hr data-start=\"2057\" data-end=\"2060\">\n<h3 data-start=\"2062\" data-end=\"2077\"><strong data-start=\"2066\" data-end=\"2077\">Zusammenfassung<\/strong><\/h3>\n<p data-start=\"2079\" data-end=\"2442\" data-is-last-node=\"\" data-is-only-node=\"\">Die <strong data-start=\"2083\" data-end=\"2114\">Armytek Helmbefestigung AHM-05<\/strong> ist eine kompakte, robuste und NVG-kompatible L\u00f6sung zur sicheren Befestigung von Multifunktions-Taschenlampen an Ihrem Helm. Sie wurde f\u00fcr den <strong data-start=\"2243\" data-end=\"2276\">taktischen und professionellen Einsatz<\/strong> entwickelt und bietet eine schnelle und zuverl\u00e4ssige Freihandbeleuchtung \u2013 ohne Kompromisse bei Sicherheit oder Leistung. Ein Muss f\u00fcr Benutzer, die in den anspruchsvollsten Umgebungen arbeiten.  <\/p>\n","protected":false},"excerpt":{"rendered":"<p>Armytek Helmbefestigung AHM-05Sorgt daf\u00fcr, dass Ihr Licht genau dort ist, wo Sie es brauchen \u2013 sicher, schnell und v\u00f6llig freih\u00e4ndig Die Armytek AHM-05 Helmbefestigung ist eine professionelle Befestigungsl\u00f6sung, mit der Sie Ihre Taschenlampe direkt an der NVG-Halterungsschnittstelle eines Helms befestigen k\u00f6nnen. Sie ist leicht, robust und f\u00fcr anspruchsvolle Umgebungen gebaut und eignet sich ideal f\u00fcr [&#8230;]\n","protected":false},"featured_media":282989,"comment_status":"open","ping_status":"closed","template":"","meta":[],"product_brand":[],"product_cat":[1408,1412],"product_tag":[],"class_list":{"0":"post-283191","1":"product","2":"type-product","3":"status-publish","4":"has-post-thumbnail","6":"product_cat-jagdlampen","7":"product_cat-fernglaszubehor","9":"first","10":"instock","11":"taxable","12":"shipping-taxable","13":"purchasable","14":"product-type-simple"},"composite_virtual":false,"composite_layout":"","composite_add_to_cart_form_location":"","composite_editable_in_cart":false,"composite_sold_individually_context":"","composite_shop_price_calc":"","composite_components":[],"composite_scenarios":[],"group_of_quantity":0,"min_quantity":0,"max_quantity":"","exclude_order_quantity_value_rules":"no","exclude_category_quantity_rules":"no","combine_variations":"no","exclude_global_add_ons":[],"addons":[],"_links":{"self":[{"href":"https:\/\/www.huntersfriend.eu\/de\/wp-json\/wp\/v2\/product\/283191","targetHints":{"allow":["GET"]}}],"collection":[{"href":"https:\/\/www.huntersfriend.eu\/de\/wp-json\/wp\/v2\/product"}],"about":[{"href":"https:\/\/www.huntersfriend.eu\/de\/wp-json\/wp\/v2\/types\/product"}],"replies":[{"embeddable":true,"href":"https:\/\/www.huntersfriend.eu\/de\/wp-json\/wp\/v2\/comments?post=283191"}],"wp:featuredmedia":[{"embeddable":true,"href":"https:\/\/www.huntersfriend.eu\/de\/wp-json\/wp\/v2\/media\/282989"}],"wp:attachment":[{"href":"https:\/\/www.huntersfriend.eu\/de\/wp-json\/wp\/v2\/media?parent=283191"}],"wp:term":[{"taxonomy":"product_brand","embeddable":true,"href":"https:\/\/www.huntersfriend.eu\/de\/wp-json\/wp\/v2\/product_brand?post=283191"},{"taxonomy":"product_cat","embeddable":true,"href":"https:\/\/www.huntersfriend.eu\/de\/wp-json\/wp\/v2\/product_cat?post=283191"},{"taxonomy":"product_tag","embeddable":true,"href":"https:\/\/www.huntersfriend.eu\/de\/wp-json\/wp\/v2\/product_tag?post=283191"}],"curies":[{"name":"wp","href":"https:\/\/api.w.org\/{rel}","templated":true}]}}