{"id":283137,"date":"2025-06-19T00:39:57","date_gmt":"2025-07-22T13:05:38","guid":{"rendered":"https:\/\/www.huntersfriend.eu\/product\/alpen-bergsteigen-escalade-feldbett\/"},"modified":"2025-07-22T15:05:38","modified_gmt":"2025-07-22T13:05:38","slug":"alpen-bergsteigen-escalade-feldbett","status":"publish","type":"product","link":"https:\/\/www.huntersfriend.eu\/de\/produkt\/alpen-bergsteigen-escalade-feldbett\/","title":{"rendered":"Alpen Bergsteigen Escalade Feldbett"},"content":{"rendered":"<p>Das Escalade Feldbett ist ein einzigartiges Produkt, weil es so schnell und einfach aufzubauen ist&#8230; und der Abbau ist genauso einfach. Der Stoff und der Rahmen sind alle miteinander verbunden, so dass keine Montage erforderlich ist. Im Grunde genommen, nachdem Sie es aus dem mitgelieferten Packsack genommen haben, entfalten Sie das Feldbett, und es \u201espringt\u201c auf&#8230; und Sie sind bereit f\u00fcr eine gute Nachtruhe. Da keine Endstangen angebracht werden m\u00fcssen, wird auch sichergestellt, dass Ihr Kopf nie etwas anderes als Stoff ber\u00fchrt. Wenn Sie morgens aufwachen und bereit sind, es einzupacken, drehen Sie das Feldbett einfach auf die Seite, lassen Sie es \u201ezusammenfallen\u201c und falten Sie es zusammen. So einfach ist das wirklich! Die abgewinkelten Beine am Feldbett verhindern, dass es hin und her schaukelt, und die Mittelst\u00fctze macht das Feldbett bombenfest.      <\/p>\n<ul>\n<li>Extrem einfacher Aufbau; keine Teile zum Zusammenbauen<\/li>\n<li>Abgewinkelte Endbeine verhindern \u201eSchaukeln\u201c<\/li>\n<li>Seitenstangenst\u00fctze f\u00fcr zus\u00e4tzliche Festigkeit<\/li>\n<li>Zus\u00e4tzliche Teleskop-Mittelst\u00fctze<\/li>\n<li>Khakifarbener 600D Polyesterstoff<\/li>\n<li>Pulverbeschichteter Aluminiumrahmen<\/li>\n<li>Robuste Stahlverbinder<\/li>\n<li>Organisationstasche<\/li>\n<\/ul>\n<table>\n<tbody>\n<tr>\n<th colspan=\"2\" scope=\"col\">Gro\u00df<\/th>\n<\/tr>\n<tr>\n<th scope=\"row\">Abmessungen<\/th>\n<td>80&#8243; L x 31&#8243; B x 20&#8243; H<\/td>\n<\/tr>\n<tr>\n<th scope=\"row\">Packma\u00df<\/th>\n<td>41&#8243; L x 7&#8243; B x 7&#8243; H<\/td>\n<\/tr>\n<tr>\n<th scope=\"row\">Gewicht<\/th>\n<td>19 lbs. 8 oz. <\/td>\n<\/tr>\n<tr>\n<th scope=\"row\">Gewichtskapazit\u00e4t<\/th>\n<td>325 lbs.<\/td>\n<\/tr>\n<tr>\n<th colspan=\"2\" scope=\"col\">X-Large<\/th>\n<\/tr>\n<tr>\n<th scope=\"row\">Abmessungen<\/th>\n<td>90&#8243; L x 35&#8243; B x 22.5&#8243; H<\/td>\n<\/tr>\n<tr>\n<th scope=\"row\">Packma\u00df<\/th>\n<td>46&#8243; L x 7&#8243; B x 7&#8243; H<\/td>\n<\/tr>\n<tr>\n<th scope=\"row\">Gewicht<\/th>\n<td>24 lbs.<\/td>\n<\/tr>\n<tr>\n<th scope=\"row\">Gewichtskapazit\u00e4t<\/th>\n<td>325 lbs.<\/td>\n<\/tr>\n<\/tbody>\n<\/table>\n","protected":false},"excerpt":{"rendered":"<p>Das Escalade Feldbett ist ein einzigartiges Produkt, weil es so schnell und einfach aufzubauen ist&#8230; und der Abbau ist genauso einfach. Der Stoff und der Rahmen sind alle miteinander verbunden, so dass keine Montage erforderlich ist. Im Grunde genommen, nachdem Sie es aus dem mitgelieferten Packsack genommen haben, entfalten Sie das Feldbett, und es \u201espringt\u201c [&#8230;]\n","protected":false},"featured_media":283117,"comment_status":"open","ping_status":"closed","template":"","meta":[],"product_brand":[],"product_cat":[2068],"product_tag":[],"class_list":{"0":"post-283137","1":"product","2":"type-product","3":"status-publish","4":"has-post-thumbnail","6":"product_cat-campingliegen-und-matten","8":"first","9":"outofstock","10":"taxable","11":"shipping-taxable","12":"purchasable","13":"product-type-simple"},"composite_virtual":false,"composite_layout":"","composite_add_to_cart_form_location":"","composite_editable_in_cart":false,"composite_sold_individually_context":"","composite_shop_price_calc":"","composite_components":[],"composite_scenarios":[],"group_of_quantity":0,"min_quantity":0,"max_quantity":"","exclude_order_quantity_value_rules":"no","exclude_category_quantity_rules":"no","combine_variations":"no","exclude_global_add_ons":[],"addons":[],"_links":{"self":[{"href":"https:\/\/www.huntersfriend.eu\/de\/wp-json\/wp\/v2\/product\/283137","targetHints":{"allow":["GET"]}}],"collection":[{"href":"https:\/\/www.huntersfriend.eu\/de\/wp-json\/wp\/v2\/product"}],"about":[{"href":"https:\/\/www.huntersfriend.eu\/de\/wp-json\/wp\/v2\/types\/product"}],"replies":[{"embeddable":true,"href":"https:\/\/www.huntersfriend.eu\/de\/wp-json\/wp\/v2\/comments?post=283137"}],"wp:featuredmedia":[{"embeddable":true,"href":"https:\/\/www.huntersfriend.eu\/de\/wp-json\/wp\/v2\/media\/283117"}],"wp:attachment":[{"href":"https:\/\/www.huntersfriend.eu\/de\/wp-json\/wp\/v2\/media?parent=283137"}],"wp:term":[{"taxonomy":"product_brand","embeddable":true,"href":"https:\/\/www.huntersfriend.eu\/de\/wp-json\/wp\/v2\/product_brand?post=283137"},{"taxonomy":"product_cat","embeddable":true,"href":"https:\/\/www.huntersfriend.eu\/de\/wp-json\/wp\/v2\/product_cat?post=283137"},{"taxonomy":"product_tag","embeddable":true,"href":"https:\/\/www.huntersfriend.eu\/de\/wp-json\/wp\/v2\/product_tag?post=283137"}],"curies":[{"name":"wp","href":"https:\/\/api.w.org\/{rel}","templated":true}]}}