{"id":282918,"date":"2025-07-07T23:40:42","date_gmt":"2025-07-14T12:07:53","guid":{"rendered":"https:\/\/www.huntersfriend.eu\/product\/meopta-meopro-r6-3-18x50-sfp-rd-4c\/"},"modified":"2025-07-14T14:07:53","modified_gmt":"2025-07-14T12:07:53","slug":"meopta-meopro-r6-3-18x50-sfp-rd-4c","status":"publish","type":"product","link":"https:\/\/www.huntersfriend.eu\/de\/produkt\/meopta-meopro-r6-3-18x50-sfp-rd-4c\/","title":{"rendered":"Meopta MeoPro R6 3-18X50 SFP RD &#8211; 4C"},"content":{"rendered":"<p data-start=\"117\" data-end=\"223\"><strong data-start=\"117\" data-end=\"148\">Meopta MeoPro R6 3-18&#215;50 RD<\/strong><br data-start=\"148\" data-end=\"151\"><strong data-start=\"151\" data-end=\"223\">Pr\u00e4zision und Licht \u2013 ein vielseitiges Zielfernrohr f\u00fcr das Schie\u00dfen auf gro\u00dfe Entfernungen<\/strong><\/p>\n<p data-start=\"225\" data-end=\"524\">Das <strong data-start=\"229\" data-end=\"260\">Meopta MeoPro R6 3-18&#215;50 RD<\/strong> ist ein vielseitiges und hochwertiges Zielfernrohr, das einen gro\u00dfen Vergr\u00f6\u00dferungsbereich und eine helle Optik in einem kompakten und ausgewogenen Geh\u00e4use vereint. Dieses Modell ist ideal f\u00fcr die Jagd auf gro\u00dfe Entfernungen und das Pr\u00e4zisionsschie\u00dfen, funktioniert aber auch gut bei anspruchsvollen Lichtverh\u00e4ltnissen. <\/p>\n<p data-start=\"526\" data-end=\"750\">Die 50-mm-Objektivlinse bietet eine ausgezeichnete Lichterfassung, ohne unn\u00f6tiges Gewicht oder ein hohes Profil hinzuzuf\u00fcgen, was das Zielfernrohr zu einer idealen Wahl f\u00fcr diejenigen macht, die ein Gleichgewicht zwischen Pr\u00e4zision, Helligkeit und Handhabbarkeit suchen.<\/p>\n<h3 data-start=\"752\" data-end=\"781\">Technische Spezifikationen:<\/h3>\n<ul data-start=\"782\" data-end=\"1544\">\n<li data-start=\"782\" data-end=\"861\">\n<p data-start=\"784\" data-end=\"861\"><strong data-start=\"784\" data-end=\"807\">Vergr\u00f6\u00dferungsbereich<\/strong>: 3\u201318x \u2013 geeignet f\u00fcr das Schie\u00dfen auf mittlere bis gro\u00dfe Entfernungen<\/p>\n<\/li>\n<li data-start=\"862\" data-end=\"956\">\n<p data-start=\"864\" data-end=\"956\"><strong data-start=\"864\" data-end=\"891\">Objektivdurchmesser<\/strong>: 50 mm \u2013 ein guter Kompromiss zwischen Lichtdurchl\u00e4ssigkeit und Gr\u00f6\u00dfe<\/p>\n<\/li>\n<li data-start=\"957\" data-end=\"1042\">\n<p data-start=\"959\" data-end=\"1042\"><strong data-start=\"959\" data-end=\"981\">Hauptrohrdurchmesser<\/strong>: 30 mm \u2013 weitgehend kompatibel mit verschiedenen Montagel\u00f6sungen<\/p>\n<\/li>\n<li data-start=\"1043\" data-end=\"1147\">\n<p data-start=\"1045\" data-end=\"1147\"><strong data-start=\"1045\" data-end=\"1068\">Beleuchtetes Absehen<\/strong>: RD (Red Dot) \u2013 6-stufige Helligkeitsanpassung f\u00fcr den beleuchteten Mittelpunkt<\/p>\n<\/li>\n<li data-start=\"1148\" data-end=\"1197\">\n<p data-start=\"1150\" data-end=\"1197\"><strong data-start=\"1150\" data-end=\"1178\">Sichtfeld (auf 100 m)<\/strong>: 11,3\u20132,1 Meter<\/p>\n<\/li>\n<li data-start=\"1198\" data-end=\"1269\">\n<p data-start=\"1200\" data-end=\"1269\"><strong data-start=\"1200\" data-end=\"1214\">Augenabstand<\/strong>: 100 mm \u2013 sichere und komfortable Verwendung mit allen Kalibern<\/p>\n<\/li>\n<li data-start=\"1270\" data-end=\"1323\">\n<p data-start=\"1272\" data-end=\"1323\"><strong data-start=\"1272\" data-end=\"1296\">Verstellung pro Klick<\/strong>: 0,1 mrad (1 cm \/ 100 m)<\/p>\n<\/li>\n<li data-start=\"1324\" data-end=\"1437\">\n<p data-start=\"1326\" data-end=\"1437\"><strong data-start=\"1326\" data-end=\"1349\">Parallaxenausgleich<\/strong>: Seitenfokus (30 m \u2013 unendlich) \u2013 sch\u00e4rft das Bild und das Absehen auf unterschiedliche Entfernungen<\/p>\n<\/li>\n<li data-start=\"1438\" data-end=\"1544\">\n<p data-start=\"1440\" data-end=\"1544\"><strong data-start=\"1440\" data-end=\"1460\">Absehenposition<\/strong>: Zweite Bildebene (SFP) \u2013 die Absehensgr\u00f6\u00dfe bleibt \u00fcber alle Vergr\u00f6\u00dferungen konstant<\/p>\n<\/li>\n<\/ul>\n<h3 data-start=\"1546\" data-end=\"1558\">Absehen:<\/h3>\n<ul data-start=\"1559\" data-end=\"1761\">\n<li data-start=\"1559\" data-end=\"1761\">\n<p data-start=\"1561\" data-end=\"1761\"><strong data-start=\"1561\" data-end=\"1567\">4C<\/strong>: Ein klassisches Jagdabsehen mit einem klaren, rot beleuchteten Punkt in der Mitte. Gut geeignet f\u00fcr die Jagd in der D\u00e4mmerung und bei wechselnden Bedingungen. Schnell zu erfassen und auch bei hoher Vergr\u00f6\u00dferung pr\u00e4zise.  <\/p>\n<\/li>\n<\/ul>\n<h3 data-start=\"1763\" data-end=\"1791\">Optik und Konstruktion:<\/h3>\n<ul data-start=\"1792\" data-end=\"2135\">\n<li data-start=\"1792\" data-end=\"1885\">\n<p data-start=\"1794\" data-end=\"1885\"><strong data-start=\"1794\" data-end=\"1821\">MeoBright\u2122 5501-Beschichtung<\/strong>: Hohe Lichtdurchl\u00e4ssigkeit und ein helles Bild unter allen Bedingungen<\/p>\n<\/li>\n<li data-start=\"1886\" data-end=\"1958\">\n<p data-start=\"1888\" data-end=\"1958\"><strong data-start=\"1888\" data-end=\"1915\">MeoShield\u2122-Hartbeschichtung<\/strong>: Sch\u00fctzt die Linsen vor Kratzern und Verschlei\u00df<\/p>\n<\/li>\n<li data-start=\"1959\" data-end=\"2061\">\n<p data-start=\"1961\" data-end=\"2061\"><strong data-start=\"1961\" data-end=\"2001\">Vollst\u00e4ndig wasserdicht und mit Stickstoff gesp\u00fclt<\/strong>: Verhindert internes Beschlagen und h\u00e4lt Wetter\u00e4nderungen stand<\/p>\n<\/li>\n<li data-start=\"2062\" data-end=\"2135\">\n<p data-start=\"2064\" data-end=\"2135\"><strong data-start=\"2064\" data-end=\"2096\">Sto\u00dffeste Konstruktion<\/strong>: Gebaut f\u00fcr den harten Einsatz und starken R\u00fccksto\u00df<\/p>\n<\/li>\n<\/ul>\n<h3 data-start=\"2137\" data-end=\"2163\">Abmessungen und Gewicht:<\/h3>\n<ul data-start=\"2164\" data-end=\"2222\">\n<li data-start=\"2164\" data-end=\"2194\">\n<p data-start=\"2166\" data-end=\"2194\"><strong data-start=\"2166\" data-end=\"2176\">L\u00e4nge<\/strong>: ca. 373 mm <\/p>\n<\/li>\n<li data-start=\"2195\" data-end=\"2222\">\n<p data-start=\"2197\" data-end=\"2222\"><strong data-start=\"2197\" data-end=\"2207\">Gewicht<\/strong>: ca. 678 g <\/p>\n<\/li>\n<\/ul>\n<h3 data-start=\"2224\" data-end=\"2245\">Die Packung beinhaltet:<\/h3>\n<ul data-start=\"2246\" data-end=\"2396\">\n<li data-start=\"2246\" data-end=\"2310\">\n<p data-start=\"2248\" data-end=\"2310\"><strong data-start=\"2248\" data-end=\"2290\">Meopta MeoPro R6 3-18&#215;50 RD Zielfernrohr<\/strong> (mit 4C-Absehen)<\/p>\n<\/li>\n<li data-start=\"2311\" data-end=\"2330\">\n<p data-start=\"2313\" data-end=\"2330\"><strong data-start=\"2313\" data-end=\"2328\">Objektivschutzkappen<\/strong><\/p>\n<\/li>\n<li data-start=\"2331\" data-end=\"2355\">\n<p data-start=\"2333\" data-end=\"2355\"><strong data-start=\"2333\" data-end=\"2353\">Batterie (CR2354)<\/strong><\/p>\n<\/li>\n<li data-start=\"2356\" data-end=\"2375\">\n<p data-start=\"2358\" data-end=\"2375\"><strong data-start=\"2358\" data-end=\"2373\">Bedienungsanleitung<\/strong><\/p>\n<\/li>\n<li data-start=\"2376\" data-end=\"2396\">\n<p data-start=\"2378\" data-end=\"2396\"><strong data-start=\"2378\" data-end=\"2396\">Reinigungstuch<\/strong><\/p>\n<\/li>\n<\/ul>\n","protected":false},"excerpt":{"rendered":"<p>Meopta MeoPro R6 3-18&#215;50 RDPr\u00e4zision und Licht \u2013 ein vielseitiges Zielfernrohr f\u00fcr das Schie\u00dfen auf gro\u00dfe Entfernungen Das Meopta MeoPro R6 3-18&#215;50 RD ist ein vielseitiges und hochwertiges Zielfernrohr, das einen gro\u00dfen Vergr\u00f6\u00dferungsbereich und eine helle Optik in einem kompakten und ausgewogenen Geh\u00e4use vereint. Dieses Modell ist ideal f\u00fcr die Jagd auf gro\u00dfe Entfernungen und [&#8230;]\n","protected":false},"featured_media":282883,"comment_status":"open","ping_status":"closed","template":"","meta":[],"product_brand":[],"product_cat":[1132],"product_tag":[],"class_list":{"0":"post-282918","1":"product","2":"type-product","3":"status-publish","4":"has-post-thumbnail","6":"product_cat-zielfernrohre","8":"first","9":"instock","10":"taxable","11":"shipping-taxable","12":"purchasable","13":"product-type-simple"},"composite_virtual":false,"composite_layout":"","composite_add_to_cart_form_location":"","composite_editable_in_cart":false,"composite_sold_individually_context":"","composite_shop_price_calc":"","composite_components":[],"composite_scenarios":[],"group_of_quantity":0,"min_quantity":0,"max_quantity":"","exclude_order_quantity_value_rules":"no","exclude_category_quantity_rules":"no","combine_variations":"no","exclude_global_add_ons":[],"addons":[],"_links":{"self":[{"href":"https:\/\/www.huntersfriend.eu\/de\/wp-json\/wp\/v2\/product\/282918","targetHints":{"allow":["GET"]}}],"collection":[{"href":"https:\/\/www.huntersfriend.eu\/de\/wp-json\/wp\/v2\/product"}],"about":[{"href":"https:\/\/www.huntersfriend.eu\/de\/wp-json\/wp\/v2\/types\/product"}],"replies":[{"embeddable":true,"href":"https:\/\/www.huntersfriend.eu\/de\/wp-json\/wp\/v2\/comments?post=282918"}],"wp:featuredmedia":[{"embeddable":true,"href":"https:\/\/www.huntersfriend.eu\/de\/wp-json\/wp\/v2\/media\/282883"}],"wp:attachment":[{"href":"https:\/\/www.huntersfriend.eu\/de\/wp-json\/wp\/v2\/media?parent=282918"}],"wp:term":[{"taxonomy":"product_brand","embeddable":true,"href":"https:\/\/www.huntersfriend.eu\/de\/wp-json\/wp\/v2\/product_brand?post=282918"},{"taxonomy":"product_cat","embeddable":true,"href":"https:\/\/www.huntersfriend.eu\/de\/wp-json\/wp\/v2\/product_cat?post=282918"},{"taxonomy":"product_tag","embeddable":true,"href":"https:\/\/www.huntersfriend.eu\/de\/wp-json\/wp\/v2\/product_tag?post=282918"}],"curies":[{"name":"wp","href":"https:\/\/api.w.org\/{rel}","templated":true}]}}