{"id":282917,"date":"2025-07-07T23:40:42","date_gmt":"2025-07-14T12:07:52","guid":{"rendered":"https:\/\/www.huntersfriend.eu\/product\/meopta-meopro-r6-3-18x56-sfp-rd-4c\/"},"modified":"2025-07-14T14:07:52","modified_gmt":"2025-07-14T12:07:52","slug":"meopta-meopro-r6-3-18x56-sfp-rd-4c","status":"publish","type":"product","link":"https:\/\/www.huntersfriend.eu\/de\/produkt\/meopta-meopro-r6-3-18x56-sfp-rd-4c\/","title":{"rendered":"Meopta MeoPro R6 3-18X56 SFP RD &#8211; 4C"},"content":{"rendered":"<p data-start=\"116\" data-end=\"237\"><strong data-start=\"116\" data-end=\"147\">Meopta MeoPro R6 3-18&#215;56 RD<\/strong><br data-start=\"147\" data-end=\"150\"><strong data-start=\"150\" data-end=\"237\">Pr\u00e4zision und Lichtdurchl\u00e4ssigkeit f\u00fcr anspruchsvolle Abend- und Elchjagden auf gro\u00dfe Entfernungen<\/strong><\/p>\n<p data-start=\"239\" data-end=\"573\">Das <strong data-start=\"243\" data-end=\"274\">Meopta MeoPro R6 3-18&#215;56 RD<\/strong> ist ein erstklassiges europ\u00e4isches Zielfernrohr, das speziell f\u00fcr pr\u00e4zises Schie\u00dfen auf gro\u00dfe Entfernungen und anspruchsvolle Jagd bei schlechten Lichtverh\u00e4ltnissen entwickelt wurde. Es kombiniert einen gro\u00dfen 6-fach-Zoombereich, eine gro\u00dfe 56-mm-Objektivlinse und die Premium-Optiktechnologien von Meopta \u2013 f\u00fcr au\u00dfergew\u00f6hnliche Sicht und Kontrast unter allen Bedingungen. <\/p>\n<p data-start=\"575\" data-end=\"839\">Dieses Zielfernrohr eignet sich ideal f\u00fcr die Elch- und Hirschjagd, insbesondere beim Schie\u00dfen auf gro\u00dfe Entfernungen oder in der D\u00e4mmerung. Ein hochwertiges Leuchtabsehen, ein pr\u00e4ziser Verstellmechanismus und ein langer Augenabstand machen es zu einem zuverl\u00e4ssigen Begleiter f\u00fcr anspruchsvolle J\u00e4ger. <\/p>\n<h3 data-start=\"841\" data-end=\"870\">Technische Spezifikationen:<\/h3>\n<ul data-start=\"871\" data-end=\"1549\">\n<li data-start=\"871\" data-end=\"954\">\n<p data-start=\"873\" data-end=\"954\"><strong data-start=\"873\" data-end=\"896\">Vergr\u00f6\u00dferungsbereich<\/strong>: 3\u201318x \u2013 geeignet f\u00fcr Sch\u00fcsse auf mittlere und gro\u00dfe Entfernungen<\/p>\n<\/li>\n<li data-start=\"955\" data-end=\"1042\">\n<p data-start=\"957\" data-end=\"1042\"><strong data-start=\"957\" data-end=\"984\">Objektivdurchmesser<\/strong>: 56 mm \u2013 ausgezeichnete Lichtsammelf\u00e4higkeit bei schwachem Licht<\/p>\n<\/li>\n<li data-start=\"1043\" data-end=\"1120\">\n<p data-start=\"1045\" data-end=\"1120\"><strong data-start=\"1045\" data-end=\"1067\">Hauptrohrdurchmesser<\/strong>: 30 mm \u2013 kompatibel mit Standard-Montagesystemen<\/p>\n<\/li>\n<li data-start=\"1121\" data-end=\"1213\">\n<p data-start=\"1123\" data-end=\"1213\"><strong data-start=\"1123\" data-end=\"1146\">Beleuchtetes Absehen<\/strong>: RD (Red Dot) \u2013 6-stufige Helligkeitsanpassung mit schneller Steuerung<\/p>\n<\/li>\n<li data-start=\"1214\" data-end=\"1263\">\n<p data-start=\"1216\" data-end=\"1263\"><strong data-start=\"1216\" data-end=\"1244\">Sichtfeld (auf 100 m)<\/strong>: 12,5\u20132,1 Meter<\/p>\n<\/li>\n<li data-start=\"1264\" data-end=\"1333\">\n<p data-start=\"1266\" data-end=\"1333\"><strong data-start=\"1266\" data-end=\"1280\">Augenabstand<\/strong>: 100 mm \u2013 sichere Verwendung auch bei gro\u00dfkalibrigen Gewehren<\/p>\n<\/li>\n<li data-start=\"1334\" data-end=\"1387\">\n<p data-start=\"1336\" data-end=\"1387\"><strong data-start=\"1336\" data-end=\"1360\">Verstellung pro Klick<\/strong>: 0,1 mrad (1 cm \/ 100 m)<\/p>\n<\/li>\n<li data-start=\"1388\" data-end=\"1500\">\n<p data-start=\"1390\" data-end=\"1500\"><strong data-start=\"1390\" data-end=\"1413\">Parallaxeverstellung<\/strong>: Seitenfokus (30 m \u2013 unendlich) \u2013 verbessert die Genauigkeit, insbesondere bei hohen Vergr\u00f6\u00dferungen<\/p>\n<\/li>\n<li data-start=\"1501\" data-end=\"1549\">\n<p data-start=\"1503\" data-end=\"1549\"><strong data-start=\"1503\" data-end=\"1523\">Absehenposition<\/strong>: Zweite Bildebene (SFP)<\/p>\n<\/li>\n<\/ul>\n<h3 data-start=\"1551\" data-end=\"1571\">Absehenoptionen:<\/h3>\n<ul data-start=\"1572\" data-end=\"1834\">\n<li data-start=\"1572\" data-end=\"1707\">\n<p data-start=\"1574\" data-end=\"1707\"><strong data-start=\"1574\" data-end=\"1580\">4C<\/strong>: Ein klares, traditionelles Jagdabsehen mit einem beleuchteten roten Mittelpunkt \u2013 eine ausgezeichnete Allround-Wahl f\u00fcr verschiedene Entfernungen.<\/p>\n<\/li>\n<li data-start=\"1708\" data-end=\"1834\">\n<p data-start=\"1710\" data-end=\"1834\"><strong data-start=\"1710\" data-end=\"1719\">BDC 3<\/strong>: Ein ballistisches Absehen mit Haltepunkten f\u00fcr gro\u00dfe Entfernungen \u2013 ideal f\u00fcr die Jagd auf gro\u00dfe Entfernungen und f\u00fcr Pr\u00e4zisionssch\u00fcsse.<\/p>\n<\/li>\n<\/ul>\n<h3 data-start=\"1836\" data-end=\"1864\">Optik und Konstruktion:<\/h3>\n<ul data-start=\"1865\" data-end=\"2245\">\n<li data-start=\"1865\" data-end=\"2005\">\n<p data-start=\"1867\" data-end=\"2005\"><strong data-start=\"1867\" data-end=\"1894\">MeoBright\u2122 5501-Beschichtung<\/strong>: Extrem hohe Lichtdurchl\u00e4ssigkeit (bis zu 99,8 % pro Linsenoberfl\u00e4che), die auch bei schwachem Licht ein helles Bild gew\u00e4hrleistet<\/p>\n<\/li>\n<li data-start=\"2006\" data-end=\"2078\">\n<p data-start=\"2008\" data-end=\"2078\"><strong data-start=\"2008\" data-end=\"2035\">MeoShield\u2122-Hartbeschichtung<\/strong>: Sch\u00fctzt die Optik vor Kratzern und Verschlei\u00df<\/p>\n<\/li>\n<li data-start=\"2079\" data-end=\"2171\">\n<p data-start=\"2081\" data-end=\"2171\"><strong data-start=\"2081\" data-end=\"2121\">Vollst\u00e4ndig wasserdicht und mit Stickstoff gef\u00fcllt<\/strong>: Beschlagfrei und bereit f\u00fcr alle Wetterbedingungen<\/p>\n<\/li>\n<li data-start=\"2172\" data-end=\"2245\">\n<p data-start=\"2174\" data-end=\"2245\"><strong data-start=\"2174\" data-end=\"2198\">Sto\u00dffestes Geh\u00e4use<\/strong>: Gebaut, um starkem R\u00fccksto\u00df und harter Beanspruchung standzuhalten<\/p>\n<\/li>\n<\/ul>\n<h3 data-start=\"2247\" data-end=\"2273\">Abmessungen und Gewicht:<\/h3>\n<ul data-start=\"2274\" data-end=\"2332\">\n<li data-start=\"2274\" data-end=\"2304\">\n<p data-start=\"2276\" data-end=\"2304\"><strong data-start=\"2276\" data-end=\"2286\">L\u00e4nge<\/strong>: ca. 373 mm <\/p>\n<\/li>\n<li data-start=\"2305\" data-end=\"2332\">\n<p data-start=\"2307\" data-end=\"2332\"><strong data-start=\"2307\" data-end=\"2317\">Gewicht<\/strong>: ca. 690 g <\/p>\n<\/li>\n<\/ul>\n<h3 data-start=\"2334\" data-end=\"2355\">Die Packung beinhaltet:<\/h3>\n<ul data-start=\"2356\" data-end=\"2488\">\n<li data-start=\"2356\" data-end=\"2402\">\n<p data-start=\"2358\" data-end=\"2402\"><strong data-start=\"2358\" data-end=\"2400\">Meopta MeoPro R6 3-18&#215;56 RD Zielfernrohr<\/strong><\/p>\n<\/li>\n<li data-start=\"2403\" data-end=\"2422\">\n<p data-start=\"2405\" data-end=\"2422\"><strong data-start=\"2405\" data-end=\"2420\">Objektivschutzkappen<\/strong><\/p>\n<\/li>\n<li data-start=\"2423\" data-end=\"2447\">\n<p data-start=\"2425\" data-end=\"2447\"><strong data-start=\"2425\" data-end=\"2445\">Batterie (CR2354)<\/strong><\/p>\n<\/li>\n<li data-start=\"2448\" data-end=\"2467\">\n<p data-start=\"2450\" data-end=\"2467\"><strong data-start=\"2450\" data-end=\"2465\">Bedienungsanleitung<\/strong><\/p>\n<\/li>\n<li data-start=\"2468\" data-end=\"2488\">\n<p data-start=\"2470\" data-end=\"2488\"><strong data-start=\"2470\" data-end=\"2488\">Reinigungstuch<\/strong><\/p>\n<\/li>\n<\/ul>\n","protected":false},"excerpt":{"rendered":"<p>Meopta MeoPro R6 3-18&#215;56 RDPr\u00e4zision und Lichtdurchl\u00e4ssigkeit f\u00fcr anspruchsvolle Abend- und Elchjagden auf gro\u00dfe Entfernungen Das Meopta MeoPro R6 3-18&#215;56 RD ist ein erstklassiges europ\u00e4isches Zielfernrohr, das speziell f\u00fcr pr\u00e4zises Schie\u00dfen auf gro\u00dfe Entfernungen und anspruchsvolle Jagd bei schlechten Lichtverh\u00e4ltnissen entwickelt wurde. Es kombiniert einen gro\u00dfen 6-fach-Zoombereich, eine gro\u00dfe 56-mm-Objektivlinse und die Premium-Optiktechnologien von Meopta [&#8230;]\n","protected":false},"featured_media":282889,"comment_status":"open","ping_status":"closed","template":"","meta":[],"product_brand":[],"product_cat":[1132],"product_tag":[],"class_list":{"0":"post-282917","1":"product","2":"type-product","3":"status-publish","4":"has-post-thumbnail","6":"product_cat-zielfernrohre","8":"first","9":"instock","10":"taxable","11":"shipping-taxable","12":"purchasable","13":"product-type-simple"},"composite_virtual":false,"composite_layout":"","composite_add_to_cart_form_location":"","composite_editable_in_cart":false,"composite_sold_individually_context":"","composite_shop_price_calc":"","composite_components":[],"composite_scenarios":[],"group_of_quantity":0,"min_quantity":0,"max_quantity":"","exclude_order_quantity_value_rules":"no","exclude_category_quantity_rules":"no","combine_variations":"no","exclude_global_add_ons":[],"addons":[],"_links":{"self":[{"href":"https:\/\/www.huntersfriend.eu\/de\/wp-json\/wp\/v2\/product\/282917","targetHints":{"allow":["GET"]}}],"collection":[{"href":"https:\/\/www.huntersfriend.eu\/de\/wp-json\/wp\/v2\/product"}],"about":[{"href":"https:\/\/www.huntersfriend.eu\/de\/wp-json\/wp\/v2\/types\/product"}],"replies":[{"embeddable":true,"href":"https:\/\/www.huntersfriend.eu\/de\/wp-json\/wp\/v2\/comments?post=282917"}],"wp:featuredmedia":[{"embeddable":true,"href":"https:\/\/www.huntersfriend.eu\/de\/wp-json\/wp\/v2\/media\/282889"}],"wp:attachment":[{"href":"https:\/\/www.huntersfriend.eu\/de\/wp-json\/wp\/v2\/media?parent=282917"}],"wp:term":[{"taxonomy":"product_brand","embeddable":true,"href":"https:\/\/www.huntersfriend.eu\/de\/wp-json\/wp\/v2\/product_brand?post=282917"},{"taxonomy":"product_cat","embeddable":true,"href":"https:\/\/www.huntersfriend.eu\/de\/wp-json\/wp\/v2\/product_cat?post=282917"},{"taxonomy":"product_tag","embeddable":true,"href":"https:\/\/www.huntersfriend.eu\/de\/wp-json\/wp\/v2\/product_tag?post=282917"}],"curies":[{"name":"wp","href":"https:\/\/api.w.org\/{rel}","templated":true}]}}