{"id":282916,"date":"2025-07-07T23:40:42","date_gmt":"2025-07-14T12:07:51","guid":{"rendered":"https:\/\/www.huntersfriend.eu\/product\/meopta-meopro-r6-3-18x56-sfp-rd-bdc-3\/"},"modified":"2025-07-14T14:07:51","modified_gmt":"2025-07-14T12:07:51","slug":"meopta-meopro-r6-3-18x56-sfp-rd-bdc-3","status":"publish","type":"product","link":"https:\/\/www.huntersfriend.eu\/de\/produkt\/meopta-meopro-r6-3-18x56-sfp-rd-bdc-3\/","title":{"rendered":"Meopta MeoPro R6 3-18X56 SFP RD &#8211; BDC 3"},"content":{"rendered":"<h3 data-start=\"121\" data-end=\"158\"><strong data-start=\"125\" data-end=\"156\">Meopta MeoPro R6 3-18&#215;56 RD<\/strong><\/h3>\n<p data-start=\"159\" data-end=\"246\"><strong data-start=\"159\" data-end=\"246\">Pr\u00e4zision und Lichtdurchl\u00e4ssigkeit f\u00fcr anspruchsvolle Abend- und Weitschuss-Elchjagd<\/strong><\/p>\n<p data-start=\"248\" data-end=\"589\">Das <strong data-start=\"252\" data-end=\"283\">Meopta MeoPro R6 3-18&#215;56 RD<\/strong> ist ein hochwertiges europ\u00e4isches Zielfernrohr, das speziell f\u00fcr pr\u00e4zises Weitschie\u00dfen und anspruchsvolle Jagdbedingungen bei schlechten Lichtverh\u00e4ltnissen entwickelt wurde. Es kombiniert einen gro\u00dfen 6-fachen Zoombereich, ein gro\u00dfes 56-mm-Objektiv und Meoptas fortschrittliche optische Technologien \u2013 und liefert so au\u00dfergew\u00f6hnliche Sichtbarkeit und Kontrast in jeder Umgebung. <\/p>\n<p data-start=\"591\" data-end=\"849\">Dieses Zielfernrohr ist eine ausgezeichnete Wahl f\u00fcr die Elch- und Hirschjagd, insbesondere beim Schie\u00dfen auf weite Distanzen oder in der D\u00e4mmerung. Ein hochwertiges beleuchtetes Absehen, pr\u00e4zise Turmverstellungen und ein gro\u00dfer Augenabstand machen es zu einem zuverl\u00e4ssigen Begleiter f\u00fcr ernsthafte J\u00e4ger. <\/p>\n<hr data-start=\"851\" data-end=\"854\">\n<h3 data-start=\"856\" data-end=\"889\"><strong data-start=\"860\" data-end=\"888\">Technische Daten<\/strong>:<\/h3>\n<ul data-start=\"890\" data-end=\"1572\">\n<li data-start=\"890\" data-end=\"969\">\n<p data-start=\"892\" data-end=\"969\"><strong data-start=\"892\" data-end=\"915\">Vergr\u00f6\u00dferungsbereich<\/strong>: 3\u201318x \u2013 geeignet f\u00fcr das Schie\u00dfen auf mittlere bis weite Distanzen<\/p>\n<\/li>\n<li data-start=\"970\" data-end=\"1074\">\n<p data-start=\"972\" data-end=\"1074\"><strong data-start=\"972\" data-end=\"999\">Objektivdurchmesser<\/strong>: 56 mm \u2013 hervorragende Lichtsammelf\u00e4higkeit f\u00fcr schlechte Lichtverh\u00e4ltnisse<\/p>\n<\/li>\n<li data-start=\"1075\" data-end=\"1152\">\n<p data-start=\"1077\" data-end=\"1152\"><strong data-start=\"1077\" data-end=\"1099\">Mittelrohrdurchmesser<\/strong>: 30 mm \u2013 kompatibel mit Standard-Montagesystemen<\/p>\n<\/li>\n<li data-start=\"1153\" data-end=\"1240\">\n<p data-start=\"1155\" data-end=\"1240\"><strong data-start=\"1155\" data-end=\"1174\">Leuchtpunkt<\/strong>: RD (Rotpunkt) \u2013 6-stufige Helligkeitsanpassung mit schneller Steuerung<\/p>\n<\/li>\n<li data-start=\"1241\" data-end=\"1285\">\n<p data-start=\"1243\" data-end=\"1285\"><strong data-start=\"1243\" data-end=\"1271\">Sehfeld (auf 100 m)<\/strong>: 12,5\u20132,1 m<\/p>\n<\/li>\n<li data-start=\"1286\" data-end=\"1353\">\n<p data-start=\"1288\" data-end=\"1353\"><strong data-start=\"1288\" data-end=\"1302\">Augenabstand<\/strong>: 100 mm \u2013 sicher f\u00fcr die Verwendung mit Kalibern mit hohem R\u00fccksto\u00df<\/p>\n<\/li>\n<li data-start=\"1354\" data-end=\"1409\">\n<p data-start=\"1356\" data-end=\"1409\"><strong data-start=\"1356\" data-end=\"1382\">Klickverstellwert<\/strong>: 0,1 mrad (1 cm \/ 100 m)<\/p>\n<\/li>\n<li data-start=\"1410\" data-end=\"1523\">\n<p data-start=\"1412\" data-end=\"1523\"><strong data-start=\"1412\" data-end=\"1435\">Parallaxenausgleich<\/strong>: Seitenfokus (30 m \u2013 unendlich) \u2013 verbessert die Genauigkeit, insbesondere bei h\u00f6herer Vergr\u00f6\u00dferung<\/p>\n<\/li>\n<li data-start=\"1524\" data-end=\"1572\">\n<p data-start=\"1526\" data-end=\"1572\"><strong data-start=\"1526\" data-end=\"1546\">Absehenposition<\/strong>: Zweite Bildebene (SFP)<\/p>\n<\/li>\n<\/ul>\n<hr data-start=\"1574\" data-end=\"1577\">\n<h3 data-start=\"1579\" data-end=\"1613\"><strong data-start=\"1583\" data-end=\"1612\">Verf\u00fcgbare Absehenoptionen<\/strong>:<\/h3>\n<ul data-start=\"1614\" data-end=\"1878\">\n<li data-start=\"1614\" data-end=\"1751\">\n<p data-start=\"1616\" data-end=\"1751\"><strong data-start=\"1616\" data-end=\"1622\">4C<\/strong>: Klares, traditionelles Jagdabsehen mit einem rot beleuchteten Mittelpunkt \u2013 ein ausgezeichnetes Allround-Absehen f\u00fcr verschiedene Distanzen.<\/p>\n<\/li>\n<li data-start=\"1752\" data-end=\"1878\">\n<p data-start=\"1754\" data-end=\"1878\"><strong data-start=\"1754\" data-end=\"1763\">BDC 3<\/strong>: Ballistisches Absehen mit Haltepunkten f\u00fcr gr\u00f6\u00dfere Distanzen \u2013 ideal f\u00fcr die Weitschussjagd und pr\u00e4zises Schie\u00dfen.<\/p>\n<\/li>\n<\/ul>\n<hr data-start=\"1880\" data-end=\"1883\">\n<h3 data-start=\"1885\" data-end=\"1915\"><strong data-start=\"1889\" data-end=\"1914\">Optik &amp; Konstruktion<\/strong>:<\/h3>\n<ul data-start=\"1916\" data-end=\"2314\">\n<li data-start=\"1916\" data-end=\"2058\">\n<p data-start=\"1918\" data-end=\"2058\"><strong data-start=\"1918\" data-end=\"1945\">MeoBright\u2122 5501 Verg\u00fctung<\/strong>: Extrem hohe Lichtdurchl\u00e4ssigkeit (bis zu 99,8 % pro Linsenoberfl\u00e4che) gew\u00e4hrleistet ein helles Bild auch bei schlechten Lichtverh\u00e4ltnissen<\/p>\n<\/li>\n<li data-start=\"2059\" data-end=\"2135\">\n<p data-start=\"2061\" data-end=\"2135\"><strong data-start=\"2061\" data-end=\"2088\">MeoShield\u2122 Hartverg\u00fctung<\/strong>: Sch\u00fctzt die Linsen vor Kratzern und Abnutzung<\/p>\n<\/li>\n<li data-start=\"2136\" data-end=\"2243\">\n<p data-start=\"2138\" data-end=\"2243\"><strong data-start=\"2138\" data-end=\"2178\">Vollst\u00e4ndig wasserdicht und stickstoffgef\u00fcllt<\/strong>: Interner Beschlagschutz und zuverl\u00e4ssige Leistung bei jedem Wetter<\/p>\n<\/li>\n<li data-start=\"2244\" data-end=\"2314\">\n<p data-start=\"2246\" data-end=\"2314\"><strong data-start=\"2246\" data-end=\"2270\">Sto\u00dffestes Geh\u00e4use<\/strong>: Gebaut, um starkem R\u00fccksto\u00df und rauer Nutzung standzuhalten<\/p>\n<\/li>\n<\/ul>\n<hr data-start=\"2316\" data-end=\"2319\">\n<h3 data-start=\"2321\" data-end=\"2349\"><strong data-start=\"2325\" data-end=\"2348\">Abmessungen &amp; Gewicht<\/strong>:<\/h3>\n<ul data-start=\"2350\" data-end=\"2408\">\n<li data-start=\"2350\" data-end=\"2380\">\n<p data-start=\"2352\" data-end=\"2380\"><strong data-start=\"2352\" data-end=\"2362\">L\u00e4nge<\/strong>: ca. 373 mm <\/p>\n<\/li>\n<li data-start=\"2381\" data-end=\"2408\">\n<p data-start=\"2383\" data-end=\"2408\"><strong data-start=\"2383\" data-end=\"2393\">Gewicht<\/strong>: ca. 690 g <\/p>\n<\/li>\n<\/ul>\n<hr data-start=\"2410\" data-end=\"2413\">\n<h3 data-start=\"2415\" data-end=\"2440\"><strong data-start=\"2419\" data-end=\"2439\">Lieferumfang<\/strong>:<\/h3>\n<ul data-start=\"2441\" data-end=\"2553\">\n<li data-start=\"2441\" data-end=\"2483\">\n<p data-start=\"2443\" data-end=\"2483\">Meopta MeoPro R6 3-18&#215;56 RD Zielfernrohr<\/p>\n<\/li>\n<li data-start=\"2484\" data-end=\"2499\">\n<p data-start=\"2486\" data-end=\"2499\">Objektivschutzkappen<\/p>\n<\/li>\n<li data-start=\"2500\" data-end=\"2520\">\n<p data-start=\"2502\" data-end=\"2520\">Batterie (CR2354)<\/p>\n<\/li>\n<li data-start=\"2521\" data-end=\"2536\">\n<p data-start=\"2523\" data-end=\"2536\">Bedienungsanleitung<\/p>\n<\/li>\n<li data-start=\"2537\" data-end=\"2553\">\n<p data-start=\"2539\" data-end=\"2553\">Reinigungstuch<\/p>\n<\/li>\n<\/ul>\n","protected":false},"excerpt":{"rendered":"<p>Meopta MeoPro R6 3-18&#215;56 RD Pr\u00e4zision und Lichtdurchl\u00e4ssigkeit f\u00fcr anspruchsvolle Abend- und Weitschuss-Elchjagd Das Meopta MeoPro R6 3-18&#215;56 RD ist ein hochwertiges europ\u00e4isches Zielfernrohr, das speziell f\u00fcr pr\u00e4zises Weitschie\u00dfen und anspruchsvolle Jagdbedingungen bei schlechten Lichtverh\u00e4ltnissen entwickelt wurde. Es kombiniert einen gro\u00dfen 6-fachen Zoombereich, ein gro\u00dfes 56-mm-Objektiv und Meoptas fortschrittliche optische Technologien \u2013 und liefert so [&#8230;]\n","protected":false},"featured_media":282898,"comment_status":"open","ping_status":"closed","template":"","meta":[],"product_brand":[],"product_cat":[1132],"product_tag":[],"class_list":{"0":"post-282916","1":"product","2":"type-product","3":"status-publish","4":"has-post-thumbnail","6":"product_cat-zielfernrohre","8":"first","9":"instock","10":"taxable","11":"shipping-taxable","12":"purchasable","13":"product-type-simple"},"composite_virtual":false,"composite_layout":"","composite_add_to_cart_form_location":"","composite_editable_in_cart":false,"composite_sold_individually_context":"","composite_shop_price_calc":"","composite_components":[],"composite_scenarios":[],"group_of_quantity":0,"min_quantity":0,"max_quantity":"","exclude_order_quantity_value_rules":"no","exclude_category_quantity_rules":"no","combine_variations":"no","exclude_global_add_ons":[],"addons":[],"_links":{"self":[{"href":"https:\/\/www.huntersfriend.eu\/de\/wp-json\/wp\/v2\/product\/282916","targetHints":{"allow":["GET"]}}],"collection":[{"href":"https:\/\/www.huntersfriend.eu\/de\/wp-json\/wp\/v2\/product"}],"about":[{"href":"https:\/\/www.huntersfriend.eu\/de\/wp-json\/wp\/v2\/types\/product"}],"replies":[{"embeddable":true,"href":"https:\/\/www.huntersfriend.eu\/de\/wp-json\/wp\/v2\/comments?post=282916"}],"wp:featuredmedia":[{"embeddable":true,"href":"https:\/\/www.huntersfriend.eu\/de\/wp-json\/wp\/v2\/media\/282898"}],"wp:attachment":[{"href":"https:\/\/www.huntersfriend.eu\/de\/wp-json\/wp\/v2\/media?parent=282916"}],"wp:term":[{"taxonomy":"product_brand","embeddable":true,"href":"https:\/\/www.huntersfriend.eu\/de\/wp-json\/wp\/v2\/product_brand?post=282916"},{"taxonomy":"product_cat","embeddable":true,"href":"https:\/\/www.huntersfriend.eu\/de\/wp-json\/wp\/v2\/product_cat?post=282916"},{"taxonomy":"product_tag","embeddable":true,"href":"https:\/\/www.huntersfriend.eu\/de\/wp-json\/wp\/v2\/product_tag?post=282916"}],"curies":[{"name":"wp","href":"https:\/\/api.w.org\/{rel}","templated":true}]}}