{"id":282915,"date":"2025-07-07T23:40:41","date_gmt":"2025-07-14T12:07:50","guid":{"rendered":"https:\/\/www.huntersfriend.eu\/product\/meopta-meopror6-1-6x24-rd-sfp-4c\/"},"modified":"2026-04-10T11:39:58","modified_gmt":"2026-04-10T09:39:58","slug":"meopta-meopror6-1-6x24-rd-sfp-4c","status":"publish","type":"product","link":"https:\/\/www.huntersfriend.eu\/de\/produkt\/meopta-meopror6-1-6x24-rd-sfp-4c\/","title":{"rendered":"Meopta MeoProR6 1-6&#215;24 RD SFP \u2013 4C"},"content":{"rendered":"<h3 data-start=\"119\" data-end=\"155\"><strong data-start=\"123\" data-end=\"153\">Meopta MeoPro R6 1-6&#215;24 RD<\/strong><\/h3>\n<p data-start=\"156\" data-end=\"227\"><strong data-start=\"156\" data-end=\"227\">Vielseitiges und helles Zielfernrohr f\u00fcr die schnelle Jagd und das Schie\u00dfen<\/strong><\/p>\n<p data-start=\"229\" data-end=\"551\">Das <strong data-start=\"233\" data-end=\"263\">Meopta MeoPro R6 1-6&#215;24 RD<\/strong> ist ein hochwertiges europ\u00e4isches Zielfernrohr, das speziell f\u00fcr anspruchsvolle Dr\u00fcckjagden und Situationen entwickelt wurde, in denen eine schnelle Zielerfassung entscheidend ist. Ein kompaktes Design, ein weites Sehfeld und eine hervorragende Lichtdurchl\u00e4ssigkeit werden mit der pr\u00e4zisen optischen Leistung kombiniert, f\u00fcr die Meopta bekannt ist. <\/p>\n<p data-start=\"553\" data-end=\"787\">Dieses Zielfernrohr ist Teil der <strong data-start=\"579\" data-end=\"599\">MeoPro R6-Serie<\/strong>, die ein 6-fach-Zoomverh\u00e4ltnis, hochwertige Linsenverg\u00fctungen und ein zuverl\u00e4ssiges beleuchtetes Absehen-System bietet. Es liefert sowohl bei hellem Tageslicht als auch bei schlechten Lichtverh\u00e4ltnissen eine hervorragende Leistung. <\/p>\n<hr data-start=\"789\" data-end=\"792\">\n<h3 data-start=\"794\" data-end=\"827\"><strong data-start=\"798\" data-end=\"826\">Technische Daten<\/strong>:<\/h3>\n<ul data-start=\"828\" data-end=\"1479\">\n<li data-start=\"828\" data-end=\"943\">\n<p data-start=\"830\" data-end=\"943\"><strong data-start=\"830\" data-end=\"853\">Vergr\u00f6\u00dferungsbereich<\/strong>: 1\u20136x \u2013 perfekt f\u00fcr die schnelle Verfolgung auf kurze Distanz und pr\u00e4zise Sch\u00fcsse auf mittlere Entfernungen<\/p>\n<\/li>\n<li data-start=\"944\" data-end=\"982\">\n<p data-start=\"946\" data-end=\"982\"><strong data-start=\"946\" data-end=\"973\">Objektivdurchmesser<\/strong>: 24 mm<\/p>\n<\/li>\n<li data-start=\"983\" data-end=\"1057\">\n<p data-start=\"985\" data-end=\"1057\"><strong data-start=\"985\" data-end=\"1007\">Durchmesser des Hauptrohrs<\/strong>: 30 mm \u2013 kompatibel mit einer Vielzahl von Montagen<\/p>\n<\/li>\n<li data-start=\"1058\" data-end=\"1176\">\n<p data-start=\"1060\" data-end=\"1176\"><strong data-start=\"1060\" data-end=\"1079\">Beleuchteter Punkt<\/strong>: RD (Red Dot) \u2013 6-stufige Helligkeitsanpassung f\u00fcr exzellenten Kontrast bei allen Lichtverh\u00e4ltnissen<\/p>\n<\/li>\n<li data-start=\"1177\" data-end=\"1248\">\n<p data-start=\"1179\" data-end=\"1248\"><strong data-start=\"1179\" data-end=\"1207\">Sehfeld (auf 100 m)<\/strong>: Bis zu 38,7 Meter bei 1-facher Vergr\u00f6\u00dferung<\/p>\n<\/li>\n<li data-start=\"1249\" data-end=\"1316\">\n<p data-start=\"1251\" data-end=\"1316\"><strong data-start=\"1251\" data-end=\"1265\">Augenabstand<\/strong>: 100 mm \u2013 sichere Verwendung auch bei Hochleistungsgewehren<\/p>\n<\/li>\n<li data-start=\"1317\" data-end=\"1372\">\n<p data-start=\"1319\" data-end=\"1372\"><strong data-start=\"1319\" data-end=\"1345\">Klickwert der Verstellung<\/strong>: 0,1 mrad (1 cm \/ 100 m)<\/p>\n<\/li>\n<li data-start=\"1373\" data-end=\"1479\">\n<p data-start=\"1375\" data-end=\"1479\"><strong data-start=\"1375\" data-end=\"1395\">Absehenposition<\/strong>: Zweite Bildebene (SFP) \u2013 Absehengr\u00f6\u00dfe bleibt \u00fcber alle Vergr\u00f6\u00dferungen konstant<\/p>\n<\/li>\n<\/ul>\n<hr data-start=\"1481\" data-end=\"1484\">\n<h3 data-start=\"1486\" data-end=\"1520\"><strong data-start=\"1490\" data-end=\"1519\">Verf\u00fcgbare Absehenoptionen<\/strong>:<\/h3>\n<ul data-start=\"1521\" data-end=\"1792\">\n<li data-start=\"1521\" data-end=\"1646\">\n<p data-start=\"1523\" data-end=\"1646\"><strong data-start=\"1523\" data-end=\"1529\">4C<\/strong>: Ein traditionelles, klares Jagdabsehen mit einem rot beleuchteten Mittelpunkt \u2013 ausgezeichnete Wahl f\u00fcr den allgemeinen Jagdgebrauch<\/p>\n<\/li>\n<li data-start=\"1647\" data-end=\"1792\">\n<p data-start=\"1649\" data-end=\"1792\"><strong data-start=\"1649\" data-end=\"1660\">K-Dot 2<\/strong>: Entwickelt f\u00fcr schnelle Zielerfassung, mit einem hellen zentralen Punkt und weitem Sehfeld \u2013 ideal f\u00fcr taktisches Schie\u00dfen und Dr\u00fcckjagden<\/p>\n<\/li>\n<\/ul>\n<hr data-start=\"1794\" data-end=\"1797\">\n<h3 data-start=\"1799\" data-end=\"1831\"><strong data-start=\"1803\" data-end=\"1830\">Konstruktion &amp; Beschichtungen<\/strong>:<\/h3>\n<ul data-start=\"1832\" data-end=\"2252\">\n<li data-start=\"1832\" data-end=\"1954\">\n<p data-start=\"1834\" data-end=\"1954\"><strong data-start=\"1834\" data-end=\"1861\">MeoBright\u2122 5501 Beschichtung<\/strong>: Erm\u00f6glicht bis zu 99,8 % Lichtdurchl\u00e4ssigkeit pro Linsenoberfl\u00e4che \u2013 hervorragende D\u00e4mmerungsleistung<\/p>\n<\/li>\n<li data-start=\"1955\" data-end=\"2034\">\n<p data-start=\"1957\" data-end=\"2034\"><strong data-start=\"1957\" data-end=\"1984\">MeoShield\u2122 Hartbeschichtung<\/strong>: Sch\u00fctzt Linsen vor Kratzern und Abrieb<\/p>\n<\/li>\n<li data-start=\"2035\" data-end=\"2149\">\n<p data-start=\"2037\" data-end=\"2149\"><strong data-start=\"2037\" data-end=\"2077\">Vollst\u00e4ndig wasserdicht und stickstoffgef\u00fcllt<\/strong>: Beschlagfrei und feuchtigkeitsbest\u00e4ndig auch bei rauen Wetterbedingungen<\/p>\n<\/li>\n<li data-start=\"2150\" data-end=\"2252\">\n<p data-start=\"2152\" data-end=\"2252\"><strong data-start=\"2152\" data-end=\"2184\">Sto\u00dffeste Konstruktion<\/strong>: Gebaut, um den R\u00fccksto\u00df schwerer Kaliber und raue Handhabung zu \u00fcberstehen<\/p>\n<\/li>\n<\/ul>\n<hr data-start=\"2254\" data-end=\"2257\">\n<h3 data-start=\"2259\" data-end=\"2287\"><strong data-start=\"2263\" data-end=\"2286\">Abmessungen &amp; Gewicht<\/strong>:<\/h3>\n<ul data-start=\"2288\" data-end=\"2346\">\n<li data-start=\"2288\" data-end=\"2318\">\n<p data-start=\"2290\" data-end=\"2318\"><strong data-start=\"2290\" data-end=\"2300\">L\u00e4nge<\/strong>: ca. 292 mm <\/p>\n<\/li>\n<li data-start=\"2319\" data-end=\"2346\">\n<p data-start=\"2321\" data-end=\"2346\"><strong data-start=\"2321\" data-end=\"2331\">Gewicht<\/strong>: ca. 508 g <\/p>\n<\/li>\n<\/ul>\n<hr data-start=\"2348\" data-end=\"2351\">\n<h3 data-start=\"2353\" data-end=\"2378\"><strong data-start=\"2357\" data-end=\"2377\">Lieferumfang<\/strong>:<\/h3>\n<ul data-start=\"2379\" data-end=\"2490\">\n<li data-start=\"2379\" data-end=\"2420\">\n<p data-start=\"2381\" data-end=\"2420\">Meopta MeoPro R6 1-6&#215;24 RD Zielfernrohr<\/p>\n<\/li>\n<li data-start=\"2421\" data-end=\"2436\">\n<p data-start=\"2423\" data-end=\"2436\">Objektivschutzkappen<\/p>\n<\/li>\n<li data-start=\"2437\" data-end=\"2457\">\n<p data-start=\"2439\" data-end=\"2457\">Batterie (CR2354)<\/p>\n<\/li>\n<li data-start=\"2458\" data-end=\"2473\">\n<p data-start=\"2460\" data-end=\"2473\">Bedienungsanleitung<\/p>\n<\/li>\n<li data-start=\"2474\" data-end=\"2490\">\n<p data-start=\"2476\" data-end=\"2490\">Reinigungstuch<\/p>\n<\/li>\n<\/ul>\n","protected":false},"excerpt":{"rendered":"<p>Meopta MeoPro R6 1-6&#215;24 RD Vielseitiges und helles Zielfernrohr f\u00fcr die schnelle Jagd und das Schie\u00dfen Das Meopta MeoPro R6 1-6&#215;24 RD ist ein hochwertiges europ\u00e4isches Zielfernrohr, das speziell f\u00fcr anspruchsvolle Dr\u00fcckjagden und Situationen entwickelt wurde, in denen eine schnelle Zielerfassung entscheidend ist. Ein kompaktes Design, ein weites Sehfeld und eine hervorragende Lichtdurchl\u00e4ssigkeit werden mit [&#8230;]\n","protected":false},"featured_media":282906,"comment_status":"open","ping_status":"closed","template":"","meta":[],"product_brand":[],"product_cat":[849,1132],"product_tag":[],"class_list":{"0":"post-282915","1":"product","2":"type-product","3":"status-publish","4":"has-post-thumbnail","6":"product_cat-scopes-and-optics","7":"product_cat-zielfernrohre","9":"first","10":"instock","11":"taxable","12":"shipping-taxable","13":"purchasable","14":"product-type-simple"},"composite_virtual":false,"composite_layout":"","composite_add_to_cart_form_location":"","composite_editable_in_cart":false,"composite_sold_individually_context":"","composite_shop_price_calc":"","composite_components":[],"composite_scenarios":[],"group_of_quantity":0,"min_quantity":0,"max_quantity":"","exclude_order_quantity_value_rules":"no","exclude_category_quantity_rules":"no","combine_variations":"no","exclude_global_add_ons":[],"addons":[],"_links":{"self":[{"href":"https:\/\/www.huntersfriend.eu\/de\/wp-json\/wp\/v2\/product\/282915","targetHints":{"allow":["GET"]}}],"collection":[{"href":"https:\/\/www.huntersfriend.eu\/de\/wp-json\/wp\/v2\/product"}],"about":[{"href":"https:\/\/www.huntersfriend.eu\/de\/wp-json\/wp\/v2\/types\/product"}],"replies":[{"embeddable":true,"href":"https:\/\/www.huntersfriend.eu\/de\/wp-json\/wp\/v2\/comments?post=282915"}],"wp:featuredmedia":[{"embeddable":true,"href":"https:\/\/www.huntersfriend.eu\/de\/wp-json\/wp\/v2\/media\/282906"}],"wp:attachment":[{"href":"https:\/\/www.huntersfriend.eu\/de\/wp-json\/wp\/v2\/media?parent=282915"}],"wp:term":[{"taxonomy":"product_brand","embeddable":true,"href":"https:\/\/www.huntersfriend.eu\/de\/wp-json\/wp\/v2\/product_brand?post=282915"},{"taxonomy":"product_cat","embeddable":true,"href":"https:\/\/www.huntersfriend.eu\/de\/wp-json\/wp\/v2\/product_cat?post=282915"},{"taxonomy":"product_tag","embeddable":true,"href":"https:\/\/www.huntersfriend.eu\/de\/wp-json\/wp\/v2\/product_tag?post=282915"}],"curies":[{"name":"wp","href":"https:\/\/api.w.org\/{rel}","templated":true}]}}