{"id":282878,"date":"2025-07-14T12:26:14","date_gmt":"2025-07-14T10:26:14","guid":{"rendered":"https:\/\/www.huntersfriend.eu\/product\/alps-mountaineering-campkissen\/"},"modified":"2025-08-10T04:34:38","modified_gmt":"2025-08-10T02:34:38","slug":"alps-mountaineering-campkissen","status":"publish","type":"product","link":"https:\/\/www.huntersfriend.eu\/de\/produkt\/alps-mountaineering-campkissen\/","title":{"rendered":"Alps Mountaineering Campkissen"},"content":{"rendered":"<p>Das Camp Pillow ist eine Notwendigkeit f\u00fcr Ihre Campingausfl\u00fcge, wenn Sie gut schlafen m\u00f6chten &#8230; und es l\u00e4sst sich in einen Packsack mit Kordelzug zusammenpacken, sodass es nicht viel Platz einnimmt. Mit verschiedenen verf\u00fcgbaren Gr\u00f6\u00dfen k\u00f6nnen Sie diejenige ausw\u00e4hlen, die Ihren Bed\u00fcrfnissen am besten entspricht. Die Kissen sind mit einem geb\u00fcrsteten Polyester-Au\u00dfenmaterial ausgestattet, sodass es sich weich auf Ihrem Gesicht anf\u00fchlt. Die Isolierung macht das Kissen so bequem, dass Sie beim Campen nicht einmal merken, dass Sie nicht in Ihrem Bett sind. F\u00fcr den geringen Preis, den Sie zahlen m\u00fcssen, wird Ihr Schlaferlebnis au\u00dferhalb des Hauses viel angenehmer sein.    <\/p>\n<ul>\n<li>7995918 Slice\/charcoal<\/li>\n<li>7995199 regular rectangle\/charcoal<\/li>\n<li>7995899 large rectangle\/charcoal<\/li>\n<\/ul>\n<ul>\n<li>Weiches, geb\u00fcrstetes Polyestergewebe<\/li>\n<li>Bequeme F\u00fcllung sorgt f\u00fcr einen erholsamen Schlaf<\/li>\n<li>Rechteckige und scheibenf\u00f6rmige Optionen verf\u00fcgbar<\/li>\n<li>Die Scheibenform passt in Schlafs\u00e4cke mit Kapuze und verrutscht nicht<\/li>\n<li>Packsack inklusive<\/li>\n<\/ul>\n<table>\n<tbody>\n<tr>\n<th colspan=\"2\" scope=\"col\">Slice<\/th>\n<\/tr>\n<tr>\n<th scope=\"row\">Abmessungen<\/th>\n<td>17 \u201eL x 12\u201c B<\/td>\n<\/tr>\n<tr>\n<th scope=\"row\">Packma\u00df<\/th>\n<td>8&#8243; L x 6.5&#8243; B x 5&#8243; H<\/td>\n<\/tr>\n<tr>\n<th scope=\"row\">Gewicht<\/th>\n<td>8 oz.<\/td>\n<\/tr>\n<tr>\n<th colspan=\"2\" scope=\"col\">Regular rectangle<\/th>\n<\/tr>\n<tr>\n<th scope=\"row\">Abmessungen<\/th>\n<td>20 \u201eL x 10\u201c B<\/td>\n<\/tr>\n<tr>\n<th scope=\"row\">Packma\u00df<\/th>\n<td>8&#8243; L x 6.5&#8243; B x 5.5&#8243; H<\/td>\n<\/tr>\n<tr>\n<th scope=\"row\">Gewicht<\/th>\n<td>8 oz.<\/td>\n<\/tr>\n<tr>\n<th colspan=\"2\" scope=\"col\">Large rectangle<\/th>\n<\/tr>\n<tr>\n<th scope=\"row\">Abmessungen<\/th>\n<td>24 \u201eL x 16\u201c B<\/td>\n<\/tr>\n<tr>\n<th scope=\"row\">Packma\u00df<\/th>\n<td>14&#8243; L x 7&#8243; B x 6&#8243; H<\/td>\n<\/tr>\n<tr>\n<th scope=\"row\">Gewicht<\/th>\n<td>16 oz.<\/td>\n<\/tr>\n<\/tbody>\n<\/table>\n","protected":false},"excerpt":{"rendered":"<p>Das Camp Pillow ist eine Notwendigkeit f\u00fcr Ihre Campingausfl\u00fcge, wenn Sie gut schlafen m\u00f6chten &#8230; und es l\u00e4sst sich in einen Packsack mit Kordelzug zusammenpacken, sodass es nicht viel Platz einnimmt. Mit verschiedenen verf\u00fcgbaren Gr\u00f6\u00dfen k\u00f6nnen Sie diejenige ausw\u00e4hlen, die Ihren Bed\u00fcrfnissen am besten entspricht. Die Kissen sind mit einem geb\u00fcrsteten Polyester-Au\u00dfenmaterial ausgestattet, sodass es [&#8230;]\n","protected":false},"featured_media":282870,"comment_status":"open","ping_status":"closed","template":"","meta":[],"product_brand":[],"product_cat":[2050],"product_tag":[],"class_list":{"0":"post-282878","1":"product","2":"type-product","3":"status-publish","4":"has-post-thumbnail","6":"product_cat-campingzubehor","8":"first","9":"instock","10":"sale","11":"taxable","12":"shipping-taxable","13":"purchasable","14":"product-type-variable"},"composite_virtual":false,"composite_layout":"","composite_add_to_cart_form_location":"","composite_editable_in_cart":false,"composite_sold_individually_context":"","composite_shop_price_calc":"","composite_components":[],"composite_scenarios":[],"group_of_quantity":0,"min_quantity":0,"max_quantity":"","exclude_order_quantity_value_rules":"no","exclude_category_quantity_rules":"no","combine_variations":"no","exclude_global_add_ons":[],"addons":[],"_links":{"self":[{"href":"https:\/\/www.huntersfriend.eu\/de\/wp-json\/wp\/v2\/product\/282878","targetHints":{"allow":["GET"]}}],"collection":[{"href":"https:\/\/www.huntersfriend.eu\/de\/wp-json\/wp\/v2\/product"}],"about":[{"href":"https:\/\/www.huntersfriend.eu\/de\/wp-json\/wp\/v2\/types\/product"}],"replies":[{"embeddable":true,"href":"https:\/\/www.huntersfriend.eu\/de\/wp-json\/wp\/v2\/comments?post=282878"}],"wp:featuredmedia":[{"embeddable":true,"href":"https:\/\/www.huntersfriend.eu\/de\/wp-json\/wp\/v2\/media\/282870"}],"wp:attachment":[{"href":"https:\/\/www.huntersfriend.eu\/de\/wp-json\/wp\/v2\/media?parent=282878"}],"wp:term":[{"taxonomy":"product_brand","embeddable":true,"href":"https:\/\/www.huntersfriend.eu\/de\/wp-json\/wp\/v2\/product_brand?post=282878"},{"taxonomy":"product_cat","embeddable":true,"href":"https:\/\/www.huntersfriend.eu\/de\/wp-json\/wp\/v2\/product_cat?post=282878"},{"taxonomy":"product_tag","embeddable":true,"href":"https:\/\/www.huntersfriend.eu\/de\/wp-json\/wp\/v2\/product_tag?post=282878"}],"curies":[{"name":"wp","href":"https:\/\/api.w.org\/{rel}","templated":true}]}}