{"id":282864,"date":"2025-06-14T01:06:10","date_gmt":"2025-07-14T10:07:39","guid":{"rendered":"https:\/\/www.huntersfriend.eu\/product\/alps-outdoorz-motive-pack\/"},"modified":"2025-07-14T12:07:39","modified_gmt":"2025-07-14T10:07:39","slug":"alps-outdoorz-motive-pack","status":"publish","type":"product","link":"https:\/\/www.huntersfriend.eu\/de\/produkt\/alps-outdoorz-motive-pack\/","title":{"rendered":"Alps Outdoorz Motive Pack"},"content":{"rendered":"<p>Der Motive Wildkamera-Rucksack wurde speziell daf\u00fcr entwickelt, Sie von zu Hause ins Feld, in den Wald und wieder zur\u00fcck zu begleiten, mit der gesamten wesentlichen Ausr\u00fcstung, um Wildtieraufnahmen in ihrem nat\u00fcrlichen Lebensraum zu machen. Als J\u00e4ger m\u00f6chten Sie so schnell wie m\u00f6glich hinein- und herauskommen, ohne Spuren zu hinterlassen. Der Motive erm\u00f6glicht Ihnen genau das, indem er Ihre gesamte Wildkamera-Ausr\u00fcstung organisiert und griffbereit h\u00e4lt. Der Motive verf\u00fcgt \u00fcber ein gro\u00dfes, gepolstertes Hauptfach mit verstellbaren, gepolsterten Trennw\u00e4nden, die Platz und Schutz f\u00fcr bis zu acht Wildkameras bieten; au\u00dferdem gibt es zahlreiche Speicherkartenf\u00e4cher. Mit Platz f\u00fcr so viele Kameras und Speicherkarten m\u00fcssen Sie nicht mehrere Fahrten zu Ihren bevorzugten Wildkamera-Standorten unternehmen. Der Rei\u00dfverschluss des Hauptfachs verl\u00e4uft \u00fcber die gesamte L\u00e4nge auf beiden Seiten des Rucksacks und erm\u00f6glicht so einen vollst\u00e4ndigen, ungehinderten Zugriff auf alle Ihre Kameras gleichzeitig. Eine gro\u00dfe Netz-Organisationstasche im Inneren des Rucksacks und eine zus\u00e4tzliche \u00e4u\u00dfere Organisationstasche halten das N\u00f6tigste griffbereit. Mit einer 7,5 Zoll breiten, 10,5 Zoll langen und 1 Zoll tiefen Rei\u00dfverschlusstasche k\u00f6nnen Sie Ihr Tablet mitnehmen, um Ihre mit Spannung erwarteten Wildkamera-Aufnahmen vor Ort anzusehen. Der Motive verf\u00fcgt au\u00dferdem \u00fcber untere seitliche Netztaschen mit Kompressionsriemen, ideal f\u00fcr eine Astschere und eine Baums\u00e4ge. Geben Sie sich nicht mit Ihrem alten ausgedienten Jagdrucksack oder einer provisorischen Tasche f\u00fcr Wildkamera-Ausfl\u00fcge zufrieden. Tragen Sie Ihre Wildkamera-Ausr\u00fcstung bequem und stilvoll mit dem praktischen Motive Wildkamera-Rucksack von ALPS OutdoorZ.          <\/p>\n<p>\u2022 Wildkamera-Rucksack<\/p>\n<p>\u2022 Gro\u00dfes, gepolstertes Hauptfach mit verstellbaren, gepolsterten Trennw\u00e4nden, die Platz und Schutz f\u00fcr bis zu acht Wildkameras bieten<\/p>\n<p>\u2022 Hauptrei\u00dfverschluss verl\u00e4uft \u00fcber die gesamte L\u00e4nge auf beiden Seiten des Rucksacks und erm\u00f6glicht so einen vollst\u00e4ndigen, ungehinderten Zugriff auf das Hauptfach<\/p>\n<p>\u2022 Seitliche Rei\u00dfverschlusstasche f\u00fcr Tablet 7,5&#8243; B x 10,5&#8243; L x 1&#8243; T<\/p>\n<p>\u2022 Mehrere leicht zug\u00e4ngliche Speicherkartenf\u00e4cher und gro\u00dfe Rei\u00dfverschluss-Netztasche zur Organisation<\/p>\n<p>\u2022 Vorderes Zubeh\u00f6rfach<\/p>\n<p>\u2022 Untere seitliche Netztaschen mit Kompressionsriemen, ideal f\u00fcr Astschere und Baums\u00e4ge<\/p>\n<p>\u2022 Verstellbarer Brustgurt<\/p>\n<p>\u2022 Gepolsterte Schultergurte und R\u00fcckenpolsterung<\/p>\n<p>\u2022 Riegeln\u00e4hte bieten mehrere Befestigungspunkte<\/p>\n<p>\u2022 600D Polyestergewebe<\/p>\n<table border=\"3\">\n<tbody>\n<tr align=\"CENTER\">\n<td><b>Fassungsverm\u00f6gen<\/b><\/td>\n<td>18L \/ 1100 in\u00b3<\/td>\n<\/tr>\n<tr align=\"CENTER\">\n<td><b>Abmessungen des Hauptfachs<\/b><\/td>\n<td>16,5&#8243; H x 11,5&#8243; B x 6&#8243; T<\/td>\n<\/tr>\n<tr align=\"CENTER\">\n<td><b>Abmessungen der seitlichen Rei\u00dfverschlusstasche f\u00fcr Tablet<\/b><\/td>\n<td>7.5&#8243; H x 10.5&#8243; W x 1&#8243; D<\/td>\n<\/tr>\n<tr align=\"CENTER\">\n<td><b>Gewicht<\/b><\/td>\n<td>2 lbs. 12 oz. <\/td>\n<\/tr>\n<\/tbody>\n<\/table>\n","protected":false},"excerpt":{"rendered":"<p>Der Motive Wildkamera-Rucksack wurde speziell daf\u00fcr entwickelt, Sie von zu Hause ins Feld, in den Wald und wieder zur\u00fcck zu begleiten, mit der gesamten wesentlichen Ausr\u00fcstung, um Wildtieraufnahmen in ihrem nat\u00fcrlichen Lebensraum zu machen. Als J\u00e4ger m\u00f6chten Sie so schnell wie m\u00f6glich hinein- und herauskommen, ohne Spuren zu hinterlassen. Der Motive erm\u00f6glicht Ihnen genau das, [&#8230;]\n","protected":false},"featured_media":282758,"comment_status":"open","ping_status":"closed","template":"","meta":[],"product_brand":[],"product_cat":[2043,1774,1407],"product_tag":[],"class_list":{"0":"post-282864","1":"product","2":"type-product","3":"status-publish","4":"has-post-thumbnail","6":"product_cat-rucksacke","7":"product_cat-jagd-rucksacke","8":"product_cat-jagdrucksacke","10":"first","11":"instock","12":"taxable","13":"shipping-taxable","14":"purchasable","15":"product-type-simple"},"composite_virtual":false,"composite_layout":"","composite_add_to_cart_form_location":"","composite_editable_in_cart":false,"composite_sold_individually_context":"","composite_shop_price_calc":"","composite_components":[],"composite_scenarios":[],"group_of_quantity":0,"min_quantity":0,"max_quantity":"","exclude_order_quantity_value_rules":"no","exclude_category_quantity_rules":"no","combine_variations":"no","exclude_global_add_ons":[],"addons":[],"_links":{"self":[{"href":"https:\/\/www.huntersfriend.eu\/de\/wp-json\/wp\/v2\/product\/282864","targetHints":{"allow":["GET"]}}],"collection":[{"href":"https:\/\/www.huntersfriend.eu\/de\/wp-json\/wp\/v2\/product"}],"about":[{"href":"https:\/\/www.huntersfriend.eu\/de\/wp-json\/wp\/v2\/types\/product"}],"replies":[{"embeddable":true,"href":"https:\/\/www.huntersfriend.eu\/de\/wp-json\/wp\/v2\/comments?post=282864"}],"wp:featuredmedia":[{"embeddable":true,"href":"https:\/\/www.huntersfriend.eu\/de\/wp-json\/wp\/v2\/media\/282758"}],"wp:attachment":[{"href":"https:\/\/www.huntersfriend.eu\/de\/wp-json\/wp\/v2\/media?parent=282864"}],"wp:term":[{"taxonomy":"product_brand","embeddable":true,"href":"https:\/\/www.huntersfriend.eu\/de\/wp-json\/wp\/v2\/product_brand?post=282864"},{"taxonomy":"product_cat","embeddable":true,"href":"https:\/\/www.huntersfriend.eu\/de\/wp-json\/wp\/v2\/product_cat?post=282864"},{"taxonomy":"product_tag","embeddable":true,"href":"https:\/\/www.huntersfriend.eu\/de\/wp-json\/wp\/v2\/product_tag?post=282864"}],"curies":[{"name":"wp","href":"https:\/\/api.w.org\/{rel}","templated":true}]}}