{"id":282862,"date":"2025-06-14T01:06:09","date_gmt":"2025-07-14T10:06:42","guid":{"rendered":"https:\/\/www.huntersfriend.eu\/product\/alps-outdoorz-extreme-upland-game-vest-x-2-0-2\/"},"modified":"2026-01-30T16:01:17","modified_gmt":"2026-01-30T14:01:17","slug":"alps-outdoorz-extreme-upland-game-vest-x-2-0-2","status":"publish","type":"product","link":"https:\/\/www.huntersfriend.eu\/de\/produkt\/alps-outdoorz-extreme-upland-game-vest-x-2-0-2\/","title":{"rendered":"Alps outdoorz extreme Upland Game Vest x 2.0"},"content":{"rendered":"<p>Die Upland Game Vest X 2.0 ist das perfekte Zubeh\u00f6r f\u00fcr die Jagd auf Hochlandwild und Kaninchen und verf\u00fcgt \u00fcber eine Reihe innovativer Funktionen. Die Schultergurte sind ultrad\u00fcnn f\u00fcr maximalen Schie\u00dfkomfort und verf\u00fcgen au\u00dferdem \u00fcber eine leichte, bel\u00fcftete R\u00fccken- und H\u00fcftgurtkonstruktion. Die Upland Game Vest X 2.0 ist die erste Weste auf dem Markt, die sowohl einen erweiterbaren als auch einen abnehmbaren H\u00fcftgurt bietet, der von 26 \u201ebis 62\u201c reicht. Sie umfasst MOLLE-Gurtband am H\u00fcftgurt, 2 magnetische Patronentaschen mit rutschfesten Deckeln und eine erweiterte Wildtasche f\u00fcr einfachen Zugriff sowie zus\u00e4tzlichen Stauraum mit einer Ges\u00e4\u00dftasche. Komfort steht an erster Stelle, und m\u00e4nnliche und weibliche J\u00e4ger werden sicherlich von dem Komfort dieser Weste begeistert sein.    <\/p>\n<ul>\n<li>Unser erweiterbares und abnehmbares H\u00fcftgurtdesign bietet unglaubliche 30 Zoll Verstellbereich (30 \u201e- 60\u201c)<\/li>\n<li>Neu gestaltete, strukturierte Patronentaschen mit m\u00fcheloser einh\u00e4ndiger magnetischer \u00d6ffnung und Schlie\u00dfung dienen gleichzeitig als Gewehrablage<\/li>\n<li>Die \u00fcbergro\u00dfe Wildtasche mit einfachem Zugriff bietet 16&#8243; Verstellbereich f\u00fcr schwere Lasten und einfache Reinigung<\/li>\n<li>Das MOLLE-System des H\u00fcftgurts bietet Platz f\u00fcr unbegrenzte Befestigungen, einschlie\u00dflich der <a href=\"https:\/\/alpsoutdoorz.com\/outfitter-pocket.html\">Outfitter Pocket<\/a><\/li>\n<li>Das 17&#8243;-Ges\u00e4\u00dffach befindet sich unter einem ger\u00e4umigen, filzgef\u00fctterten Wertsachenfach<\/li>\n<li>Ultrad\u00fcnne, sch\u00fctzenfreundliche Schultergurte f\u00fcr maximalen Komfort<\/li>\n<li>Leichter, bel\u00fcfteter R\u00fccken- und H\u00fcftgurt verbessern Komfort und Leistung<\/li>\n<li>Trinkblasenf\u00e4hig<\/li>\n<li>Zwei elastische Wasserflaschentaschen<\/li>\n<\/ul>\n<table>\n<tbody>\n<tr>\n<th scope=\"row\">H\u00fcftgurtbereich<\/th>\n<td>26 \u2013 62&#8243;<\/td>\n<\/tr>\n<tr>\n<th scope=\"row\">Gewicht<\/th>\n<td>1,47 kg <\/td>\n<\/tr>\n<\/tbody>\n<\/table>\n","protected":false},"excerpt":{"rendered":"<p>Die Upland Game Vest X 2.0 ist das perfekte Zubeh\u00f6r f\u00fcr die Jagd auf Hochlandwild und Kaninchen und verf\u00fcgt \u00fcber eine Reihe innovativer Funktionen. Die Schultergurte sind ultrad\u00fcnn f\u00fcr maximalen Schie\u00dfkomfort und verf\u00fcgen au\u00dferdem \u00fcber eine leichte, bel\u00fcftete R\u00fccken- und H\u00fcftgurtkonstruktion. Die Upland Game Vest X 2.0 ist die erste Weste auf dem Markt, die [&#8230;]\n","protected":false},"featured_media":282696,"comment_status":"open","ping_status":"closed","template":"","meta":[],"product_brand":[],"product_cat":[1380,1406,1407],"product_tag":[],"class_list":{"0":"post-282862","1":"product","2":"type-product","3":"status-publish","4":"has-post-thumbnail","6":"product_cat-zubehor","7":"product_cat-jagdtaschen-und-rucksacke","8":"product_cat-jagdrucksacke","10":"first","11":"outofstock","12":"taxable","13":"shipping-taxable","14":"purchasable","15":"product-type-simple"},"composite_virtual":false,"composite_layout":"","composite_add_to_cart_form_location":"","composite_editable_in_cart":false,"composite_sold_individually_context":"","composite_shop_price_calc":"","composite_components":[],"composite_scenarios":[],"group_of_quantity":0,"min_quantity":0,"max_quantity":"","exclude_order_quantity_value_rules":"no","exclude_category_quantity_rules":"no","combine_variations":"no","exclude_global_add_ons":[],"addons":[],"_links":{"self":[{"href":"https:\/\/www.huntersfriend.eu\/de\/wp-json\/wp\/v2\/product\/282862","targetHints":{"allow":["GET"]}}],"collection":[{"href":"https:\/\/www.huntersfriend.eu\/de\/wp-json\/wp\/v2\/product"}],"about":[{"href":"https:\/\/www.huntersfriend.eu\/de\/wp-json\/wp\/v2\/types\/product"}],"replies":[{"embeddable":true,"href":"https:\/\/www.huntersfriend.eu\/de\/wp-json\/wp\/v2\/comments?post=282862"}],"wp:featuredmedia":[{"embeddable":true,"href":"https:\/\/www.huntersfriend.eu\/de\/wp-json\/wp\/v2\/media\/282696"}],"wp:attachment":[{"href":"https:\/\/www.huntersfriend.eu\/de\/wp-json\/wp\/v2\/media?parent=282862"}],"wp:term":[{"taxonomy":"product_brand","embeddable":true,"href":"https:\/\/www.huntersfriend.eu\/de\/wp-json\/wp\/v2\/product_brand?post=282862"},{"taxonomy":"product_cat","embeddable":true,"href":"https:\/\/www.huntersfriend.eu\/de\/wp-json\/wp\/v2\/product_cat?post=282862"},{"taxonomy":"product_tag","embeddable":true,"href":"https:\/\/www.huntersfriend.eu\/de\/wp-json\/wp\/v2\/product_tag?post=282862"}],"curies":[{"name":"wp","href":"https:\/\/api.w.org\/{rel}","templated":true}]}}