{"id":282861,"date":"2025-06-14T01:06:10","date_gmt":"2025-07-14T10:06:41","guid":{"rendered":"https:\/\/www.huntersfriend.eu\/product\/alps-outdoorz-prospector-rucksack\/"},"modified":"2025-07-16T04:44:37","modified_gmt":"2025-07-16T02:44:37","slug":"alps-outdoorz-prospector-rucksack","status":"publish","type":"product","link":"https:\/\/www.huntersfriend.eu\/de\/produkt\/alps-outdoorz-prospector-rucksack\/","title":{"rendered":"Alps Outdoorz Prospector Rucksack"},"content":{"rendered":"<p>Der Prospector ist ein gro\u00dfartiger Rucksack, den Sie zu Ihrem Stand mitnehmen k\u00f6nnen, wenn nur das N\u00f6tigste erforderlich ist. Wenn Sie Snacks, Duftstoffe, ein GPS und andere kleine Ger\u00e4te mitbringen m\u00fcssen, ist der Prospector die perfekte Gr\u00f6\u00dfe. Er hat eine K\u00e4ngurutasche auf der Vorderseite mit seitlichen Kompressionsriemen, in die Sie Regenkleidung oder zus\u00e4tzliche Ausr\u00fcstung stopfen k\u00f6nnen, sodass Sie leicht darauf zugreifen k\u00f6nnen (und Sie k\u00f6nnen sogar noch mehr Ausr\u00fcstung mitbringen, die nicht immer in den Rucksack passt). Es gibt auch ein Bungee-Seilsystem auf der Vorderseite, mit dem Sie entweder kleine Gegenst\u00e4nde festclipsen oder eine Jacke hineinschieben k\u00f6nnen.   <\/p>\n<p>\u2022 Hauptfach mit #8 Rei\u00dfverschluss<\/p>\n<p>\u2022 K\u00e4ngurutasche vorne mit Kompressionsriemen<\/p>\n<p>\u2022 gepolsterter H\u00fcftgurt<\/p>\n<p>\u2022 Zwei Wasserflaschenhalter<\/p>\n<p>\u2022 Bungee-Seilsystem vorne<\/p>\n<table border=\"3\">\n<tbody>\n<tr align=\"CENTER\">\n<td><b>Fassungsverm\u00f6gen<\/b><\/td>\n<td>6L \/ 400 in\u00b3<\/td>\n<\/tr>\n<tr align=\"CENTER\">\n<td><b>Abmessungen Hauptfach<\/b><\/td>\n<td>8&#8243; H x 10.5&#8243; B x 4&#8243; T<\/td>\n<\/tr>\n<tr align=\"CENTER\">\n<td><b>H\u00fcftgurtbereich<\/b><\/td>\n<td>24 &#8211; 52&#8243;<\/td>\n<\/tr>\n<tr align=\"CENTER\">\n<td><b>Gewicht<\/b><\/td>\n<td>15 oz.<\/td>\n<\/tr>\n<\/tbody>\n<\/table>\n","protected":false},"excerpt":{"rendered":"<p>Der Prospector ist ein gro\u00dfartiger Rucksack, den Sie zu Ihrem Stand mitnehmen k\u00f6nnen, wenn nur das N\u00f6tigste erforderlich ist. Wenn Sie Snacks, Duftstoffe, ein GPS und andere kleine Ger\u00e4te mitbringen m\u00fcssen, ist der Prospector die perfekte Gr\u00f6\u00dfe. Er hat eine K\u00e4ngurutasche auf der Vorderseite mit seitlichen Kompressionsriemen, in die Sie Regenkleidung oder zus\u00e4tzliche Ausr\u00fcstung stopfen [&#8230;]\n","protected":false},"featured_media":282734,"comment_status":"open","ping_status":"closed","template":"","meta":[],"product_brand":[],"product_cat":[2043,1774,1407],"product_tag":[],"class_list":{"0":"post-282861","1":"product","2":"type-product","3":"status-publish","4":"has-post-thumbnail","6":"product_cat-rucksacke","7":"product_cat-jagd-rucksacke","8":"product_cat-jagdrucksacke","10":"first","11":"instock","12":"taxable","13":"shipping-taxable","14":"purchasable","15":"product-type-simple"},"composite_virtual":false,"composite_layout":"","composite_add_to_cart_form_location":"","composite_editable_in_cart":false,"composite_sold_individually_context":"","composite_shop_price_calc":"","composite_components":[],"composite_scenarios":[],"group_of_quantity":0,"min_quantity":0,"max_quantity":"","exclude_order_quantity_value_rules":"no","exclude_category_quantity_rules":"no","combine_variations":"no","exclude_global_add_ons":[],"addons":[],"_links":{"self":[{"href":"https:\/\/www.huntersfriend.eu\/de\/wp-json\/wp\/v2\/product\/282861","targetHints":{"allow":["GET"]}}],"collection":[{"href":"https:\/\/www.huntersfriend.eu\/de\/wp-json\/wp\/v2\/product"}],"about":[{"href":"https:\/\/www.huntersfriend.eu\/de\/wp-json\/wp\/v2\/types\/product"}],"replies":[{"embeddable":true,"href":"https:\/\/www.huntersfriend.eu\/de\/wp-json\/wp\/v2\/comments?post=282861"}],"wp:featuredmedia":[{"embeddable":true,"href":"https:\/\/www.huntersfriend.eu\/de\/wp-json\/wp\/v2\/media\/282734"}],"wp:attachment":[{"href":"https:\/\/www.huntersfriend.eu\/de\/wp-json\/wp\/v2\/media?parent=282861"}],"wp:term":[{"taxonomy":"product_brand","embeddable":true,"href":"https:\/\/www.huntersfriend.eu\/de\/wp-json\/wp\/v2\/product_brand?post=282861"},{"taxonomy":"product_cat","embeddable":true,"href":"https:\/\/www.huntersfriend.eu\/de\/wp-json\/wp\/v2\/product_cat?post=282861"},{"taxonomy":"product_tag","embeddable":true,"href":"https:\/\/www.huntersfriend.eu\/de\/wp-json\/wp\/v2\/product_tag?post=282861"}],"curies":[{"name":"wp","href":"https:\/\/api.w.org\/{rel}","templated":true}]}}