{"id":282856,"date":"2025-07-14T11:34:25","date_gmt":"2025-07-14T09:34:25","guid":{"rendered":"https:\/\/www.huntersfriend.eu\/product\/annihilator-katana\/"},"modified":"2025-11-25T20:54:34","modified_gmt":"2025-11-25T18:54:34","slug":"annihilator-katana","status":"publish","type":"product","link":"https:\/\/www.huntersfriend.eu\/de\/produkt\/annihilator-katana\/","title":{"rendered":"Annihilator Katana"},"content":{"rendered":"<p><strong>Pr\u00e4ziser Flug. Verheerende Durchschlagskraft. Branchenweit als eine der besten Jagdspitzen der Welt getestet.  <\/strong><\/p>\n<p>Der <strong>Katana 100-Grain-2-Klingen-Jagdspitze<\/strong> ist eine t\u00f6dliche Weiterentwicklung in der Jagdspitzen-Leistung \u2014 kombiniert Annihilators patentierte <strong>Kavitationsschaufel-Technologie<\/strong> mit einem optimierten <strong>einseitig angeschliffenen, kreuzf\u00f6rmigen Klingendesign<\/strong>. Unabh\u00e4ngig als einer der <strong>leistungsst\u00e4rksten Jagdspitzen auf dem Markt<\/strong> bewertet, bietet der Katana eine tiefere Durchdringung, effizientere Wundkan\u00e4le und einen ger\u00e4uschlosen Flug wie kein anderer. <\/p>\n<p>Inspiriert von den t\u00f6dlichsten Schwertern, die je hergestellt wurden, sind die Klingen des Katana <strong>nur auf einer Seite scharf<\/strong>, um einen verbesserten zerrei\u00dfenden Effekt zu erzielen, gepaart mit einem steilen Winkel f\u00fcr knochenspaltende Einschl\u00e4ge. Die einzigartige Schaufelform reduziert die Reibung, induziert interne Druck\u00e4nderungen und entfernt Masse f\u00fcr <strong>breitere, nicht schlie\u00dfende Wundkan\u00e4le<\/strong> \u2014 was eine schnellere Tierverendung und bessere Schwei\u00dff\u00e4hrten bedeutet. <\/p>\n<p>Egal ob Sie mit einem Compoundbogen, einer Armbrust, einem Langbogen oder einer traditionellen Ausr\u00fcstung schie\u00dfen, ist der Katana so konstruiert, dass er <strong>wie eine Feldspitze fliegt<\/strong>, sich selbst an Ihr Insert anpasst und L\u00f6cher durch Wild jeder Gr\u00f6\u00dfe schl\u00e4gt.<\/p>\n<h3>Hauptmerkmale:<\/h3>\n<ul>\n<li><strong>Bestbewertete Jagdspitze<\/strong> (Unabh\u00e4ngiger Drittanbieter-Test \u2013 Video demn\u00e4chst verf\u00fcgbar)<\/li>\n<li><strong>12 einseitig angeschliffene Kanten<\/strong> (6 nach vorne gerichtet, 6 nach hinten gerichtet) f\u00fcr maximale Schnittfl\u00e4che<\/li>\n<li><strong>NEUE Kreuzschliff-Technologie<\/strong> f\u00fcr verbesserte Wundkan\u00e4le<\/li>\n<li><strong>Erh\u00f6htes Schaufel-Kavitationsdesign<\/strong> f\u00fcr verheerende innere Traumata<\/li>\n<li>Eine der <strong>leisesten Jagdspitzen<\/strong> auf dem Markt<\/li>\n<li><strong>Feldspitzen-Genauigkeit<\/strong> von B\u00f6gen mit hoher und niedriger Geschwindigkeit<\/li>\n<li><strong>Praktisch unzerst\u00f6rbar<\/strong> und vollst\u00e4ndig nachschleifbar<\/li>\n<li><strong>Selbstausrichtende Schaftpassung<\/strong> mit weniger als einer vollen Umdrehung bei Standardgewinden<\/li>\n<\/ul>\n<h3>Spezifikationen:<\/h3>\n<ul>\n<li><strong>Gewicht:<\/strong> 100 Grain<\/li>\n<li><strong>Schnittdurchmesser:<\/strong> 1 Zoll (erzeugt ein \u00fcber 2 Zoll gro\u00dfes Loch durch Massenverdr\u00e4ngung)<\/li>\n<li><strong>Konstruktion:<\/strong> Einteilig aus propriet\u00e4rem Stahl, geh\u00e4rtet auf Rockwell RC: 52<\/li>\n<li><strong>Klingendicke:<\/strong> 0,060 \u201evon der Spitze, verj\u00fcngt auf 0,038\u201c<\/li>\n<li><strong>Schaftl\u00e4nge:<\/strong> 0,590&#8243;<\/li>\n<li><strong>Gewindemuster:<\/strong> Standard 8\/32 \u2013 passt auf die meisten Inserts, Halfserts und Outserts<\/li>\n<li><strong>Match-Qualit\u00e4t:<\/strong> Alle 3 K\u00f6pfe wiegen innerhalb von 0,2 Grain voneinander<\/li>\n<li><strong>Hergestellt in den USA<\/strong> | <strong>Lebenslange Garantie<\/strong> gegen Herstellungsfehler<\/li>\n<\/ul>\n<h3>Entwickelt, um Wild jeder Gr\u00f6\u00dfe ethisch zu erlegen:<\/h3>\n<ul>\n<li>Schl\u00e4gt saubere, durchgehende L\u00f6cher mit nicht schlie\u00dfenden Wundkan\u00e4len<\/li>\n<li>Reduziert die Pfeilreibung f\u00fcr tiefere Durchdringung<\/li>\n<li>Induziert interne Druck\u00e4nderungen f\u00fcr schnellere Verendung<\/li>\n<li>Robust genug, um <strong>die ganze Saison \u00fcber nachgeschliffen und wiederverwendet zu werden<\/strong><\/li>\n<\/ul>\n","protected":false},"excerpt":{"rendered":"<p>Pr\u00e4ziser Flug. Verheerende Durchschlagskraft. Branchenweit als eine der besten Jagdspitzen der Welt getestet. Der Katana 100-Grain-2-Klingen-Jagdspitze ist eine t\u00f6dliche Weiterentwicklung in der Jagdspitzen-Leistung \u2014 kombiniert Annihilators patentierte Kavitationsschaufel-Technologie mit einem optimierten einseitig angeschliffenen, kreuzf\u00f6rmigen Klingendesign. Unabh\u00e4ngig als einer der leistungsst\u00e4rksten Jagdspitzen auf dem Markt bewertet, bietet der Katana eine tiefere Durchdringung, effizientere Wundkan\u00e4le und einen [&#8230;]\n","protected":false},"featured_media":282814,"comment_status":"open","ping_status":"closed","template":"","meta":[],"product_brand":[],"product_cat":[1079,1222],"product_tag":[],"class_list":{"0":"post-282856","1":"product","2":"type-product","3":"status-publish","4":"has-post-thumbnail","6":"product_cat-jagd-spitzen","7":"product_cat-sonderangebote","9":"first","10":"instock","11":"sale","12":"taxable","13":"shipping-taxable","14":"purchasable","15":"product-type-variable"},"composite_virtual":false,"composite_layout":"","composite_add_to_cart_form_location":"","composite_editable_in_cart":false,"composite_sold_individually_context":"","composite_shop_price_calc":"","composite_components":[],"composite_scenarios":[],"group_of_quantity":0,"min_quantity":0,"max_quantity":"","exclude_order_quantity_value_rules":"no","exclude_category_quantity_rules":"no","combine_variations":"no","exclude_global_add_ons":[],"addons":[],"_links":{"self":[{"href":"https:\/\/www.huntersfriend.eu\/de\/wp-json\/wp\/v2\/product\/282856","targetHints":{"allow":["GET"]}}],"collection":[{"href":"https:\/\/www.huntersfriend.eu\/de\/wp-json\/wp\/v2\/product"}],"about":[{"href":"https:\/\/www.huntersfriend.eu\/de\/wp-json\/wp\/v2\/types\/product"}],"replies":[{"embeddable":true,"href":"https:\/\/www.huntersfriend.eu\/de\/wp-json\/wp\/v2\/comments?post=282856"}],"wp:featuredmedia":[{"embeddable":true,"href":"https:\/\/www.huntersfriend.eu\/de\/wp-json\/wp\/v2\/media\/282814"}],"wp:attachment":[{"href":"https:\/\/www.huntersfriend.eu\/de\/wp-json\/wp\/v2\/media?parent=282856"}],"wp:term":[{"taxonomy":"product_brand","embeddable":true,"href":"https:\/\/www.huntersfriend.eu\/de\/wp-json\/wp\/v2\/product_brand?post=282856"},{"taxonomy":"product_cat","embeddable":true,"href":"https:\/\/www.huntersfriend.eu\/de\/wp-json\/wp\/v2\/product_cat?post=282856"},{"taxonomy":"product_tag","embeddable":true,"href":"https:\/\/www.huntersfriend.eu\/de\/wp-json\/wp\/v2\/product_tag?post=282856"}],"curies":[{"name":"wp","href":"https:\/\/api.w.org\/{rel}","templated":true}]}}